{"id":9653,"date":"2023-05-04T08:46:05","date_gmt":"2023-05-04T08:46:05","guid":{"rendered":"https:\/\/dpoassociates.eu\/blog\/liab-europe-recoit-une-amende-de-250-000-euros-pour-avoir-enfreint-la-loi-gdpr\/"},"modified":"2025-02-27T14:32:39","modified_gmt":"2025-02-27T13:32:39","slug":"amende-rgpd","status":"publish","type":"page","link":"https:\/\/dpoassociates.eu\/fr\/blog\/amende-rgpd\/","title":{"rendered":"L&rsquo;IAB Europe re\u00e7oit une amende de 250 000 euros pour avoir enfreint la loi GDPR"},"content":{"rendered":"\t\t<div data-elementor-type=\"wp-page\" data-elementor-id=\"9653\" class=\"elementor elementor-9653 elementor-8016\" data-elementor-post-type=\"page\">\n\t\t\t\t\t\t<section class=\"elementor-section elementor-top-section elementor-element elementor-element-648b3dfc elementor-section-boxed elementor-section-height-default elementor-section-height-default\" data-id=\"648b3dfc\" data-element_type=\"section\" data-e-type=\"section\">\n\t\t\t\t\t\t<div class=\"elementor-container elementor-column-gap-default\">\n\t\t\t\t\t<div class=\"elementor-column elementor-col-50 elementor-top-column elementor-element elementor-element-70231fdf\" data-id=\"70231fdf\" data-element_type=\"column\" data-e-type=\"column\" data-settings=\"{&quot;background_background&quot;:&quot;classic&quot;}\">\n\t\t\t<div class=\"elementor-widget-wrap elementor-element-populated\">\n\t\t\t\t\t\t<div class=\"elementor-element elementor-element-254cb7a0 elementor-widget elementor-widget-image\" data-id=\"254cb7a0\" data-element_type=\"widget\" data-e-type=\"widget\" data-widget_type=\"image.default\">\n\t\t\t\t<div class=\"elementor-widget-container\">\n\t\t\t\t\t\t\t\t\t\t\t\t\t\t\t<img fetchpriority=\"high\" decoding=\"async\" width=\"940\" height=\"788\" src=\"https:\/\/dpoassociates.eu\/wp-content\/uploads\/2023\/05\/Ontwerp-zonder-titel-68.png\" class=\"attachment-full size-full wp-image-9527\" alt=\"\" srcset=\"https:\/\/dpoassociates.eu\/wp-content\/uploads\/2023\/05\/Ontwerp-zonder-titel-68.png 940w, https:\/\/dpoassociates.eu\/wp-content\/uploads\/2023\/05\/Ontwerp-zonder-titel-68-600x503.png 600w, https:\/\/dpoassociates.eu\/wp-content\/uploads\/2023\/05\/Ontwerp-zonder-titel-68-300x251.png 300w, https:\/\/dpoassociates.eu\/wp-content\/uploads\/2023\/05\/Ontwerp-zonder-titel-68-768x644.png 768w, https:\/\/dpoassociates.eu\/wp-content\/uploads\/2023\/05\/Ontwerp-zonder-titel-68-650x545.png 650w\" sizes=\"(max-width: 940px) 100vw, 940px\" \/>\t\t\t\t\t\t\t\t\t\t\t\t\t\t\t<\/div>\n\t\t\t\t<\/div>\n\t\t\t\t\t<\/div>\n\t\t<\/div>\n\t\t\t\t<div class=\"elementor-column elementor-col-50 elementor-top-column elementor-element elementor-element-6703cdc\" data-id=\"6703cdc\" data-element_type=\"column\" data-e-type=\"column\">\n\t\t\t<div class=\"elementor-widget-wrap elementor-element-populated\">\n\t\t\t\t\t\t<div class=\"elementor-element elementor-element-2d6c0eef elementor-widget__width-initial elementor-widget elementor-widget-heading\" data-id=\"2d6c0eef\" data-element_type=\"widget\" data-e-type=\"widget\" data-widget_type=\"heading.default\">\n\t\t\t\t<div class=\"elementor-widget-container\">\n\t\t\t\t\t<h1 class=\"elementor-heading-title elementor-size-default\"><span data-contrast=\"auto\" class=\"TextRun SCXW29641693 BCX4\"><span class=\"NormalTextRun SCXW29641693 BCX4\" style=\"margin: 0px;padding: 0px\">L'IAB Europe re\u00e7oit<\/span><span class=\"NormalTextRun SCXW29641693 BCX4\" style=\"margin: 0px;padding: 0px\">t<\/span><span class=\"NormalTextRun SCXW29641693 BCX4\" style=\"margin: 0px;padding: 0px\"> une amende de 250 000 euros pour avoir viol\u00e9 les principes de l\u00e9galit\u00e9, d'\u00e9quit\u00e9 et de transparence et manqu\u00e9 \u00e0 ses obligations en mati\u00e8re de transparence et d'information.&nbsp;<\/span><\/span><span class=\"EOP SCXW29641693 BCX4\" data-ccp-props=\"{}\">&nbsp;<\/span><\/h1>\t\t\t\t<\/div>\n\t\t\t\t<\/div>\n\t\t\t\t\t<\/div>\n\t\t<\/div>\n\t\t\t\t\t<\/div>\n\t\t<\/section>\n\t\t\t\t<section class=\"elementor-section elementor-top-section elementor-element elementor-element-c80ba6e elementor-section-boxed elementor-section-height-default elementor-section-height-default\" data-id=\"c80ba6e\" data-element_type=\"section\" data-e-type=\"section\">\n\t\t\t\t\t\t<div class=\"elementor-container elementor-column-gap-default\">\n\t\t\t\t\t<div class=\"elementor-column elementor-col-100 elementor-top-column elementor-element elementor-element-26b70b0\" data-id=\"26b70b0\" data-element_type=\"column\" data-e-type=\"column\">\n\t\t\t<div class=\"elementor-widget-wrap elementor-element-populated\">\n\t\t\t\t\t\t<div class=\"elementor-element elementor-element-1915a6d elementor-widget elementor-widget-text-editor\" data-id=\"1915a6d\" data-element_type=\"widget\" data-e-type=\"widget\" data-widget_type=\"text-editor.default\">\n\t\t\t\t<div class=\"elementor-widget-container\">\n\t\t\t\t\t\t\t\t\t<p><span data-contrast=\"auto\">L&rsquo;ancien employeur des int\u00e9ress\u00e9s a re\u00e7u un courriel concernant une facture \u00e0 payer pour obtenir une pension compl\u00e9mentaire.<\/span><span data-contrast=\"auto\">  Le contrat de travail ayant d\u00e9j\u00e0 pris fin, l&rsquo;ancien employeur a demand\u00e9 aux int\u00e9ress\u00e9s de prendre contact avec l&rsquo;assureur de la pension compl\u00e9mentaire pour comprendre le motif de l&rsquo;\u00e9mission de la facture.  <\/span><span data-ccp-props=\"{}\"> <\/span><\/p><p><span data-contrast=\"auto\">La compagnie d&rsquo;assurance d\u00e9clare qu&rsquo;elle n&rsquo;a pas \u00e9t\u00e9 inform\u00e9e de la fin du contrat de travail entre les parties concern\u00e9es et son ancien employeur et qu&rsquo;elle a donc \u00e9tabli une nouvelle facture. \u00c0 cet \u00e9gard, les personnes concern\u00e9es estiment que leurs donn\u00e9es \u00e0 caract\u00e8re personnel n&rsquo;auraient pas d\u00fb \u00eatre divulgu\u00e9es puisque le d\u00e9fendeur n&rsquo;est pas un courtier d&rsquo;assurance ou un titulaire de police.<\/span><span data-ccp-props=\"{}\"> <\/span><\/p><p><span data-contrast=\"auto\">La question qui se pose est de savoir si les donn\u00e9es \u00e0 caract\u00e8re personnel des personnes concern\u00e9es ont \u00e9t\u00e9 autoris\u00e9es \u00e0 \u00eatre divulgu\u00e9es par leur employeur \u00e0 la compagnie d&rsquo;assurance. Cette question a \u00e9t\u00e9 trait\u00e9e par l&rsquo;autorit\u00e9 belge de protection des donn\u00e9es.  <\/span><span data-ccp-props=\"{}\"> <\/span><\/p>\t\t\t\t\t\t\t\t<\/div>\n\t\t\t\t<\/div>\n\t\t\t\t\t<\/div>\n\t\t<\/div>\n\t\t\t\t\t<\/div>\n\t\t<\/section>\n\t\t\t\t<\/div>\n\t\t","protected":false},"excerpt":{"rendered":"<p>L&rsquo;IAB Europe re\u00e7oitt une amende de 250 000 euros pour avoir viol\u00e9 les principes de l\u00e9galit\u00e9, d&rsquo;\u00e9quit\u00e9 et de transparence et manqu\u00e9 [&hellip;]<\/p>\n","protected":false},"author":1,"featured_media":0,"parent":7550,"menu_order":0,"comment_status":"closed","ping_status":"closed","template":"","meta":{"_eb_attr":"","footnotes":""},"class_list":["post-9653","page","type-page","status-publish","hentry"],"yoast_head":"<!-- This site is optimized with the Yoast SEO Premium plugin v25.8 (Yoast SEO v27.2) - https:\/\/yoast.com\/product\/yoast-seo-premium-wordpress\/ -->\n<title>P\u00e9nalit\u00e9 GDPR : importance de la confidentialit\u00e9 des donn\u00e9es personnelles<\/title>\n<meta name=\"description\" content=\"Tout ce que vous devez savoir sur les amendes GDPR et ce qu&#039;elles signifient pour votre entreprise. Apprenez \u00e0 rester en conformit\u00e9 et \u00e0 \u00e9viter les amendes.\" \/>\n<meta name=\"robots\" content=\"index, follow, max-snippet:-1, max-image-preview:large, max-video-preview:-1\" \/>\n<link rel=\"canonical\" href=\"https:\/\/dpoassociates.eu\/fr\/blog\/amende-rgpd\/\" \/>\n<meta property=\"og:locale\" content=\"fr_FR\" \/>\n<meta property=\"og:type\" content=\"article\" \/>\n<meta property=\"og:title\" content=\"L&#039;IAB Europe re\u00e7oit une amende de 250 000 euros pour avoir enfreint la loi GDPR\" \/>\n<meta property=\"og:description\" content=\"Tout ce que vous devez savoir sur les amendes GDPR et ce qu&#039;elles signifient pour votre entreprise. Apprenez \u00e0 rester en conformit\u00e9 et \u00e0 \u00e9viter les amendes.\" \/>\n<meta property=\"og:url\" content=\"https:\/\/dpoassociates.eu\/fr\/blog\/amende-rgpd\/\" \/>\n<meta property=\"og:site_name\" content=\"DPO Associates\" \/>\n<meta property=\"article:publisher\" content=\"https:\/\/www.facebook.com\/profile.php?id=100083400514207\" \/>\n<meta property=\"article:modified_time\" content=\"2025-02-27T13:32:39+00:00\" \/>\n<meta property=\"og:image\" content=\"https:\/\/dpoassociates.eu\/wp-content\/uploads\/2023\/05\/Ontwerp-zonder-titel-68.png\" \/>\n\t<meta property=\"og:image:width\" content=\"940\" \/>\n\t<meta property=\"og:image:height\" content=\"788\" \/>\n\t<meta property=\"og:image:type\" content=\"image\/png\" \/>\n<meta name=\"twitter:card\" content=\"summary_large_image\" \/>\n<meta name=\"twitter:label1\" content=\"Dur\u00e9e de lecture estim\u00e9e\" \/>\n\t<meta name=\"twitter:data1\" content=\"2 minutes\" \/>\n<script type=\"application\/ld+json\" class=\"yoast-schema-graph\">{\"@context\":\"https:\/\/schema.org\",\"@graph\":[{\"@type\":\"WebPage\",\"@id\":\"https:\/\/dpoassociates.eu\/fr\/blog\/amende-rgpd\/\",\"url\":\"https:\/\/dpoassociates.eu\/fr\/blog\/amende-rgpd\/\",\"name\":\"P\u00e9nalit\u00e9 GDPR : importance de la confidentialit\u00e9 des donn\u00e9es personnelles\",\"isPartOf\":{\"@id\":\"https:\/\/dpoassociates.eu\/fr\/#website\"},\"primaryImageOfPage\":{\"@id\":\"https:\/\/dpoassociates.eu\/fr\/blog\/amende-rgpd\/#primaryimage\"},\"image\":{\"@id\":\"https:\/\/dpoassociates.eu\/fr\/blog\/amende-rgpd\/#primaryimage\"},\"thumbnailUrl\":\"https:\/\/dpoassociates.eu\/wp-content\/uploads\/2023\/05\/Ontwerp-zonder-titel-68.png\",\"datePublished\":\"2023-05-04T08:46:05+00:00\",\"dateModified\":\"2025-02-27T13:32:39+00:00\",\"description\":\"Tout ce que vous devez savoir sur les amendes GDPR et ce qu'elles signifient pour votre entreprise. Apprenez \u00e0 rester en conformit\u00e9 et \u00e0 \u00e9viter les amendes.\",\"breadcrumb\":{\"@id\":\"https:\/\/dpoassociates.eu\/fr\/blog\/amende-rgpd\/#breadcrumb\"},\"inLanguage\":\"fr-FR\",\"potentialAction\":[{\"@type\":\"ReadAction\",\"target\":[\"https:\/\/dpoassociates.eu\/fr\/blog\/amende-rgpd\/\"]}]},{\"@type\":\"ImageObject\",\"inLanguage\":\"fr-FR\",\"@id\":\"https:\/\/dpoassociates.eu\/fr\/blog\/amende-rgpd\/#primaryimage\",\"url\":\"https:\/\/dpoassociates.eu\/wp-content\/uploads\/2023\/05\/Ontwerp-zonder-titel-68.png\",\"contentUrl\":\"https:\/\/dpoassociates.eu\/wp-content\/uploads\/2023\/05\/Ontwerp-zonder-titel-68.png\"},{\"@type\":\"BreadcrumbList\",\"@id\":\"https:\/\/dpoassociates.eu\/fr\/blog\/amende-rgpd\/#breadcrumb\",\"itemListElement\":[{\"@type\":\"ListItem\",\"position\":1,\"name\":\"Home\",\"item\":\"https:\/\/dpoassociates.eu\/fr\/\"},{\"@type\":\"ListItem\",\"position\":2,\"name\":\"Actualit\u00e9s\",\"item\":\"https:\/\/dpoassociates.eu\/fr\/blog\/\"},{\"@type\":\"ListItem\",\"position\":3,\"name\":\"L&#8217;IAB Europe re\u00e7oit une amende de 250 000 euros pour avoir enfreint la loi GDPR\"}]},{\"@type\":\"WebSite\",\"@id\":\"https:\/\/dpoassociates.eu\/fr\/#website\",\"url\":\"https:\/\/dpoassociates.eu\/fr\/\",\"name\":\"DPO Associates\",\"description\":\"Protect, Detect, Respond\",\"publisher\":{\"@id\":\"https:\/\/dpoassociates.eu\/fr\/#organization\"},\"potentialAction\":[{\"@type\":\"SearchAction\",\"target\":{\"@type\":\"EntryPoint\",\"urlTemplate\":\"https:\/\/dpoassociates.eu\/fr\/?s={search_term_string}\"},\"query-input\":{\"@type\":\"PropertyValueSpecification\",\"valueRequired\":true,\"valueName\":\"search_term_string\"}}],\"inLanguage\":\"fr-FR\"},{\"@type\":\"Organization\",\"@id\":\"https:\/\/dpoassociates.eu\/fr\/#organization\",\"name\":\"DPO Associates\",\"url\":\"https:\/\/dpoassociates.eu\/fr\/\",\"logo\":{\"@type\":\"ImageObject\",\"inLanguage\":\"fr-FR\",\"@id\":\"https:\/\/dpoassociates.eu\/fr\/#\/schema\/logo\/image\/\",\"url\":\"https:\/\/dpoassociates.eu\/wp-content\/uploads\/2022\/09\/thumbnail_Logo-DPO-Associates-negatief-zwart-negatief-002.png\",\"contentUrl\":\"https:\/\/dpoassociates.eu\/wp-content\/uploads\/2022\/09\/thumbnail_Logo-DPO-Associates-negatief-zwart-negatief-002.png\",\"width\":651,\"height\":651,\"caption\":\"DPO Associates\"},\"image\":{\"@id\":\"https:\/\/dpoassociates.eu\/fr\/#\/schema\/logo\/image\/\"},\"sameAs\":[\"https:\/\/www.facebook.com\/profile.php?id=100083400514207\",\"https:\/\/www.linkedin.com\/company\/dpo-associates-da\/\"]}]}<\/script>\n<!-- \/ Yoast SEO Premium plugin. -->","yoast_head_json":{"title":"P\u00e9nalit\u00e9 GDPR : importance de la confidentialit\u00e9 des donn\u00e9es personnelles","description":"Tout ce que vous devez savoir sur les amendes GDPR et ce qu'elles signifient pour votre entreprise. Apprenez \u00e0 rester en conformit\u00e9 et \u00e0 \u00e9viter les amendes.","robots":{"index":"index","follow":"follow","max-snippet":"max-snippet:-1","max-image-preview":"max-image-preview:large","max-video-preview":"max-video-preview:-1"},"canonical":"https:\/\/dpoassociates.eu\/fr\/blog\/amende-rgpd\/","og_locale":"fr_FR","og_type":"article","og_title":"L'IAB Europe re\u00e7oit une amende de 250 000 euros pour avoir enfreint la loi GDPR","og_description":"Tout ce que vous devez savoir sur les amendes GDPR et ce qu'elles signifient pour votre entreprise. Apprenez \u00e0 rester en conformit\u00e9 et \u00e0 \u00e9viter les amendes.","og_url":"https:\/\/dpoassociates.eu\/fr\/blog\/amende-rgpd\/","og_site_name":"DPO Associates","article_publisher":"https:\/\/www.facebook.com\/profile.php?id=100083400514207","article_modified_time":"2025-02-27T13:32:39+00:00","og_image":[{"width":940,"height":788,"url":"https:\/\/dpoassociates.eu\/wp-content\/uploads\/2023\/05\/Ontwerp-zonder-titel-68.png","type":"image\/png"}],"twitter_card":"summary_large_image","twitter_misc":{"Dur\u00e9e de lecture estim\u00e9e":"2 minutes"},"schema":{"@context":"https:\/\/schema.org","@graph":[{"@type":"WebPage","@id":"https:\/\/dpoassociates.eu\/fr\/blog\/amende-rgpd\/","url":"https:\/\/dpoassociates.eu\/fr\/blog\/amende-rgpd\/","name":"P\u00e9nalit\u00e9 GDPR : importance de la confidentialit\u00e9 des donn\u00e9es personnelles","isPartOf":{"@id":"https:\/\/dpoassociates.eu\/fr\/#website"},"primaryImageOfPage":{"@id":"https:\/\/dpoassociates.eu\/fr\/blog\/amende-rgpd\/#primaryimage"},"image":{"@id":"https:\/\/dpoassociates.eu\/fr\/blog\/amende-rgpd\/#primaryimage"},"thumbnailUrl":"https:\/\/dpoassociates.eu\/wp-content\/uploads\/2023\/05\/Ontwerp-zonder-titel-68.png","datePublished":"2023-05-04T08:46:05+00:00","dateModified":"2025-02-27T13:32:39+00:00","description":"Tout ce que vous devez savoir sur les amendes GDPR et ce qu'elles signifient pour votre entreprise. Apprenez \u00e0 rester en conformit\u00e9 et \u00e0 \u00e9viter les amendes.","breadcrumb":{"@id":"https:\/\/dpoassociates.eu\/fr\/blog\/amende-rgpd\/#breadcrumb"},"inLanguage":"fr-FR","potentialAction":[{"@type":"ReadAction","target":["https:\/\/dpoassociates.eu\/fr\/blog\/amende-rgpd\/"]}]},{"@type":"ImageObject","inLanguage":"fr-FR","@id":"https:\/\/dpoassociates.eu\/fr\/blog\/amende-rgpd\/#primaryimage","url":"https:\/\/dpoassociates.eu\/wp-content\/uploads\/2023\/05\/Ontwerp-zonder-titel-68.png","contentUrl":"https:\/\/dpoassociates.eu\/wp-content\/uploads\/2023\/05\/Ontwerp-zonder-titel-68.png"},{"@type":"BreadcrumbList","@id":"https:\/\/dpoassociates.eu\/fr\/blog\/amende-rgpd\/#breadcrumb","itemListElement":[{"@type":"ListItem","position":1,"name":"Home","item":"https:\/\/dpoassociates.eu\/fr\/"},{"@type":"ListItem","position":2,"name":"Actualit\u00e9s","item":"https:\/\/dpoassociates.eu\/fr\/blog\/"},{"@type":"ListItem","position":3,"name":"L&#8217;IAB Europe re\u00e7oit une amende de 250 000 euros pour avoir enfreint la loi GDPR"}]},{"@type":"WebSite","@id":"https:\/\/dpoassociates.eu\/fr\/#website","url":"https:\/\/dpoassociates.eu\/fr\/","name":"DPO Associates","description":"Protect, Detect, Respond","publisher":{"@id":"https:\/\/dpoassociates.eu\/fr\/#organization"},"potentialAction":[{"@type":"SearchAction","target":{"@type":"EntryPoint","urlTemplate":"https:\/\/dpoassociates.eu\/fr\/?s={search_term_string}"},"query-input":{"@type":"PropertyValueSpecification","valueRequired":true,"valueName":"search_term_string"}}],"inLanguage":"fr-FR"},{"@type":"Organization","@id":"https:\/\/dpoassociates.eu\/fr\/#organization","name":"DPO Associates","url":"https:\/\/dpoassociates.eu\/fr\/","logo":{"@type":"ImageObject","inLanguage":"fr-FR","@id":"https:\/\/dpoassociates.eu\/fr\/#\/schema\/logo\/image\/","url":"https:\/\/dpoassociates.eu\/wp-content\/uploads\/2022\/09\/thumbnail_Logo-DPO-Associates-negatief-zwart-negatief-002.png","contentUrl":"https:\/\/dpoassociates.eu\/wp-content\/uploads\/2022\/09\/thumbnail_Logo-DPO-Associates-negatief-zwart-negatief-002.png","width":651,"height":651,"caption":"DPO Associates"},"image":{"@id":"https:\/\/dpoassociates.eu\/fr\/#\/schema\/logo\/image\/"},"sameAs":["https:\/\/www.facebook.com\/profile.php?id=100083400514207","https:\/\/www.linkedin.com\/company\/dpo-associates-da\/"]}]}},"_links":{"self":[{"href":"https:\/\/dpoassociates.eu\/fr\/wp-json\/wp\/v2\/pages\/9653","targetHints":{"allow":["GET"]}}],"collection":[{"href":"https:\/\/dpoassociates.eu\/fr\/wp-json\/wp\/v2\/pages"}],"about":[{"href":"https:\/\/dpoassociates.eu\/fr\/wp-json\/wp\/v2\/types\/page"}],"author":[{"embeddable":true,"href":"https:\/\/dpoassociates.eu\/fr\/wp-json\/wp\/v2\/users\/1"}],"replies":[{"embeddable":true,"href":"https:\/\/dpoassociates.eu\/fr\/wp-json\/wp\/v2\/comments?post=9653"}],"version-history":[{"count":2,"href":"https:\/\/dpoassociates.eu\/fr\/wp-json\/wp\/v2\/pages\/9653\/revisions"}],"predecessor-version":[{"id":20067,"href":"https:\/\/dpoassociates.eu\/fr\/wp-json\/wp\/v2\/pages\/9653\/revisions\/20067"}],"up":[{"embeddable":true,"href":"https:\/\/dpoassociates.eu\/fr\/wp-json\/wp\/v2\/pages\/7550"}],"wp:attachment":[{"href":"https:\/\/dpoassociates.eu\/fr\/wp-json\/wp\/v2\/media?parent=9653"}],"curies":[{"name":"wp","href":"https:\/\/api.w.org\/{rel}","templated":true}]}}