{"id":9647,"date":"2023-04-14T14:02:42","date_gmt":"2023-04-14T14:02:42","guid":{"rendered":"https:\/\/dpoassociates.eu\/analyse-des-lacunes\/"},"modified":"2025-02-10T13:02:18","modified_gmt":"2025-02-10T13:02:18","slug":"analyse-des-lacunes","status":"publish","type":"page","link":"https:\/\/dpoassociates.eu\/fr\/analyse-des-lacunes\/","title":{"rendered":"Analyse des lacunes"},"content":{"rendered":"\t\t<div data-elementor-type=\"wp-page\" data-elementor-id=\"9647\" class=\"elementor elementor-9647 elementor-7300\" data-elementor-post-type=\"page\">\n\t\t\t\t\t\t<section class=\"elementor-section elementor-top-section elementor-element elementor-element-8b2af02 elementor-section-boxed elementor-section-height-default elementor-section-height-default\" data-id=\"8b2af02\" data-element_type=\"section\" data-e-type=\"section\">\n\t\t\t\t\t\t<div class=\"elementor-container elementor-column-gap-default\">\n\t\t\t\t\t<div class=\"elementor-column elementor-col-100 elementor-top-column elementor-element elementor-element-e62c77b\" data-id=\"e62c77b\" data-element_type=\"column\" data-e-type=\"column\">\n\t\t\t<div class=\"elementor-widget-wrap\">\n\t\t\t\t\t\t\t<\/div>\n\t\t<\/div>\n\t\t\t\t\t<\/div>\n\t\t<\/section>\n\t\t\t\t<section class=\"elementor-section elementor-top-section elementor-element elementor-element-140226fc elementor-section-content-middle elementor-section-boxed elementor-section-height-default elementor-section-height-default\" data-id=\"140226fc\" data-element_type=\"section\" data-e-type=\"section\" data-settings=\"{&quot;background_background&quot;:&quot;classic&quot;}\">\n\t\t\t\t\t\t<div class=\"elementor-container elementor-column-gap-extended\">\n\t\t\t\t\t<div class=\"elementor-column elementor-col-100 elementor-top-column elementor-element elementor-element-4e4b0564\" data-id=\"4e4b0564\" data-element_type=\"column\" data-e-type=\"column\">\n\t\t\t<div class=\"elementor-widget-wrap elementor-element-populated\">\n\t\t\t\t\t\t<div class=\"elementor-element elementor-element-d7d16c6 elementor-widget elementor-widget-heading\" data-id=\"d7d16c6\" data-element_type=\"widget\" data-e-type=\"widget\" data-widget_type=\"heading.default\">\n\t\t\t\t<div class=\"elementor-widget-container\">\n\t\t\t\t\t<h1 class=\"elementor-heading-title elementor-size-default\">Qu'est-ce qu'une analyse des \u00e9carts ?<\/h1>\t\t\t\t<\/div>\n\t\t\t\t<\/div>\n\t\t\t\t<div class=\"elementor-element elementor-element-ebb4542 elementor-widget elementor-widget-text-editor\" data-id=\"ebb4542\" data-element_type=\"widget\" data-e-type=\"widget\" data-widget_type=\"text-editor.default\">\n\t\t\t\t<div class=\"elementor-widget-container\">\n\t\t\t\t\t\t\t\t\t<p style=\"text-align: center;\">Une <strong>analyse des lacunes du GDPR<\/strong> \u00e9value les processus, politiques et proc\u00e9dures existants d&rsquo;une organisation afin de d\u00e9terminer dans quelle mesure ils sont conformes aux <strong>exigences du GDPR<\/strong>.<\/p>\t\t\t\t\t\t\t\t<\/div>\n\t\t\t\t<\/div>\n\t\t\t\t<div class=\"elementor-element elementor-element-d880788 elementor-widget elementor-widget-image\" data-id=\"d880788\" data-element_type=\"widget\" data-e-type=\"widget\" data-widget_type=\"image.default\">\n\t\t\t\t<div class=\"elementor-widget-container\">\n\t\t\t\t\t\t\t\t\t\t\t\t\t\t\t<img fetchpriority=\"high\" decoding=\"async\" width=\"768\" height=\"403\" src=\"https:\/\/dpoassociates.eu\/wp-content\/uploads\/2023\/05\/Zonder-titel-Facebookbericht-Liggend-3-768x403.png\" class=\"attachment-medium_large size-medium_large wp-image-9557\" alt=\"gap-analyse\" srcset=\"https:\/\/dpoassociates.eu\/wp-content\/uploads\/2023\/05\/Zonder-titel-Facebookbericht-Liggend-3-768x403.png 768w, https:\/\/dpoassociates.eu\/wp-content\/uploads\/2023\/05\/Zonder-titel-Facebookbericht-Liggend-3-600x315.png 600w, https:\/\/dpoassociates.eu\/wp-content\/uploads\/2023\/05\/Zonder-titel-Facebookbericht-Liggend-3-300x158.png 300w, https:\/\/dpoassociates.eu\/wp-content\/uploads\/2023\/05\/Zonder-titel-Facebookbericht-Liggend-3-1024x538.png 1024w, https:\/\/dpoassociates.eu\/wp-content\/uploads\/2023\/05\/Zonder-titel-Facebookbericht-Liggend-3-650x341.png 650w, https:\/\/dpoassociates.eu\/wp-content\/uploads\/2023\/05\/Zonder-titel-Facebookbericht-Liggend-3.png 1200w\" sizes=\"(max-width: 768px) 100vw, 768px\" \/>\t\t\t\t\t\t\t\t\t\t\t\t\t\t\t<\/div>\n\t\t\t\t<\/div>\n\t\t\t\t<div class=\"elementor-element elementor-element-926eb52 elementor-align-center elementor-widget elementor-widget-button\" data-id=\"926eb52\" data-element_type=\"widget\" data-e-type=\"widget\" data-widget_type=\"button.default\">\n\t\t\t\t<div class=\"elementor-widget-container\">\n\t\t\t\t\t\t\t\t\t<div class=\"elementor-button-wrapper\">\n\t\t\t\t\t<a class=\"elementor-button elementor-button-link elementor-size-sm\" href=\"https:\/\/dpoassociates.eu\/fr\/contact\/\">\n\t\t\t\t\t\t<span class=\"elementor-button-content-wrapper\">\n\t\t\t\t\t\t\t\t\t<span class=\"elementor-button-text\">R\u00e9alisation d'une analyse des \u00e9carts<\/span>\n\t\t\t\t\t<\/span>\n\t\t\t\t\t<\/a>\n\t\t\t\t<\/div>\n\t\t\t\t\t\t\t\t<\/div>\n\t\t\t\t<\/div>\n\t\t\t\t<div class=\"elementor-element elementor-element-e98e001 elementor-widget elementor-widget-text-editor\" data-id=\"e98e001\" data-element_type=\"widget\" data-e-type=\"widget\" data-widget_type=\"text-editor.default\">\n\t\t\t\t<div class=\"elementor-widget-container\">\n\t\t\t\t\t\t\t\t\t<p style=\"text-align: center;\"> <\/p><h3><strong>Objectif :<\/strong><\/h3><p><br>\u2714 Identifier les <strong>\u00e9carts<\/strong> entre les pratiques actuelles et les r\u00e9glementations GDPR \u2714 Analyser le<strong>traitement des donn\u00e9es, la s\u00e9curit\u00e9, les exigences en mati\u00e8re de consentement, les p\u00e9riodes de conservation, les droits des personnes concern\u00e9es et les obligations de notification des violations de donn\u00e9es.<\/strong><\/p><h3><strong>R\u00e9sultats :<\/strong><\/h3><ul><li>Comprendre les <strong>domaines \u00e0 am\u00e9liorer<\/strong> pour parvenir \u00e0 une conformit\u00e9 totale au GDPR.<\/li><li>\u00c9laboration d&rsquo;un <strong>plan d&rsquo;action<\/strong> pour rem\u00e9dier aux d\u00e9ficiences<\/li><li><strong>Des mesures<\/strong> telles que<br>\ud83d\udd39 la mise \u00e0 jour des politiques<br>\ud83d\udd39 L&rsquo;am\u00e9lioration de la s\u00e9curit\u00e9 des donn\u00e9es<br>\ud83d\udd39 Mise en \u0153uvre des proc\u00e9dures GDPR<br>\ud83d\udd39 Formation des employ\u00e9s<\/li><\/ul>\t\t\t\t\t\t\t\t<\/div>\n\t\t\t\t<\/div>\n\t\t\t\t\t<\/div>\n\t\t<\/div>\n\t\t\t\t\t<\/div>\n\t\t<\/section>\n\t\t\t\t<section class=\"elementor-section elementor-top-section elementor-element elementor-element-5a150b6 elementor-section-boxed elementor-section-height-default elementor-section-height-default\" data-id=\"5a150b6\" data-element_type=\"section\" data-e-type=\"section\">\n\t\t\t\t\t\t<div class=\"elementor-container elementor-column-gap-default\">\n\t\t\t\t\t<div class=\"elementor-column elementor-col-100 elementor-top-column elementor-element elementor-element-d8fba77\" data-id=\"d8fba77\" data-element_type=\"column\" data-e-type=\"column\">\n\t\t\t<div class=\"elementor-widget-wrap\">\n\t\t\t\t\t\t\t<\/div>\n\t\t<\/div>\n\t\t\t\t\t<\/div>\n\t\t<\/section>\n\t\t\t\t<\/div>\n\t\t","protected":false},"excerpt":{"rendered":"<p>Qu&rsquo;est-ce qu&rsquo;une analyse des \u00e9carts ? Une analyse des lacunes du GDPR \u00e9value les processus, politiques et proc\u00e9dures existants d&rsquo;une organisation afin [&hellip;]<\/p>\n","protected":false},"author":1,"featured_media":9557,"parent":0,"menu_order":0,"comment_status":"closed","ping_status":"closed","template":"","meta":{"_eb_attr":"","footnotes":""},"class_list":["post-9647","page","type-page","status-publish","has-post-thumbnail","hentry"],"yoast_head":"<!-- This site is optimized with the Yoast SEO Premium plugin v25.8 (Yoast SEO v27.2) - https:\/\/yoast.com\/product\/yoast-seo-premium-wordpress\/ -->\n<title>- Qu&#039;est-ce qu&#039;une analyse des lacunes ? DPO Associates<\/title>\n<meta name=\"description\" content=\"L&#039;analyse des \u00e9carts est un processus d&#039;identification de la diff\u00e9rence entre les performances actuelles d&#039;une organisation et les performances souhait\u00e9es. Nous pouvons vous aider \u00e0 r\u00e9aliser une analyse des lacunes.\" \/>\n<meta name=\"robots\" content=\"index, follow, max-snippet:-1, max-image-preview:large, max-video-preview:-1\" \/>\n<link rel=\"canonical\" href=\"https:\/\/dpoassociates.eu\/fr\/analyse-des-lacunes\/\" \/>\n<meta property=\"og:locale\" content=\"fr_FR\" \/>\n<meta property=\"og:type\" content=\"article\" \/>\n<meta property=\"og:title\" content=\"Analyse des lacunes\" \/>\n<meta property=\"og:description\" content=\"L&#039;analyse des \u00e9carts est un processus d&#039;identification de la diff\u00e9rence entre les performances actuelles d&#039;une organisation et les performances souhait\u00e9es. Nous pouvons vous aider \u00e0 r\u00e9aliser une analyse des lacunes.\" \/>\n<meta property=\"og:url\" content=\"https:\/\/dpoassociates.eu\/fr\/analyse-des-lacunes\/\" \/>\n<meta property=\"og:site_name\" content=\"DPO Associates\" \/>\n<meta property=\"article:publisher\" content=\"https:\/\/www.facebook.com\/profile.php?id=100083400514207\" \/>\n<meta property=\"article:modified_time\" content=\"2025-02-10T13:02:18+00:00\" \/>\n<meta property=\"og:image\" content=\"https:\/\/dpoassociates.eu\/wp-content\/uploads\/2023\/05\/Zonder-titel-Facebookbericht-Liggend-3.png\" \/>\n\t<meta property=\"og:image:width\" content=\"1200\" \/>\n\t<meta property=\"og:image:height\" content=\"630\" \/>\n\t<meta property=\"og:image:type\" content=\"image\/png\" \/>\n<meta name=\"twitter:card\" content=\"summary_large_image\" \/>\n<meta name=\"twitter:label1\" content=\"Dur\u00e9e de lecture estim\u00e9e\" \/>\n\t<meta name=\"twitter:data1\" content=\"2 minutes\" \/>\n<script type=\"application\/ld+json\" class=\"yoast-schema-graph\">{\"@context\":\"https:\/\/schema.org\",\"@graph\":[{\"@type\":\"WebPage\",\"@id\":\"https:\/\/dpoassociates.eu\/fr\/analyse-des-lacunes\/\",\"url\":\"https:\/\/dpoassociates.eu\/fr\/analyse-des-lacunes\/\",\"name\":\"- Qu'est-ce qu'une analyse des lacunes ? DPO Associates\",\"isPartOf\":{\"@id\":\"https:\/\/dpoassociates.eu\/fr\/#website\"},\"primaryImageOfPage\":{\"@id\":\"https:\/\/dpoassociates.eu\/fr\/analyse-des-lacunes\/#primaryimage\"},\"image\":{\"@id\":\"https:\/\/dpoassociates.eu\/fr\/analyse-des-lacunes\/#primaryimage\"},\"thumbnailUrl\":\"https:\/\/dpoassociates.eu\/wp-content\/uploads\/2023\/05\/Zonder-titel-Facebookbericht-Liggend-3.png\",\"datePublished\":\"2023-04-14T14:02:42+00:00\",\"dateModified\":\"2025-02-10T13:02:18+00:00\",\"description\":\"L'analyse des \u00e9carts est un processus d'identification de la diff\u00e9rence entre les performances actuelles d'une organisation et les performances souhait\u00e9es. Nous pouvons vous aider \u00e0 r\u00e9aliser une analyse des lacunes.\",\"breadcrumb\":{\"@id\":\"https:\/\/dpoassociates.eu\/fr\/analyse-des-lacunes\/#breadcrumb\"},\"inLanguage\":\"fr-FR\",\"potentialAction\":[{\"@type\":\"ReadAction\",\"target\":[\"https:\/\/dpoassociates.eu\/fr\/analyse-des-lacunes\/\"]}]},{\"@type\":\"ImageObject\",\"inLanguage\":\"fr-FR\",\"@id\":\"https:\/\/dpoassociates.eu\/fr\/analyse-des-lacunes\/#primaryimage\",\"url\":\"https:\/\/dpoassociates.eu\/wp-content\/uploads\/2023\/05\/Zonder-titel-Facebookbericht-Liggend-3.png\",\"contentUrl\":\"https:\/\/dpoassociates.eu\/wp-content\/uploads\/2023\/05\/Zonder-titel-Facebookbericht-Liggend-3.png\",\"width\":1200,\"height\":630,\"caption\":\"gap-analyse\"},{\"@type\":\"BreadcrumbList\",\"@id\":\"https:\/\/dpoassociates.eu\/fr\/analyse-des-lacunes\/#breadcrumb\",\"itemListElement\":[{\"@type\":\"ListItem\",\"position\":1,\"name\":\"Home\",\"item\":\"https:\/\/dpoassociates.eu\/fr\/\"},{\"@type\":\"ListItem\",\"position\":2,\"name\":\"Analyse des lacunes\"}]},{\"@type\":\"WebSite\",\"@id\":\"https:\/\/dpoassociates.eu\/fr\/#website\",\"url\":\"https:\/\/dpoassociates.eu\/fr\/\",\"name\":\"DPO Associates\",\"description\":\"Protect, Detect, Respond\",\"publisher\":{\"@id\":\"https:\/\/dpoassociates.eu\/fr\/#organization\"},\"potentialAction\":[{\"@type\":\"SearchAction\",\"target\":{\"@type\":\"EntryPoint\",\"urlTemplate\":\"https:\/\/dpoassociates.eu\/fr\/?s={search_term_string}\"},\"query-input\":{\"@type\":\"PropertyValueSpecification\",\"valueRequired\":true,\"valueName\":\"search_term_string\"}}],\"inLanguage\":\"fr-FR\"},{\"@type\":\"Organization\",\"@id\":\"https:\/\/dpoassociates.eu\/fr\/#organization\",\"name\":\"DPO Associates\",\"url\":\"https:\/\/dpoassociates.eu\/fr\/\",\"logo\":{\"@type\":\"ImageObject\",\"inLanguage\":\"fr-FR\",\"@id\":\"https:\/\/dpoassociates.eu\/fr\/#\/schema\/logo\/image\/\",\"url\":\"https:\/\/dpoassociates.eu\/wp-content\/uploads\/2022\/09\/thumbnail_Logo-DPO-Associates-negatief-zwart-negatief-002.png\",\"contentUrl\":\"https:\/\/dpoassociates.eu\/wp-content\/uploads\/2022\/09\/thumbnail_Logo-DPO-Associates-negatief-zwart-negatief-002.png\",\"width\":651,\"height\":651,\"caption\":\"DPO Associates\"},\"image\":{\"@id\":\"https:\/\/dpoassociates.eu\/fr\/#\/schema\/logo\/image\/\"},\"sameAs\":[\"https:\/\/www.facebook.com\/profile.php?id=100083400514207\",\"https:\/\/www.linkedin.com\/company\/dpo-associates-da\/\"]}]}<\/script>\n<!-- \/ Yoast SEO Premium plugin. -->","yoast_head_json":{"title":"- Qu'est-ce qu'une analyse des lacunes ? DPO Associates","description":"L'analyse des \u00e9carts est un processus d'identification de la diff\u00e9rence entre les performances actuelles d'une organisation et les performances souhait\u00e9es. Nous pouvons vous aider \u00e0 r\u00e9aliser une analyse des lacunes.","robots":{"index":"index","follow":"follow","max-snippet":"max-snippet:-1","max-image-preview":"max-image-preview:large","max-video-preview":"max-video-preview:-1"},"canonical":"https:\/\/dpoassociates.eu\/fr\/analyse-des-lacunes\/","og_locale":"fr_FR","og_type":"article","og_title":"Analyse des lacunes","og_description":"L'analyse des \u00e9carts est un processus d'identification de la diff\u00e9rence entre les performances actuelles d'une organisation et les performances souhait\u00e9es. Nous pouvons vous aider \u00e0 r\u00e9aliser une analyse des lacunes.","og_url":"https:\/\/dpoassociates.eu\/fr\/analyse-des-lacunes\/","og_site_name":"DPO Associates","article_publisher":"https:\/\/www.facebook.com\/profile.php?id=100083400514207","article_modified_time":"2025-02-10T13:02:18+00:00","og_image":[{"width":1200,"height":630,"url":"https:\/\/dpoassociates.eu\/wp-content\/uploads\/2023\/05\/Zonder-titel-Facebookbericht-Liggend-3.png","type":"image\/png"}],"twitter_card":"summary_large_image","twitter_misc":{"Dur\u00e9e de lecture estim\u00e9e":"2 minutes"},"schema":{"@context":"https:\/\/schema.org","@graph":[{"@type":"WebPage","@id":"https:\/\/dpoassociates.eu\/fr\/analyse-des-lacunes\/","url":"https:\/\/dpoassociates.eu\/fr\/analyse-des-lacunes\/","name":"- Qu'est-ce qu'une analyse des lacunes ? DPO Associates","isPartOf":{"@id":"https:\/\/dpoassociates.eu\/fr\/#website"},"primaryImageOfPage":{"@id":"https:\/\/dpoassociates.eu\/fr\/analyse-des-lacunes\/#primaryimage"},"image":{"@id":"https:\/\/dpoassociates.eu\/fr\/analyse-des-lacunes\/#primaryimage"},"thumbnailUrl":"https:\/\/dpoassociates.eu\/wp-content\/uploads\/2023\/05\/Zonder-titel-Facebookbericht-Liggend-3.png","datePublished":"2023-04-14T14:02:42+00:00","dateModified":"2025-02-10T13:02:18+00:00","description":"L'analyse des \u00e9carts est un processus d'identification de la diff\u00e9rence entre les performances actuelles d'une organisation et les performances souhait\u00e9es. Nous pouvons vous aider \u00e0 r\u00e9aliser une analyse des lacunes.","breadcrumb":{"@id":"https:\/\/dpoassociates.eu\/fr\/analyse-des-lacunes\/#breadcrumb"},"inLanguage":"fr-FR","potentialAction":[{"@type":"ReadAction","target":["https:\/\/dpoassociates.eu\/fr\/analyse-des-lacunes\/"]}]},{"@type":"ImageObject","inLanguage":"fr-FR","@id":"https:\/\/dpoassociates.eu\/fr\/analyse-des-lacunes\/#primaryimage","url":"https:\/\/dpoassociates.eu\/wp-content\/uploads\/2023\/05\/Zonder-titel-Facebookbericht-Liggend-3.png","contentUrl":"https:\/\/dpoassociates.eu\/wp-content\/uploads\/2023\/05\/Zonder-titel-Facebookbericht-Liggend-3.png","width":1200,"height":630,"caption":"gap-analyse"},{"@type":"BreadcrumbList","@id":"https:\/\/dpoassociates.eu\/fr\/analyse-des-lacunes\/#breadcrumb","itemListElement":[{"@type":"ListItem","position":1,"name":"Home","item":"https:\/\/dpoassociates.eu\/fr\/"},{"@type":"ListItem","position":2,"name":"Analyse des lacunes"}]},{"@type":"WebSite","@id":"https:\/\/dpoassociates.eu\/fr\/#website","url":"https:\/\/dpoassociates.eu\/fr\/","name":"DPO Associates","description":"Protect, Detect, Respond","publisher":{"@id":"https:\/\/dpoassociates.eu\/fr\/#organization"},"potentialAction":[{"@type":"SearchAction","target":{"@type":"EntryPoint","urlTemplate":"https:\/\/dpoassociates.eu\/fr\/?s={search_term_string}"},"query-input":{"@type":"PropertyValueSpecification","valueRequired":true,"valueName":"search_term_string"}}],"inLanguage":"fr-FR"},{"@type":"Organization","@id":"https:\/\/dpoassociates.eu\/fr\/#organization","name":"DPO Associates","url":"https:\/\/dpoassociates.eu\/fr\/","logo":{"@type":"ImageObject","inLanguage":"fr-FR","@id":"https:\/\/dpoassociates.eu\/fr\/#\/schema\/logo\/image\/","url":"https:\/\/dpoassociates.eu\/wp-content\/uploads\/2022\/09\/thumbnail_Logo-DPO-Associates-negatief-zwart-negatief-002.png","contentUrl":"https:\/\/dpoassociates.eu\/wp-content\/uploads\/2022\/09\/thumbnail_Logo-DPO-Associates-negatief-zwart-negatief-002.png","width":651,"height":651,"caption":"DPO Associates"},"image":{"@id":"https:\/\/dpoassociates.eu\/fr\/#\/schema\/logo\/image\/"},"sameAs":["https:\/\/www.facebook.com\/profile.php?id=100083400514207","https:\/\/www.linkedin.com\/company\/dpo-associates-da\/"]}]}},"_links":{"self":[{"href":"https:\/\/dpoassociates.eu\/fr\/wp-json\/wp\/v2\/pages\/9647","targetHints":{"allow":["GET"]}}],"collection":[{"href":"https:\/\/dpoassociates.eu\/fr\/wp-json\/wp\/v2\/pages"}],"about":[{"href":"https:\/\/dpoassociates.eu\/fr\/wp-json\/wp\/v2\/types\/page"}],"author":[{"embeddable":true,"href":"https:\/\/dpoassociates.eu\/fr\/wp-json\/wp\/v2\/users\/1"}],"replies":[{"embeddable":true,"href":"https:\/\/dpoassociates.eu\/fr\/wp-json\/wp\/v2\/comments?post=9647"}],"version-history":[{"count":0,"href":"https:\/\/dpoassociates.eu\/fr\/wp-json\/wp\/v2\/pages\/9647\/revisions"}],"wp:featuredmedia":[{"embeddable":true,"href":"https:\/\/dpoassociates.eu\/fr\/wp-json\/wp\/v2\/media\/9557"}],"wp:attachment":[{"href":"https:\/\/dpoassociates.eu\/fr\/wp-json\/wp\/v2\/media?parent=9647"}],"curies":[{"name":"wp","href":"https:\/\/api.w.org\/{rel}","templated":true}]}}