{"id":9644,"date":"2023-04-24T18:34:59","date_gmt":"2023-04-24T18:34:59","guid":{"rendered":"https:\/\/dpoassociates.eu\/poste-vacant-de-dpd\/"},"modified":"2025-02-10T13:00:26","modified_gmt":"2025-02-10T13:00:26","slug":"poste-vacant-de-dpd","status":"publish","type":"page","link":"https:\/\/dpoassociates.eu\/fr\/poste-vacant-de-dpd\/","title":{"rendered":"Poste vacant de DPD"},"content":{"rendered":"\t\t<div data-elementor-type=\"wp-page\" data-elementor-id=\"9644\" class=\"elementor elementor-9644 elementor-7894\" data-elementor-post-type=\"page\">\n\t\t\t\t\t\t<section class=\"elementor-section elementor-top-section elementor-element elementor-element-a4a203b elementor-section-boxed elementor-section-height-default elementor-section-height-default\" data-id=\"a4a203b\" data-element_type=\"section\" data-e-type=\"section\">\n\t\t\t\t\t\t<div class=\"elementor-container elementor-column-gap-default\">\n\t\t\t\t\t<div class=\"elementor-column elementor-col-100 elementor-top-column elementor-element elementor-element-fb74de2\" data-id=\"fb74de2\" data-element_type=\"column\" data-e-type=\"column\">\n\t\t\t<div class=\"elementor-widget-wrap elementor-element-populated\">\n\t\t\t\t\t\t<div class=\"elementor-element elementor-element-2fa8ec6 elementor-widget elementor-widget-text-editor\" data-id=\"2fa8ec6\" data-element_type=\"widget\" data-e-type=\"widget\" data-widget_type=\"text-editor.default\">\n\t\t\t\t<div class=\"elementor-widget-container\">\n\t\t\t\t\t\t\t\t\t<p>DPO Associates BV a des postes vacants de DPO et recherche des sp\u00e9cialistes de la protection de la vie priv\u00e9e, tels qu&rsquo;un DPO ou un CISO, qui souhaitent collaborer sur une base freelance pour mener \u00e0 bien diverses missions dans le domaine du<a href=\"https:\/\/www.vlaanderen.be\/uw-overheid\/werking-en-structuur\/hoe-werkt-de-vlaamse-overheid\/beheer-en-beveiliging-van-persoonlijke-gegevens-van-europese-burgers-gdpr-of-avg\"> GDPR<\/a>.<\/p>\n<h3>T\u00e2ches pour nos freelances ;<\/h3>\n<ul>\n<li>Contr\u00f4ler la conformit\u00e9 avec les lois et r\u00e8glements dans le cadre du GDPR<\/li>\n<li>\u00c9tablir et tenir \u00e0 jour des registres des traitements et des fuites de donn\u00e9es<\/li>\n<li>R\u00e9daction et mise en \u0153uvre de proc\u00e9dures en mati\u00e8re de protection de la vie priv\u00e9e<\/li>\n<li>Fournir des conseils \u00e0 la direction et aux autres parties prenantes de nos partenaires<\/li>\n<li>Sensibiliser les organisations aux TIC, \u00e0 la communication et au GDPR<\/li>\n<li>R\u00e9alisation d&rsquo;analyses<a href=\"https:\/\/dpoassociates.eu\/fr\/poste-vacant-de-dpd\/\"> des BPA<\/a> et d&rsquo;<a href=\"https:\/\/dpoassociates.eu\/fr\/dpia\/\">\u00e9tudes d&rsquo;impact sur le d\u00e9veloppement<\/a> durable<\/li>\n<li>Agir en tant que DPD certifi\u00e9<\/li>\n<\/ul>\n<h3>Qui recherchons-nous ?<\/h3>\n<ul>\n<li>Quelqu&rsquo;un qui s&rsquo;int\u00e9resse de pr\u00e8s \u00e0 la l\u00e9gislation GDPR<\/li>\n<li>Profils avec connaissances en TIC et s\u00e9curit\u00e9 de l&rsquo;information<\/li>\n<li>Des ind\u00e9pendants capables d&rsquo;effectuer des t\u00e2ches \u00e0 la fois \u00e0 distance et sur place<\/li>\n<li>Le multilinguisme est un atout<\/li>\n<\/ul>\n<h3>Qu&rsquo;est-ce que nous vous offrons ?<\/h3>\n<ul>\n<li>Diverses missions avec plusieurs clients<\/li>\n<li>R\u00e9mun\u00e9ration en tant que partenaire de notre organisation<\/li>\n<\/ul>\n<h3>Int\u00e9ress\u00e9 par cette offre d&#8217;emploi dpo ?<\/h3>\n<p>Contactez-nous en utilisant le formulaire accompagn\u00e9 de votre CV et d&rsquo;une lettre de motivation afin que nous puissions proc\u00e9der \u00e0 une premi\u00e8re s\u00e9lection. Nous vous contacterons apr\u00e8s la projection.<\/p>\t\t\t\t\t\t\t\t<\/div>\n\t\t\t\t<\/div>\n\t\t\t\t\t<\/div>\n\t\t<\/div>\n\t\t\t\t\t<\/div>\n\t\t<\/section>\n\t\t\t\t<section class=\"elementor-section elementor-top-section elementor-element elementor-element-9d0644a elementor-section-boxed elementor-section-height-default elementor-section-height-default\" data-id=\"9d0644a\" data-element_type=\"section\" data-e-type=\"section\">\n\t\t\t\t\t\t<div class=\"elementor-container elementor-column-gap-default\">\n\t\t\t\t\t<div class=\"elementor-column elementor-col-100 elementor-top-column elementor-element elementor-element-69a2008\" data-id=\"69a2008\" data-element_type=\"column\" data-e-type=\"column\">\n\t\t\t<div class=\"elementor-widget-wrap elementor-element-populated\">\n\t\t\t\t\t\t<div class=\"elementor-element elementor-element-dfe1df1 elementor-widget elementor-widget-image\" data-id=\"dfe1df1\" data-element_type=\"widget\" data-e-type=\"widget\" data-widget_type=\"image.default\">\n\t\t\t\t<div class=\"elementor-widget-container\">\n\t\t\t\t\t\t\t\t\t\t\t\t\t\t\t<img fetchpriority=\"high\" decoding=\"async\" width=\"300\" height=\"169\" src=\"https:\/\/dpoassociates.eu\/wp-content\/uploads\/2023\/06\/Ontwerp-zonder-titel-134-300x169.png\" class=\"attachment-medium size-medium wp-image-8704\" alt=\"\" srcset=\"https:\/\/dpoassociates.eu\/wp-content\/uploads\/2023\/06\/Ontwerp-zonder-titel-134-300x169.png 300w, https:\/\/dpoassociates.eu\/wp-content\/uploads\/2023\/06\/Ontwerp-zonder-titel-134-600x338.png 600w, https:\/\/dpoassociates.eu\/wp-content\/uploads\/2023\/06\/Ontwerp-zonder-titel-134-1024x576.png 1024w, https:\/\/dpoassociates.eu\/wp-content\/uploads\/2023\/06\/Ontwerp-zonder-titel-134-768x432.png 768w, https:\/\/dpoassociates.eu\/wp-content\/uploads\/2023\/06\/Ontwerp-zonder-titel-134-1536x864.png 1536w, https:\/\/dpoassociates.eu\/wp-content\/uploads\/2023\/06\/Ontwerp-zonder-titel-134-2048x1152.png 2048w, https:\/\/dpoassociates.eu\/wp-content\/uploads\/2023\/06\/Ontwerp-zonder-titel-134-650x366.png 650w\" sizes=\"(max-width: 300px) 100vw, 300px\" \/>\t\t\t\t\t\t\t\t\t\t\t\t\t\t\t<\/div>\n\t\t\t\t<\/div>\n\t\t\t\t\t<\/div>\n\t\t<\/div>\n\t\t\t\t\t<\/div>\n\t\t<\/section>\n\t\t\t\t<section class=\"elementor-section elementor-top-section elementor-element elementor-element-6b7da07a elementor-section-content-middle elementor-section-boxed elementor-section-height-default elementor-section-height-default\" data-id=\"6b7da07a\" data-element_type=\"section\" data-e-type=\"section\" data-settings=\"{&quot;background_background&quot;:&quot;classic&quot;}\">\n\t\t\t\t\t\t<div class=\"elementor-container elementor-column-gap-extended\">\n\t\t\t\t\t<div class=\"elementor-column elementor-col-100 elementor-top-column elementor-element elementor-element-133e38fa\" data-id=\"133e38fa\" data-element_type=\"column\" data-e-type=\"column\" data-settings=\"{&quot;background_background&quot;:&quot;classic&quot;}\">\n\t\t\t<div class=\"elementor-widget-wrap elementor-element-populated\">\n\t\t\t\t\t\t<div class=\"elementor-element elementor-element-ef69005 elementor-widget elementor-widget-heading\" data-id=\"ef69005\" data-element_type=\"widget\" data-e-type=\"widget\" data-widget_type=\"heading.default\">\n\t\t\t\t<div class=\"elementor-widget-container\">\n\t\t\t\t\t<h3 class=\"elementor-heading-title elementor-size-default\">Poste vacant de DPD<\/h3>\t\t\t\t<\/div>\n\t\t\t\t<\/div>\n\t\t\t\t<div class=\"elementor-element elementor-element-106e1f5 elementor-button-align-stretch elementor-widget elementor-widget-form\" data-id=\"106e1f5\" data-element_type=\"widget\" data-e-type=\"widget\" data-settings=\"{&quot;button_width&quot;:&quot;30&quot;,&quot;step_next_label&quot;:&quot;Suivant&quot;,&quot;step_previous_label&quot;:&quot;Pr\\u00e9c\\u00e9dent&quot;,&quot;step_type&quot;:&quot;number_text&quot;,&quot;step_icon_shape&quot;:&quot;circle&quot;}\" data-widget_type=\"form.default\">\n\t\t\t\t<div class=\"elementor-widget-container\">\n\t\t\t\t\t\t\t<form class=\"elementor-form\" method=\"post\" name=\"Nouveau formulaire\" aria-label=\"Nouveau formulaire\">\n\t\t\t<input type=\"hidden\" name=\"post_id\" value=\"9644\"\/>\n\t\t\t<input type=\"hidden\" name=\"form_id\" value=\"106e1f5\"\/>\n\t\t\t<input type=\"hidden\" name=\"referer_title\" value=\"Poste vacant de DPD : D\u00e9l\u00e9gu\u00e9 \u00e0 la protection des donn\u00e9es\" \/>\n\n\t\t\t\t\t\t\t<input type=\"hidden\" name=\"queried_id\" value=\"9644\"\/>\n\t\t\t\n\t\t\t<div class=\"elementor-form-fields-wrapper elementor-labels-above\">\n\t\t\t\t\t\t\t\t<div class=\"elementor-field-type-text elementor-field-group elementor-column elementor-field-group-name elementor-col-100 elementor-field-required\">\n\t\t\t\t\t\t\t\t\t\t\t\t\t<input size=\"1\" type=\"text\" name=\"form_fields[name]\" id=\"form-field-name\" class=\"elementor-field elementor-size-sm  elementor-field-textual\" placeholder=\"Nom\" required=\"required\">\n\t\t\t\t\t\t\t\t\t\t\t<\/div>\n\t\t\t\t\t\t\t\t<div class=\"elementor-field-type-email elementor-field-group elementor-column elementor-field-group-email elementor-col-100 elementor-field-required\">\n\t\t\t\t\t\t\t\t\t\t\t\t\t<input size=\"1\" type=\"email\" name=\"form_fields[email]\" id=\"form-field-email\" class=\"elementor-field elementor-size-sm  elementor-field-textual\" placeholder=\"Courriel :\" required=\"required\">\n\t\t\t\t\t\t\t\t\t\t\t<\/div>\n\t\t\t\t\t\t\t\t<div class=\"elementor-field-type-text elementor-field-group elementor-column elementor-field-group-field_a9401e9 elementor-col-100\">\n\t\t\t\t\t\t\t\t\t\t\t\t\t<input size=\"1\" type=\"text\" name=\"form_fields[field_a9401e9]\" id=\"form-field-field_a9401e9\" class=\"elementor-field elementor-size-sm  elementor-field-textual\" placeholder=\"Num\u00e9ro de t\u00e9l\u00e9phone\">\n\t\t\t\t\t\t\t\t\t\t\t<\/div>\n\t\t\t\t\t\t\t\t<div class=\"elementor-field-type-textarea elementor-field-group elementor-column elementor-field-group-message elementor-col-100\">\n\t\t\t\t\t<textarea class=\"elementor-field-textual elementor-field  elementor-size-sm\" name=\"form_fields[message]\" id=\"form-field-message\" rows=\"4\" placeholder=\"Notes\"><\/textarea>\t\t\t\t<\/div>\n\t\t\t\t\t\t\t\t<div class=\"elementor-field-type-acceptance elementor-field-group elementor-column elementor-field-group-field_5704c77 elementor-col-100\">\n\t\t\t\t\t\t\t<div class=\"elementor-field-subgroup\">\n\t\t\t<span class=\"elementor-field-option\">\n\t\t\t\t<input type=\"checkbox\" name=\"form_fields[field_5704c77]\" id=\"form-field-field_5704c77\" class=\"elementor-field elementor-size-sm  elementor-acceptance-field\">\n\t\t\t\t<label for=\"form-field-field_5704c77\">J'autorise DPOAssociates.eu \u00e0 traiter mes donn\u00e9es<\/label>\t\t\t<\/span>\n\t\t<\/div>\n\t\t\t\t\t\t<\/div>\n\t\t\t\t\t\t\t\t<div class=\"elementor-field-type-upload elementor-field-group elementor-column elementor-field-group-field_fae068d elementor-col-100 elementor-field-required\">\n\t\t\t\t\t\t\t\t\t\t\t\t<label for=\"form-field-field_fae068d\" class=\"elementor-field-label\">\n\t\t\t\t\t\t\t\tT\u00e9l\u00e9charger le CV\t\t\t\t\t\t\t<\/label>\n\t\t\t\t\t\t\t\t<input type=\"file\" name=\"form_fields[field_fae068d]\" id=\"form-field-field_fae068d\" class=\"elementor-field elementor-size-sm  elementor-upload-field\" required=\"required\">\n\n\t\t\t\t\t\t<\/div>\n\t\t\t\t\t\t\t\t<div class=\"elementor-field-type-upload elementor-field-group elementor-column elementor-field-group-field_ec1853d elementor-col-100 elementor-field-required\">\n\t\t\t\t\t\t\t\t\t\t\t\t<label for=\"form-field-field_ec1853d\" class=\"elementor-field-label\">\n\t\t\t\t\t\t\t\tLettre de motivation\t\t\t\t\t\t\t<\/label>\n\t\t\t\t\t\t\t\t<input type=\"file\" name=\"form_fields[field_ec1853d]\" id=\"form-field-field_ec1853d\" class=\"elementor-field elementor-size-sm  elementor-upload-field\" required=\"required\">\n\n\t\t\t\t\t\t<\/div>\n\t\t\t\t\t\t\t\t<div class=\"elementor-field-group elementor-column elementor-field-type-submit elementor-col-30 e-form__buttons\">\n\t\t\t\t\t<button class=\"elementor-button elementor-size-sm\" type=\"submit\">\n\t\t\t\t\t\t<span class=\"elementor-button-content-wrapper\">\n\t\t\t\t\t\t\t\t\t\t\t\t\t\t\t<span class=\"elementor-button-icon\">\n\t\t\t\t\t\t\t\t\t<i aria-hidden=\"true\" class=\"ti ti-arrow-right\"><\/i>\t\t\t\t\t\t\t\t\t\t\t\t\t\t\t\t\t<\/span>\n\t\t\t\t\t\t\t\t\t\t\t\t\t\t\t\t\t\t\t\t\t\t<span class=\"elementor-button-text\">Exp\u00e9dition<\/span>\n\t\t\t\t\t\t\t\t\t\t\t\t\t<\/span>\n\t\t\t\t\t<\/button>\n\t\t\t\t<\/div>\n\t\t\t<\/div>\n\t\t<input\n                    class=\"apbct_special_field apbct_email_id__elementor_form\"\n                    name=\"apbct__email_id__elementor_form\"\n                    aria-label=\"apbct__label_id__elementor_form\"\n                    type=\"text\" size=\"30\" maxlength=\"200\" autocomplete=\"off\"\n                    value=\"\"\n                \/><\/form>\n\t\t\t\t\t\t<\/div>\n\t\t\t\t<\/div>\n\t\t\t\t\t<\/div>\n\t\t<\/div>\n\t\t\t\t\t<\/div>\n\t\t<\/section>\n\t\t\t\t<\/div>\n\t\t","protected":false},"excerpt":{"rendered":"<p>DPO Associates BV a des postes vacants de DPO et recherche des sp\u00e9cialistes de la protection de la vie priv\u00e9e, tels qu&rsquo;un [&hellip;]<\/p>\n","protected":false},"author":1,"featured_media":8704,"parent":0,"menu_order":0,"comment_status":"closed","ping_status":"closed","template":"","meta":{"_eb_attr":"","footnotes":""},"class_list":["post-9644","page","type-page","status-publish","has-post-thumbnail","hentry"],"yoast_head":"<!-- This site is optimized with the Yoast SEO Premium plugin v25.8 (Yoast SEO v27.2) - https:\/\/yoast.com\/product\/yoast-seo-premium-wordpress\/ -->\n<title>Poste vacant de DPD : D\u00e9l\u00e9gu\u00e9 \u00e0 la protection des donn\u00e9es<\/title>\n<meta name=\"description\" content=\"En tant que DPD, vous serez charg\u00e9 de veiller au respect de la vie priv\u00e9e et \u00e0 la protection des donn\u00e9es au sein de notre organisation, ainsi qu&#039;au respect des lois et r\u00e9glementations applicables, telles que la loi AVG.\" \/>\n<meta name=\"robots\" content=\"index, follow, max-snippet:-1, max-image-preview:large, max-video-preview:-1\" \/>\n<link rel=\"canonical\" href=\"https:\/\/dpoassociates.eu\/fr\/poste-vacant-de-dpd\/\" \/>\n<meta property=\"og:locale\" content=\"fr_FR\" \/>\n<meta property=\"og:type\" content=\"article\" \/>\n<meta property=\"og:title\" content=\"Poste vacant de DPD\" \/>\n<meta property=\"og:description\" content=\"En tant que DPD, vous serez charg\u00e9 de veiller au respect de la vie priv\u00e9e et \u00e0 la protection des donn\u00e9es au sein de notre organisation, ainsi qu&#039;au respect des lois et r\u00e9glementations applicables, telles que la loi AVG.\" \/>\n<meta property=\"og:url\" content=\"https:\/\/dpoassociates.eu\/fr\/poste-vacant-de-dpd\/\" \/>\n<meta property=\"og:site_name\" content=\"DPO Associates\" \/>\n<meta property=\"article:publisher\" content=\"https:\/\/www.facebook.com\/profile.php?id=100083400514207\" \/>\n<meta property=\"article:modified_time\" content=\"2025-02-10T13:00:26+00:00\" \/>\n<meta property=\"og:image\" content=\"https:\/\/dpoassociates.eu\/wp-content\/uploads\/2023\/06\/Ontwerp-zonder-titel-134-1024x576.png\" \/>\n\t<meta property=\"og:image:width\" content=\"1024\" \/>\n\t<meta property=\"og:image:height\" content=\"576\" \/>\n\t<meta property=\"og:image:type\" content=\"image\/png\" \/>\n<meta name=\"twitter:card\" content=\"summary_large_image\" \/>\n<meta name=\"twitter:label1\" content=\"Dur\u00e9e de lecture estim\u00e9e\" \/>\n\t<meta name=\"twitter:data1\" content=\"2 minutes\" \/>\n<script type=\"application\/ld+json\" class=\"yoast-schema-graph\">{\"@context\":\"https:\/\/schema.org\",\"@graph\":[{\"@type\":\"WebPage\",\"@id\":\"https:\/\/dpoassociates.eu\/fr\/poste-vacant-de-dpd\/\",\"url\":\"https:\/\/dpoassociates.eu\/fr\/poste-vacant-de-dpd\/\",\"name\":\"Poste vacant de DPD : D\u00e9l\u00e9gu\u00e9 \u00e0 la protection des donn\u00e9es\",\"isPartOf\":{\"@id\":\"https:\/\/dpoassociates.eu\/fr\/#website\"},\"primaryImageOfPage\":{\"@id\":\"https:\/\/dpoassociates.eu\/fr\/poste-vacant-de-dpd\/#primaryimage\"},\"image\":{\"@id\":\"https:\/\/dpoassociates.eu\/fr\/poste-vacant-de-dpd\/#primaryimage\"},\"thumbnailUrl\":\"https:\/\/dpoassociates.eu\/wp-content\/uploads\/2023\/06\/Ontwerp-zonder-titel-134.png\",\"datePublished\":\"2023-04-24T18:34:59+00:00\",\"dateModified\":\"2025-02-10T13:00:26+00:00\",\"description\":\"En tant que DPD, vous serez charg\u00e9 de veiller au respect de la vie priv\u00e9e et \u00e0 la protection des donn\u00e9es au sein de notre organisation, ainsi qu'au respect des lois et r\u00e9glementations applicables, telles que la loi AVG.\",\"breadcrumb\":{\"@id\":\"https:\/\/dpoassociates.eu\/fr\/poste-vacant-de-dpd\/#breadcrumb\"},\"inLanguage\":\"fr-FR\",\"potentialAction\":[{\"@type\":\"ReadAction\",\"target\":[\"https:\/\/dpoassociates.eu\/fr\/poste-vacant-de-dpd\/\"]}]},{\"@type\":\"ImageObject\",\"inLanguage\":\"fr-FR\",\"@id\":\"https:\/\/dpoassociates.eu\/fr\/poste-vacant-de-dpd\/#primaryimage\",\"url\":\"https:\/\/dpoassociates.eu\/wp-content\/uploads\/2023\/06\/Ontwerp-zonder-titel-134.png\",\"contentUrl\":\"https:\/\/dpoassociates.eu\/wp-content\/uploads\/2023\/06\/Ontwerp-zonder-titel-134.png\",\"width\":2240,\"height\":1260},{\"@type\":\"BreadcrumbList\",\"@id\":\"https:\/\/dpoassociates.eu\/fr\/poste-vacant-de-dpd\/#breadcrumb\",\"itemListElement\":[{\"@type\":\"ListItem\",\"position\":1,\"name\":\"Home\",\"item\":\"https:\/\/dpoassociates.eu\/fr\/\"},{\"@type\":\"ListItem\",\"position\":2,\"name\":\"Poste vacant de DPD\"}]},{\"@type\":\"WebSite\",\"@id\":\"https:\/\/dpoassociates.eu\/fr\/#website\",\"url\":\"https:\/\/dpoassociates.eu\/fr\/\",\"name\":\"DPO Associates\",\"description\":\"Protect, Detect, Respond\",\"publisher\":{\"@id\":\"https:\/\/dpoassociates.eu\/fr\/#organization\"},\"potentialAction\":[{\"@type\":\"SearchAction\",\"target\":{\"@type\":\"EntryPoint\",\"urlTemplate\":\"https:\/\/dpoassociates.eu\/fr\/?s={search_term_string}\"},\"query-input\":{\"@type\":\"PropertyValueSpecification\",\"valueRequired\":true,\"valueName\":\"search_term_string\"}}],\"inLanguage\":\"fr-FR\"},{\"@type\":\"Organization\",\"@id\":\"https:\/\/dpoassociates.eu\/fr\/#organization\",\"name\":\"DPO Associates\",\"url\":\"https:\/\/dpoassociates.eu\/fr\/\",\"logo\":{\"@type\":\"ImageObject\",\"inLanguage\":\"fr-FR\",\"@id\":\"https:\/\/dpoassociates.eu\/fr\/#\/schema\/logo\/image\/\",\"url\":\"https:\/\/dpoassociates.eu\/wp-content\/uploads\/2022\/09\/thumbnail_Logo-DPO-Associates-negatief-zwart-negatief-002.png\",\"contentUrl\":\"https:\/\/dpoassociates.eu\/wp-content\/uploads\/2022\/09\/thumbnail_Logo-DPO-Associates-negatief-zwart-negatief-002.png\",\"width\":651,\"height\":651,\"caption\":\"DPO Associates\"},\"image\":{\"@id\":\"https:\/\/dpoassociates.eu\/fr\/#\/schema\/logo\/image\/\"},\"sameAs\":[\"https:\/\/www.facebook.com\/profile.php?id=100083400514207\",\"https:\/\/www.linkedin.com\/company\/dpo-associates-da\/\"]}]}<\/script>\n<!-- \/ Yoast SEO Premium plugin. -->","yoast_head_json":{"title":"Poste vacant de DPD : D\u00e9l\u00e9gu\u00e9 \u00e0 la protection des donn\u00e9es","description":"En tant que DPD, vous serez charg\u00e9 de veiller au respect de la vie priv\u00e9e et \u00e0 la protection des donn\u00e9es au sein de notre organisation, ainsi qu'au respect des lois et r\u00e9glementations applicables, telles que la loi AVG.","robots":{"index":"index","follow":"follow","max-snippet":"max-snippet:-1","max-image-preview":"max-image-preview:large","max-video-preview":"max-video-preview:-1"},"canonical":"https:\/\/dpoassociates.eu\/fr\/poste-vacant-de-dpd\/","og_locale":"fr_FR","og_type":"article","og_title":"Poste vacant de DPD","og_description":"En tant que DPD, vous serez charg\u00e9 de veiller au respect de la vie priv\u00e9e et \u00e0 la protection des donn\u00e9es au sein de notre organisation, ainsi qu'au respect des lois et r\u00e9glementations applicables, telles que la loi AVG.","og_url":"https:\/\/dpoassociates.eu\/fr\/poste-vacant-de-dpd\/","og_site_name":"DPO Associates","article_publisher":"https:\/\/www.facebook.com\/profile.php?id=100083400514207","article_modified_time":"2025-02-10T13:00:26+00:00","og_image":[{"width":1024,"height":576,"url":"https:\/\/dpoassociates.eu\/wp-content\/uploads\/2023\/06\/Ontwerp-zonder-titel-134-1024x576.png","type":"image\/png"}],"twitter_card":"summary_large_image","twitter_misc":{"Dur\u00e9e de lecture estim\u00e9e":"2 minutes"},"schema":{"@context":"https:\/\/schema.org","@graph":[{"@type":"WebPage","@id":"https:\/\/dpoassociates.eu\/fr\/poste-vacant-de-dpd\/","url":"https:\/\/dpoassociates.eu\/fr\/poste-vacant-de-dpd\/","name":"Poste vacant de DPD : D\u00e9l\u00e9gu\u00e9 \u00e0 la protection des donn\u00e9es","isPartOf":{"@id":"https:\/\/dpoassociates.eu\/fr\/#website"},"primaryImageOfPage":{"@id":"https:\/\/dpoassociates.eu\/fr\/poste-vacant-de-dpd\/#primaryimage"},"image":{"@id":"https:\/\/dpoassociates.eu\/fr\/poste-vacant-de-dpd\/#primaryimage"},"thumbnailUrl":"https:\/\/dpoassociates.eu\/wp-content\/uploads\/2023\/06\/Ontwerp-zonder-titel-134.png","datePublished":"2023-04-24T18:34:59+00:00","dateModified":"2025-02-10T13:00:26+00:00","description":"En tant que DPD, vous serez charg\u00e9 de veiller au respect de la vie priv\u00e9e et \u00e0 la protection des donn\u00e9es au sein de notre organisation, ainsi qu'au respect des lois et r\u00e9glementations applicables, telles que la loi AVG.","breadcrumb":{"@id":"https:\/\/dpoassociates.eu\/fr\/poste-vacant-de-dpd\/#breadcrumb"},"inLanguage":"fr-FR","potentialAction":[{"@type":"ReadAction","target":["https:\/\/dpoassociates.eu\/fr\/poste-vacant-de-dpd\/"]}]},{"@type":"ImageObject","inLanguage":"fr-FR","@id":"https:\/\/dpoassociates.eu\/fr\/poste-vacant-de-dpd\/#primaryimage","url":"https:\/\/dpoassociates.eu\/wp-content\/uploads\/2023\/06\/Ontwerp-zonder-titel-134.png","contentUrl":"https:\/\/dpoassociates.eu\/wp-content\/uploads\/2023\/06\/Ontwerp-zonder-titel-134.png","width":2240,"height":1260},{"@type":"BreadcrumbList","@id":"https:\/\/dpoassociates.eu\/fr\/poste-vacant-de-dpd\/#breadcrumb","itemListElement":[{"@type":"ListItem","position":1,"name":"Home","item":"https:\/\/dpoassociates.eu\/fr\/"},{"@type":"ListItem","position":2,"name":"Poste vacant de DPD"}]},{"@type":"WebSite","@id":"https:\/\/dpoassociates.eu\/fr\/#website","url":"https:\/\/dpoassociates.eu\/fr\/","name":"DPO Associates","description":"Protect, Detect, Respond","publisher":{"@id":"https:\/\/dpoassociates.eu\/fr\/#organization"},"potentialAction":[{"@type":"SearchAction","target":{"@type":"EntryPoint","urlTemplate":"https:\/\/dpoassociates.eu\/fr\/?s={search_term_string}"},"query-input":{"@type":"PropertyValueSpecification","valueRequired":true,"valueName":"search_term_string"}}],"inLanguage":"fr-FR"},{"@type":"Organization","@id":"https:\/\/dpoassociates.eu\/fr\/#organization","name":"DPO Associates","url":"https:\/\/dpoassociates.eu\/fr\/","logo":{"@type":"ImageObject","inLanguage":"fr-FR","@id":"https:\/\/dpoassociates.eu\/fr\/#\/schema\/logo\/image\/","url":"https:\/\/dpoassociates.eu\/wp-content\/uploads\/2022\/09\/thumbnail_Logo-DPO-Associates-negatief-zwart-negatief-002.png","contentUrl":"https:\/\/dpoassociates.eu\/wp-content\/uploads\/2022\/09\/thumbnail_Logo-DPO-Associates-negatief-zwart-negatief-002.png","width":651,"height":651,"caption":"DPO Associates"},"image":{"@id":"https:\/\/dpoassociates.eu\/fr\/#\/schema\/logo\/image\/"},"sameAs":["https:\/\/www.facebook.com\/profile.php?id=100083400514207","https:\/\/www.linkedin.com\/company\/dpo-associates-da\/"]}]}},"_links":{"self":[{"href":"https:\/\/dpoassociates.eu\/fr\/wp-json\/wp\/v2\/pages\/9644","targetHints":{"allow":["GET"]}}],"collection":[{"href":"https:\/\/dpoassociates.eu\/fr\/wp-json\/wp\/v2\/pages"}],"about":[{"href":"https:\/\/dpoassociates.eu\/fr\/wp-json\/wp\/v2\/types\/page"}],"author":[{"embeddable":true,"href":"https:\/\/dpoassociates.eu\/fr\/wp-json\/wp\/v2\/users\/1"}],"replies":[{"embeddable":true,"href":"https:\/\/dpoassociates.eu\/fr\/wp-json\/wp\/v2\/comments?post=9644"}],"version-history":[{"count":0,"href":"https:\/\/dpoassociates.eu\/fr\/wp-json\/wp\/v2\/pages\/9644\/revisions"}],"wp:featuredmedia":[{"embeddable":true,"href":"https:\/\/dpoassociates.eu\/fr\/wp-json\/wp\/v2\/media\/8704"}],"wp:attachment":[{"href":"https:\/\/dpoassociates.eu\/fr\/wp-json\/wp\/v2\/media?parent=9644"}],"curies":[{"name":"wp","href":"https:\/\/api.w.org\/{rel}","templated":true}]}}