{"id":9641,"date":"2023-04-14T14:11:54","date_gmt":"2023-04-14T14:11:54","guid":{"rendered":"https:\/\/dpoassociates.eu\/dpia\/"},"modified":"2025-02-10T12:54:05","modified_gmt":"2025-02-10T12:54:05","slug":"dpia","status":"publish","type":"page","link":"https:\/\/dpoassociates.eu\/fr\/dpia\/","title":{"rendered":"Le DPIA expliqu\u00e9 en langage clair"},"content":{"rendered":"\t\t<div data-elementor-type=\"wp-page\" data-elementor-id=\"9641\" class=\"elementor elementor-9641 elementor-7321\" data-elementor-post-type=\"page\">\n\t\t\t\t\t\t<section class=\"elementor-section elementor-top-section elementor-element elementor-element-140226fc elementor-section-content-middle elementor-section-boxed elementor-section-height-default elementor-section-height-default\" data-id=\"140226fc\" data-element_type=\"section\" data-e-type=\"section\" data-settings=\"{&quot;background_background&quot;:&quot;classic&quot;}\">\n\t\t\t\t\t\t<div class=\"elementor-container elementor-column-gap-extended\">\n\t\t\t\t\t<div class=\"elementor-column elementor-col-100 elementor-top-column elementor-element elementor-element-4e4b0564\" data-id=\"4e4b0564\" data-element_type=\"column\" data-e-type=\"column\">\n\t\t\t<div class=\"elementor-widget-wrap elementor-element-populated\">\n\t\t\t\t\t\t<div class=\"elementor-element elementor-element-d7d16c6 elementor-widget elementor-widget-heading\" data-id=\"d7d16c6\" data-element_type=\"widget\" data-e-type=\"widget\" data-widget_type=\"heading.default\">\n\t\t\t\t<div class=\"elementor-widget-container\">\n\t\t\t\t\t<h1 class=\"elementor-heading-title elementor-size-default\">DPIA ou \u00e9valuation de l'impact de la protection des donn\u00e9es<\/h1>\t\t\t\t<\/div>\n\t\t\t\t<\/div>\n\t\t\t\t<div class=\"elementor-element elementor-element-e98e001 elementor-widget elementor-widget-text-editor\" data-id=\"e98e001\" data-element_type=\"widget\" data-e-type=\"widget\" data-widget_type=\"text-editor.default\">\n\t\t\t\t<div class=\"elementor-widget-container\">\n\t\t\t\t\t\t\t\t\t<p>L&rsquo;objectif d&rsquo;une DPIA ou \u00e9valuation de l&rsquo;impact sur la protection des donn\u00e9es est d&rsquo;identifier les risques de perte ou de vol lors du traitement de donn\u00e9es \u00e0 caract\u00e8re personnel au sein d&rsquo;une organisation.<\/p><p>La perte ou le vol de donn\u00e9es a des causes telles que l&rsquo;envoi d&rsquo;informations \u00e0 de mauvais destinataires, la perte d&rsquo;un ordinateur, une effraction ou un piratage.<\/p><p>La r\u00e9alisation d&rsquo;une DPIA implique la cr\u00e9ation d&rsquo;un champ d&rsquo;application sur le type et la sensibilit\u00e9 des donn\u00e9es \u00e0 caract\u00e8re personnel trait\u00e9es par une organisation, la mani\u00e8re et la p\u00e9riode de conservation, avec qui et comment ces donn\u00e9es sont partag\u00e9es et comment les donn\u00e9es \u00e0 caract\u00e8re personnel sont d\u00e9truites.<\/p><p>Le r\u00e9sultat de cette \u00e9valuation nous indique les mesures \u00e0 prendre pour minimiser la perte et le vol de donn\u00e9es dans le cadre du traitement des donn\u00e9es \u00e0 caract\u00e8re personnel.<\/p><p>La r\u00e9alisation d&rsquo;une DPIA n&rsquo;est pas une t\u00e2che ponctuelle, mais un processus continu. Nous examinons en permanence la l\u00e9gislation nationale et europ\u00e9enne pertinente.<\/p>\t\t\t\t\t\t\t\t<\/div>\n\t\t\t\t<\/div>\n\t\t\t\t<div class=\"elementor-element elementor-element-926eb52 elementor-align-center elementor-widget elementor-widget-button\" data-id=\"926eb52\" data-element_type=\"widget\" data-e-type=\"widget\" data-widget_type=\"button.default\">\n\t\t\t\t<div class=\"elementor-widget-container\">\n\t\t\t\t\t\t\t\t\t<div class=\"elementor-button-wrapper\">\n\t\t\t\t\t<a class=\"elementor-button elementor-button-link elementor-size-sm\" href=\"https:\/\/dpoassociates.eu\/contact\/\">\n\t\t\t\t\t\t<span class=\"elementor-button-content-wrapper\">\n\t\t\t\t\t\t\t\t\t<span class=\"elementor-button-text\">Commencez d\u00e8s aujourd'hui !<\/span>\n\t\t\t\t\t<\/span>\n\t\t\t\t\t<\/a>\n\t\t\t\t<\/div>\n\t\t\t\t\t\t\t\t<\/div>\n\t\t\t\t<\/div>\n\t\t\t\t\t<\/div>\n\t\t<\/div>\n\t\t\t\t\t<\/div>\n\t\t<\/section>\n\t\t\t\t<section class=\"elementor-section elementor-top-section elementor-element elementor-element-b1a2ef0 elementor-section-boxed elementor-section-height-default elementor-section-height-default\" data-id=\"b1a2ef0\" data-element_type=\"section\" data-e-type=\"section\">\n\t\t\t\t\t\t<div class=\"elementor-container elementor-column-gap-default\">\n\t\t\t\t\t<div class=\"elementor-column elementor-col-100 elementor-top-column elementor-element elementor-element-120da96\" data-id=\"120da96\" data-element_type=\"column\" data-e-type=\"column\">\n\t\t\t<div class=\"elementor-widget-wrap elementor-element-populated\">\n\t\t\t\t\t\t<div class=\"elementor-element elementor-element-79d18e4 elementor-widget elementor-widget-image\" data-id=\"79d18e4\" data-element_type=\"widget\" data-e-type=\"widget\" data-widget_type=\"image.default\">\n\t\t\t\t<div class=\"elementor-widget-container\">\n\t\t\t\t\t\t\t\t\t\t\t\t\t\t\t<img fetchpriority=\"high\" decoding=\"async\" width=\"300\" height=\"251\" src=\"https:\/\/dpoassociates.eu\/wp-content\/uploads\/2023\/07\/Ontwerp-zonder-titel-172-300x251.png\" class=\"attachment-medium size-medium wp-image-9622\" alt=\"\" srcset=\"https:\/\/dpoassociates.eu\/wp-content\/uploads\/2023\/07\/Ontwerp-zonder-titel-172-300x251.png 300w, https:\/\/dpoassociates.eu\/wp-content\/uploads\/2023\/07\/Ontwerp-zonder-titel-172-600x503.png 600w, https:\/\/dpoassociates.eu\/wp-content\/uploads\/2023\/07\/Ontwerp-zonder-titel-172-768x644.png 768w, https:\/\/dpoassociates.eu\/wp-content\/uploads\/2023\/07\/Ontwerp-zonder-titel-172-650x545.png 650w, https:\/\/dpoassociates.eu\/wp-content\/uploads\/2023\/07\/Ontwerp-zonder-titel-172.png 940w\" sizes=\"(max-width: 300px) 100vw, 300px\" \/>\t\t\t\t\t\t\t\t\t\t\t\t\t\t\t<\/div>\n\t\t\t\t<\/div>\n\t\t\t\t\t<\/div>\n\t\t<\/div>\n\t\t\t\t\t<\/div>\n\t\t<\/section>\n\t\t\t\t<section class=\"elementor-section elementor-top-section elementor-element elementor-element-29541495 elementor-section-content-middle elementor-section-boxed elementor-section-height-default elementor-section-height-default\" data-id=\"29541495\" data-element_type=\"section\" data-e-type=\"section\" data-settings=\"{&quot;background_background&quot;:&quot;classic&quot;}\">\n\t\t\t\t\t\t<div class=\"elementor-container elementor-column-gap-extended\">\n\t\t\t\t\t<div class=\"elementor-column elementor-col-100 elementor-top-column elementor-element elementor-element-6e3a40c5\" data-id=\"6e3a40c5\" data-element_type=\"column\" data-e-type=\"column\">\n\t\t\t<div class=\"elementor-widget-wrap elementor-element-populated\">\n\t\t\t\t\t\t<div class=\"elementor-element elementor-element-c02d07c elementor-widget elementor-widget-heading\" data-id=\"c02d07c\" data-element_type=\"widget\" data-e-type=\"widget\" data-widget_type=\"heading.default\">\n\t\t\t\t<div class=\"elementor-widget-container\">\n\t\t\t\t\t<h3 class=\"elementor-heading-title elementor-size-default\">Obligatoire ?<\/h3>\t\t\t\t<\/div>\n\t\t\t\t<\/div>\n\t\t\t\t<div class=\"elementor-element elementor-element-4fc6f01f elementor-widget elementor-widget-text-editor\" data-id=\"4fc6f01f\" data-element_type=\"widget\" data-e-type=\"widget\" data-settings=\"{&quot;_animation_delay&quot;:600}\" data-widget_type=\"text-editor.default\">\n\t\t\t\t<div class=\"elementor-widget-container\">\n\t\t\t\t\t\t\t\t\t<p><strong><span style=\"color: #000000;\">Lorsque le traitement des donn\u00e9es peut pr\u00e9senter un risque \u00e9lev\u00e9 de violation des \u00ab\u00a0droits et libert\u00e9s\u00a0\u00bb de l&rsquo;homme, vous pouvez, en tant que responsable du traitement des donn\u00e9es, d\u00e9cider de proc\u00e9der ou non \u00e0 une \u00e9valuation.<\/span><\/strong><\/p><h4><strong><span style=\"color: #000000;\">Toutefois, dans certains cas, il est obligatoire de proc\u00e9der \u00e0 une \u00e9valuation :  <\/span><\/strong><\/h4><p><strong><span style=\"color: #000000;\">&#8211; Lors de la mise en \u0153uvre de nouveaux syst\u00e8mes informatiques.<\/span><\/strong><\/p><p><strong><span style=\"color: #000000;\">&#8211; Salles de surveillance avec cam\u00e9ras.<\/span><\/strong><\/p><p><strong><span style=\"color: #000000;\">&#8211; Traitement des donn\u00e9es personnelles vers des pays tiers.<\/span><\/strong><\/p><p><strong><span style=\"color: #000000;\">&#8211; Lorsque vous traitez des donn\u00e9es personnelles sensibles.<\/span><\/strong><\/p>\t\t\t\t\t\t\t\t<\/div>\n\t\t\t\t<\/div>\n\t\t\t\t\t<\/div>\n\t\t<\/div>\n\t\t\t\t\t<\/div>\n\t\t<\/section>\n\t\t\t\t<section class=\"elementor-section elementor-top-section elementor-element elementor-element-5757684 elementor-section-content-middle elementor-section-boxed elementor-section-height-default elementor-section-height-default\" data-id=\"5757684\" data-element_type=\"section\" data-e-type=\"section\" data-settings=\"{&quot;background_background&quot;:&quot;classic&quot;}\">\n\t\t\t\t\t\t<div class=\"elementor-container elementor-column-gap-extended\">\n\t\t\t\t\t<div class=\"elementor-column elementor-col-100 elementor-top-column elementor-element elementor-element-086cff3\" data-id=\"086cff3\" data-element_type=\"column\" data-e-type=\"column\" data-settings=\"{&quot;background_background&quot;:&quot;classic&quot;}\">\n\t\t\t<div class=\"elementor-widget-wrap elementor-element-populated\">\n\t\t\t\t\t\t<div class=\"elementor-element elementor-element-8eb55ba elementor-widget elementor-widget-heading\" data-id=\"8eb55ba\" data-element_type=\"widget\" data-e-type=\"widget\" id=\"dpia\" data-widget_type=\"heading.default\">\n\t\t\t\t<div class=\"elementor-widget-container\">\n\t\t\t\t\t<h3 class=\"elementor-heading-title elementor-size-default\">Conduite de l'analyse d'impact sur le d\u00e9veloppement durable<\/h3>\t\t\t\t<\/div>\n\t\t\t\t<\/div>\n\t\t\t\t<div class=\"elementor-element elementor-element-274109e elementor-button-align-stretch elementor-widget elementor-widget-form\" data-id=\"274109e\" data-element_type=\"widget\" data-e-type=\"widget\" data-settings=\"{&quot;button_width&quot;:&quot;30&quot;,&quot;step_next_label&quot;:&quot;Suivant&quot;,&quot;step_previous_label&quot;:&quot;Pr\\u00e9c\\u00e9dent&quot;,&quot;step_type&quot;:&quot;number_text&quot;,&quot;step_icon_shape&quot;:&quot;circle&quot;}\" data-widget_type=\"form.default\">\n\t\t\t\t<div class=\"elementor-widget-container\">\n\t\t\t\t\t\t\t<form class=\"elementor-form\" method=\"post\" name=\"Nouveau formulaire\" aria-label=\"Nouveau formulaire\">\n\t\t\t<input type=\"hidden\" name=\"post_id\" value=\"9641\"\/>\n\t\t\t<input type=\"hidden\" name=\"form_id\" value=\"274109e\"\/>\n\t\t\t<input type=\"hidden\" name=\"referer_title\" value=\"DPO Associates\" \/>\n\n\t\t\t\n\t\t\t<div class=\"elementor-form-fields-wrapper elementor-labels-\">\n\t\t\t\t\t\t\t\t<div class=\"elementor-field-type-text elementor-field-group elementor-column elementor-field-group-name elementor-col-100 elementor-field-required\">\n\t\t\t\t\t\t\t\t\t\t\t\t<label for=\"form-field-name\" class=\"elementor-field-label elementor-screen-only\">\n\t\t\t\t\t\t\t\tNom\t\t\t\t\t\t\t<\/label>\n\t\t\t\t\t\t\t\t\t\t\t\t\t\t<input size=\"1\" type=\"text\" name=\"form_fields[name]\" id=\"form-field-name\" class=\"elementor-field elementor-size-sm  elementor-field-textual\" placeholder=\"Nom\" required=\"required\">\n\t\t\t\t\t\t\t\t\t\t\t<\/div>\n\t\t\t\t\t\t\t\t<div class=\"elementor-field-type-email elementor-field-group elementor-column elementor-field-group-email elementor-col-100 elementor-field-required\">\n\t\t\t\t\t\t\t\t\t\t\t\t<label for=\"form-field-email\" class=\"elementor-field-label elementor-screen-only\">\n\t\t\t\t\t\t\t\tCourriel :\t\t\t\t\t\t\t<\/label>\n\t\t\t\t\t\t\t\t\t\t\t\t\t\t<input size=\"1\" type=\"email\" name=\"form_fields[email]\" id=\"form-field-email\" class=\"elementor-field elementor-size-sm  elementor-field-textual\" placeholder=\"Courriel :\" required=\"required\">\n\t\t\t\t\t\t\t\t\t\t\t<\/div>\n\t\t\t\t\t\t\t\t<div class=\"elementor-field-type-text elementor-field-group elementor-column elementor-field-group-field_a9401e9 elementor-col-100\">\n\t\t\t\t\t\t\t\t\t\t\t\t<label for=\"form-field-field_a9401e9\" class=\"elementor-field-label elementor-screen-only\">\n\t\t\t\t\t\t\t\tNum\u00e9ro de t\u00e9l\u00e9phone  \t\t\t\t\t\t\t<\/label>\n\t\t\t\t\t\t\t\t\t\t\t\t\t\t<input size=\"1\" type=\"text\" name=\"form_fields[field_a9401e9]\" id=\"form-field-field_a9401e9\" class=\"elementor-field elementor-size-sm  elementor-field-textual\" placeholder=\"Num\u00e9ro de t\u00e9l\u00e9phone\">\n\t\t\t\t\t\t\t\t\t\t\t<\/div>\n\t\t\t\t\t\t\t\t<div class=\"elementor-field-type-textarea elementor-field-group elementor-column elementor-field-group-message elementor-col-100\">\n\t\t\t\t\t\t\t\t\t\t\t\t<label for=\"form-field-message\" class=\"elementor-field-label elementor-screen-only\">\n\t\t\t\t\t\t\t\tPaquet\t\t\t\t\t\t\t<\/label>\n\t\t\t\t\t\t<textarea class=\"elementor-field-textual elementor-field  elementor-size-sm\" name=\"form_fields[message]\" id=\"form-field-message\" rows=\"4\" placeholder=\"Qu&#039;aimeriez-vous savoir ?\"><\/textarea>\t\t\t\t<\/div>\n\t\t\t\t\t\t\t\t<div class=\"elementor-field-type-acceptance elementor-field-group elementor-column elementor-field-group-field_5704c77 elementor-col-100 elementor-field-required\">\n\t\t\t\t\t\t\t<div class=\"elementor-field-subgroup\">\n\t\t\t<span class=\"elementor-field-option\">\n\t\t\t\t<input type=\"checkbox\" name=\"form_fields[field_5704c77]\" id=\"form-field-field_5704c77\" class=\"elementor-field elementor-size-sm  elementor-acceptance-field\" required=\"required\">\n\t\t\t\t<label for=\"form-field-field_5704c77\">\nJ'accepte le traitement de mes donn\u00e9es.<\/label>\t\t\t<\/span>\n\t\t<\/div>\n\t\t\t\t\t\t<\/div>\n\t\t\t\t\t\t\t\t<div class=\"elementor-field-group elementor-column elementor-field-type-submit elementor-col-30 e-form__buttons\">\n\t\t\t\t\t<button class=\"elementor-button elementor-size-sm\" type=\"submit\">\n\t\t\t\t\t\t<span class=\"elementor-button-content-wrapper\">\n\t\t\t\t\t\t\t\t\t\t\t\t\t\t\t<span class=\"elementor-button-icon\">\n\t\t\t\t\t\t\t\t\t<i aria-hidden=\"true\" class=\"ti ti-arrow-right\"><\/i>\t\t\t\t\t\t\t\t\t\t\t\t\t\t\t\t\t<\/span>\n\t\t\t\t\t\t\t\t\t\t\t\t\t\t\t\t\t\t\t\t\t\t<span class=\"elementor-button-text\">Exp\u00e9dition<\/span>\n\t\t\t\t\t\t\t\t\t\t\t\t\t<\/span>\n\t\t\t\t\t<\/button>\n\t\t\t\t<\/div>\n\t\t\t<\/div>\n\t\t<input\n                    class=\"apbct_special_field apbct_email_id__elementor_form\"\n                    name=\"apbct__email_id__elementor_form\"\n                    aria-label=\"apbct__label_id__elementor_form\"\n                    type=\"text\" size=\"30\" maxlength=\"200\" autocomplete=\"off\"\n                    value=\"\"\n                \/><\/form>\n\t\t\t\t\t\t<\/div>\n\t\t\t\t<\/div>\n\t\t\t\t\t<\/div>\n\t\t<\/div>\n\t\t\t\t\t<\/div>\n\t\t<\/section>\n\t\t\t\t<\/div>\n\t\t","protected":false},"excerpt":{"rendered":"<p>DPIA ou \u00e9valuation de l&rsquo;impact de la protection des donn\u00e9es L&rsquo;objectif d&rsquo;une DPIA ou \u00e9valuation de l&rsquo;impact sur la protection des donn\u00e9es [&hellip;]<\/p>\n","protected":false},"author":1,"featured_media":8858,"parent":0,"menu_order":0,"comment_status":"closed","ping_status":"closed","template":"","meta":{"_eb_attr":"","footnotes":""},"class_list":["post-9641","page","type-page","status-publish","has-post-thumbnail","hentry"],"yoast_head":"<!-- This site is optimized with the Yoast SEO Premium plugin v25.8 (Yoast SEO v27.2) - https:\/\/yoast.com\/product\/yoast-seo-premium-wordpress\/ -->\n<title>DPIA explained in plain language - DPO Associates%<\/title>\n<meta name=\"description\" content=\"L&#039;analyse d&#039;impact sur la protection des donn\u00e9es (DPIA) est un outil utilis\u00e9 pour identifier les risques que le traitement des donn\u00e9es fait peser sur la vie priv\u00e9e.\" \/>\n<meta name=\"robots\" content=\"index, follow, max-snippet:-1, max-image-preview:large, max-video-preview:-1\" \/>\n<link rel=\"canonical\" href=\"https:\/\/dpoassociates.eu\/fr\/dpia\/\" \/>\n<meta property=\"og:locale\" content=\"fr_FR\" \/>\n<meta property=\"og:type\" content=\"article\" \/>\n<meta property=\"og:title\" content=\"Le DPIA expliqu\u00e9 en langage clair\" \/>\n<meta property=\"og:description\" content=\"L&#039;analyse d&#039;impact sur la protection des donn\u00e9es (DPIA) est un outil utilis\u00e9 pour identifier les risques que le traitement des donn\u00e9es fait peser sur la vie priv\u00e9e.\" \/>\n<meta property=\"og:url\" content=\"https:\/\/dpoassociates.eu\/fr\/dpia\/\" \/>\n<meta property=\"og:site_name\" content=\"DPO Associates\" \/>\n<meta property=\"article:publisher\" content=\"https:\/\/www.facebook.com\/profile.php?id=100083400514207\" \/>\n<meta property=\"article:modified_time\" content=\"2025-02-10T12:54:05+00:00\" \/>\n<meta property=\"og:image\" content=\"https:\/\/dpoassociates.eu\/wp-content\/uploads\/2023\/06\/Ontwerp-zonder-titel-162-1024x576.png\" \/>\n\t<meta property=\"og:image:width\" content=\"1024\" \/>\n\t<meta property=\"og:image:height\" content=\"576\" \/>\n\t<meta property=\"og:image:type\" content=\"image\/png\" \/>\n<meta name=\"twitter:card\" content=\"summary_large_image\" \/>\n<meta name=\"twitter:label1\" content=\"Dur\u00e9e de lecture estim\u00e9e\" \/>\n\t<meta name=\"twitter:data1\" content=\"2 minutes\" \/>\n<script type=\"application\/ld+json\" class=\"yoast-schema-graph\">{\"@context\":\"https:\/\/schema.org\",\"@graph\":[{\"@type\":\"WebPage\",\"@id\":\"https:\/\/dpoassociates.eu\/fr\/dpia\/\",\"url\":\"https:\/\/dpoassociates.eu\/fr\/dpia\/\",\"name\":\"DPIA explained in plain language - DPO Associates%\",\"isPartOf\":{\"@id\":\"https:\/\/dpoassociates.eu\/fr\/#website\"},\"primaryImageOfPage\":{\"@id\":\"https:\/\/dpoassociates.eu\/fr\/dpia\/#primaryimage\"},\"image\":{\"@id\":\"https:\/\/dpoassociates.eu\/fr\/dpia\/#primaryimage\"},\"thumbnailUrl\":\"https:\/\/dpoassociates.eu\/wp-content\/uploads\/2023\/06\/Ontwerp-zonder-titel-162.png\",\"datePublished\":\"2023-04-14T14:11:54+00:00\",\"dateModified\":\"2025-02-10T12:54:05+00:00\",\"description\":\"L'analyse d'impact sur la protection des donn\u00e9es (DPIA) est un outil utilis\u00e9 pour identifier les risques que le traitement des donn\u00e9es fait peser sur la vie priv\u00e9e.\",\"breadcrumb\":{\"@id\":\"https:\/\/dpoassociates.eu\/fr\/dpia\/#breadcrumb\"},\"inLanguage\":\"fr-FR\",\"potentialAction\":[{\"@type\":\"ReadAction\",\"target\":[\"https:\/\/dpoassociates.eu\/fr\/dpia\/\"]}]},{\"@type\":\"ImageObject\",\"inLanguage\":\"fr-FR\",\"@id\":\"https:\/\/dpoassociates.eu\/fr\/dpia\/#primaryimage\",\"url\":\"https:\/\/dpoassociates.eu\/wp-content\/uploads\/2023\/06\/Ontwerp-zonder-titel-162.png\",\"contentUrl\":\"https:\/\/dpoassociates.eu\/wp-content\/uploads\/2023\/06\/Ontwerp-zonder-titel-162.png\",\"width\":2240,\"height\":1260,\"caption\":\"duo nodig\"},{\"@type\":\"BreadcrumbList\",\"@id\":\"https:\/\/dpoassociates.eu\/fr\/dpia\/#breadcrumb\",\"itemListElement\":[{\"@type\":\"ListItem\",\"position\":1,\"name\":\"Home\",\"item\":\"https:\/\/dpoassociates.eu\/fr\/\"},{\"@type\":\"ListItem\",\"position\":2,\"name\":\"Le DPIA expliqu\u00e9 en langage clair\"}]},{\"@type\":\"WebSite\",\"@id\":\"https:\/\/dpoassociates.eu\/fr\/#website\",\"url\":\"https:\/\/dpoassociates.eu\/fr\/\",\"name\":\"DPO Associates\",\"description\":\"Protect, Detect, Respond\",\"publisher\":{\"@id\":\"https:\/\/dpoassociates.eu\/fr\/#organization\"},\"potentialAction\":[{\"@type\":\"SearchAction\",\"target\":{\"@type\":\"EntryPoint\",\"urlTemplate\":\"https:\/\/dpoassociates.eu\/fr\/?s={search_term_string}\"},\"query-input\":{\"@type\":\"PropertyValueSpecification\",\"valueRequired\":true,\"valueName\":\"search_term_string\"}}],\"inLanguage\":\"fr-FR\"},{\"@type\":\"Organization\",\"@id\":\"https:\/\/dpoassociates.eu\/fr\/#organization\",\"name\":\"DPO Associates\",\"url\":\"https:\/\/dpoassociates.eu\/fr\/\",\"logo\":{\"@type\":\"ImageObject\",\"inLanguage\":\"fr-FR\",\"@id\":\"https:\/\/dpoassociates.eu\/fr\/#\/schema\/logo\/image\/\",\"url\":\"https:\/\/dpoassociates.eu\/wp-content\/uploads\/2022\/09\/thumbnail_Logo-DPO-Associates-negatief-zwart-negatief-002.png\",\"contentUrl\":\"https:\/\/dpoassociates.eu\/wp-content\/uploads\/2022\/09\/thumbnail_Logo-DPO-Associates-negatief-zwart-negatief-002.png\",\"width\":651,\"height\":651,\"caption\":\"DPO Associates\"},\"image\":{\"@id\":\"https:\/\/dpoassociates.eu\/fr\/#\/schema\/logo\/image\/\"},\"sameAs\":[\"https:\/\/www.facebook.com\/profile.php?id=100083400514207\",\"https:\/\/www.linkedin.com\/company\/dpo-associates-da\/\"]}]}<\/script>\n<!-- \/ Yoast SEO Premium plugin. -->","yoast_head_json":{"title":"DPIA explained in plain language - DPO Associates%","description":"L'analyse d'impact sur la protection des donn\u00e9es (DPIA) est un outil utilis\u00e9 pour identifier les risques que le traitement des donn\u00e9es fait peser sur la vie priv\u00e9e.","robots":{"index":"index","follow":"follow","max-snippet":"max-snippet:-1","max-image-preview":"max-image-preview:large","max-video-preview":"max-video-preview:-1"},"canonical":"https:\/\/dpoassociates.eu\/fr\/dpia\/","og_locale":"fr_FR","og_type":"article","og_title":"Le DPIA expliqu\u00e9 en langage clair","og_description":"L'analyse d'impact sur la protection des donn\u00e9es (DPIA) est un outil utilis\u00e9 pour identifier les risques que le traitement des donn\u00e9es fait peser sur la vie priv\u00e9e.","og_url":"https:\/\/dpoassociates.eu\/fr\/dpia\/","og_site_name":"DPO Associates","article_publisher":"https:\/\/www.facebook.com\/profile.php?id=100083400514207","article_modified_time":"2025-02-10T12:54:05+00:00","og_image":[{"width":1024,"height":576,"url":"https:\/\/dpoassociates.eu\/wp-content\/uploads\/2023\/06\/Ontwerp-zonder-titel-162-1024x576.png","type":"image\/png"}],"twitter_card":"summary_large_image","twitter_misc":{"Dur\u00e9e de lecture estim\u00e9e":"2 minutes"},"schema":{"@context":"https:\/\/schema.org","@graph":[{"@type":"WebPage","@id":"https:\/\/dpoassociates.eu\/fr\/dpia\/","url":"https:\/\/dpoassociates.eu\/fr\/dpia\/","name":"DPIA explained in plain language - DPO Associates%","isPartOf":{"@id":"https:\/\/dpoassociates.eu\/fr\/#website"},"primaryImageOfPage":{"@id":"https:\/\/dpoassociates.eu\/fr\/dpia\/#primaryimage"},"image":{"@id":"https:\/\/dpoassociates.eu\/fr\/dpia\/#primaryimage"},"thumbnailUrl":"https:\/\/dpoassociates.eu\/wp-content\/uploads\/2023\/06\/Ontwerp-zonder-titel-162.png","datePublished":"2023-04-14T14:11:54+00:00","dateModified":"2025-02-10T12:54:05+00:00","description":"L'analyse d'impact sur la protection des donn\u00e9es (DPIA) est un outil utilis\u00e9 pour identifier les risques que le traitement des donn\u00e9es fait peser sur la vie priv\u00e9e.","breadcrumb":{"@id":"https:\/\/dpoassociates.eu\/fr\/dpia\/#breadcrumb"},"inLanguage":"fr-FR","potentialAction":[{"@type":"ReadAction","target":["https:\/\/dpoassociates.eu\/fr\/dpia\/"]}]},{"@type":"ImageObject","inLanguage":"fr-FR","@id":"https:\/\/dpoassociates.eu\/fr\/dpia\/#primaryimage","url":"https:\/\/dpoassociates.eu\/wp-content\/uploads\/2023\/06\/Ontwerp-zonder-titel-162.png","contentUrl":"https:\/\/dpoassociates.eu\/wp-content\/uploads\/2023\/06\/Ontwerp-zonder-titel-162.png","width":2240,"height":1260,"caption":"duo nodig"},{"@type":"BreadcrumbList","@id":"https:\/\/dpoassociates.eu\/fr\/dpia\/#breadcrumb","itemListElement":[{"@type":"ListItem","position":1,"name":"Home","item":"https:\/\/dpoassociates.eu\/fr\/"},{"@type":"ListItem","position":2,"name":"Le DPIA expliqu\u00e9 en langage clair"}]},{"@type":"WebSite","@id":"https:\/\/dpoassociates.eu\/fr\/#website","url":"https:\/\/dpoassociates.eu\/fr\/","name":"DPO Associates","description":"Protect, Detect, Respond","publisher":{"@id":"https:\/\/dpoassociates.eu\/fr\/#organization"},"potentialAction":[{"@type":"SearchAction","target":{"@type":"EntryPoint","urlTemplate":"https:\/\/dpoassociates.eu\/fr\/?s={search_term_string}"},"query-input":{"@type":"PropertyValueSpecification","valueRequired":true,"valueName":"search_term_string"}}],"inLanguage":"fr-FR"},{"@type":"Organization","@id":"https:\/\/dpoassociates.eu\/fr\/#organization","name":"DPO Associates","url":"https:\/\/dpoassociates.eu\/fr\/","logo":{"@type":"ImageObject","inLanguage":"fr-FR","@id":"https:\/\/dpoassociates.eu\/fr\/#\/schema\/logo\/image\/","url":"https:\/\/dpoassociates.eu\/wp-content\/uploads\/2022\/09\/thumbnail_Logo-DPO-Associates-negatief-zwart-negatief-002.png","contentUrl":"https:\/\/dpoassociates.eu\/wp-content\/uploads\/2022\/09\/thumbnail_Logo-DPO-Associates-negatief-zwart-negatief-002.png","width":651,"height":651,"caption":"DPO Associates"},"image":{"@id":"https:\/\/dpoassociates.eu\/fr\/#\/schema\/logo\/image\/"},"sameAs":["https:\/\/www.facebook.com\/profile.php?id=100083400514207","https:\/\/www.linkedin.com\/company\/dpo-associates-da\/"]}]}},"_links":{"self":[{"href":"https:\/\/dpoassociates.eu\/fr\/wp-json\/wp\/v2\/pages\/9641","targetHints":{"allow":["GET"]}}],"collection":[{"href":"https:\/\/dpoassociates.eu\/fr\/wp-json\/wp\/v2\/pages"}],"about":[{"href":"https:\/\/dpoassociates.eu\/fr\/wp-json\/wp\/v2\/types\/page"}],"author":[{"embeddable":true,"href":"https:\/\/dpoassociates.eu\/fr\/wp-json\/wp\/v2\/users\/1"}],"replies":[{"embeddable":true,"href":"https:\/\/dpoassociates.eu\/fr\/wp-json\/wp\/v2\/comments?post=9641"}],"version-history":[{"count":0,"href":"https:\/\/dpoassociates.eu\/fr\/wp-json\/wp\/v2\/pages\/9641\/revisions"}],"wp:featuredmedia":[{"embeddable":true,"href":"https:\/\/dpoassociates.eu\/fr\/wp-json\/wp\/v2\/media\/8858"}],"wp:attachment":[{"href":"https:\/\/dpoassociates.eu\/fr\/wp-json\/wp\/v2\/media?parent=9641"}],"curies":[{"name":"wp","href":"https:\/\/api.w.org\/{rel}","templated":true}]}}