{"id":9638,"date":"2023-04-14T14:16:21","date_gmt":"2023-04-14T12:16:21","guid":{"rendered":"https:\/\/dpoassociates.eu\/gdpr-representant-de-lue\/"},"modified":"2025-05-07T14:54:04","modified_gmt":"2025-05-07T12:54:04","slug":"rgpd-representant-de-lue","status":"publish","type":"page","link":"https:\/\/dpoassociates.eu\/fr\/rgpd-representant-de-lue\/","title":{"rendered":"GDPR repr\u00e9sentant de l&rsquo;UE"},"content":{"rendered":"\t\t<div data-elementor-type=\"wp-page\" data-elementor-id=\"9638\" class=\"elementor elementor-9638 elementor-7328\" data-elementor-post-type=\"page\">\n\t\t\t\t\t\t<section class=\"elementor-section elementor-top-section elementor-element elementor-element-140226fc elementor-section-content-middle elementor-section-boxed elementor-section-height-default elementor-section-height-default\" data-id=\"140226fc\" data-element_type=\"section\" data-e-type=\"section\" data-settings=\"{&quot;background_background&quot;:&quot;classic&quot;}\">\n\t\t\t\t\t\t<div class=\"elementor-container elementor-column-gap-extended\">\n\t\t\t\t\t<div class=\"elementor-column elementor-col-100 elementor-top-column elementor-element elementor-element-4e4b0564\" data-id=\"4e4b0564\" data-element_type=\"column\" data-e-type=\"column\">\n\t\t\t<div class=\"elementor-widget-wrap elementor-element-populated\">\n\t\t\t\t\t\t<div class=\"elementor-element elementor-element-d7d16c6 elementor-widget elementor-widget-heading\" data-id=\"d7d16c6\" data-element_type=\"widget\" data-e-type=\"widget\" data-widget_type=\"heading.default\">\n\t\t\t\t<div class=\"elementor-widget-container\">\n\t\t\t\t\t<h1 class=\"elementor-heading-title elementor-size-default\">REPR\u00c9SENTANT DE L'UE POUR LA DDPR<\/h1>\t\t\t\t<\/div>\n\t\t\t\t<\/div>\n\t\t\t\t<div class=\"elementor-element elementor-element-e98e001 elementor-widget elementor-widget-text-editor\" data-id=\"e98e001\" data-element_type=\"widget\" data-e-type=\"widget\" data-widget_type=\"text-editor.default\">\n\t\t\t\t<div class=\"elementor-widget-container\">\n\t\t\t\t\t\t\t\t\t<p>Les organisations ext\u00e9rieures \u00e0 l&rsquo;UE qui traitent des donn\u00e9es \u00e0 caract\u00e8re personnel de citoyens de l&rsquo;UE doivent d\u00e9signer un <strong>repr\u00e9sentant de l&rsquo;UE pour le GDPR dans<\/strong> certains cas.<\/p><p><br><br>Cette obligation s&rsquo;applique aux entreprises qui : \u2714 offrent des biens ou des services aux citoyens de l&rsquo;UE \u2714 surveillent le comportement des citoyens de l&rsquo;UE<\/p><h4><strong>T\u00e2ches du repr\u00e9sentant de l&rsquo;UE :<\/strong><\/h4><ul><li>Servir de point de contact pour les autorit\u00e9s charg\u00e9es de la protection des donn\u00e9es et les personnes concern\u00e9es.<\/li><li>Conseils sur la conformit\u00e9 au GDPR et mise en \u0153uvre<\/li><li>Expertise contractuelle en mati\u00e8re de l\u00e9gislation et de protection des donn\u00e9es<\/li><\/ul><h4><strong>Un soutien suppl\u00e9mentaire peut \u00eatre apport\u00e9 :<\/strong><\/h4><ul><li><strong>Rapports d&rsquo;activit\u00e9 et r\u00e9capitulatifs trimestriels<\/strong><\/li><li><strong>Page d&rsquo;accueil<\/strong> permettant aux personnes concern\u00e9es d&rsquo;exercer leurs droits en vertu du GDPR<\/li><li><strong>Contact pour les autorit\u00e9s de protection des donn\u00e9es<\/strong><\/li><\/ul><p>Cette repr\u00e9sentation aide les organisations non europ\u00e9ennes \u00e0 assurer la conformit\u00e9 au GDPR et \u00e0 rester actives au sein de l&rsquo;UE.  <\/p>\t\t\t\t\t\t\t\t<\/div>\n\t\t\t\t<\/div>\n\t\t\t\t\t<\/div>\n\t\t<\/div>\n\t\t\t\t\t<\/div>\n\t\t<\/section>\n\t\t\t\t<section class=\"elementor-section elementor-top-section elementor-element elementor-element-42d1c93 elementor-section-boxed elementor-section-height-default elementor-section-height-default\" data-id=\"42d1c93\" data-element_type=\"section\" data-e-type=\"section\" data-settings=\"{&quot;background_background&quot;:&quot;classic&quot;}\">\n\t\t\t\t\t\t<div class=\"elementor-container elementor-column-gap-default\">\n\t\t\t\t\t<div class=\"elementor-column elementor-col-100 elementor-top-column elementor-element elementor-element-643f83f6\" data-id=\"643f83f6\" data-element_type=\"column\" data-e-type=\"column\">\n\t\t\t<div class=\"elementor-widget-wrap elementor-element-populated\">\n\t\t\t\t\t\t<div class=\"elementor-element elementor-element-2afacc97 elementor-widget__width-initial elementor-widget-tablet__width-initial elementor-widget-mobile__width-inherit elementor-widget elementor-widget-heading\" data-id=\"2afacc97\" data-element_type=\"widget\" data-e-type=\"widget\" data-widget_type=\"heading.default\">\n\t\t\t\t<div class=\"elementor-widget-container\">\n\t\t\t\t\t<h2 class=\"elementor-heading-title elementor-size-default\">Devez-vous d\u00e9signer un repr\u00e9sentant charg\u00e9 de la protection des donn\u00e9es dans l'UE ?  <\/h2>\t\t\t\t<\/div>\n\t\t\t\t<\/div>\n\t\t\t\t<div class=\"elementor-element elementor-element-6375bcac elementor-align-center elementor-widget elementor-widget-button\" data-id=\"6375bcac\" data-element_type=\"widget\" data-e-type=\"widget\" data-widget_type=\"button.default\">\n\t\t\t\t<div class=\"elementor-widget-container\">\n\t\t\t\t\t\t\t\t\t<div class=\"elementor-button-wrapper\">\n\t\t\t\t\t<a class=\"elementor-button elementor-button-link elementor-size-sm\" href=\"https:\/\/dpoassociates.eu\/fr\/21487-2\/\">\n\t\t\t\t\t\t<span class=\"elementor-button-content-wrapper\">\n\t\t\t\t\t\t\t\t\t<span class=\"elementor-button-text\">Demande de devis gratuit <\/span>\n\t\t\t\t\t<\/span>\n\t\t\t\t\t<\/a>\n\t\t\t\t<\/div>\n\t\t\t\t\t\t\t\t<\/div>\n\t\t\t\t<\/div>\n\t\t\t\t\t<\/div>\n\t\t<\/div>\n\t\t\t\t\t<\/div>\n\t\t<\/section>\n\t\t\t\t<section class=\"elementor-section elementor-top-section elementor-element elementor-element-29541495 elementor-section-content-middle elementor-section-boxed elementor-section-height-default elementor-section-height-default\" data-id=\"29541495\" data-element_type=\"section\" data-e-type=\"section\" data-settings=\"{&quot;background_background&quot;:&quot;classic&quot;}\">\n\t\t\t\t\t\t<div class=\"elementor-container elementor-column-gap-extended\">\n\t\t\t\t\t<div class=\"elementor-column elementor-col-100 elementor-top-column elementor-element elementor-element-6e3a40c5\" data-id=\"6e3a40c5\" data-element_type=\"column\" data-e-type=\"column\">\n\t\t\t<div class=\"elementor-widget-wrap elementor-element-populated\">\n\t\t\t\t\t\t<div class=\"elementor-element elementor-element-c02d07c elementor-widget elementor-widget-heading\" data-id=\"c02d07c\" data-element_type=\"widget\" data-e-type=\"widget\" data-widget_type=\"heading.default\">\n\t\t\t\t<div class=\"elementor-widget-container\">\n\t\t\t\t\t<h3 class=\"elementor-heading-title elementor-size-default\">CONDITIONS  <\/h3>\t\t\t\t<\/div>\n\t\t\t\t<\/div>\n\t\t\t\t<div class=\"elementor-element elementor-element-4fc6f01f elementor-widget elementor-widget-text-editor\" data-id=\"4fc6f01f\" data-element_type=\"widget\" data-e-type=\"widget\" data-settings=\"{&quot;_animation_delay&quot;:600}\" data-widget_type=\"text-editor.default\">\n\t\t\t\t<div class=\"elementor-widget-container\">\n\t\t\t\t\t\t\t\t\t<p>Ce service contient l&rsquo;offre pour toutes les organisations qui traitent des donn\u00e9es personnelles de citoyens europ\u00e9ens vers des pays tiers ou des tiers en dehors de l&rsquo;EEE.<\/p><p>L&rsquo;ampleur du traitement des donn\u00e9es, la nature et les modalit\u00e9s de ce traitement varient d&rsquo;une organisation \u00e0 l&rsquo;autre, o\u00f9 le champ d&rsquo;application est d\u00e9fini avant la nomination.<\/p>\t\t\t\t\t\t\t\t<\/div>\n\t\t\t\t<\/div>\n\t\t\t\t\t<\/div>\n\t\t<\/div>\n\t\t\t\t\t<\/div>\n\t\t<\/section>\n\t\t\t\t<\/div>\n\t\t","protected":false},"excerpt":{"rendered":"<p>REPR\u00c9SENTANT DE L&rsquo;UE POUR LA DDPR Les organisations ext\u00e9rieures \u00e0 l&rsquo;UE qui traitent des donn\u00e9es \u00e0 caract\u00e8re personnel de citoyens de l&rsquo;UE [&hellip;]<\/p>\n","protected":false},"author":1,"featured_media":8857,"parent":0,"menu_order":0,"comment_status":"closed","ping_status":"closed","template":"","meta":{"_eb_attr":"","footnotes":""},"class_list":["post-9638","page","type-page","status-publish","has-post-thumbnail","hentry"],"yoast_head":"<!-- This site is optimized with the Yoast SEO Premium plugin v25.8 (Yoast SEO v27.2) - https:\/\/yoast.com\/product\/yoast-seo-premium-wordpress\/ -->\n<title>GDPR repr\u00e9sentant de l&#039;UE - DPO Associates<\/title>\n<meta name=\"description\" content=\"La d\u00e9signation d&#039;un repr\u00e9sentant europ\u00e9en du GDPR aide les organisations situ\u00e9es en dehors de l&#039;UE \u00e0 se conformer aux exigences du GDPR et \u00e0 garantir la protection des donn\u00e9es personnelles des citoyens de l&#039;UE.\" \/>\n<meta name=\"robots\" content=\"index, follow, max-snippet:-1, max-image-preview:large, max-video-preview:-1\" \/>\n<link rel=\"canonical\" href=\"https:\/\/dpoassociates.eu\/fr\/rgpd-representant-de-lue\/\" \/>\n<meta property=\"og:locale\" content=\"fr_FR\" \/>\n<meta property=\"og:type\" content=\"article\" \/>\n<meta property=\"og:title\" content=\"GDPR repr\u00e9sentant de l&#039;UE\" \/>\n<meta property=\"og:description\" content=\"La d\u00e9signation d&#039;un repr\u00e9sentant europ\u00e9en du GDPR aide les organisations situ\u00e9es en dehors de l&#039;UE \u00e0 se conformer aux exigences du GDPR et \u00e0 garantir la protection des donn\u00e9es personnelles des citoyens de l&#039;UE.\" \/>\n<meta property=\"og:url\" content=\"https:\/\/dpoassociates.eu\/fr\/rgpd-representant-de-lue\/\" \/>\n<meta property=\"og:site_name\" content=\"DPO Associates\" \/>\n<meta property=\"article:publisher\" content=\"https:\/\/www.facebook.com\/profile.php?id=100083400514207\" \/>\n<meta property=\"article:modified_time\" content=\"2025-05-07T12:54:04+00:00\" \/>\n<meta property=\"og:image\" content=\"https:\/\/dpoassociates.eu\/wp-content\/uploads\/2023\/06\/Ontwerp-zonder-titel-161.png\" \/>\n\t<meta property=\"og:image:width\" content=\"2240\" \/>\n\t<meta property=\"og:image:height\" content=\"1260\" \/>\n\t<meta property=\"og:image:type\" content=\"image\/png\" \/>\n<meta name=\"twitter:card\" content=\"summary_large_image\" \/>\n<meta name=\"twitter:label1\" content=\"Dur\u00e9e de lecture estim\u00e9e\" \/>\n\t<meta name=\"twitter:data1\" content=\"1 minute\" \/>\n<script type=\"application\/ld+json\" class=\"yoast-schema-graph\">{\"@context\":\"https:\/\/schema.org\",\"@graph\":[{\"@type\":\"WebPage\",\"@id\":\"https:\/\/dpoassociates.eu\/fr\/rgpd-representant-de-lue\/\",\"url\":\"https:\/\/dpoassociates.eu\/fr\/rgpd-representant-de-lue\/\",\"name\":\"GDPR repr\u00e9sentant de l'UE - DPO Associates\",\"isPartOf\":{\"@id\":\"https:\/\/dpoassociates.eu\/fr\/#website\"},\"primaryImageOfPage\":{\"@id\":\"https:\/\/dpoassociates.eu\/fr\/rgpd-representant-de-lue\/#primaryimage\"},\"image\":{\"@id\":\"https:\/\/dpoassociates.eu\/fr\/rgpd-representant-de-lue\/#primaryimage\"},\"thumbnailUrl\":\"https:\/\/dpoassociates.eu\/wp-content\/uploads\/2023\/06\/Ontwerp-zonder-titel-161.png\",\"datePublished\":\"2023-04-14T12:16:21+00:00\",\"dateModified\":\"2025-05-07T12:54:04+00:00\",\"description\":\"La d\u00e9signation d'un repr\u00e9sentant europ\u00e9en du GDPR aide les organisations situ\u00e9es en dehors de l'UE \u00e0 se conformer aux exigences du GDPR et \u00e0 garantir la protection des donn\u00e9es personnelles des citoyens de l'UE.\",\"breadcrumb\":{\"@id\":\"https:\/\/dpoassociates.eu\/fr\/rgpd-representant-de-lue\/#breadcrumb\"},\"inLanguage\":\"fr-FR\",\"potentialAction\":[{\"@type\":\"ReadAction\",\"target\":[\"https:\/\/dpoassociates.eu\/fr\/rgpd-representant-de-lue\/\"]}]},{\"@type\":\"ImageObject\",\"inLanguage\":\"fr-FR\",\"@id\":\"https:\/\/dpoassociates.eu\/fr\/rgpd-representant-de-lue\/#primaryimage\",\"url\":\"https:\/\/dpoassociates.eu\/wp-content\/uploads\/2023\/06\/Ontwerp-zonder-titel-161.png\",\"contentUrl\":\"https:\/\/dpoassociates.eu\/wp-content\/uploads\/2023\/06\/Ontwerp-zonder-titel-161.png\",\"width\":2240,\"height\":1260},{\"@type\":\"BreadcrumbList\",\"@id\":\"https:\/\/dpoassociates.eu\/fr\/rgpd-representant-de-lue\/#breadcrumb\",\"itemListElement\":[{\"@type\":\"ListItem\",\"position\":1,\"name\":\"Home\",\"item\":\"https:\/\/dpoassociates.eu\/fr\/\"},{\"@type\":\"ListItem\",\"position\":2,\"name\":\"GDPR repr\u00e9sentant de l&#8217;UE\"}]},{\"@type\":\"WebSite\",\"@id\":\"https:\/\/dpoassociates.eu\/fr\/#website\",\"url\":\"https:\/\/dpoassociates.eu\/fr\/\",\"name\":\"DPO Associates\",\"description\":\"Protect, Detect, Respond\",\"publisher\":{\"@id\":\"https:\/\/dpoassociates.eu\/fr\/#organization\"},\"potentialAction\":[{\"@type\":\"SearchAction\",\"target\":{\"@type\":\"EntryPoint\",\"urlTemplate\":\"https:\/\/dpoassociates.eu\/fr\/?s={search_term_string}\"},\"query-input\":{\"@type\":\"PropertyValueSpecification\",\"valueRequired\":true,\"valueName\":\"search_term_string\"}}],\"inLanguage\":\"fr-FR\"},{\"@type\":\"Organization\",\"@id\":\"https:\/\/dpoassociates.eu\/fr\/#organization\",\"name\":\"DPO Associates\",\"url\":\"https:\/\/dpoassociates.eu\/fr\/\",\"logo\":{\"@type\":\"ImageObject\",\"inLanguage\":\"fr-FR\",\"@id\":\"https:\/\/dpoassociates.eu\/fr\/#\/schema\/logo\/image\/\",\"url\":\"https:\/\/dpoassociates.eu\/wp-content\/uploads\/2022\/09\/thumbnail_Logo-DPO-Associates-negatief-zwart-negatief-002.png\",\"contentUrl\":\"https:\/\/dpoassociates.eu\/wp-content\/uploads\/2022\/09\/thumbnail_Logo-DPO-Associates-negatief-zwart-negatief-002.png\",\"width\":651,\"height\":651,\"caption\":\"DPO Associates\"},\"image\":{\"@id\":\"https:\/\/dpoassociates.eu\/fr\/#\/schema\/logo\/image\/\"},\"sameAs\":[\"https:\/\/www.facebook.com\/profile.php?id=100083400514207\",\"https:\/\/www.linkedin.com\/company\/dpo-associates-da\/\"]}]}<\/script>\n<!-- \/ Yoast SEO Premium plugin. -->","yoast_head_json":{"title":"GDPR repr\u00e9sentant de l'UE - DPO Associates","description":"La d\u00e9signation d'un repr\u00e9sentant europ\u00e9en du GDPR aide les organisations situ\u00e9es en dehors de l'UE \u00e0 se conformer aux exigences du GDPR et \u00e0 garantir la protection des donn\u00e9es personnelles des citoyens de l'UE.","robots":{"index":"index","follow":"follow","max-snippet":"max-snippet:-1","max-image-preview":"max-image-preview:large","max-video-preview":"max-video-preview:-1"},"canonical":"https:\/\/dpoassociates.eu\/fr\/rgpd-representant-de-lue\/","og_locale":"fr_FR","og_type":"article","og_title":"GDPR repr\u00e9sentant de l'UE","og_description":"La d\u00e9signation d'un repr\u00e9sentant europ\u00e9en du GDPR aide les organisations situ\u00e9es en dehors de l'UE \u00e0 se conformer aux exigences du GDPR et \u00e0 garantir la protection des donn\u00e9es personnelles des citoyens de l'UE.","og_url":"https:\/\/dpoassociates.eu\/fr\/rgpd-representant-de-lue\/","og_site_name":"DPO Associates","article_publisher":"https:\/\/www.facebook.com\/profile.php?id=100083400514207","article_modified_time":"2025-05-07T12:54:04+00:00","og_image":[{"width":2240,"height":1260,"url":"https:\/\/dpoassociates.eu\/wp-content\/uploads\/2023\/06\/Ontwerp-zonder-titel-161.png","type":"image\/png"}],"twitter_card":"summary_large_image","twitter_misc":{"Dur\u00e9e de lecture estim\u00e9e":"1 minute"},"schema":{"@context":"https:\/\/schema.org","@graph":[{"@type":"WebPage","@id":"https:\/\/dpoassociates.eu\/fr\/rgpd-representant-de-lue\/","url":"https:\/\/dpoassociates.eu\/fr\/rgpd-representant-de-lue\/","name":"GDPR repr\u00e9sentant de l'UE - DPO Associates","isPartOf":{"@id":"https:\/\/dpoassociates.eu\/fr\/#website"},"primaryImageOfPage":{"@id":"https:\/\/dpoassociates.eu\/fr\/rgpd-representant-de-lue\/#primaryimage"},"image":{"@id":"https:\/\/dpoassociates.eu\/fr\/rgpd-representant-de-lue\/#primaryimage"},"thumbnailUrl":"https:\/\/dpoassociates.eu\/wp-content\/uploads\/2023\/06\/Ontwerp-zonder-titel-161.png","datePublished":"2023-04-14T12:16:21+00:00","dateModified":"2025-05-07T12:54:04+00:00","description":"La d\u00e9signation d'un repr\u00e9sentant europ\u00e9en du GDPR aide les organisations situ\u00e9es en dehors de l'UE \u00e0 se conformer aux exigences du GDPR et \u00e0 garantir la protection des donn\u00e9es personnelles des citoyens de l'UE.","breadcrumb":{"@id":"https:\/\/dpoassociates.eu\/fr\/rgpd-representant-de-lue\/#breadcrumb"},"inLanguage":"fr-FR","potentialAction":[{"@type":"ReadAction","target":["https:\/\/dpoassociates.eu\/fr\/rgpd-representant-de-lue\/"]}]},{"@type":"ImageObject","inLanguage":"fr-FR","@id":"https:\/\/dpoassociates.eu\/fr\/rgpd-representant-de-lue\/#primaryimage","url":"https:\/\/dpoassociates.eu\/wp-content\/uploads\/2023\/06\/Ontwerp-zonder-titel-161.png","contentUrl":"https:\/\/dpoassociates.eu\/wp-content\/uploads\/2023\/06\/Ontwerp-zonder-titel-161.png","width":2240,"height":1260},{"@type":"BreadcrumbList","@id":"https:\/\/dpoassociates.eu\/fr\/rgpd-representant-de-lue\/#breadcrumb","itemListElement":[{"@type":"ListItem","position":1,"name":"Home","item":"https:\/\/dpoassociates.eu\/fr\/"},{"@type":"ListItem","position":2,"name":"GDPR repr\u00e9sentant de l&#8217;UE"}]},{"@type":"WebSite","@id":"https:\/\/dpoassociates.eu\/fr\/#website","url":"https:\/\/dpoassociates.eu\/fr\/","name":"DPO Associates","description":"Protect, Detect, Respond","publisher":{"@id":"https:\/\/dpoassociates.eu\/fr\/#organization"},"potentialAction":[{"@type":"SearchAction","target":{"@type":"EntryPoint","urlTemplate":"https:\/\/dpoassociates.eu\/fr\/?s={search_term_string}"},"query-input":{"@type":"PropertyValueSpecification","valueRequired":true,"valueName":"search_term_string"}}],"inLanguage":"fr-FR"},{"@type":"Organization","@id":"https:\/\/dpoassociates.eu\/fr\/#organization","name":"DPO Associates","url":"https:\/\/dpoassociates.eu\/fr\/","logo":{"@type":"ImageObject","inLanguage":"fr-FR","@id":"https:\/\/dpoassociates.eu\/fr\/#\/schema\/logo\/image\/","url":"https:\/\/dpoassociates.eu\/wp-content\/uploads\/2022\/09\/thumbnail_Logo-DPO-Associates-negatief-zwart-negatief-002.png","contentUrl":"https:\/\/dpoassociates.eu\/wp-content\/uploads\/2022\/09\/thumbnail_Logo-DPO-Associates-negatief-zwart-negatief-002.png","width":651,"height":651,"caption":"DPO Associates"},"image":{"@id":"https:\/\/dpoassociates.eu\/fr\/#\/schema\/logo\/image\/"},"sameAs":["https:\/\/www.facebook.com\/profile.php?id=100083400514207","https:\/\/www.linkedin.com\/company\/dpo-associates-da\/"]}]}},"_links":{"self":[{"href":"https:\/\/dpoassociates.eu\/fr\/wp-json\/wp\/v2\/pages\/9638","targetHints":{"allow":["GET"]}}],"collection":[{"href":"https:\/\/dpoassociates.eu\/fr\/wp-json\/wp\/v2\/pages"}],"about":[{"href":"https:\/\/dpoassociates.eu\/fr\/wp-json\/wp\/v2\/types\/page"}],"author":[{"embeddable":true,"href":"https:\/\/dpoassociates.eu\/fr\/wp-json\/wp\/v2\/users\/1"}],"replies":[{"embeddable":true,"href":"https:\/\/dpoassociates.eu\/fr\/wp-json\/wp\/v2\/comments?post=9638"}],"version-history":[{"count":2,"href":"https:\/\/dpoassociates.eu\/fr\/wp-json\/wp\/v2\/pages\/9638\/revisions"}],"predecessor-version":[{"id":21528,"href":"https:\/\/dpoassociates.eu\/fr\/wp-json\/wp\/v2\/pages\/9638\/revisions\/21528"}],"wp:featuredmedia":[{"embeddable":true,"href":"https:\/\/dpoassociates.eu\/fr\/wp-json\/wp\/v2\/media\/8857"}],"wp:attachment":[{"href":"https:\/\/dpoassociates.eu\/fr\/wp-json\/wp\/v2\/media?parent=9638"}],"curies":[{"name":"wp","href":"https:\/\/api.w.org\/{rel}","templated":true}]}}