{"id":7608,"date":"2020-05-11T08:48:29","date_gmt":"2020-05-11T08:48:29","guid":{"rendered":"https:\/\/dpoassociates.eu\/le-dpd-dans-le-gdpr\/"},"modified":"2024-07-04T11:14:46","modified_gmt":"2024-07-04T11:14:46","slug":"le-dpd-dans-le-gdpr","status":"publish","type":"page","link":"https:\/\/dpoassociates.eu\/fr\/le-dpd-dans-le-gdpr\/","title":{"rendered":"Le DPD dans le GDPR"},"content":{"rendered":"\t\t<div data-elementor-type=\"wp-page\" data-elementor-id=\"7608\" class=\"elementor elementor-7608 elementor-2384\" data-elementor-post-type=\"page\">\n\t\t\t\t\t\t<section class=\"elementor-section elementor-top-section elementor-element elementor-element-6674acec elementor-section-boxed elementor-section-height-default elementor-section-height-default\" data-id=\"6674acec\" data-element_type=\"section\" data-e-type=\"section\">\n\t\t\t\t\t\t<div class=\"elementor-container elementor-column-gap-default\">\n\t\t\t\t\t<div class=\"elementor-column elementor-col-100 elementor-top-column elementor-element elementor-element-2a87c23b\" data-id=\"2a87c23b\" data-element_type=\"column\" data-e-type=\"column\">\n\t\t\t<div class=\"elementor-widget-wrap elementor-element-populated\">\n\t\t\t\t\t\t<div class=\"elementor-element elementor-element-50ffa05c elementor-widget elementor-widget-text-editor\" data-id=\"50ffa05c\" data-element_type=\"widget\" data-e-type=\"widget\" data-widget_type=\"text-editor.default\">\n\t\t\t\t<div class=\"elementor-widget-container\">\n\t\t\t\t\t\t\t\t\t<h1>O\u00f9 puis-je trouver un DPD accr\u00e9dit\u00e9 ?<\/h1>\n<h2 class=\"section__title\" style=\"font-size: 28px;\">Quel est le r\u00f4le du DPD reconnu dans le cadre du GDPR ?<\/h2>\n<p>Un DPD reconnu s&rsquo;occupe de toutes vos donn\u00e9es personnelles.<\/p>\n<div class=\"wpb_wrapper\" style=\"background: rgba(255, 255, 255, 0.8);\">\n<ol>\n<li><strong>Le responsable du traitement et le sous-traitant d\u00e9signent un d\u00e9l\u00e9gu\u00e9 \u00e0 la protection des donn\u00e9es dans chaque cas o\u00f9 :<\/strong><\/li>\n<\/ol>\n<p>(a) le traitement est effectu\u00e9 par une autorit\u00e9 publique ou un organisme public, sauf dans le cas des tribunaux dans l&rsquo;exercice de leurs fonctions judiciaires ;<\/p>\n<p>(b) un responsable du traitement ou un sous-traitant est principalement charg\u00e9 des traitements qui, du fait de leur nature, de leur port\u00e9e et\/ou de leurs finalit\u00e9s, n\u00e9cessitent une observation r\u00e9guli\u00e8re et syst\u00e9matique d&rsquo;un grand nombre de personnes concern\u00e9es ;<\/p>\n<p>(c) le responsable du traitement ou le sous-traitant est principalement charg\u00e9 du traitement \u00e0 grande \u00e9chelle de cat\u00e9gories particuli\u00e8res de donn\u00e9es en vertu de l&rsquo;article 9 et de donn\u00e9es \u00e0 caract\u00e8re personnel relatives aux condamnations p\u00e9nales et aux infractions vis\u00e9es \u00e0 l&rsquo;article 10.<\/p>\n<p>2. Un groupe d&rsquo;entreprises peut d\u00e9signer un seul d\u00e9l\u00e9gu\u00e9 \u00e0 la protection des donn\u00e9es ou DPD, \u00e0 condition que le<a href=\"https:\/\/dpoassociates.eu\/fr\/dpo-comme-personne-de-contact\/\"> DPD<\/a> reconnu puisse \u00eatre facilement contact\u00e9 depuis chaque succursale.<\/p>\n<p>3. Lorsque le responsable du traitement ou le sous-traitant est une autorit\u00e9 publique ou un organisme public, un seul d\u00e9l\u00e9gu\u00e9 \u00e0 la protection des donn\u00e9es peut \u00eatre d\u00e9sign\u00e9 pour plusieurs de ces autorit\u00e9s ou organismes, en tenant compte de leur structure organisationnelle et de leur taille.<\/p>\n<p>4. Dans les autres cas, le responsable du traitement ou le sous-traitant ou les associations et autres organismes repr\u00e9sentant des cat\u00e9gories de responsables du traitement ou de sous-traitants peuvent ou, si le droit de l&rsquo;Union ou des \u00c9tats membres l&rsquo;exige, d\u00e9signent un d\u00e9l\u00e9gu\u00e9 \u00e0 la protection des donn\u00e9es. Le DPD habilit\u00e9 peut agir pour le compte de ces associations et d&rsquo;autres organismes repr\u00e9sentant des cat\u00e9gories de responsables du traitement ou de sous-traitants.<\/p>\n<p>5. Le DPD est nomm\u00e9 sur la base de ses qualit\u00e9s professionnelles et en particulier de son expertise en mati\u00e8re de droit et de pratique de la protection des donn\u00e9es et de sa capacit\u00e9 \u00e0 ex\u00e9cuter les t\u00e2ches vis\u00e9es \u00e0 l&rsquo;<a href=\"https:\/\/www.privacy-regulation.eu\/nl\/artikel-39-taken-van-de-functionaris-voor-gegevensbescherming-EU-AVG.htm\">article 39<\/a>.<\/p>\n<p>6. Le DPD peut \u00eatre un membre du personnel du responsable du traitement ou du sous-traitant ou peut ex\u00e9cuter les t\u00e2ches dans le cadre d&rsquo;un contrat de service.<\/p>\n<p>7. Le responsable du traitement ou le sous-traitant publie les coordonn\u00e9es du d\u00e9l\u00e9gu\u00e9 \u00e0 la protection des donn\u00e9es et les communique \u00e0 l&rsquo;autorit\u00e9 de contr\u00f4le.<\/p>\n<p><img fetchpriority=\"high\" decoding=\"async\" class=\"alignnone size-full wp-image-2740\" src=\"https:\/\/dpoassociates.eu\/en\/dpo-in-the-gdpr\/\" alt=\"Conseils personnalis\u00e9s sur le GDPR chez iReto\" width=\"960\" height=\"720\"><\/p>\n<h2>Mon entreprise a-t-elle besoin d&rsquo;un d\u00e9l\u00e9gu\u00e9 \u00e0 la protection des donn\u00e9es (DPD) ?<\/h2>\n<\/div>\n<p>L&rsquo;opportunit\u00e9 d&rsquo;engager un DPD d\u00e9pend de plusieurs facteurs. Trois types d&rsquo;entreprises sont tenus d&rsquo;engager un DPD :<\/p>\n<ul>\n<li>Toutes les organisations du secteur public (\u00e0 l&rsquo;exception des organes judiciaires), telles que les organisations gouvernementales.<\/li>\n<li>les entreprises qui n\u00e9cessitent une \u00ab\u00a0observation r\u00e9guli\u00e8re et syst\u00e9matique\u00a0\u00bb du traitement des donn\u00e9es, par exemple en raison de la \u00ab\u00a0nature, de la port\u00e9e ou des finalit\u00e9s\u00a0\u00bb du traitement ;<\/li>\n<li>les entreprises qui traitent des donn\u00e9es \u00e0 caract\u00e8re personnel appartenant \u00e0 une \u00ab\u00a0cat\u00e9gorie particuli\u00e8re\u00a0\u00bb, telles que des informations sur la race, les opinions politiques, la religion, les donn\u00e9es biom\u00e9triques, la sant\u00e9, l&rsquo;orientation sexuelle ou les condamnations p\u00e9nales.<\/li>\n<\/ul>\n<p>Il est \u00e9galement important de noter qu&rsquo;en vertu d&rsquo;une pr\u00e9c\u00e9dente proposition du GDPR, un DPD ne pouvait \u00eatre obligatoire que pour les entreprises de plus de 250 employ\u00e9s. Toutefois, cette condition ne figure pas dans la version finale, de sorte que la taille de l&rsquo;entreprise n&rsquo;a plus d&rsquo;importance.<\/p>\n<p>En outre, ce que la l\u00e9gislation entend par \u00ab\u00a0nature, port\u00e9e ou objectifs\u00a0\u00bb n&rsquo;est pas concr\u00e8tement clarifi\u00e9. Il s&rsquo;agit peut-\u00eatre de big data, mais il n&rsquo;y a pas de description pr\u00e9cise.<\/p>\n<div style=\"background: rgba(255, 255, 255, 0.8);\">\n<div id=\"cms-heading-2\" class=\"cms-heading align-left align-left-md align-left-sm align-left-xs \">\n<div id=\"cms-heading-2\" class=\"cms-heading align-left align-left-md align-left-sm align-left-xs \">\n<h3 class=\"cms-heading-tag \">Position du DPD dans la l\u00e9gislation GDPR ?<\/h3>\n<\/div>\n<div class=\"wpb_text_column wpb_content_element \">\n<div class=\"wpb_wrapper\">\n<p>1. Le responsable du traitement et le sous-traitant veillent \u00e0 ce que le DPD soit associ\u00e9 de mani\u00e8re appropri\u00e9e et en temps utile \u00e0 toutes les questions relatives \u00e0 la protection des donn\u00e9es \u00e0 caract\u00e8re personnel.<\/p>\n<p>2. Le responsable du traitement et le sous-traitant soutiennent le d\u00e9l\u00e9gu\u00e9 \u00e0 la protection des donn\u00e9es dans l&rsquo;ex\u00e9cution des missions vis\u00e9es \u00e0 l&rsquo;article 39 en lui donnant acc\u00e8s aux donn\u00e9es \u00e0 caract\u00e8re personnel et aux op\u00e9rations de traitement et en lui fournissant les ressources n\u00e9cessaires \u00e0 l&rsquo;ex\u00e9cution de ces missions et au maintien de son expertise.<\/p>\n<p>3. Le responsable du traitement et le sous-traitant veillent \u00e0 ce que le DPD ne re\u00e7oive pas d&rsquo;instructions relatives \u00e0 l&rsquo;exercice de ces fonctions. Il ne peut \u00eatre licenci\u00e9 ou sanctionn\u00e9 par le responsable du traitement ou le sous-traitant en raison de l&rsquo;exercice de ses fonctions. Le d\u00e9l\u00e9gu\u00e9 \u00e0 la protection des donn\u00e9es rend compte directement au cadre sup\u00e9rieur du responsable du traitement ou du sous-traitant.<\/p>\n<p>4. Les personnes concern\u00e9es peuvent contacter le DPD pour toute question relative au traitement de leurs donn\u00e9es et \u00e0 l&rsquo;exercice des droits que leur conf\u00e8re le pr\u00e9sent r\u00e8glement.<\/p>\n<p>5. Le DPD est tenu au secret ou \u00e0 la confidentialit\u00e9 dans l&rsquo;exercice de ses fonctions conform\u00e9ment au droit de l&rsquo;Union ou des \u00c9tats membres.<\/p>\n<p>6. Le d\u00e9l\u00e9gu\u00e9 \u00e0 la protection des donn\u00e9es ou le DPD peut accomplir d&rsquo;autres t\u00e2ches et fonctions. Le responsable du traitement ou le sous-traitant veille \u00e0 ce que ces t\u00e2ches ou fonctions ne conduisent pas \u00e0 un conflit d&rsquo;int\u00e9r\u00eats.<\/p>\n<h3>O\u00f9 puis-je trouver un DPD ?<\/h3>\n<p>Le DPD ne doit pas n\u00e9cessairement \u00eatre un employ\u00e9 permanent ; vous pouvez \u00e9galement opter pour un <a href=\"https:\/\/dpoassociates.eu\/fr\/dpo-comme-personne-de-contact\/\">consultant<\/a>. En outre, un employ\u00e9 en poste peut \u00e9galement assumer le r\u00f4le de DPD, pour autant que ses autres fonctions n&rsquo;entrent pas en conflit avec son travail de DPD. Ces deux options permettent de r\u00e9duire les co\u00fbts et facilitent la recherche d&rsquo;un DPD ad\u00e9quat.<\/p>\n<p>En outre, le GDPR ne d\u00e9crit pas les sp\u00e9cifications qui s&rsquo;appliquent \u00e0 un DPD. Il n&rsquo;est pas fait mention d&rsquo;un dipl\u00f4me ou d&rsquo;un certificat sp\u00e9cifique, mais d&rsquo;une \u00ab\u00a0expertise en mati\u00e8re de droit et de pratique de la protection des donn\u00e9es\u00a0\u00bb. Avec cette d\u00e9finition large, la voie est ouverte aux effectifs existants, tels que les consultants juridiques ou les responsables de la protection de la vie priv\u00e9e, pour occuper le poste de DPD.  <\/p>\n<p>En d&rsquo;autres termes, si votre organisation traite des donn\u00e9es \u00e0 grande \u00e9chelle, il est probable que vous devrez rechercher un DPD.<\/p>\n<\/div>\n<\/div>\n<\/div>\n<\/div>\n<section id=\"service\" class=\"service\">\n<div class=\"container\"> <\/div>\n<\/section>\n\t\t\t\t\t\t\t\t<\/div>\n\t\t\t\t<\/div>\n\t\t\t\t<div class=\"elementor-element elementor-element-3753a3a elementor-align-left elementor-mobile-align-left elementor-widget elementor-widget-button\" data-id=\"3753a3a\" data-element_type=\"widget\" data-e-type=\"widget\" data-widget_type=\"button.default\">\n\t\t\t\t<div class=\"elementor-widget-container\">\n\t\t\t\t\t\t\t\t\t<div class=\"elementor-button-wrapper\">\n\t\t\t\t\t<a class=\"elementor-button elementor-button-link elementor-size-md\" href=\"https:\/\/dpoassociates.eu\/waar-kan-ik-een-dpo-vinden\/\">\n\t\t\t\t\t\t<span class=\"elementor-button-content-wrapper\">\n\t\t\t\t\t\t\t\t\t<span class=\"elementor-button-text\">Votre date de p\u00e9remption<\/span>\n\t\t\t\t\t<\/span>\n\t\t\t\t\t<\/a>\n\t\t\t\t<\/div>\n\t\t\t\t\t\t\t\t<\/div>\n\t\t\t\t<\/div>\n\t\t\t\t\t<\/div>\n\t\t<\/div>\n\t\t\t\t\t<\/div>\n\t\t<\/section>\n\t\t\t\t<\/div>\n\t\t","protected":false},"excerpt":{"rendered":"<p>O\u00f9 puis-je trouver un DPD accr\u00e9dit\u00e9 ? Quel est le r\u00f4le du DPD reconnu dans le cadre du GDPR ? Un DPD [&hellip;]<\/p>\n","protected":false},"author":1,"featured_media":0,"parent":0,"menu_order":0,"comment_status":"closed","ping_status":"closed","template":"","meta":{"_eb_attr":"","footnotes":""},"class_list":["post-7608","page","type-page","status-publish","hentry"],"yoast_head":"<!-- This site is optimized with the Yoast SEO Premium plugin v25.8 (Yoast SEO v27.2) - https:\/\/yoast.com\/product\/yoast-seo-premium-wordpress\/ -->\n<title>Le DPD dans le GDPR %sepsitename%%.<\/title>\n<meta name=\"description\" content=\"En l&#039;absence d&#039;une d\u00e9claration de confidentialit\u00e9 et d&#039;une politique en mati\u00e8re de cookies, m\u00eame la plus belle cr\u00e9ation en ligne n&#039;a aucune valeur. iReto supervise en tant que DPD reconnu.\" \/>\n<meta name=\"robots\" content=\"index, follow, max-snippet:-1, max-image-preview:large, max-video-preview:-1\" \/>\n<link rel=\"canonical\" href=\"https:\/\/dpoassociates.eu\/fr\/le-dpd-dans-le-gdpr\/\" \/>\n<meta property=\"og:locale\" content=\"fr_FR\" \/>\n<meta property=\"og:type\" content=\"article\" \/>\n<meta property=\"og:title\" content=\"Le DPD dans le GDPR\" \/>\n<meta property=\"og:description\" content=\"En l&#039;absence d&#039;une d\u00e9claration de confidentialit\u00e9 et d&#039;une politique en mati\u00e8re de cookies, m\u00eame la plus belle cr\u00e9ation en ligne n&#039;a aucune valeur. iReto supervise en tant que DPD reconnu.\" \/>\n<meta property=\"og:url\" content=\"https:\/\/dpoassociates.eu\/fr\/le-dpd-dans-le-gdpr\/\" \/>\n<meta property=\"og:site_name\" content=\"DPO Associates\" \/>\n<meta property=\"article:publisher\" content=\"https:\/\/www.facebook.com\/profile.php?id=100083400514207\" \/>\n<meta property=\"article:modified_time\" content=\"2024-07-04T11:14:46+00:00\" \/>\n<meta property=\"og:image\" content=\"https:\/\/dpoassociates.eu\/en\/dpo-in-the-gdpr\/\" \/>\n<meta name=\"twitter:card\" content=\"summary_large_image\" \/>\n<meta name=\"twitter:label1\" content=\"Dur\u00e9e de lecture estim\u00e9e\" \/>\n\t<meta name=\"twitter:data1\" content=\"5 minutes\" \/>\n<script type=\"application\/ld+json\" class=\"yoast-schema-graph\">{\"@context\":\"https:\/\/schema.org\",\"@graph\":[{\"@type\":\"WebPage\",\"@id\":\"https:\/\/dpoassociates.eu\/fr\/le-dpd-dans-le-gdpr\/\",\"url\":\"https:\/\/dpoassociates.eu\/fr\/le-dpd-dans-le-gdpr\/\",\"name\":\"Le DPD dans le GDPR %sepsitename%%.\",\"isPartOf\":{\"@id\":\"https:\/\/dpoassociates.eu\/fr\/#website\"},\"primaryImageOfPage\":{\"@id\":\"https:\/\/dpoassociates.eu\/fr\/le-dpd-dans-le-gdpr\/#primaryimage\"},\"image\":{\"@id\":\"https:\/\/dpoassociates.eu\/fr\/le-dpd-dans-le-gdpr\/#primaryimage\"},\"thumbnailUrl\":\"https:\/\/dpoassociates.eu\/en\/dpo-in-the-gdpr\/\",\"datePublished\":\"2020-05-11T08:48:29+00:00\",\"dateModified\":\"2024-07-04T11:14:46+00:00\",\"description\":\"En l'absence d'une d\u00e9claration de confidentialit\u00e9 et d'une politique en mati\u00e8re de cookies, m\u00eame la plus belle cr\u00e9ation en ligne n'a aucune valeur. iReto supervise en tant que DPD reconnu.\",\"breadcrumb\":{\"@id\":\"https:\/\/dpoassociates.eu\/fr\/le-dpd-dans-le-gdpr\/#breadcrumb\"},\"inLanguage\":\"fr-FR\",\"potentialAction\":[{\"@type\":\"ReadAction\",\"target\":[\"https:\/\/dpoassociates.eu\/fr\/le-dpd-dans-le-gdpr\/\"]}]},{\"@type\":\"ImageObject\",\"inLanguage\":\"fr-FR\",\"@id\":\"https:\/\/dpoassociates.eu\/fr\/le-dpd-dans-le-gdpr\/#primaryimage\",\"url\":\"https:\/\/dpoassociates.eu\/en\/dpo-in-the-gdpr\/\",\"contentUrl\":\"https:\/\/dpoassociates.eu\/en\/dpo-in-the-gdpr\/\"},{\"@type\":\"BreadcrumbList\",\"@id\":\"https:\/\/dpoassociates.eu\/fr\/le-dpd-dans-le-gdpr\/#breadcrumb\",\"itemListElement\":[{\"@type\":\"ListItem\",\"position\":1,\"name\":\"Home\",\"item\":\"https:\/\/dpoassociates.eu\/fr\/\"},{\"@type\":\"ListItem\",\"position\":2,\"name\":\"Le DPD dans le GDPR\"}]},{\"@type\":\"WebSite\",\"@id\":\"https:\/\/dpoassociates.eu\/fr\/#website\",\"url\":\"https:\/\/dpoassociates.eu\/fr\/\",\"name\":\"DPO Associates\",\"description\":\"Protect, Detect, Respond\",\"publisher\":{\"@id\":\"https:\/\/dpoassociates.eu\/fr\/#organization\"},\"potentialAction\":[{\"@type\":\"SearchAction\",\"target\":{\"@type\":\"EntryPoint\",\"urlTemplate\":\"https:\/\/dpoassociates.eu\/fr\/?s={search_term_string}\"},\"query-input\":{\"@type\":\"PropertyValueSpecification\",\"valueRequired\":true,\"valueName\":\"search_term_string\"}}],\"inLanguage\":\"fr-FR\"},{\"@type\":\"Organization\",\"@id\":\"https:\/\/dpoassociates.eu\/fr\/#organization\",\"name\":\"DPO Associates\",\"url\":\"https:\/\/dpoassociates.eu\/fr\/\",\"logo\":{\"@type\":\"ImageObject\",\"inLanguage\":\"fr-FR\",\"@id\":\"https:\/\/dpoassociates.eu\/fr\/#\/schema\/logo\/image\/\",\"url\":\"https:\/\/dpoassociates.eu\/wp-content\/uploads\/2022\/09\/thumbnail_Logo-DPO-Associates-negatief-zwart-negatief-002.png\",\"contentUrl\":\"https:\/\/dpoassociates.eu\/wp-content\/uploads\/2022\/09\/thumbnail_Logo-DPO-Associates-negatief-zwart-negatief-002.png\",\"width\":651,\"height\":651,\"caption\":\"DPO Associates\"},\"image\":{\"@id\":\"https:\/\/dpoassociates.eu\/fr\/#\/schema\/logo\/image\/\"},\"sameAs\":[\"https:\/\/www.facebook.com\/profile.php?id=100083400514207\",\"https:\/\/www.linkedin.com\/company\/dpo-associates-da\/\"]}]}<\/script>\n<!-- \/ Yoast SEO Premium plugin. -->","yoast_head_json":{"title":"Le DPD dans le GDPR %sepsitename%%.","description":"En l'absence d'une d\u00e9claration de confidentialit\u00e9 et d'une politique en mati\u00e8re de cookies, m\u00eame la plus belle cr\u00e9ation en ligne n'a aucune valeur. iReto supervise en tant que DPD reconnu.","robots":{"index":"index","follow":"follow","max-snippet":"max-snippet:-1","max-image-preview":"max-image-preview:large","max-video-preview":"max-video-preview:-1"},"canonical":"https:\/\/dpoassociates.eu\/fr\/le-dpd-dans-le-gdpr\/","og_locale":"fr_FR","og_type":"article","og_title":"Le DPD dans le GDPR","og_description":"En l'absence d'une d\u00e9claration de confidentialit\u00e9 et d'une politique en mati\u00e8re de cookies, m\u00eame la plus belle cr\u00e9ation en ligne n'a aucune valeur. iReto supervise en tant que DPD reconnu.","og_url":"https:\/\/dpoassociates.eu\/fr\/le-dpd-dans-le-gdpr\/","og_site_name":"DPO Associates","article_publisher":"https:\/\/www.facebook.com\/profile.php?id=100083400514207","article_modified_time":"2024-07-04T11:14:46+00:00","og_image":[{"url":"https:\/\/dpoassociates.eu\/en\/dpo-in-the-gdpr\/","type":"","width":"","height":""}],"twitter_card":"summary_large_image","twitter_misc":{"Dur\u00e9e de lecture estim\u00e9e":"5 minutes"},"schema":{"@context":"https:\/\/schema.org","@graph":[{"@type":"WebPage","@id":"https:\/\/dpoassociates.eu\/fr\/le-dpd-dans-le-gdpr\/","url":"https:\/\/dpoassociates.eu\/fr\/le-dpd-dans-le-gdpr\/","name":"Le DPD dans le GDPR %sepsitename%%.","isPartOf":{"@id":"https:\/\/dpoassociates.eu\/fr\/#website"},"primaryImageOfPage":{"@id":"https:\/\/dpoassociates.eu\/fr\/le-dpd-dans-le-gdpr\/#primaryimage"},"image":{"@id":"https:\/\/dpoassociates.eu\/fr\/le-dpd-dans-le-gdpr\/#primaryimage"},"thumbnailUrl":"https:\/\/dpoassociates.eu\/en\/dpo-in-the-gdpr\/","datePublished":"2020-05-11T08:48:29+00:00","dateModified":"2024-07-04T11:14:46+00:00","description":"En l'absence d'une d\u00e9claration de confidentialit\u00e9 et d'une politique en mati\u00e8re de cookies, m\u00eame la plus belle cr\u00e9ation en ligne n'a aucune valeur. iReto supervise en tant que DPD reconnu.","breadcrumb":{"@id":"https:\/\/dpoassociates.eu\/fr\/le-dpd-dans-le-gdpr\/#breadcrumb"},"inLanguage":"fr-FR","potentialAction":[{"@type":"ReadAction","target":["https:\/\/dpoassociates.eu\/fr\/le-dpd-dans-le-gdpr\/"]}]},{"@type":"ImageObject","inLanguage":"fr-FR","@id":"https:\/\/dpoassociates.eu\/fr\/le-dpd-dans-le-gdpr\/#primaryimage","url":"https:\/\/dpoassociates.eu\/en\/dpo-in-the-gdpr\/","contentUrl":"https:\/\/dpoassociates.eu\/en\/dpo-in-the-gdpr\/"},{"@type":"BreadcrumbList","@id":"https:\/\/dpoassociates.eu\/fr\/le-dpd-dans-le-gdpr\/#breadcrumb","itemListElement":[{"@type":"ListItem","position":1,"name":"Home","item":"https:\/\/dpoassociates.eu\/fr\/"},{"@type":"ListItem","position":2,"name":"Le DPD dans le GDPR"}]},{"@type":"WebSite","@id":"https:\/\/dpoassociates.eu\/fr\/#website","url":"https:\/\/dpoassociates.eu\/fr\/","name":"DPO Associates","description":"Protect, Detect, Respond","publisher":{"@id":"https:\/\/dpoassociates.eu\/fr\/#organization"},"potentialAction":[{"@type":"SearchAction","target":{"@type":"EntryPoint","urlTemplate":"https:\/\/dpoassociates.eu\/fr\/?s={search_term_string}"},"query-input":{"@type":"PropertyValueSpecification","valueRequired":true,"valueName":"search_term_string"}}],"inLanguage":"fr-FR"},{"@type":"Organization","@id":"https:\/\/dpoassociates.eu\/fr\/#organization","name":"DPO Associates","url":"https:\/\/dpoassociates.eu\/fr\/","logo":{"@type":"ImageObject","inLanguage":"fr-FR","@id":"https:\/\/dpoassociates.eu\/fr\/#\/schema\/logo\/image\/","url":"https:\/\/dpoassociates.eu\/wp-content\/uploads\/2022\/09\/thumbnail_Logo-DPO-Associates-negatief-zwart-negatief-002.png","contentUrl":"https:\/\/dpoassociates.eu\/wp-content\/uploads\/2022\/09\/thumbnail_Logo-DPO-Associates-negatief-zwart-negatief-002.png","width":651,"height":651,"caption":"DPO Associates"},"image":{"@id":"https:\/\/dpoassociates.eu\/fr\/#\/schema\/logo\/image\/"},"sameAs":["https:\/\/www.facebook.com\/profile.php?id=100083400514207","https:\/\/www.linkedin.com\/company\/dpo-associates-da\/"]}]}},"_links":{"self":[{"href":"https:\/\/dpoassociates.eu\/fr\/wp-json\/wp\/v2\/pages\/7608","targetHints":{"allow":["GET"]}}],"collection":[{"href":"https:\/\/dpoassociates.eu\/fr\/wp-json\/wp\/v2\/pages"}],"about":[{"href":"https:\/\/dpoassociates.eu\/fr\/wp-json\/wp\/v2\/types\/page"}],"author":[{"embeddable":true,"href":"https:\/\/dpoassociates.eu\/fr\/wp-json\/wp\/v2\/users\/1"}],"replies":[{"embeddable":true,"href":"https:\/\/dpoassociates.eu\/fr\/wp-json\/wp\/v2\/comments?post=7608"}],"version-history":[{"count":0,"href":"https:\/\/dpoassociates.eu\/fr\/wp-json\/wp\/v2\/pages\/7608\/revisions"}],"wp:attachment":[{"href":"https:\/\/dpoassociates.eu\/fr\/wp-json\/wp\/v2\/media?parent=7608"}],"curies":[{"name":"wp","href":"https:\/\/api.w.org\/{rel}","templated":true}]}}