{"id":7606,"date":"2020-09-16T13:46:01","date_gmt":"2020-09-16T13:46:01","guid":{"rendered":"https:\/\/dpoassociates.eu\/dpo-comme-personne-de-contact\/"},"modified":"2025-02-10T13:00:10","modified_gmt":"2025-02-10T13:00:10","slug":"dpo-comme-personne-de-contact","status":"publish","type":"page","link":"https:\/\/dpoassociates.eu\/fr\/dpo-comme-personne-de-contact\/","title":{"rendered":"Signification de DPD"},"content":{"rendered":"\t\t<div data-elementor-type=\"wp-page\" data-elementor-id=\"7606\" class=\"elementor elementor-7606 elementor-3025\" data-elementor-post-type=\"page\">\n\t\t\t\t\t\t<section class=\"elementor-section elementor-top-section elementor-element elementor-element-140226fc elementor-section-content-middle elementor-section-boxed elementor-section-height-default elementor-section-height-default\" data-id=\"140226fc\" data-element_type=\"section\" data-e-type=\"section\" data-settings=\"{&quot;background_background&quot;:&quot;classic&quot;}\">\n\t\t\t\t\t\t<div class=\"elementor-container elementor-column-gap-extended\">\n\t\t\t\t\t<div class=\"elementor-column elementor-col-100 elementor-top-column elementor-element elementor-element-4e4b0564\" data-id=\"4e4b0564\" data-element_type=\"column\" data-e-type=\"column\">\n\t\t\t<div class=\"elementor-widget-wrap elementor-element-populated\">\n\t\t\t\t\t\t<div class=\"elementor-element elementor-element-e98e001 elementor-widget elementor-widget-text-editor\" data-id=\"e98e001\" data-element_type=\"widget\" data-e-type=\"widget\" data-widget_type=\"text-editor.default\">\n\t\t\t\t<div class=\"elementor-widget-container\">\n\t\t\t\t\t\t\t\t\t<div><div><div><div><div><div><div><div><div><div><h3>Signification de DPD :<\/h3><p>Un DPD (d\u00e9l\u00e9gu\u00e9 \u00e0 la protection des donn\u00e9es) est un fonctionnaire charg\u00e9 de veiller au respect des lois sur la protection de la vie priv\u00e9e, telles que la loi sur la protection des donn\u00e9es (AVG\/GDPR). Ils conseillent les organisations en mati\u00e8re de protection des donn\u00e9es, \u00e9laborent des politiques et veillent \u00e0 ce que les donn\u00e9es \u00e0 caract\u00e8re personnel soient trait\u00e9es de mani\u00e8re s\u00fbre et l\u00e9gale. Le DPD exerce une fonction importante au sein d&rsquo;une organisation charg\u00e9e de veiller au respect des lois sur la protection de la vie priv\u00e9e et de prot\u00e9ger les droits \u00e0 la vie priv\u00e9e des personnes dans le cadre du traitement des donn\u00e9es \u00e0 caract\u00e8re personnel.  <\/p><\/div><\/div><\/div><\/div><\/div><\/div><\/div><\/div><\/div><\/div><h3>T\u00e2ches du DPD :<\/h3><p>Les fonctions essentielles du DPD sont la stricte ind\u00e9pendance et l&rsquo;absence totale de conflits d&rsquo;int\u00e9r\u00eats.<\/p><p>Les connaissances sp\u00e9cialis\u00e9es vont au-del\u00e0 de la simple introduction d&rsquo;une s\u00e9curit\u00e9 appropri\u00e9e et d&rsquo;obligations li\u00e9es \u00e0 la s\u00e9curit\u00e9. Les connaissances sp\u00e9cialis\u00e9es sont d\u00e9termin\u00e9es en fonction des activit\u00e9s de traitement d&rsquo;une organisation, le volume de donn\u00e9es \u00e0 caract\u00e8re personnel trait\u00e9es et tout traitement avec des entit\u00e9s en dehors de l&rsquo;Union contribuant \u00e0 d\u00e9terminer les besoins en main-d&rsquo;\u0153uvre.<\/p>\t\t\t\t\t\t\t\t<\/div>\n\t\t\t\t<\/div>\n\t\t\t\t<div class=\"elementor-element elementor-element-926eb52 elementor-widget elementor-widget-button\" data-id=\"926eb52\" data-element_type=\"widget\" data-e-type=\"widget\" data-widget_type=\"button.default\">\n\t\t\t\t<div class=\"elementor-widget-container\">\n\t\t\t\t\t\t\t\t\t<div class=\"elementor-button-wrapper\">\n\t\t\t\t\t<a class=\"elementor-button elementor-button-link elementor-size-sm\" href=\"https:\/\/dpoassociates.eu\/fr\/contact\/\">\n\t\t\t\t\t\t<span class=\"elementor-button-content-wrapper\">\n\t\t\t\t\t\t\t\t\t<span class=\"elementor-button-text\">Nommer le DPD<\/span>\n\t\t\t\t\t<\/span>\n\t\t\t\t\t<\/a>\n\t\t\t\t<\/div>\n\t\t\t\t\t\t\t\t<\/div>\n\t\t\t\t<\/div>\n\t\t\t\t\t<\/div>\n\t\t<\/div>\n\t\t\t\t\t<\/div>\n\t\t<\/section>\n\t\t\t\t<\/div>\n\t\t","protected":false},"excerpt":{"rendered":"<p>Signification de DPD : Un DPD (d\u00e9l\u00e9gu\u00e9 \u00e0 la protection des donn\u00e9es) est un fonctionnaire charg\u00e9 de veiller au respect des lois [&hellip;]<\/p>\n","protected":false},"author":1,"featured_media":7459,"parent":0,"menu_order":0,"comment_status":"closed","ping_status":"closed","template":"","meta":{"_eb_attr":"","footnotes":""},"class_list":["post-7606","page","type-page","status-publish","has-post-thumbnail","hentry"],"yoast_head":"<!-- This site is optimized with the Yoast SEO Premium plugin v25.8 (Yoast SEO v27.2) - https:\/\/yoast.com\/product\/yoast-seo-premium-wordpress\/ -->\n<title>Signification de DPD - DPO Associates<\/title>\n<meta name=\"description\" content=\"Signification du DPD : il conseille les organisations en mati\u00e8re de protection des donn\u00e9es, \u00e9labore des politiques et veille \u00e0 ce que les donn\u00e9es \u00e0 caract\u00e8re personnel soient trait\u00e9es de mani\u00e8re s\u00fbre et l\u00e9gale. Leur r\u00f4le est essentiel \u00e0 une \u00e9poque o\u00f9 la protection des donn\u00e9es est de plus en plus importante.\" \/>\n<meta name=\"robots\" content=\"index, follow, max-snippet:-1, max-image-preview:large, max-video-preview:-1\" \/>\n<link rel=\"canonical\" href=\"https:\/\/dpoassociates.eu\/fr\/dpo-comme-personne-de-contact\/\" \/>\n<meta property=\"og:locale\" content=\"fr_FR\" \/>\n<meta property=\"og:type\" content=\"article\" \/>\n<meta property=\"og:title\" content=\"Signification de DPD\" \/>\n<meta property=\"og:description\" content=\"Signification du DPD : il conseille les organisations en mati\u00e8re de protection des donn\u00e9es, \u00e9labore des politiques et veille \u00e0 ce que les donn\u00e9es \u00e0 caract\u00e8re personnel soient trait\u00e9es de mani\u00e8re s\u00fbre et l\u00e9gale. Leur r\u00f4le est essentiel \u00e0 une \u00e9poque o\u00f9 la protection des donn\u00e9es est de plus en plus importante.\" \/>\n<meta property=\"og:url\" content=\"https:\/\/dpoassociates.eu\/fr\/dpo-comme-personne-de-contact\/\" \/>\n<meta property=\"og:site_name\" content=\"DPO Associates\" \/>\n<meta property=\"article:publisher\" content=\"https:\/\/www.facebook.com\/profile.php?id=100083400514207\" \/>\n<meta property=\"article:modified_time\" content=\"2025-02-10T13:00:10+00:00\" \/>\n<meta property=\"og:image\" content=\"https:\/\/dpoassociates.eu\/wp-content\/uploads\/2021\/12\/thumbnail_Logo-DPO-Associates-negatief-zwart-negatief-002.png\" \/>\n\t<meta property=\"og:image:width\" content=\"651\" \/>\n\t<meta property=\"og:image:height\" content=\"651\" \/>\n\t<meta property=\"og:image:type\" content=\"image\/png\" \/>\n<meta name=\"twitter:card\" content=\"summary_large_image\" \/>\n<meta name=\"twitter:label1\" content=\"Dur\u00e9e de lecture estim\u00e9e\" \/>\n\t<meta name=\"twitter:data1\" content=\"1 minute\" \/>\n<script type=\"application\/ld+json\" class=\"yoast-schema-graph\">{\"@context\":\"https:\/\/schema.org\",\"@graph\":[{\"@type\":\"WebPage\",\"@id\":\"https:\/\/dpoassociates.eu\/fr\/dpo-comme-personne-de-contact\/\",\"url\":\"https:\/\/dpoassociates.eu\/fr\/dpo-comme-personne-de-contact\/\",\"name\":\"Signification de DPD - DPO Associates\",\"isPartOf\":{\"@id\":\"https:\/\/dpoassociates.eu\/fr\/#website\"},\"primaryImageOfPage\":{\"@id\":\"https:\/\/dpoassociates.eu\/fr\/dpo-comme-personne-de-contact\/#primaryimage\"},\"image\":{\"@id\":\"https:\/\/dpoassociates.eu\/fr\/dpo-comme-personne-de-contact\/#primaryimage\"},\"thumbnailUrl\":\"https:\/\/dpoassociates.eu\/wp-content\/uploads\/2021\/12\/thumbnail_Logo-DPO-Associates-negatief-zwart-negatief-002.png\",\"datePublished\":\"2020-09-16T13:46:01+00:00\",\"dateModified\":\"2025-02-10T13:00:10+00:00\",\"description\":\"Signification du DPD : il conseille les organisations en mati\u00e8re de protection des donn\u00e9es, \u00e9labore des politiques et veille \u00e0 ce que les donn\u00e9es \u00e0 caract\u00e8re personnel soient trait\u00e9es de mani\u00e8re s\u00fbre et l\u00e9gale. Leur r\u00f4le est essentiel \u00e0 une \u00e9poque o\u00f9 la protection des donn\u00e9es est de plus en plus importante.\",\"breadcrumb\":{\"@id\":\"https:\/\/dpoassociates.eu\/fr\/dpo-comme-personne-de-contact\/#breadcrumb\"},\"inLanguage\":\"fr-FR\",\"potentialAction\":[{\"@type\":\"ReadAction\",\"target\":[\"https:\/\/dpoassociates.eu\/fr\/dpo-comme-personne-de-contact\/\"]}]},{\"@type\":\"ImageObject\",\"inLanguage\":\"fr-FR\",\"@id\":\"https:\/\/dpoassociates.eu\/fr\/dpo-comme-personne-de-contact\/#primaryimage\",\"url\":\"https:\/\/dpoassociates.eu\/wp-content\/uploads\/2021\/12\/thumbnail_Logo-DPO-Associates-negatief-zwart-negatief-002.png\",\"contentUrl\":\"https:\/\/dpoassociates.eu\/wp-content\/uploads\/2021\/12\/thumbnail_Logo-DPO-Associates-negatief-zwart-negatief-002.png\",\"width\":651,\"height\":651},{\"@type\":\"BreadcrumbList\",\"@id\":\"https:\/\/dpoassociates.eu\/fr\/dpo-comme-personne-de-contact\/#breadcrumb\",\"itemListElement\":[{\"@type\":\"ListItem\",\"position\":1,\"name\":\"Home\",\"item\":\"https:\/\/dpoassociates.eu\/fr\/\"},{\"@type\":\"ListItem\",\"position\":2,\"name\":\"Signification de DPD\"}]},{\"@type\":\"WebSite\",\"@id\":\"https:\/\/dpoassociates.eu\/fr\/#website\",\"url\":\"https:\/\/dpoassociates.eu\/fr\/\",\"name\":\"DPO Associates\",\"description\":\"Protect, Detect, Respond\",\"publisher\":{\"@id\":\"https:\/\/dpoassociates.eu\/fr\/#organization\"},\"potentialAction\":[{\"@type\":\"SearchAction\",\"target\":{\"@type\":\"EntryPoint\",\"urlTemplate\":\"https:\/\/dpoassociates.eu\/fr\/?s={search_term_string}\"},\"query-input\":{\"@type\":\"PropertyValueSpecification\",\"valueRequired\":true,\"valueName\":\"search_term_string\"}}],\"inLanguage\":\"fr-FR\"},{\"@type\":\"Organization\",\"@id\":\"https:\/\/dpoassociates.eu\/fr\/#organization\",\"name\":\"DPO Associates\",\"url\":\"https:\/\/dpoassociates.eu\/fr\/\",\"logo\":{\"@type\":\"ImageObject\",\"inLanguage\":\"fr-FR\",\"@id\":\"https:\/\/dpoassociates.eu\/fr\/#\/schema\/logo\/image\/\",\"url\":\"https:\/\/dpoassociates.eu\/wp-content\/uploads\/2022\/09\/thumbnail_Logo-DPO-Associates-negatief-zwart-negatief-002.png\",\"contentUrl\":\"https:\/\/dpoassociates.eu\/wp-content\/uploads\/2022\/09\/thumbnail_Logo-DPO-Associates-negatief-zwart-negatief-002.png\",\"width\":651,\"height\":651,\"caption\":\"DPO Associates\"},\"image\":{\"@id\":\"https:\/\/dpoassociates.eu\/fr\/#\/schema\/logo\/image\/\"},\"sameAs\":[\"https:\/\/www.facebook.com\/profile.php?id=100083400514207\",\"https:\/\/www.linkedin.com\/company\/dpo-associates-da\/\"]}]}<\/script>\n<!-- \/ Yoast SEO Premium plugin. -->","yoast_head_json":{"title":"Signification de DPD - DPO Associates","description":"Signification du DPD : il conseille les organisations en mati\u00e8re de protection des donn\u00e9es, \u00e9labore des politiques et veille \u00e0 ce que les donn\u00e9es \u00e0 caract\u00e8re personnel soient trait\u00e9es de mani\u00e8re s\u00fbre et l\u00e9gale. Leur r\u00f4le est essentiel \u00e0 une \u00e9poque o\u00f9 la protection des donn\u00e9es est de plus en plus importante.","robots":{"index":"index","follow":"follow","max-snippet":"max-snippet:-1","max-image-preview":"max-image-preview:large","max-video-preview":"max-video-preview:-1"},"canonical":"https:\/\/dpoassociates.eu\/fr\/dpo-comme-personne-de-contact\/","og_locale":"fr_FR","og_type":"article","og_title":"Signification de DPD","og_description":"Signification du DPD : il conseille les organisations en mati\u00e8re de protection des donn\u00e9es, \u00e9labore des politiques et veille \u00e0 ce que les donn\u00e9es \u00e0 caract\u00e8re personnel soient trait\u00e9es de mani\u00e8re s\u00fbre et l\u00e9gale. Leur r\u00f4le est essentiel \u00e0 une \u00e9poque o\u00f9 la protection des donn\u00e9es est de plus en plus importante.","og_url":"https:\/\/dpoassociates.eu\/fr\/dpo-comme-personne-de-contact\/","og_site_name":"DPO Associates","article_publisher":"https:\/\/www.facebook.com\/profile.php?id=100083400514207","article_modified_time":"2025-02-10T13:00:10+00:00","og_image":[{"width":651,"height":651,"url":"https:\/\/dpoassociates.eu\/wp-content\/uploads\/2021\/12\/thumbnail_Logo-DPO-Associates-negatief-zwart-negatief-002.png","type":"image\/png"}],"twitter_card":"summary_large_image","twitter_misc":{"Dur\u00e9e de lecture estim\u00e9e":"1 minute"},"schema":{"@context":"https:\/\/schema.org","@graph":[{"@type":"WebPage","@id":"https:\/\/dpoassociates.eu\/fr\/dpo-comme-personne-de-contact\/","url":"https:\/\/dpoassociates.eu\/fr\/dpo-comme-personne-de-contact\/","name":"Signification de DPD - DPO Associates","isPartOf":{"@id":"https:\/\/dpoassociates.eu\/fr\/#website"},"primaryImageOfPage":{"@id":"https:\/\/dpoassociates.eu\/fr\/dpo-comme-personne-de-contact\/#primaryimage"},"image":{"@id":"https:\/\/dpoassociates.eu\/fr\/dpo-comme-personne-de-contact\/#primaryimage"},"thumbnailUrl":"https:\/\/dpoassociates.eu\/wp-content\/uploads\/2021\/12\/thumbnail_Logo-DPO-Associates-negatief-zwart-negatief-002.png","datePublished":"2020-09-16T13:46:01+00:00","dateModified":"2025-02-10T13:00:10+00:00","description":"Signification du DPD : il conseille les organisations en mati\u00e8re de protection des donn\u00e9es, \u00e9labore des politiques et veille \u00e0 ce que les donn\u00e9es \u00e0 caract\u00e8re personnel soient trait\u00e9es de mani\u00e8re s\u00fbre et l\u00e9gale. Leur r\u00f4le est essentiel \u00e0 une \u00e9poque o\u00f9 la protection des donn\u00e9es est de plus en plus importante.","breadcrumb":{"@id":"https:\/\/dpoassociates.eu\/fr\/dpo-comme-personne-de-contact\/#breadcrumb"},"inLanguage":"fr-FR","potentialAction":[{"@type":"ReadAction","target":["https:\/\/dpoassociates.eu\/fr\/dpo-comme-personne-de-contact\/"]}]},{"@type":"ImageObject","inLanguage":"fr-FR","@id":"https:\/\/dpoassociates.eu\/fr\/dpo-comme-personne-de-contact\/#primaryimage","url":"https:\/\/dpoassociates.eu\/wp-content\/uploads\/2021\/12\/thumbnail_Logo-DPO-Associates-negatief-zwart-negatief-002.png","contentUrl":"https:\/\/dpoassociates.eu\/wp-content\/uploads\/2021\/12\/thumbnail_Logo-DPO-Associates-negatief-zwart-negatief-002.png","width":651,"height":651},{"@type":"BreadcrumbList","@id":"https:\/\/dpoassociates.eu\/fr\/dpo-comme-personne-de-contact\/#breadcrumb","itemListElement":[{"@type":"ListItem","position":1,"name":"Home","item":"https:\/\/dpoassociates.eu\/fr\/"},{"@type":"ListItem","position":2,"name":"Signification de DPD"}]},{"@type":"WebSite","@id":"https:\/\/dpoassociates.eu\/fr\/#website","url":"https:\/\/dpoassociates.eu\/fr\/","name":"DPO Associates","description":"Protect, Detect, Respond","publisher":{"@id":"https:\/\/dpoassociates.eu\/fr\/#organization"},"potentialAction":[{"@type":"SearchAction","target":{"@type":"EntryPoint","urlTemplate":"https:\/\/dpoassociates.eu\/fr\/?s={search_term_string}"},"query-input":{"@type":"PropertyValueSpecification","valueRequired":true,"valueName":"search_term_string"}}],"inLanguage":"fr-FR"},{"@type":"Organization","@id":"https:\/\/dpoassociates.eu\/fr\/#organization","name":"DPO Associates","url":"https:\/\/dpoassociates.eu\/fr\/","logo":{"@type":"ImageObject","inLanguage":"fr-FR","@id":"https:\/\/dpoassociates.eu\/fr\/#\/schema\/logo\/image\/","url":"https:\/\/dpoassociates.eu\/wp-content\/uploads\/2022\/09\/thumbnail_Logo-DPO-Associates-negatief-zwart-negatief-002.png","contentUrl":"https:\/\/dpoassociates.eu\/wp-content\/uploads\/2022\/09\/thumbnail_Logo-DPO-Associates-negatief-zwart-negatief-002.png","width":651,"height":651,"caption":"DPO Associates"},"image":{"@id":"https:\/\/dpoassociates.eu\/fr\/#\/schema\/logo\/image\/"},"sameAs":["https:\/\/www.facebook.com\/profile.php?id=100083400514207","https:\/\/www.linkedin.com\/company\/dpo-associates-da\/"]}]}},"_links":{"self":[{"href":"https:\/\/dpoassociates.eu\/fr\/wp-json\/wp\/v2\/pages\/7606","targetHints":{"allow":["GET"]}}],"collection":[{"href":"https:\/\/dpoassociates.eu\/fr\/wp-json\/wp\/v2\/pages"}],"about":[{"href":"https:\/\/dpoassociates.eu\/fr\/wp-json\/wp\/v2\/types\/page"}],"author":[{"embeddable":true,"href":"https:\/\/dpoassociates.eu\/fr\/wp-json\/wp\/v2\/users\/1"}],"replies":[{"embeddable":true,"href":"https:\/\/dpoassociates.eu\/fr\/wp-json\/wp\/v2\/comments?post=7606"}],"version-history":[{"count":0,"href":"https:\/\/dpoassociates.eu\/fr\/wp-json\/wp\/v2\/pages\/7606\/revisions"}],"wp:featuredmedia":[{"embeddable":true,"href":"https:\/\/dpoassociates.eu\/fr\/wp-json\/wp\/v2\/media\/7459"}],"wp:attachment":[{"href":"https:\/\/dpoassociates.eu\/fr\/wp-json\/wp\/v2\/media?parent=7606"}],"curies":[{"name":"wp","href":"https:\/\/api.w.org\/{rel}","templated":true}]}}