{"id":7590,"date":"2021-11-01T18:46:44","date_gmt":"2021-11-01T18:46:44","guid":{"rendered":"https:\/\/dpoassociates.eu\/politique-en-matiere-de-cookies\/"},"modified":"2025-02-27T14:32:45","modified_gmt":"2025-02-27T13:32:45","slug":"politique-en-matiere-de-cookies","status":"publish","type":"page","link":"https:\/\/dpoassociates.eu\/fr\/politique-en-matiere-de-cookies\/","title":{"rendered":"D\u00e9claration sur les cookies"},"content":{"rendered":"\t\t<div data-elementor-type=\"wp-page\" data-elementor-id=\"7590\" class=\"elementor elementor-7590 elementor-152\" data-elementor-post-type=\"page\">\n\t\t\t\t\t\t<section class=\"elementor-section elementor-top-section elementor-element elementor-element-1a1ebaa5 elementor-section-boxed elementor-section-height-default elementor-section-height-default\" data-id=\"1a1ebaa5\" data-element_type=\"section\" data-e-type=\"section\">\n\t\t\t\t\t\t<div class=\"elementor-container elementor-column-gap-default\">\n\t\t\t\t\t<div class=\"elementor-column elementor-col-100 elementor-top-column elementor-element elementor-element-5b9f4aa4\" data-id=\"5b9f4aa4\" data-element_type=\"column\" data-e-type=\"column\">\n\t\t\t<div class=\"elementor-widget-wrap elementor-element-populated\">\n\t\t\t\t\t\t<div class=\"elementor-element elementor-element-b655d12 elementor-widget elementor-widget-text-editor\" data-id=\"b655d12\" data-element_type=\"widget\" data-e-type=\"widget\" data-widget_type=\"text-editor.default\">\n\t\t\t\t<div class=\"elementor-widget-container\">\n\t\t\t\t\t\t\t\t\t<h3>Les pages Internet de DPO Associates utilisent des cookies.<\/h3><p>Les cookies sont des fichiers texte stock\u00e9s dans un syst\u00e8me informatique par l&rsquo;interm\u00e9diaire d&rsquo;un navigateur Internet.<br>De nombreux sites et serveurs Internet utilisent des cookies. De nombreux cookies contiennent ce que l&rsquo;on appelle un identifiant de cookie. L&rsquo;identifiant du cookie est un identifiant unique du cookie. Il s&rsquo;agit d&rsquo;une cha\u00eene de caract\u00e8res qui permet aux pages Internet et aux serveurs d&rsquo;\u00eatre associ\u00e9s au navigateur Internet sp\u00e9cifique dans lequel le cookie est stock\u00e9. Cela permet aux sites Internet visit\u00e9s et aux serveurs de distinguer le navigateur individuel de la personne concern\u00e9e des autres navigateurs Internet contenant d&rsquo;autres cookies. Un navigateur Internet sp\u00e9cifique peut \u00eatre reconnu et identifi\u00e9 par son identifiant de cookie unique.<\/p><p>En utilisant des cookies, DPO Associates peut fournir aux utilisateurs de ce site web des services plus conviviaux qui ne seraient pas possibles sans le param\u00e9trage des cookies.<\/p><p>Pour faciliter votre utilisation de notre site web, des cookies techniques et des cookies de session sont utilis\u00e9s. Ces cookies sont donc strictement n\u00e9cessaires au fonctionnement du site web.<br>Un cookie permet d&rsquo;optimiser les informations et les offres de notre site web en fonction de l&rsquo;utilisateur. Les cookies, comme mentionn\u00e9 pr\u00e9c\u00e9demment, nous permettent de reconna\u00eetre les utilisateurs de notre site web. L&rsquo;objectif de cette reconnaissance est de faciliter l&rsquo;utilisation de notre site web. Par exemple, l&rsquo;utilisateur du site web qui utilise des cookies n&rsquo;a pas besoin de saisir ses donn\u00e9es d&rsquo;acc\u00e8s \u00e0 chaque fois qu&rsquo;il visite le site web, car celles-ci sont adopt\u00e9es par le site web et le cookie est donc stock\u00e9 sur le syst\u00e8me informatique de l&rsquo;utilisateur.<\/p><p>Tous les autres cookies ne sont install\u00e9s\/activ\u00e9s qu&rsquo;apr\u00e8s votre consentement explicite et pr\u00e9alable lors de votre premi\u00e8re visite sur le site web. Ce consentement peut \u00eatre exprim\u00e9 de mani\u00e8re g\u00e9n\u00e9rale, par exemple en r\u00e9ponse \u00e0 la banni\u00e8re du cookie. Votre consentement est conserv\u00e9 pour d&rsquo;autres visites futures sur le site web. En tant qu&rsquo;utilisateur, vous avez toujours le droit de retirer votre consentement explicite, en tout ou en partie.<br>Les cookies \u00e9tant des donn\u00e9es personnelles, leur traitement est couvert par notre d\u00e9claration de confidentialit\u00e9. En acceptant notre politique en mati\u00e8re de cookies, vous nous autorisez \u00e0 traiter vos donn\u00e9es personnelles (en particulier les cookies) conform\u00e9ment \u00e0 notre d\u00e9claration de confidentialit\u00e9.<\/p><p>Pour plus d&rsquo;informations sur les cookies, voir www.allaboutcookies.org ou www.youronlinechoices.eu.<\/p><h3>L&rsquo;utilisation de \u00ab\u00a0cookies\u00a0\u00bb.<\/h3><p>Lors d&rsquo;une visite sur le site, des \u00ab\u00a0cookies\u00a0\u00bb peuvent \u00eatre plac\u00e9s sur le disque dur de votre ordinateur. Un cookie est un fichier texte plac\u00e9 par le serveur d&rsquo;un site web dans le navigateur de votre ordinateur ou sur votre appareil mobile lorsque vous consultez un site web. Les cookies ne peuvent pas \u00eatre utilis\u00e9s pour identifier des individus, un cookie ne peut identifier qu&rsquo;une machine.<\/p><h3>DPO Associates utilise les cookies suivants :<\/h3><p>Les \u00ab\u00a0cookies de premi\u00e8re partie\u00a0\u00bb sont des cookies techniques utilis\u00e9s par le site visit\u00e9 lui-m\u00eame et dont l&rsquo;objectif est de faire fonctionner le site de mani\u00e8re optimale. Exemple : les r\u00e9glages effectu\u00e9s par l&rsquo;utilisateur lors de ses pr\u00e9c\u00e9dentes visites sur le site, ou encore : un formulaire pr\u00e9-rempli avec les donn\u00e9es que l&rsquo;utilisateur a saisies lors de ses pr\u00e9c\u00e9dentes visites.<br>Les \u00ab\u00a0cookies de tiers\u00a0\u00bb sont des cookies qui ne proviennent pas du site web lui-m\u00eame, mais de tiers, par exemple un plug-in de marketing ou de publicit\u00e9 existant. Par exemple, les cookies de Facebook ou de Google Analytics. Pour ces cookies, le visiteur du site doit d&rsquo;abord donner son consentement &#8211; cela peut se faire par le biais d&rsquo;une barre en bas ou en haut du site web, faisant r\u00e9f\u00e9rence \u00e0 cette politique, ce qui n&#8217;emp\u00eache pas la poursuite de la navigation sur le site web).<\/p><p>Vous pouvez configurer votre navigateur Internet pour qu&rsquo;il n&rsquo;accepte pas les cookies, pour qu&rsquo;il vous avertisse lorsqu&rsquo;un cookie est install\u00e9 ou pour qu&rsquo;il supprime ensuite les cookies de votre disque dur. Vous pouvez le faire dans les param\u00e8tres de votre navigateur (via la fonction d&rsquo;aide). Veuillez noter que certains graphiques peuvent ne pas appara\u00eetre correctement ou que vous ne pourrez pas utiliser certaines applications.<br>En utilisant notre site web, vous acceptez que nous utilisions des cookies.<\/p><p> <\/p><h3>Google Adwords<\/h3><p>DPO associates a int\u00e9gr\u00e9 Google Adwords sur son site web. Google AdWords est un service de publicit\u00e9 sur Internet qui permet aux associ\u00e9s du DPD de placer des annonces dans les r\u00e9sultats de recherche du moteur de recherche Google et dans le r\u00e9seau publicitaire de Google. Google AdWords nous permet de d\u00e9finir des mots-cl\u00e9s pr\u00e9d\u00e9finis qui permettent \u00e0 une annonce d&rsquo;appara\u00eetre dans les r\u00e9sultats de recherche de Google uniquement lorsque l&rsquo;utilisateur utilise le moteur de recherche pour obtenir un r\u00e9sultat de recherche pertinent par rapport au mot-cl\u00e9. Dans le r\u00e9seau publicitaire de Google, les annonces sont diffus\u00e9es sur des pages web pertinentes \u00e0 l&rsquo;aide d&rsquo;un algorithme automatique, en tenant compte des mots-cl\u00e9s d\u00e9finis au pr\u00e9alable.<br>L&rsquo;objectif de Google AdWords est de promouvoir notre site web en incluant des annonces pertinentes sur des sites web de tiers et dans les r\u00e9sultats de recherche du moteur de recherche Google et en ins\u00e9rant des annonces de tiers sur notre site web.<br>Si une personne concern\u00e9e acc\u00e8de \u00e0 notre site web par le biais d&rsquo;une annonce Google, un cookie de conversion est stock\u00e9 sur le syst\u00e8me informatique de la personne concern\u00e9e par l&rsquo;interm\u00e9diaire de Google. La d\u00e9finition des cookies est expliqu\u00e9e ci-dessus. Un cookie de conversion perd sa validit\u00e9 apr\u00e8s 30 jours et n&rsquo;est pas utilis\u00e9 pour identifier la personne concern\u00e9e. Si le cookie n&rsquo;a pas expir\u00e9, le cookie de conversion est utilis\u00e9 pour v\u00e9rifier si certaines sous-pages, par exemple le panier d&rsquo;achat d&rsquo;un syst\u00e8me d&rsquo;achat en ligne, ont \u00e9t\u00e9 appel\u00e9es sur notre site web.<br>Les donn\u00e9es et informations collect\u00e9es par l&rsquo;utilisation du cookie de conversion sont utilis\u00e9es par Google pour \u00e9tablir des statistiques de visite de notre site web. Ces statistiques de visite sont utilis\u00e9es pour d\u00e9terminer le nombre total d&rsquo;utilisateurs desservis par les annonces AdWords, pour d\u00e9terminer le succ\u00e8s ou l&rsquo;\u00e9chec de chaque annonce AdWords et pour optimiser nos annonces AdWords \u00e0 l&rsquo;avenir. Ni notre soci\u00e9t\u00e9 ni les autres annonceurs de Google AdWords ne re\u00e7oivent de Google des informations permettant d&rsquo;identifier la personne concern\u00e9e.<br>Le cookie de conversion stocke des informations personnelles, par exemple les pages Internet visit\u00e9es par la personne concern\u00e9e. Lors de chaque visite de nos pages Internet, des donn\u00e9es personnelles, y compris l&rsquo;adresse IP de l&rsquo;acc\u00e8s Internet utilis\u00e9 par la personne concern\u00e9e, sont transmises \u00e0 Google \u00e0 Dublin, Irlande. Ces donn\u00e9es personnelles sont stock\u00e9es par Google en Irlande. Google peut transmettre \u00e0 des tiers les donn\u00e9es personnelles collect\u00e9es dans le cadre de la proc\u00e9dure technique.<\/p>\t\t\t\t\t\t\t\t<\/div>\n\t\t\t\t<\/div>\n\t\t\t\t\t<\/div>\n\t\t<\/div>\n\t\t\t\t\t<\/div>\n\t\t<\/section>\n\t\t\t\t<\/div>\n\t\t","protected":false},"excerpt":{"rendered":"<p>Les pages Internet de DPO Associates utilisent des cookies. Les cookies sont des fichiers texte stock\u00e9s dans un syst\u00e8me informatique par l&rsquo;interm\u00e9diaire [&hellip;]<\/p>\n","protected":false},"author":1,"featured_media":0,"parent":0,"menu_order":0,"comment_status":"closed","ping_status":"closed","template":"","meta":{"_eb_attr":"","footnotes":""},"class_list":["post-7590","page","type-page","status-publish","hentry"],"yoast_head":"<!-- This site is optimized with the Yoast SEO Premium plugin v25.8 (Yoast SEO v27.2) - https:\/\/yoast.com\/product\/yoast-seo-premium-wordpress\/ -->\n<title>D\u00e9claration sur les cookies De DPO Associates<\/title>\n<meta name=\"description\" content=\"D\u00e9couvrez ce qu&#039;est une d\u00e9claration de cookie et pourquoi elle est importante pour votre site web.\" \/>\n<meta name=\"robots\" content=\"index, follow, max-snippet:-1, max-image-preview:large, max-video-preview:-1\" \/>\n<link rel=\"canonical\" href=\"https:\/\/dpoassociates.eu\/fr\/politique-en-matiere-de-cookies\/\" \/>\n<meta property=\"og:locale\" content=\"fr_FR\" \/>\n<meta property=\"og:type\" content=\"article\" \/>\n<meta property=\"og:title\" content=\"D\u00e9claration sur les cookies\" \/>\n<meta property=\"og:description\" content=\"D\u00e9couvrez ce qu&#039;est une d\u00e9claration de cookie et pourquoi elle est importante pour votre site web.\" \/>\n<meta property=\"og:url\" content=\"https:\/\/dpoassociates.eu\/fr\/politique-en-matiere-de-cookies\/\" \/>\n<meta property=\"og:site_name\" content=\"DPO Associates\" \/>\n<meta property=\"article:publisher\" content=\"https:\/\/www.facebook.com\/profile.php?id=100083400514207\" \/>\n<meta property=\"article:modified_time\" content=\"2025-02-27T13:32:45+00:00\" \/>\n<meta name=\"twitter:card\" content=\"summary_large_image\" \/>\n<meta name=\"twitter:label1\" content=\"Dur\u00e9e de lecture estim\u00e9e\" \/>\n\t<meta name=\"twitter:data1\" content=\"6 minutes\" \/>\n<script type=\"application\/ld+json\" class=\"yoast-schema-graph\">{\"@context\":\"https:\/\/schema.org\",\"@graph\":[{\"@type\":\"WebPage\",\"@id\":\"https:\/\/dpoassociates.eu\/fr\/politique-en-matiere-de-cookies\/\",\"url\":\"https:\/\/dpoassociates.eu\/fr\/politique-en-matiere-de-cookies\/\",\"name\":\"D\u00e9claration sur les cookies De DPO Associates\",\"isPartOf\":{\"@id\":\"https:\/\/dpoassociates.eu\/fr\/#website\"},\"datePublished\":\"2021-11-01T18:46:44+00:00\",\"dateModified\":\"2025-02-27T13:32:45+00:00\",\"description\":\"D\u00e9couvrez ce qu'est une d\u00e9claration de cookie et pourquoi elle est importante pour votre site web.\",\"breadcrumb\":{\"@id\":\"https:\/\/dpoassociates.eu\/fr\/politique-en-matiere-de-cookies\/#breadcrumb\"},\"inLanguage\":\"fr-FR\",\"potentialAction\":[{\"@type\":\"ReadAction\",\"target\":[\"https:\/\/dpoassociates.eu\/fr\/politique-en-matiere-de-cookies\/\"]}]},{\"@type\":\"BreadcrumbList\",\"@id\":\"https:\/\/dpoassociates.eu\/fr\/politique-en-matiere-de-cookies\/#breadcrumb\",\"itemListElement\":[{\"@type\":\"ListItem\",\"position\":1,\"name\":\"Home\",\"item\":\"https:\/\/dpoassociates.eu\/fr\/\"},{\"@type\":\"ListItem\",\"position\":2,\"name\":\"D\u00e9claration sur les cookies\"}]},{\"@type\":\"WebSite\",\"@id\":\"https:\/\/dpoassociates.eu\/fr\/#website\",\"url\":\"https:\/\/dpoassociates.eu\/fr\/\",\"name\":\"DPO Associates\",\"description\":\"Protect, Detect, Respond\",\"publisher\":{\"@id\":\"https:\/\/dpoassociates.eu\/fr\/#organization\"},\"potentialAction\":[{\"@type\":\"SearchAction\",\"target\":{\"@type\":\"EntryPoint\",\"urlTemplate\":\"https:\/\/dpoassociates.eu\/fr\/?s={search_term_string}\"},\"query-input\":{\"@type\":\"PropertyValueSpecification\",\"valueRequired\":true,\"valueName\":\"search_term_string\"}}],\"inLanguage\":\"fr-FR\"},{\"@type\":\"Organization\",\"@id\":\"https:\/\/dpoassociates.eu\/fr\/#organization\",\"name\":\"DPO Associates\",\"url\":\"https:\/\/dpoassociates.eu\/fr\/\",\"logo\":{\"@type\":\"ImageObject\",\"inLanguage\":\"fr-FR\",\"@id\":\"https:\/\/dpoassociates.eu\/fr\/#\/schema\/logo\/image\/\",\"url\":\"https:\/\/dpoassociates.eu\/wp-content\/uploads\/2022\/09\/thumbnail_Logo-DPO-Associates-negatief-zwart-negatief-002.png\",\"contentUrl\":\"https:\/\/dpoassociates.eu\/wp-content\/uploads\/2022\/09\/thumbnail_Logo-DPO-Associates-negatief-zwart-negatief-002.png\",\"width\":651,\"height\":651,\"caption\":\"DPO Associates\"},\"image\":{\"@id\":\"https:\/\/dpoassociates.eu\/fr\/#\/schema\/logo\/image\/\"},\"sameAs\":[\"https:\/\/www.facebook.com\/profile.php?id=100083400514207\",\"https:\/\/www.linkedin.com\/company\/dpo-associates-da\/\"]}]}<\/script>\n<!-- \/ Yoast SEO Premium plugin. -->","yoast_head_json":{"title":"D\u00e9claration sur les cookies De DPO Associates","description":"D\u00e9couvrez ce qu'est une d\u00e9claration de cookie et pourquoi elle est importante pour votre site web.","robots":{"index":"index","follow":"follow","max-snippet":"max-snippet:-1","max-image-preview":"max-image-preview:large","max-video-preview":"max-video-preview:-1"},"canonical":"https:\/\/dpoassociates.eu\/fr\/politique-en-matiere-de-cookies\/","og_locale":"fr_FR","og_type":"article","og_title":"D\u00e9claration sur les cookies","og_description":"D\u00e9couvrez ce qu'est une d\u00e9claration de cookie et pourquoi elle est importante pour votre site web.","og_url":"https:\/\/dpoassociates.eu\/fr\/politique-en-matiere-de-cookies\/","og_site_name":"DPO Associates","article_publisher":"https:\/\/www.facebook.com\/profile.php?id=100083400514207","article_modified_time":"2025-02-27T13:32:45+00:00","twitter_card":"summary_large_image","twitter_misc":{"Dur\u00e9e de lecture estim\u00e9e":"6 minutes"},"schema":{"@context":"https:\/\/schema.org","@graph":[{"@type":"WebPage","@id":"https:\/\/dpoassociates.eu\/fr\/politique-en-matiere-de-cookies\/","url":"https:\/\/dpoassociates.eu\/fr\/politique-en-matiere-de-cookies\/","name":"D\u00e9claration sur les cookies De DPO Associates","isPartOf":{"@id":"https:\/\/dpoassociates.eu\/fr\/#website"},"datePublished":"2021-11-01T18:46:44+00:00","dateModified":"2025-02-27T13:32:45+00:00","description":"D\u00e9couvrez ce qu'est une d\u00e9claration de cookie et pourquoi elle est importante pour votre site web.","breadcrumb":{"@id":"https:\/\/dpoassociates.eu\/fr\/politique-en-matiere-de-cookies\/#breadcrumb"},"inLanguage":"fr-FR","potentialAction":[{"@type":"ReadAction","target":["https:\/\/dpoassociates.eu\/fr\/politique-en-matiere-de-cookies\/"]}]},{"@type":"BreadcrumbList","@id":"https:\/\/dpoassociates.eu\/fr\/politique-en-matiere-de-cookies\/#breadcrumb","itemListElement":[{"@type":"ListItem","position":1,"name":"Home","item":"https:\/\/dpoassociates.eu\/fr\/"},{"@type":"ListItem","position":2,"name":"D\u00e9claration sur les cookies"}]},{"@type":"WebSite","@id":"https:\/\/dpoassociates.eu\/fr\/#website","url":"https:\/\/dpoassociates.eu\/fr\/","name":"DPO Associates","description":"Protect, Detect, Respond","publisher":{"@id":"https:\/\/dpoassociates.eu\/fr\/#organization"},"potentialAction":[{"@type":"SearchAction","target":{"@type":"EntryPoint","urlTemplate":"https:\/\/dpoassociates.eu\/fr\/?s={search_term_string}"},"query-input":{"@type":"PropertyValueSpecification","valueRequired":true,"valueName":"search_term_string"}}],"inLanguage":"fr-FR"},{"@type":"Organization","@id":"https:\/\/dpoassociates.eu\/fr\/#organization","name":"DPO Associates","url":"https:\/\/dpoassociates.eu\/fr\/","logo":{"@type":"ImageObject","inLanguage":"fr-FR","@id":"https:\/\/dpoassociates.eu\/fr\/#\/schema\/logo\/image\/","url":"https:\/\/dpoassociates.eu\/wp-content\/uploads\/2022\/09\/thumbnail_Logo-DPO-Associates-negatief-zwart-negatief-002.png","contentUrl":"https:\/\/dpoassociates.eu\/wp-content\/uploads\/2022\/09\/thumbnail_Logo-DPO-Associates-negatief-zwart-negatief-002.png","width":651,"height":651,"caption":"DPO Associates"},"image":{"@id":"https:\/\/dpoassociates.eu\/fr\/#\/schema\/logo\/image\/"},"sameAs":["https:\/\/www.facebook.com\/profile.php?id=100083400514207","https:\/\/www.linkedin.com\/company\/dpo-associates-da\/"]}]}},"_links":{"self":[{"href":"https:\/\/dpoassociates.eu\/fr\/wp-json\/wp\/v2\/pages\/7590","targetHints":{"allow":["GET"]}}],"collection":[{"href":"https:\/\/dpoassociates.eu\/fr\/wp-json\/wp\/v2\/pages"}],"about":[{"href":"https:\/\/dpoassociates.eu\/fr\/wp-json\/wp\/v2\/types\/page"}],"author":[{"embeddable":true,"href":"https:\/\/dpoassociates.eu\/fr\/wp-json\/wp\/v2\/users\/1"}],"replies":[{"embeddable":true,"href":"https:\/\/dpoassociates.eu\/fr\/wp-json\/wp\/v2\/comments?post=7590"}],"version-history":[{"count":2,"href":"https:\/\/dpoassociates.eu\/fr\/wp-json\/wp\/v2\/pages\/7590\/revisions"}],"predecessor-version":[{"id":20070,"href":"https:\/\/dpoassociates.eu\/fr\/wp-json\/wp\/v2\/pages\/7590\/revisions\/20070"}],"wp:attachment":[{"href":"https:\/\/dpoassociates.eu\/fr\/wp-json\/wp\/v2\/media?parent=7590"}],"curies":[{"name":"wp","href":"https:\/\/api.w.org\/{rel}","templated":true}]}}