{"id":7566,"date":"2021-10-20T14:48:06","date_gmt":"2021-10-20T14:48:06","guid":{"rendered":"https:\/\/dpoassociates.eu\/politique-de-confidentialite\/"},"modified":"2024-07-10T09:21:53","modified_gmt":"2024-07-10T09:21:53","slug":"politique-de-confidentialite","status":"publish","type":"page","link":"https:\/\/dpoassociates.eu\/fr\/politique-de-confidentialite\/","title":{"rendered":"D\u00e9claration de confidentialit\u00e9"},"content":{"rendered":"\t\t<div data-elementor-type=\"wp-page\" data-elementor-id=\"7566\" class=\"elementor elementor-7566 elementor-3\" data-elementor-post-type=\"page\">\n\t\t\t\t\t\t<section class=\"elementor-section elementor-top-section elementor-element elementor-element-4866a38b elementor-section-boxed elementor-section-height-default elementor-section-height-default\" data-id=\"4866a38b\" data-element_type=\"section\" data-e-type=\"section\">\n\t\t\t\t\t\t<div class=\"elementor-container elementor-column-gap-default\">\n\t\t\t\t\t<div class=\"elementor-column elementor-col-100 elementor-top-column elementor-element elementor-element-1f97917f\" data-id=\"1f97917f\" data-element_type=\"column\" data-e-type=\"column\">\n\t\t\t<div class=\"elementor-widget-wrap elementor-element-populated\">\n\t\t\t\t\t\t<div class=\"elementor-element elementor-element-46972f7d elementor-widget elementor-widget-text-editor\" data-id=\"46972f7d\" data-element_type=\"widget\" data-e-type=\"widget\" data-widget_type=\"text-editor.default\">\n\t\t\t\t<div class=\"elementor-widget-container\">\n\t\t\t\t\t\t\t\t\t<p><strong>D\u00e9claration de confidentialit\u00e9 de DPO Associates bv version 2.0<\/strong><\/p>\n<p><strong>Nom : DPO Associates bv <\/strong> <\/p>\n<p><strong>Adresse : B-3550 Heusden-Zolder, Guido Gezellelaan 113\/1<\/strong><\/p>\n<p><strong>Num\u00e9ro d&rsquo;entreprise : CBE BE0781.552.160<\/strong><\/p>\n<p>Comme nous nous conformons au GDPR\/AVG &#8211; L\u00e9gislation en vigueur depuis le 25\/05\/2018, nous vous pr\u00e9sentons cette d\u00e9claration de confidentialit\u00e9.<\/p>\n<p>Si vous avez des questions apr\u00e8s avoir lu cette d\u00e9claration, vous pouvez toujours contacter notre DPD, M. <a href=\"https:\/\/www.linkedin.com\/in\/baertsdanny\/\">Danny Baerts<\/a>, \u00e0 l&rsquo;adresse suivante<\/p>\n<p><a href=\"about:blank\">info@dpoassociates.eu<\/a><\/p>\n<ol>\n<li><strong>QUOI :<\/strong><\/li>\n<\/ol>\n<p>Nous y expliquons comment nous traitons vos donn\u00e9es personnelles, quels sont vos droits, comment vous pouvez les faire valoir, etc.<\/p>\n<p><strong>Termes utilis\u00e9s<\/strong>:<\/p>\n<ul>\n<li><strong>Donn\u00e9es \u00e0 caract\u00e8re personnel<\/strong>: le GDPR\/AVG entend par l\u00e0 toute information susceptible d&rsquo;identifier une personne physique, directement ou indirectement. On parle aussi de \u00ab\u00a0donn\u00e9es\u00a0\u00bb. Il ne s&rsquo;agit donc PAS de donn\u00e9es d&rsquo;entreprise !!!<\/li>\n<li><strong>Traitement<\/strong>: collecte, enregistrement, organisation, structuration, stockage, mise \u00e0 jour ou modification, extraction, consultation, utilisation, transmission, diffusion ou toute autre forme de mise \u00e0 disposition, rapprochement ou combinaison, verrouillage, effacement ou destruction de donn\u00e9es \u00e0 caract\u00e8re personnel.<\/li>\n<\/ul>\n<ol start=\"2\">\n<li><strong>  QUI :<\/strong><\/li>\n<\/ol>\n<p>Nous traitons les donn\u00e9es personnelles suivantes vous concernant :<\/p>\n<ul>\n<li><strong>Nom, adresse, num\u00e9ro de t\u00e9l\u00e9phone et\/ou de portable et adresse \u00e9lectronique<\/strong><\/li>\n<\/ul>\n<p>Ces donn\u00e9es nous ont \u00e9t\u00e9 communiqu\u00e9es par :<\/p>\n<ul>\n<li>que vous nous les ayez fournies vous-m\u00eame pendant ou avant une r\u00e9union en face \u00e0 face.<\/li>\n<li>En s&rsquo;inscrivant et en se connectant \u00e0 notre site web <a href=\"about:blank\">: https:\/\/www.dpoassociates.eu<\/a><\/li>\n<li>Pour postuler aux postes vacants, il convient d&rsquo;envoyer un CV, une lettre de motivation et les qualifications requises.<\/li>\n<li>Lors de l&rsquo;ex\u00e9cution d&rsquo;une mission, l&rsquo;acc\u00e8s \u00e0 tous les syst\u00e8mes dans lesquels des donn\u00e9es \u00e0 caract\u00e8re personnel peuvent avoir \u00e9t\u00e9 conserv\u00e9es sera fourni. La d\u00e9ontologie du DPD est couverte par le secret professionnel. Aucune copie des donn\u00e9es n&rsquo;est effectu\u00e9e par le DPD.<\/li>\n<\/ul>\n<p>Nous ne collectons pas de donn\u00e9es par d&rsquo;autres moyens.<\/p>\n<p><strong>3. OBJECTIF :<\/strong><\/p>\n<p>Nous le faisons pour vous contacter ou rester en contact avec vous au sujet des services \u00e0 fournir, pour assurer le suivi des services fournis ou pour r\u00e9pondre \u00e0 toutes vos questions. Il s&rsquo;agit d&rsquo;une relation pr\u00e9contractuelle ou contractuelle.<\/p>\n<p>Si<strong> nous<\/strong> recevons exceptionnellement d&rsquo;autres donn\u00e9es personnelles de votre part \u00e0 titre priv\u00e9, elles ne seront utilis\u00e9es que dans un but bien d\u00e9fini et ne seront conserv\u00e9es que temporairement :<\/p>\n<p><strong>4.PROTECTION :<\/strong><\/p>\n<p>Nous conserverons vos donn\u00e9es aussi longtemps que vous utiliserez notre application Internet et aussi longtemps que nous aurons besoin de vos donn\u00e9es personnelles pour vous fournir un service particulier.<\/p>\n<p>Plus pr\u00e9cis\u00e9ment :<\/p>\n<ul>\n<li>Livres de commerce : <strong>7 ans, sous<\/strong>forme originale ou \u00e9lectronique, la p\u00e9riode de conservation commen\u00e7ant le 1er janvier de l&rsquo;ann\u00e9e suivant la cl\u00f4ture de l&rsquo;exercice. Nous suivons ici l&rsquo;article III.86 Code de droit \u00e9conomique et article 9 de l&rsquo;A.R. du 12\/09\/1983 portant ex\u00e9cution de la loi du 17\/07\/1975 relative \u00e0 la comptabilit\u00e9 de notre soci\u00e9t\u00e9.<\/li>\n<li>Documents justificatifs : <strong>7 ans, sous<\/strong>forme originale ou \u00e9lectronique, le d\u00e9lai de conservation commen\u00e7ant \u00e0 courir apr\u00e8s la cl\u00f4ture de l&rsquo;exercice financier. Nous suivons ici l&rsquo;article II.86 Code de droit \u00e9conomique.<\/li>\n<li>Documents non opposables aux tiers : <strong>3 ans en<\/strong>original ou en copie l\u00e0 encore l&rsquo;article III.86 du Code de droit \u00e9conomique s&rsquo;applique.<\/li>\n<li>Les donn\u00e9es relatives au personnel sont conserv\u00e9es pendant 5 ans apr\u00e8s la cessation d&#8217;emploi.<\/li>\n<li>CV et lettres de motivation 1 an.<\/li>\n<\/ul>\n<p><strong>5. LA S\u00c9CURIT\u00c9 :<\/strong><\/p>\n<p>Pour ce traitement, nous prenons les mesures <strong>techniques et organisationnelles appropri\u00e9es<\/strong> pour prot\u00e9ger au mieux vos donn\u00e9es en tenant compte de la nature des donn\u00e9es et des risques encourus. Nous ne conservons aucune donn\u00e9e personnelle particuli\u00e8re et avons mis en place les mesures suivantes pour assurer la s\u00e9curit\u00e9 de vos donn\u00e9es :<\/p>\n<ul>\n<li>Les ordinateurs sur lesquels les donn\u00e9es sont trait\u00e9es sont s\u00e9curis\u00e9s par d\u00e9faut avec un nom d&rsquo;utilisateur et un mot de passe complexe.<\/li>\n<li>Tous les ordinateurs sont \u00e9quip\u00e9s d&rsquo;une solution Small Office Security qui, bien entendu, est toujours maintenue \u00e0 jour et effectue automatiquement des analyses multiples. Toutes les installations Windows sont automatiquement mises \u00e0 jour. L&rsquo;installation est v\u00e9rifi\u00e9e au moins une fois par mois et d\u00e9marr\u00e9e manuellement si n\u00e9cessaire.<\/li>\n<li>Les donn\u00e9es sont stock\u00e9es sur une partie du disque appel\u00e9e \u00ab\u00a0chambre forte\u00a0\u00bb. Ces donn\u00e9es sont crypt\u00e9es et ne sont accessibles qu&rsquo;apr\u00e8s le d\u00e9marrage des ordinateurs, l&rsquo;ouverture d&rsquo;une session Windows et l&rsquo;ouverture d&rsquo;un coffre-fort \u00e0 mot de passe.<\/li>\n<li>Pour \u00e9viter toute perte de donn\u00e9es en cas de perte des ordinateurs, nous effectuons des sauvegardes quotidiennes vers un environnement cloud crypt\u00e9 et une sauvegarde NAS.<\/li>\n<li>Tous les mots de passe sont g\u00e9r\u00e9s et stock\u00e9s dans l&rsquo;environnement en nuage.<\/li>\n<li>Nos employ\u00e9s sont pleinement inform\u00e9s du traitement s\u00e9curis\u00e9 de vos donn\u00e9es personnelles et sont tenus au secret par leur contrat de travail.<\/li>\n<li>Aucun document n&rsquo;est conserv\u00e9 sur papier, \u00e9tant donn\u00e9 la possibilit\u00e9 d&rsquo;enregistrement en ligne, et les personnes non autoris\u00e9es n&rsquo;y ont pas acc\u00e8s.<\/li>\n<\/ul>\n<p>L&rsquo;exp\u00e9rience nous montre qu&rsquo;aucun risque n&rsquo;est totalement \u00e9vit\u00e9 et si nous avons connaissance d&rsquo;un acc\u00e8s non autoris\u00e9 \u00e0 nos syst\u00e8mes informatiques ou d&rsquo;une modification ill\u00e9gale, d&rsquo;un dommage ou d&rsquo;une perte \u00e9ventuelle de vos donn\u00e9es, nous prendrons imm\u00e9diatement les mesures suivantes <strong>toutes les mesures n\u00e9cessaires<\/strong>  prendre des mesures pour minimiser et \u00e9viter ce risque \u00e0 l&rsquo;avenir. Cela limitera \u00e9galement les dommages potentiels pour vous.<\/p>\n<ol start=\"6\">\n<li><strong>\u00c0 DES FINS DE MARKETING<\/strong>.<\/li>\n<\/ol>\n<p><strong>COMPORTEMENT DE CLIC ET DONN\u00c9ES SUR LES VISITEURS<\/strong><\/p>\n<p>Les donn\u00e9es g\u00e9n\u00e9rales de visite sont conserv\u00e9es sur le site web de notre soci\u00e9t\u00e9. Dans ce contexte, l&rsquo;adresse IP de votre ordinateur, votre nom d&rsquo;utilisateur \u00e9ventuel, l&rsquo;heure de la demande et les donn\u00e9es envoy\u00e9es par le navigateur d&rsquo;un visiteur peuvent \u00eatre enregistr\u00e9s et utilis\u00e9s pour des analyses statistiques du comportement des visiteurs et des clics sur le site web. Nous les utilisons \u00e9galement pour optimiser le fonctionnement du site web. Nous essayons de rendre ces donn\u00e9es anonymes autant que possible. Ces donn\u00e9es ne sont jamais transmises \u00e0 des tiers.<\/p>\n<p><strong>FACEBOOK, INSTAGRAM ET LINKEDIN<\/strong><\/p>\n<p>Notre site internet comprend des boutons permettant de promouvoir ou de partager des pages sur les r\u00e9seaux sociaux Facebook, Instagram, Twitter et LinkedIn. Ces boutons sont r\u00e9alis\u00e9s \u00e0 l&rsquo;aide d&rsquo;un code fourni par les canaux de m\u00e9dias sociaux eux-m\u00eames. Entre autres choses, ce code met en place un cookie (voir ci-dessus).<\/p>\n<p>Veuillez lire les d\u00e9clarations de confidentialit\u00e9 de ces r\u00e9seaux sociaux (qui peuvent changer r\u00e9guli\u00e8rement) pour savoir ce qu&rsquo;ils font de vos donn\u00e9es personnelles qu&rsquo;ils traitent \u00e0 l&rsquo;aide de ce code.<\/p>\n<p><strong>LETTRE D&rsquo;INFORMATION<\/strong><\/p>\n<p>Nous proposons une lettre d&rsquo;information qui a pour but d&rsquo;informer les parties int\u00e9ress\u00e9es sur les nouveaut\u00e9s, nos services et autres sujets connexes. Votre adresse \u00e9lectronique ne sera ajout\u00e9e \u00e0 la liste des abonn\u00e9s qu&rsquo;avec votre consentement explicite. Chaque lettre d&rsquo;information contient un lien permettant de se d\u00e9sinscrire. La base de donn\u00e9es des abonn\u00e9s \u00e0 la lettre d&rsquo;information n&rsquo;est pas communiqu\u00e9e \u00e0 des tiers.<\/p>\n<p><strong>FORMULAIRE DE CONTACT<\/strong><\/p>\n<p>Vous souhaitez remplir le formulaire de contact sur notre site web ? Nous utilisons normalement le courrier \u00e9lectronique pour communiquer avec vous<\/p>\n<p><strong>UTILISATION DE COOKIES<\/strong><\/p>\n<p>Nous utilisons des cookies lorsque nous offrons des services \u00e9lectroniques. Un cookie est un petit fichier simple envoy\u00e9 avec les pages de ce site web et stock\u00e9 par votre navigateur sur le disque dur de votre ordinateur. Nous utilisons des cookies pour m\u00e9moriser vos param\u00e8tres et vos pr\u00e9f\u00e9rences lorsque vous cliquez pour accepter. Conform\u00e9ment au principe de protection de la vie priv\u00e9e d\u00e8s la conception, les cookies analytiques sont d\u00e9sactiv\u00e9s par d\u00e9faut. Vous pouvez \u00e9galement d\u00e9sactiver ces cookies via votre navigateur.<br \/>Pour plus d&rsquo;informations, veuillez consulter notre<a href=\"https:\/\/dpoassociates.eu\/fr\/politique-en-matiere-de-cookies\/\"> d\u00e9claration sur les cookies<\/a>.<\/p>\n<ol start=\"7\">\n<li><strong>TRANSFERT<\/strong>:<\/li>\n<\/ol>\n<p>Nous transf\u00e9rons vos donn\u00e9es aux parties suivantes et aux fins \u00e9num\u00e9r\u00e9es ci-dessous ;<\/p>\n<ul>\n<li>Le comptable pour r\u00e9pondre \u00e0 nos exigences l\u00e9gales en mati\u00e8re de comptabilit\u00e9 ;<\/li>\n<li>Pour les salari\u00e9s : le secr\u00e9tariat social pour le calcul du salaire ;<\/li>\n<li>Le fournisseur de cette application dans le but d&rsquo;assurer la s\u00e9curit\u00e9 et le fonctionnement de cette application Internet.<\/li>\n<\/ul>\n<p>P.S. Il s&rsquo;agit uniquement de vos donn\u00e9es personnelles g\u00e9n\u00e9rales et elles ne seront pas transmises \u00e0 des organisations ou \u00e0 des personnes \u00e0 des fins de marketing.<\/p>\n<p>Pour les autres parties, nous ne le ferons qu&rsquo;avec votre consentement expr\u00e8s ou en votre nom.<\/p>\n<p>Nous concluons des accords de traitement avec les parties susmentionn\u00e9es qui stipulent qu&rsquo;elles doivent \u00e9galement se conformer aux lignes directrices du GDPR\/AVG.<\/p>\n<p>\u00c0 tout moment, nous veillerons \u00e0 ce que vos donn\u00e9es \u00e0 caract\u00e8re personnel <strong>ne soient PAS stock\u00e9es en dehors de l&rsquo;EEE<\/strong> sans que les parties concern\u00e9es n&rsquo;aient donn\u00e9 l&rsquo;assurance qu&rsquo;elles sont elles aussi pleinement conformes \u00e0 la l\u00e9gislation GDPR\/AVG.<\/p>\n<p>8<strong>. VOS DROITS :<\/strong><\/p>\n<p>Vous trouverez ci-dessous une liste de vos droits concernant le traitement de vos donn\u00e9es \u00e0 caract\u00e8re personnel, leur applicabilit\u00e9 et la mani\u00e8re dont vous pouvez les faire valoir :<\/p>\n<ul>\n<li><strong>Contr\u00f4le<\/strong>: Vous avez le droit de demander \u00e0 voir les donn\u00e9es que nous d\u00e9tenons sur vous et, en cas d&rsquo;erreur ou d&rsquo;omission, de demander \u00e0 ce qu&rsquo;elles soient rectifi\u00e9es, compl\u00e9t\u00e9es, voire supprim\u00e9es. Art. 12-13-14<\/li>\n<li><strong>Droit de rectification<\/strong>: Art. 15 Vous avez le droit de modifier vos donn\u00e9es personnelles.<\/li>\n<li><strong>Attention !<\/strong>: Si vous demandez la suppression de vos donn\u00e9es, celle-ci ne peut \u00eatre effectu\u00e9e que si nous n&rsquo;avons plus besoin de vos donn\u00e9es pour des raisons autres que celles cit\u00e9es au point 3 de notre description des finalit\u00e9s.<\/li>\n<\/ul>\n<p>Pensez principalement \u00e0 la l\u00e9gislation fiscale et sociale.<\/p>\n<ul>\n<li><strong>Transf\u00e9rabilit\u00e9<\/strong>: si vous souhaitez changer de prestataire de services, nous transmettrons vos donn\u00e9es \u00e0 caract\u00e8re personnel, dans un format standard lisible num\u00e9riquement, \u00e0 la nouvelle organisation. Art. 19<\/li>\n<li>Objection \u00e0 la prise de d\u00e9cision automatis\u00e9e et au profilage : \u00c9tant donn\u00e9 que nous n&rsquo;effectuons pas cette op\u00e9ration, elle n&rsquo;est pas non plus applicable.<\/li>\n<li><strong>Objection au traitement des donn\u00e9es<\/strong>: cette disposition ne s&rsquo;applique que si vos donn\u00e9es sont utilis\u00e9es \u00e0 des fins de marketing direct, mais comme nous ne le faisons pas non plus, elle n&rsquo;est pas applicable.<\/li>\n<li><strong>Droit \u00e0 la transparence<\/strong>: vous serez inform\u00e9 du contenu de la pr\u00e9sente d\u00e9claration de confidentialit\u00e9 par le biais de ce lien, en pi\u00e8ce jointe \u00e0 chaque contact \u00e9lectronique et de mani\u00e8re visible dans nos bureaux.<\/li>\n<\/ul>\n<p>Une radiation peut vous \u00eatre d\u00e9livr\u00e9e sur simple demande.<\/p>\n<p>Si vous souhaitez faire valoir un ou plusieurs de ces droits, veuillez en faire la demande par \u00e9crit en joignant la preuve de votre <strong>double v\u00e9rification Opt-In par e-mail<\/strong> et nous vous r\u00e9pondrons dans un d\u00e9lai de 30 jours.<\/p>\n<ol start=\"9\">\n<li><strong>PLAINTES :<\/strong><\/li>\n<\/ol>\n<p>Si vous n&rsquo;\u00eates pas d&rsquo;accord avec la mani\u00e8re dont nous traitons vos donn\u00e9es \u00e0 caract\u00e8re personnel, avec le respect de vos droits ou avec la pr\u00e9sente d\u00e9claration de confidentialit\u00e9, veuillez nous en informer au pr\u00e9alable afin que nous puissions y r\u00e9pondre de mani\u00e8re appropri\u00e9e<\/p>\n<p>Vous pouvez toujours d\u00e9poser une plainte aupr\u00e8s de l&rsquo;Autorit\u00e9 de protection des donn\u00e9es = GBA (l&rsquo;ancienne Commission de la protection de la vie priv\u00e9e) \u00e0 l&rsquo;adresse <a href=\"about:blank\">suivante : www.gegevensbeschermingsautoriteit.be<\/a>, 1000 Bruxelles, rue de la Presse 35, ou par courrier \u00e0 <a href=\"about:blank\">contact@apd-gba.be<\/a> ou par t\u00e9l\u00e9phone au 02\/274.48.00.<\/p>\n<p><strong>10. VARIA :<\/strong><\/p>\n<p>Cette d\u00e9claration de confidentialit\u00e9 mise \u00e0 jour entrera en vigueur le 20 avril 2023.<\/p>\n<p>Nous nous r\u00e9servons le droit de modifier cette d\u00e9claration de confidentialit\u00e9 \u00e0 tout moment.<\/p>\n\t\t\t\t\t\t\t\t<\/div>\n\t\t\t\t<\/div>\n\t\t\t\t\t<\/div>\n\t\t<\/div>\n\t\t\t\t\t<\/div>\n\t\t<\/section>\n\t\t\t\t<\/div>\n\t\t","protected":false},"excerpt":{"rendered":"<p>D\u00e9claration de confidentialit\u00e9 de DPO Associates bv version 2.0 Nom : DPO Associates bv Adresse : B-3550 Heusden-Zolder, Guido Gezellelaan 113\/1 Num\u00e9ro [&hellip;]<\/p>\n","protected":false},"author":1,"featured_media":0,"parent":0,"menu_order":0,"comment_status":"closed","ping_status":"open","template":"","meta":{"_eb_attr":"","footnotes":""},"class_list":["post-7566","page","type-page","status-publish","hentry"],"yoast_head":"<!-- This site is optimized with the Yoast SEO Premium plugin v25.8 (Yoast SEO v27.2) - https:\/\/yoast.com\/product\/yoast-seo-premium-wordpress\/ -->\n<title>Exemple De D\u00e9claration De Confidentialit\u00e9 De DPO Associates<\/title>\n<meta name=\"description\" content=\"D\u00e9couvrez notre d\u00e9claration de confidentialit\u00e9 sur DPO Associates bv. En savoir plus sur la mani\u00e8re dont nous traitons vos donn\u00e9es personnelles et vos droits \u00e0 cet \u00e9gard.\" \/>\n<meta name=\"robots\" content=\"index, follow, max-snippet:-1, max-image-preview:large, max-video-preview:-1\" \/>\n<link rel=\"canonical\" href=\"https:\/\/dpoassociates.eu\/fr\/politique-de-confidentialite\/\" \/>\n<meta property=\"og:locale\" content=\"fr_FR\" \/>\n<meta property=\"og:type\" content=\"article\" \/>\n<meta property=\"og:title\" content=\"D\u00e9claration de confidentialit\u00e9\" \/>\n<meta property=\"og:description\" content=\"D\u00e9couvrez notre d\u00e9claration de confidentialit\u00e9 sur DPO Associates bv. En savoir plus sur la mani\u00e8re dont nous traitons vos donn\u00e9es personnelles et vos droits \u00e0 cet \u00e9gard.\" \/>\n<meta property=\"og:url\" content=\"https:\/\/dpoassociates.eu\/fr\/politique-de-confidentialite\/\" \/>\n<meta property=\"og:site_name\" content=\"DPO Associates\" \/>\n<meta property=\"article:publisher\" content=\"https:\/\/www.facebook.com\/profile.php?id=100083400514207\" \/>\n<meta property=\"article:modified_time\" content=\"2024-07-10T09:21:53+00:00\" \/>\n<meta name=\"twitter:card\" content=\"summary_large_image\" \/>\n<meta name=\"twitter:label1\" content=\"Dur\u00e9e de lecture estim\u00e9e\" \/>\n\t<meta name=\"twitter:data1\" content=\"9 minutes\" \/>\n<script type=\"application\/ld+json\" class=\"yoast-schema-graph\">{\"@context\":\"https:\/\/schema.org\",\"@graph\":[{\"@type\":\"WebPage\",\"@id\":\"https:\/\/dpoassociates.eu\/fr\/politique-de-confidentialite\/\",\"url\":\"https:\/\/dpoassociates.eu\/fr\/politique-de-confidentialite\/\",\"name\":\"Exemple De D\u00e9claration De Confidentialit\u00e9 De DPO Associates\",\"isPartOf\":{\"@id\":\"https:\/\/dpoassociates.eu\/fr\/#website\"},\"datePublished\":\"2021-10-20T14:48:06+00:00\",\"dateModified\":\"2024-07-10T09:21:53+00:00\",\"description\":\"D\u00e9couvrez notre d\u00e9claration de confidentialit\u00e9 sur DPO Associates bv. En savoir plus sur la mani\u00e8re dont nous traitons vos donn\u00e9es personnelles et vos droits \u00e0 cet \u00e9gard.\",\"breadcrumb\":{\"@id\":\"https:\/\/dpoassociates.eu\/fr\/politique-de-confidentialite\/#breadcrumb\"},\"inLanguage\":\"fr-FR\",\"potentialAction\":[{\"@type\":\"ReadAction\",\"target\":[\"https:\/\/dpoassociates.eu\/fr\/politique-de-confidentialite\/\"]}]},{\"@type\":\"BreadcrumbList\",\"@id\":\"https:\/\/dpoassociates.eu\/fr\/politique-de-confidentialite\/#breadcrumb\",\"itemListElement\":[{\"@type\":\"ListItem\",\"position\":1,\"name\":\"Home\",\"item\":\"https:\/\/dpoassociates.eu\/fr\/\"},{\"@type\":\"ListItem\",\"position\":2,\"name\":\"D\u00e9claration de confidentialit\u00e9\"}]},{\"@type\":\"WebSite\",\"@id\":\"https:\/\/dpoassociates.eu\/fr\/#website\",\"url\":\"https:\/\/dpoassociates.eu\/fr\/\",\"name\":\"DPO Associates\",\"description\":\"Protect, Detect, Respond\",\"publisher\":{\"@id\":\"https:\/\/dpoassociates.eu\/fr\/#organization\"},\"potentialAction\":[{\"@type\":\"SearchAction\",\"target\":{\"@type\":\"EntryPoint\",\"urlTemplate\":\"https:\/\/dpoassociates.eu\/fr\/?s={search_term_string}\"},\"query-input\":{\"@type\":\"PropertyValueSpecification\",\"valueRequired\":true,\"valueName\":\"search_term_string\"}}],\"inLanguage\":\"fr-FR\"},{\"@type\":\"Organization\",\"@id\":\"https:\/\/dpoassociates.eu\/fr\/#organization\",\"name\":\"DPO Associates\",\"url\":\"https:\/\/dpoassociates.eu\/fr\/\",\"logo\":{\"@type\":\"ImageObject\",\"inLanguage\":\"fr-FR\",\"@id\":\"https:\/\/dpoassociates.eu\/fr\/#\/schema\/logo\/image\/\",\"url\":\"https:\/\/dpoassociates.eu\/wp-content\/uploads\/2022\/09\/thumbnail_Logo-DPO-Associates-negatief-zwart-negatief-002.png\",\"contentUrl\":\"https:\/\/dpoassociates.eu\/wp-content\/uploads\/2022\/09\/thumbnail_Logo-DPO-Associates-negatief-zwart-negatief-002.png\",\"width\":651,\"height\":651,\"caption\":\"DPO Associates\"},\"image\":{\"@id\":\"https:\/\/dpoassociates.eu\/fr\/#\/schema\/logo\/image\/\"},\"sameAs\":[\"https:\/\/www.facebook.com\/profile.php?id=100083400514207\",\"https:\/\/www.linkedin.com\/company\/dpo-associates-da\/\"]}]}<\/script>\n<!-- \/ Yoast SEO Premium plugin. -->","yoast_head_json":{"title":"Exemple De D\u00e9claration De Confidentialit\u00e9 De DPO Associates","description":"D\u00e9couvrez notre d\u00e9claration de confidentialit\u00e9 sur DPO Associates bv. En savoir plus sur la mani\u00e8re dont nous traitons vos donn\u00e9es personnelles et vos droits \u00e0 cet \u00e9gard.","robots":{"index":"index","follow":"follow","max-snippet":"max-snippet:-1","max-image-preview":"max-image-preview:large","max-video-preview":"max-video-preview:-1"},"canonical":"https:\/\/dpoassociates.eu\/fr\/politique-de-confidentialite\/","og_locale":"fr_FR","og_type":"article","og_title":"D\u00e9claration de confidentialit\u00e9","og_description":"D\u00e9couvrez notre d\u00e9claration de confidentialit\u00e9 sur DPO Associates bv. En savoir plus sur la mani\u00e8re dont nous traitons vos donn\u00e9es personnelles et vos droits \u00e0 cet \u00e9gard.","og_url":"https:\/\/dpoassociates.eu\/fr\/politique-de-confidentialite\/","og_site_name":"DPO Associates","article_publisher":"https:\/\/www.facebook.com\/profile.php?id=100083400514207","article_modified_time":"2024-07-10T09:21:53+00:00","twitter_card":"summary_large_image","twitter_misc":{"Dur\u00e9e de lecture estim\u00e9e":"9 minutes"},"schema":{"@context":"https:\/\/schema.org","@graph":[{"@type":"WebPage","@id":"https:\/\/dpoassociates.eu\/fr\/politique-de-confidentialite\/","url":"https:\/\/dpoassociates.eu\/fr\/politique-de-confidentialite\/","name":"Exemple De D\u00e9claration De Confidentialit\u00e9 De DPO Associates","isPartOf":{"@id":"https:\/\/dpoassociates.eu\/fr\/#website"},"datePublished":"2021-10-20T14:48:06+00:00","dateModified":"2024-07-10T09:21:53+00:00","description":"D\u00e9couvrez notre d\u00e9claration de confidentialit\u00e9 sur DPO Associates bv. En savoir plus sur la mani\u00e8re dont nous traitons vos donn\u00e9es personnelles et vos droits \u00e0 cet \u00e9gard.","breadcrumb":{"@id":"https:\/\/dpoassociates.eu\/fr\/politique-de-confidentialite\/#breadcrumb"},"inLanguage":"fr-FR","potentialAction":[{"@type":"ReadAction","target":["https:\/\/dpoassociates.eu\/fr\/politique-de-confidentialite\/"]}]},{"@type":"BreadcrumbList","@id":"https:\/\/dpoassociates.eu\/fr\/politique-de-confidentialite\/#breadcrumb","itemListElement":[{"@type":"ListItem","position":1,"name":"Home","item":"https:\/\/dpoassociates.eu\/fr\/"},{"@type":"ListItem","position":2,"name":"D\u00e9claration de confidentialit\u00e9"}]},{"@type":"WebSite","@id":"https:\/\/dpoassociates.eu\/fr\/#website","url":"https:\/\/dpoassociates.eu\/fr\/","name":"DPO Associates","description":"Protect, Detect, Respond","publisher":{"@id":"https:\/\/dpoassociates.eu\/fr\/#organization"},"potentialAction":[{"@type":"SearchAction","target":{"@type":"EntryPoint","urlTemplate":"https:\/\/dpoassociates.eu\/fr\/?s={search_term_string}"},"query-input":{"@type":"PropertyValueSpecification","valueRequired":true,"valueName":"search_term_string"}}],"inLanguage":"fr-FR"},{"@type":"Organization","@id":"https:\/\/dpoassociates.eu\/fr\/#organization","name":"DPO Associates","url":"https:\/\/dpoassociates.eu\/fr\/","logo":{"@type":"ImageObject","inLanguage":"fr-FR","@id":"https:\/\/dpoassociates.eu\/fr\/#\/schema\/logo\/image\/","url":"https:\/\/dpoassociates.eu\/wp-content\/uploads\/2022\/09\/thumbnail_Logo-DPO-Associates-negatief-zwart-negatief-002.png","contentUrl":"https:\/\/dpoassociates.eu\/wp-content\/uploads\/2022\/09\/thumbnail_Logo-DPO-Associates-negatief-zwart-negatief-002.png","width":651,"height":651,"caption":"DPO Associates"},"image":{"@id":"https:\/\/dpoassociates.eu\/fr\/#\/schema\/logo\/image\/"},"sameAs":["https:\/\/www.facebook.com\/profile.php?id=100083400514207","https:\/\/www.linkedin.com\/company\/dpo-associates-da\/"]}]}},"_links":{"self":[{"href":"https:\/\/dpoassociates.eu\/fr\/wp-json\/wp\/v2\/pages\/7566","targetHints":{"allow":["GET"]}}],"collection":[{"href":"https:\/\/dpoassociates.eu\/fr\/wp-json\/wp\/v2\/pages"}],"about":[{"href":"https:\/\/dpoassociates.eu\/fr\/wp-json\/wp\/v2\/types\/page"}],"author":[{"embeddable":true,"href":"https:\/\/dpoassociates.eu\/fr\/wp-json\/wp\/v2\/users\/1"}],"replies":[{"embeddable":true,"href":"https:\/\/dpoassociates.eu\/fr\/wp-json\/wp\/v2\/comments?post=7566"}],"version-history":[{"count":0,"href":"https:\/\/dpoassociates.eu\/fr\/wp-json\/wp\/v2\/pages\/7566\/revisions"}],"wp:attachment":[{"href":"https:\/\/dpoassociates.eu\/fr\/wp-json\/wp\/v2\/media?parent=7566"}],"curies":[{"name":"wp","href":"https:\/\/api.w.org\/{rel}","templated":true}]}}