{"id":7558,"date":"2021-03-08T12:57:56","date_gmt":"2021-03-08T12:57:56","guid":{"rendered":"https:\/\/dpoassociates.eu\/a-propos-de-nous\/"},"modified":"2025-02-27T14:32:45","modified_gmt":"2025-02-27T13:32:45","slug":"a-propos-de-nous","status":"publish","type":"page","link":"https:\/\/dpoassociates.eu\/fr\/a-propos-de-nous\/","title":{"rendered":"Vision"},"content":{"rendered":"\t\t<div data-elementor-type=\"wp-page\" data-elementor-id=\"7558\" class=\"elementor elementor-7558 elementor-41\" data-elementor-post-type=\"page\">\n\t\t\t\t\t\t<section class=\"elementor-section elementor-top-section elementor-element elementor-element-498ce2b elementor-section-boxed elementor-section-height-default elementor-section-height-default\" data-id=\"498ce2b\" data-element_type=\"section\" data-e-type=\"section\">\n\t\t\t\t\t\t<div class=\"elementor-container elementor-column-gap-default\">\n\t\t\t\t\t<div class=\"elementor-column elementor-col-100 elementor-top-column elementor-element elementor-element-091d85f\" data-id=\"091d85f\" data-element_type=\"column\" data-e-type=\"column\">\n\t\t\t<div class=\"elementor-widget-wrap elementor-element-populated\">\n\t\t\t\t\t\t<div class=\"elementor-element elementor-element-5b28237 elementor-widget elementor-widget-heading\" data-id=\"5b28237\" data-element_type=\"widget\" data-e-type=\"widget\" data-widget_type=\"heading.default\">\n\t\t\t\t<div class=\"elementor-widget-container\">\n\t\t\t\t\t<h1 class=\"elementor-heading-title elementor-size-default\"><br>Vous cherchez un DPD en Belgique ?<br><\/h1>\t\t\t\t<\/div>\n\t\t\t\t<\/div>\n\t\t\t\t<div class=\"elementor-element elementor-element-32eeaef elementor-widget elementor-widget-text-editor\" data-id=\"32eeaef\" data-element_type=\"widget\" data-e-type=\"widget\" data-widget_type=\"text-editor.default\">\n\t\t\t\t<div class=\"elementor-widget-container\">\n\t\t\t\t\t\t\t\t\t<p style=\"text-align: center;\">Chez <strong>DPO Associates<\/strong>, nous nous engageons pour un monde o\u00f9 la <strong>confidentialit\u00e9 des donn\u00e9es<\/strong> est centrale. Nous aidons les PME, mais aussi les multinationales, \u00e0 se conformer au <strong>GDPR<\/strong> facilement et efficacement, sans se laisser submerger. <\/p><h3 style=\"text-align: center;\">\ud83d\udca1 <strong>Pourquoi choisir DPO Associates ?<\/strong><\/h3><p style=\"text-align: center;\">\u2714 <strong>Des experts GDPR<\/strong> rendant la conformit\u00e9 accessible \u00e0 toute organisation<br>\u2714 <strong>Des solutions abordables et efficaces<\/strong> sans grever votre budget<br>\u2714 <strong>Une assistance compl\u00e8te en<\/strong> mati\u00e8re de protection des donn\u00e9es, de droit et de cybers\u00e9curit\u00e9.<\/p><p style=\"text-align: center;\"> <\/p><h3 style=\"text-align: center;\"><strong>Notre approche : prot\u00e9ger, d\u00e9tecter, r\u00e9agir<\/strong><\/h3><p style=\"text-align: center;\"> <\/p><h4 style=\"text-align: center;\">\ud83d\udd39<strong> Prot\u00e9ger &#8211; Nous vous aidons :<\/strong><\/h4><p style=\"text-align: center;\">\u2705 R\u00e9daction et mise en \u0153uvre de <strong>politiques de protection des donn\u00e9es<\/strong><br>\u2705 <strong>\u00c9valuation des risques<\/strong> et mesures de s\u00e9curit\u00e9<br>\u2705<strong>Cryptage<\/strong> fort <strong>, contr\u00f4le d&rsquo;acc\u00e8s et surveillance<\/strong><\/p><p style=\"text-align: center;\"> <\/p><h4 style=\"text-align: center;\"><strong>\ud83d\udd39 D\u00e9tecter &#8211; Nous identifions :<\/strong><\/h4><p style=\"text-align: center;\">\u2705 Violations potentielles de donn\u00e9es et violations du GDPR<br>\u2705 Activit\u00e9 suspecte gr\u00e2ce \u00e0 une technologie de d\u00e9tection avanc\u00e9e<br>\u2705 Vuln\u00e9rabilit\u00e9s pour pr\u00e9venir les violations<\/p><p style=\"text-align: center;\"> <\/p><h4 style=\"text-align: center;\"><strong>\ud83d\udd39 R\u00e9agir &#8211; En cas d&rsquo;atteinte \u00e0 la protection des donn\u00e9es, nous veillons \u00e0 :<\/strong><\/h4><p style=\"text-align: center;\">\u2705 <strong>Une r\u00e9ponse rapide<\/strong> pour limiter les d\u00e9g\u00e2ts<br>\u2705 R\u00e9pondre aux exigences de <strong>notification du<\/strong> GDPR<br>\u2705 Conseils sur la restauration de vos donn\u00e9es<\/p><p style=\"text-align: center;\"> <\/p><h4 style=\"text-align: center;\">\ud83d\udccc Soutien continu :<\/h4><p style=\"text-align: center;\">`Nous veillons \u00e0 ce que votre organisation soit toujours au fait des derni\u00e8res \u00e9volutions et des meilleures pratiques en mati\u00e8re de GDPR.<\/p><p style=\"text-align: center;\"><strong>Faites confiance \u00e0 DPO Associates en tant que partenaire GDPR de confiance.<\/strong> Ensemble, nous construisons un environnement num\u00e9rique s\u00e9curis\u00e9 o\u00f9 la confidentialit\u00e9 des donn\u00e9es est garantie. \ud83d\ude80<\/p><p> <\/p><p style=\"text-align: center;\"> <\/p>\t\t\t\t\t\t\t\t<\/div>\n\t\t\t\t<\/div>\n\t\t\t\t\t<\/div>\n\t\t<\/div>\n\t\t\t\t\t<\/div>\n\t\t<\/section>\n\t\t\t\t<section class=\"elementor-section elementor-top-section elementor-element elementor-element-6a643cc4 elementor-section-boxed elementor-section-height-default elementor-section-height-default\" data-id=\"6a643cc4\" data-element_type=\"section\" data-e-type=\"section\">\n\t\t\t\t\t\t<div class=\"elementor-container elementor-column-gap-default\">\n\t\t\t\t\t<div class=\"elementor-column elementor-col-100 elementor-top-column elementor-element elementor-element-546939a8\" data-id=\"546939a8\" data-element_type=\"column\" data-e-type=\"column\">\n\t\t\t<div class=\"elementor-widget-wrap elementor-element-populated\">\n\t\t\t\t\t\t<div class=\"elementor-element elementor-element-6183303a elementor-widget elementor-widget-heading\" data-id=\"6183303a\" data-element_type=\"widget\" data-e-type=\"widget\" data-widget_type=\"heading.default\">\n\t\t\t\t<div class=\"elementor-widget-container\">\n\t\t\t\t\t<h2 class=\"elementor-heading-title elementor-size-default\">Prenez contact avec nous !\n\n<\/h2>\t\t\t\t<\/div>\n\t\t\t\t<\/div>\n\t\t\t\t<div class=\"elementor-element elementor-element-3332e7ad elementor-button-align-stretch elementor-widget elementor-widget-form\" data-id=\"3332e7ad\" data-element_type=\"widget\" data-e-type=\"widget\" data-settings=\"{&quot;step_next_label&quot;:&quot;Suivant&quot;,&quot;step_previous_label&quot;:&quot;Pr\\u00e9c\\u00e9dent&quot;,&quot;button_width&quot;:&quot;100&quot;,&quot;step_type&quot;:&quot;number_text&quot;,&quot;step_icon_shape&quot;:&quot;circle&quot;}\" data-widget_type=\"form.default\">\n\t\t\t\t<div class=\"elementor-widget-container\">\n\t\t\t\t\t\t\t<form class=\"elementor-form\" method=\"post\" name=\"Nouveau formulaire\" aria-label=\"Nouveau formulaire\">\n\t\t\t<input type=\"hidden\" name=\"post_id\" value=\"7558\"\/>\n\t\t\t<input type=\"hidden\" name=\"form_id\" value=\"3332e7ad\"\/>\n\t\t\t<input type=\"hidden\" name=\"referer_title\" value=\"Nommer un DPD en Belgique - DPO Associates\" \/>\n\n\t\t\t\t\t\t\t<input type=\"hidden\" name=\"queried_id\" value=\"7558\"\/>\n\t\t\t\n\t\t\t<div class=\"elementor-form-fields-wrapper elementor-labels-above\">\n\t\t\t\t\t\t\t\t<div class=\"elementor-field-type-text elementor-field-group elementor-column elementor-field-group-name elementor-col-100\">\n\t\t\t\t\t\t\t\t\t\t\t\t<label for=\"form-field-name\" class=\"elementor-field-label\">\n\t\t\t\t\t\t\t\tNom\t\t\t\t\t\t\t<\/label>\n\t\t\t\t\t\t\t\t\t\t\t\t\t\t<input size=\"1\" type=\"text\" name=\"form_fields[name]\" id=\"form-field-name\" class=\"elementor-field elementor-size-sm  elementor-field-textual\" placeholder=\"Nom\">\n\t\t\t\t\t\t\t\t\t\t\t<\/div>\n\t\t\t\t\t\t\t\t<div class=\"elementor-field-type-email elementor-field-group elementor-column elementor-field-group-email elementor-col-100 elementor-field-required\">\n\t\t\t\t\t\t\t\t\t\t\t\t<label for=\"form-field-email\" class=\"elementor-field-label\">\n\t\t\t\t\t\t\t\tCourriel :\t\t\t\t\t\t\t<\/label>\n\t\t\t\t\t\t\t\t\t\t\t\t\t\t<input size=\"1\" type=\"email\" name=\"form_fields[email]\" id=\"form-field-email\" class=\"elementor-field elementor-size-sm  elementor-field-textual\" placeholder=\"Courriel :\" required=\"required\">\n\t\t\t\t\t\t\t\t\t\t\t<\/div>\n\t\t\t\t\t\t\t\t<div class=\"elementor-field-type-textarea elementor-field-group elementor-column elementor-field-group-message elementor-col-100\">\n\t\t\t\t\t\t\t\t\t\t\t\t<label for=\"form-field-message\" class=\"elementor-field-label\">\n\t\t\t\t\t\t\t\tMessage\t\t\t\t\t\t\t<\/label>\n\t\t\t\t\t\t<textarea class=\"elementor-field-textual elementor-field  elementor-size-sm\" name=\"form_fields[message]\" id=\"form-field-message\" rows=\"4\" placeholder=\"Message\"><\/textarea>\t\t\t\t<\/div>\n\t\t\t\t\t\t\t\t<div class=\"elementor-field-type-acceptance elementor-field-group elementor-column elementor-field-group-field_3c83b1a elementor-col-100 elementor-field-required\">\n\t\t\t\t\t\t\t<div class=\"elementor-field-subgroup\">\n\t\t\t<span class=\"elementor-field-option\">\n\t\t\t\t<input type=\"checkbox\" name=\"form_fields[field_3c83b1a]\" id=\"form-field-field_3c83b1a\" class=\"elementor-field elementor-size-sm  elementor-acceptance-field\" required=\"required\">\n\t\t\t\t<label for=\"form-field-field_3c83b1a\">J'autorise DPOAssociates.eu \u00e0 traiter mes donn\u00e9es. *<\/label>\t\t\t<\/span>\n\t\t<\/div>\n\t\t\t\t\t\t<\/div>\n\t\t\t\t\t\t\t\t<div class=\"elementor-field-group elementor-column elementor-field-type-submit elementor-col-100 e-form__buttons\">\n\t\t\t\t\t<button class=\"elementor-button elementor-size-sm\" type=\"submit\">\n\t\t\t\t\t\t<span class=\"elementor-button-content-wrapper\">\n\t\t\t\t\t\t\t\t\t\t\t\t\t\t\t\t\t\t\t\t\t\t<span class=\"elementor-button-text\">Envoyer<\/span>\n\t\t\t\t\t\t\t\t\t\t\t\t\t<\/span>\n\t\t\t\t\t<\/button>\n\t\t\t\t<\/div>\n\t\t\t<\/div>\n\t\t<input\n                    class=\"apbct_special_field apbct_email_id__elementor_form\"\n                    name=\"apbct__email_id__elementor_form\"\n                    aria-label=\"apbct__label_id__elementor_form\"\n                    type=\"text\" size=\"30\" maxlength=\"200\" autocomplete=\"off\"\n                    value=\"\"\n                \/><\/form>\n\t\t\t\t\t\t<\/div>\n\t\t\t\t<\/div>\n\t\t\t\t\t<\/div>\n\t\t<\/div>\n\t\t\t\t\t<\/div>\n\t\t<\/section>\n\t\t\t\t<\/div>\n\t\t","protected":false},"excerpt":{"rendered":"<p>Vous cherchez un DPD en Belgique ? Chez DPO Associates, nous nous engageons pour un monde o\u00f9 la confidentialit\u00e9 des donn\u00e9es est [&hellip;]<\/p>\n","protected":false},"author":1,"featured_media":8858,"parent":0,"menu_order":0,"comment_status":"closed","ping_status":"closed","template":"","meta":{"_eb_attr":"","footnotes":""},"class_list":["post-7558","page","type-page","status-publish","has-post-thumbnail","hentry"],"yoast_head":"<!-- This site is optimized with the Yoast SEO Premium plugin v25.8 (Yoast SEO v27.2) - https:\/\/yoast.com\/product\/yoast-seo-premium-wordpress\/ -->\n<title>Nommer un DPD en Belgique - DPO Associates<\/title>\n<meta name=\"description\" content=\"DPO Belgique : Chez DPO Associates, nous croyons en un monde o\u00f9 la confidentialit\u00e9 des donn\u00e9es est centrale. Nous sommes hautement form\u00e9s \u00e0 la conformit\u00e9 GDPR et travaillons avec les organisations pour les aider \u00e0 respecter les normes \u00e9lev\u00e9es de protection des donn\u00e9es.\" \/>\n<meta name=\"robots\" content=\"index, follow, max-snippet:-1, max-image-preview:large, max-video-preview:-1\" \/>\n<link rel=\"canonical\" href=\"https:\/\/dpoassociates.eu\/fr\/a-propos-de-nous\/\" \/>\n<meta property=\"og:locale\" content=\"fr_FR\" \/>\n<meta property=\"og:type\" content=\"article\" \/>\n<meta property=\"og:title\" content=\"Vision\" \/>\n<meta property=\"og:description\" content=\"DPO Belgique : Chez DPO Associates, nous croyons en un monde o\u00f9 la confidentialit\u00e9 des donn\u00e9es est centrale. Nous sommes hautement form\u00e9s \u00e0 la conformit\u00e9 GDPR et travaillons avec les organisations pour les aider \u00e0 respecter les normes \u00e9lev\u00e9es de protection des donn\u00e9es.\" \/>\n<meta property=\"og:url\" content=\"https:\/\/dpoassociates.eu\/fr\/a-propos-de-nous\/\" \/>\n<meta property=\"og:site_name\" content=\"DPO Associates\" \/>\n<meta property=\"article:publisher\" content=\"https:\/\/www.facebook.com\/profile.php?id=100083400514207\" \/>\n<meta property=\"article:modified_time\" content=\"2025-02-27T13:32:45+00:00\" \/>\n<meta property=\"og:image\" content=\"https:\/\/dpoassociates.eu\/wp-content\/uploads\/2023\/06\/Ontwerp-zonder-titel-162-1024x576.png\" \/>\n\t<meta property=\"og:image:width\" content=\"1024\" \/>\n\t<meta property=\"og:image:height\" content=\"576\" \/>\n\t<meta property=\"og:image:type\" content=\"image\/png\" \/>\n<meta name=\"twitter:card\" content=\"summary_large_image\" \/>\n<meta name=\"twitter:label1\" content=\"Dur\u00e9e de lecture estim\u00e9e\" \/>\n\t<meta name=\"twitter:data1\" content=\"5 minutes\" \/>\n<script type=\"application\/ld+json\" class=\"yoast-schema-graph\">{\"@context\":\"https:\/\/schema.org\",\"@graph\":[{\"@type\":\"WebPage\",\"@id\":\"https:\/\/dpoassociates.eu\/fr\/a-propos-de-nous\/\",\"url\":\"https:\/\/dpoassociates.eu\/fr\/a-propos-de-nous\/\",\"name\":\"Nommer un DPD en Belgique - DPO Associates\",\"isPartOf\":{\"@id\":\"https:\/\/dpoassociates.eu\/fr\/#website\"},\"primaryImageOfPage\":{\"@id\":\"https:\/\/dpoassociates.eu\/fr\/a-propos-de-nous\/#primaryimage\"},\"image\":{\"@id\":\"https:\/\/dpoassociates.eu\/fr\/a-propos-de-nous\/#primaryimage\"},\"thumbnailUrl\":\"https:\/\/dpoassociates.eu\/wp-content\/uploads\/2023\/06\/Ontwerp-zonder-titel-162.png\",\"datePublished\":\"2021-03-08T12:57:56+00:00\",\"dateModified\":\"2025-02-27T13:32:45+00:00\",\"description\":\"DPO Belgique : Chez DPO Associates, nous croyons en un monde o\u00f9 la confidentialit\u00e9 des donn\u00e9es est centrale. Nous sommes hautement form\u00e9s \u00e0 la conformit\u00e9 GDPR et travaillons avec les organisations pour les aider \u00e0 respecter les normes \u00e9lev\u00e9es de protection des donn\u00e9es.\",\"breadcrumb\":{\"@id\":\"https:\/\/dpoassociates.eu\/fr\/a-propos-de-nous\/#breadcrumb\"},\"inLanguage\":\"fr-FR\",\"potentialAction\":[{\"@type\":\"ReadAction\",\"target\":[\"https:\/\/dpoassociates.eu\/fr\/a-propos-de-nous\/\"]}]},{\"@type\":\"ImageObject\",\"inLanguage\":\"fr-FR\",\"@id\":\"https:\/\/dpoassociates.eu\/fr\/a-propos-de-nous\/#primaryimage\",\"url\":\"https:\/\/dpoassociates.eu\/wp-content\/uploads\/2023\/06\/Ontwerp-zonder-titel-162.png\",\"contentUrl\":\"https:\/\/dpoassociates.eu\/wp-content\/uploads\/2023\/06\/Ontwerp-zonder-titel-162.png\",\"width\":2240,\"height\":1260,\"caption\":\"duo nodig\"},{\"@type\":\"BreadcrumbList\",\"@id\":\"https:\/\/dpoassociates.eu\/fr\/a-propos-de-nous\/#breadcrumb\",\"itemListElement\":[{\"@type\":\"ListItem\",\"position\":1,\"name\":\"Home\",\"item\":\"https:\/\/dpoassociates.eu\/fr\/\"},{\"@type\":\"ListItem\",\"position\":2,\"name\":\"Vision\"}]},{\"@type\":\"WebSite\",\"@id\":\"https:\/\/dpoassociates.eu\/fr\/#website\",\"url\":\"https:\/\/dpoassociates.eu\/fr\/\",\"name\":\"DPO Associates\",\"description\":\"Protect, Detect, Respond\",\"publisher\":{\"@id\":\"https:\/\/dpoassociates.eu\/fr\/#organization\"},\"potentialAction\":[{\"@type\":\"SearchAction\",\"target\":{\"@type\":\"EntryPoint\",\"urlTemplate\":\"https:\/\/dpoassociates.eu\/fr\/?s={search_term_string}\"},\"query-input\":{\"@type\":\"PropertyValueSpecification\",\"valueRequired\":true,\"valueName\":\"search_term_string\"}}],\"inLanguage\":\"fr-FR\"},{\"@type\":\"Organization\",\"@id\":\"https:\/\/dpoassociates.eu\/fr\/#organization\",\"name\":\"DPO Associates\",\"url\":\"https:\/\/dpoassociates.eu\/fr\/\",\"logo\":{\"@type\":\"ImageObject\",\"inLanguage\":\"fr-FR\",\"@id\":\"https:\/\/dpoassociates.eu\/fr\/#\/schema\/logo\/image\/\",\"url\":\"https:\/\/dpoassociates.eu\/wp-content\/uploads\/2022\/09\/thumbnail_Logo-DPO-Associates-negatief-zwart-negatief-002.png\",\"contentUrl\":\"https:\/\/dpoassociates.eu\/wp-content\/uploads\/2022\/09\/thumbnail_Logo-DPO-Associates-negatief-zwart-negatief-002.png\",\"width\":651,\"height\":651,\"caption\":\"DPO Associates\"},\"image\":{\"@id\":\"https:\/\/dpoassociates.eu\/fr\/#\/schema\/logo\/image\/\"},\"sameAs\":[\"https:\/\/www.facebook.com\/profile.php?id=100083400514207\",\"https:\/\/www.linkedin.com\/company\/dpo-associates-da\/\"]}]}<\/script>\n<!-- \/ Yoast SEO Premium plugin. -->","yoast_head_json":{"title":"Nommer un DPD en Belgique - DPO Associates","description":"DPO Belgique : Chez DPO Associates, nous croyons en un monde o\u00f9 la confidentialit\u00e9 des donn\u00e9es est centrale. Nous sommes hautement form\u00e9s \u00e0 la conformit\u00e9 GDPR et travaillons avec les organisations pour les aider \u00e0 respecter les normes \u00e9lev\u00e9es de protection des donn\u00e9es.","robots":{"index":"index","follow":"follow","max-snippet":"max-snippet:-1","max-image-preview":"max-image-preview:large","max-video-preview":"max-video-preview:-1"},"canonical":"https:\/\/dpoassociates.eu\/fr\/a-propos-de-nous\/","og_locale":"fr_FR","og_type":"article","og_title":"Vision","og_description":"DPO Belgique : Chez DPO Associates, nous croyons en un monde o\u00f9 la confidentialit\u00e9 des donn\u00e9es est centrale. Nous sommes hautement form\u00e9s \u00e0 la conformit\u00e9 GDPR et travaillons avec les organisations pour les aider \u00e0 respecter les normes \u00e9lev\u00e9es de protection des donn\u00e9es.","og_url":"https:\/\/dpoassociates.eu\/fr\/a-propos-de-nous\/","og_site_name":"DPO Associates","article_publisher":"https:\/\/www.facebook.com\/profile.php?id=100083400514207","article_modified_time":"2025-02-27T13:32:45+00:00","og_image":[{"width":1024,"height":576,"url":"https:\/\/dpoassociates.eu\/wp-content\/uploads\/2023\/06\/Ontwerp-zonder-titel-162-1024x576.png","type":"image\/png"}],"twitter_card":"summary_large_image","twitter_misc":{"Dur\u00e9e de lecture estim\u00e9e":"5 minutes"},"schema":{"@context":"https:\/\/schema.org","@graph":[{"@type":"WebPage","@id":"https:\/\/dpoassociates.eu\/fr\/a-propos-de-nous\/","url":"https:\/\/dpoassociates.eu\/fr\/a-propos-de-nous\/","name":"Nommer un DPD en Belgique - DPO Associates","isPartOf":{"@id":"https:\/\/dpoassociates.eu\/fr\/#website"},"primaryImageOfPage":{"@id":"https:\/\/dpoassociates.eu\/fr\/a-propos-de-nous\/#primaryimage"},"image":{"@id":"https:\/\/dpoassociates.eu\/fr\/a-propos-de-nous\/#primaryimage"},"thumbnailUrl":"https:\/\/dpoassociates.eu\/wp-content\/uploads\/2023\/06\/Ontwerp-zonder-titel-162.png","datePublished":"2021-03-08T12:57:56+00:00","dateModified":"2025-02-27T13:32:45+00:00","description":"DPO Belgique : Chez DPO Associates, nous croyons en un monde o\u00f9 la confidentialit\u00e9 des donn\u00e9es est centrale. Nous sommes hautement form\u00e9s \u00e0 la conformit\u00e9 GDPR et travaillons avec les organisations pour les aider \u00e0 respecter les normes \u00e9lev\u00e9es de protection des donn\u00e9es.","breadcrumb":{"@id":"https:\/\/dpoassociates.eu\/fr\/a-propos-de-nous\/#breadcrumb"},"inLanguage":"fr-FR","potentialAction":[{"@type":"ReadAction","target":["https:\/\/dpoassociates.eu\/fr\/a-propos-de-nous\/"]}]},{"@type":"ImageObject","inLanguage":"fr-FR","@id":"https:\/\/dpoassociates.eu\/fr\/a-propos-de-nous\/#primaryimage","url":"https:\/\/dpoassociates.eu\/wp-content\/uploads\/2023\/06\/Ontwerp-zonder-titel-162.png","contentUrl":"https:\/\/dpoassociates.eu\/wp-content\/uploads\/2023\/06\/Ontwerp-zonder-titel-162.png","width":2240,"height":1260,"caption":"duo nodig"},{"@type":"BreadcrumbList","@id":"https:\/\/dpoassociates.eu\/fr\/a-propos-de-nous\/#breadcrumb","itemListElement":[{"@type":"ListItem","position":1,"name":"Home","item":"https:\/\/dpoassociates.eu\/fr\/"},{"@type":"ListItem","position":2,"name":"Vision"}]},{"@type":"WebSite","@id":"https:\/\/dpoassociates.eu\/fr\/#website","url":"https:\/\/dpoassociates.eu\/fr\/","name":"DPO Associates","description":"Protect, Detect, Respond","publisher":{"@id":"https:\/\/dpoassociates.eu\/fr\/#organization"},"potentialAction":[{"@type":"SearchAction","target":{"@type":"EntryPoint","urlTemplate":"https:\/\/dpoassociates.eu\/fr\/?s={search_term_string}"},"query-input":{"@type":"PropertyValueSpecification","valueRequired":true,"valueName":"search_term_string"}}],"inLanguage":"fr-FR"},{"@type":"Organization","@id":"https:\/\/dpoassociates.eu\/fr\/#organization","name":"DPO Associates","url":"https:\/\/dpoassociates.eu\/fr\/","logo":{"@type":"ImageObject","inLanguage":"fr-FR","@id":"https:\/\/dpoassociates.eu\/fr\/#\/schema\/logo\/image\/","url":"https:\/\/dpoassociates.eu\/wp-content\/uploads\/2022\/09\/thumbnail_Logo-DPO-Associates-negatief-zwart-negatief-002.png","contentUrl":"https:\/\/dpoassociates.eu\/wp-content\/uploads\/2022\/09\/thumbnail_Logo-DPO-Associates-negatief-zwart-negatief-002.png","width":651,"height":651,"caption":"DPO Associates"},"image":{"@id":"https:\/\/dpoassociates.eu\/fr\/#\/schema\/logo\/image\/"},"sameAs":["https:\/\/www.facebook.com\/profile.php?id=100083400514207","https:\/\/www.linkedin.com\/company\/dpo-associates-da\/"]}]}},"_links":{"self":[{"href":"https:\/\/dpoassociates.eu\/fr\/wp-json\/wp\/v2\/pages\/7558","targetHints":{"allow":["GET"]}}],"collection":[{"href":"https:\/\/dpoassociates.eu\/fr\/wp-json\/wp\/v2\/pages"}],"about":[{"href":"https:\/\/dpoassociates.eu\/fr\/wp-json\/wp\/v2\/types\/page"}],"author":[{"embeddable":true,"href":"https:\/\/dpoassociates.eu\/fr\/wp-json\/wp\/v2\/users\/1"}],"replies":[{"embeddable":true,"href":"https:\/\/dpoassociates.eu\/fr\/wp-json\/wp\/v2\/comments?post=7558"}],"version-history":[{"count":2,"href":"https:\/\/dpoassociates.eu\/fr\/wp-json\/wp\/v2\/pages\/7558\/revisions"}],"predecessor-version":[{"id":20081,"href":"https:\/\/dpoassociates.eu\/fr\/wp-json\/wp\/v2\/pages\/7558\/revisions\/20081"}],"wp:featuredmedia":[{"embeddable":true,"href":"https:\/\/dpoassociates.eu\/fr\/wp-json\/wp\/v2\/media\/8858"}],"wp:attachment":[{"href":"https:\/\/dpoassociates.eu\/fr\/wp-json\/wp\/v2\/media?parent=7558"}],"curies":[{"name":"wp","href":"https:\/\/api.w.org\/{rel}","templated":true}]}}