{"id":21487,"date":"2025-05-07T14:41:47","date_gmt":"2025-05-07T12:41:47","guid":{"rendered":"https:\/\/dpoassociates.eu\/21487-2\/"},"modified":"2025-05-07T14:45:48","modified_gmt":"2025-05-07T12:45:48","slug":"21487-2","status":"publish","type":"page","link":"https:\/\/dpoassociates.eu\/fr\/21487-2\/","title":{"rendered":"Demander un devis"},"content":{"rendered":"\n<h2 class=\"wp-block-heading\" id=\"h-offerte-aanvragen\">Demander un devis<\/h2>\n<div class='fluentform ff-default fluentform_wrapper_3  ff_guten_block ff_guten_block-3 ffs_default_wrap'><form data-form_id=\"3\" id=\"fluentform_3\" class=\"frm-fluent-form fluent_form_3 ff-el-form-top ff_form_instance_3_1 ff-form-loading ffs_default\" data-form_instance=\"ff_form_instance_3_1\" method=\"POST\" ><fieldset  style=\"border: none!important;margin: 0!important;padding: 0!important;background-color: transparent!important;box-shadow: none!important;outline: none!important; min-inline-size: 100%;\">\n                    <legend class=\"ff_screen_reader_title\" style=\"display: block; margin: 0!important;padding: 0!important;height: 0!important;text-indent: -999999px;width: 0!important;overflow:hidden;\">Offerte Aanvragen<\/legend><input type='hidden' name='__fluent_form_embded_post_id' value='21487' \/><input type=\"hidden\" id=\"_fluentform_3_fluentformnonce\" name=\"_fluentform_3_fluentformnonce\" value=\"0a0e97c3e8\" \/><input type=\"hidden\" name=\"_wp_http_referer\" value=\"\/fr\/wp-json\/wp\/v2\/pages\/21487\" \/><div data-type=\"name-element\" data-name=\"names\" class=\" ff-field_container ff-name-field-wrapper\" ><div class='ff-t-container'><div class='ff-t-cell '><div class='ff-el-group ff-el-form-top'><div class=\"ff-el-input--label ff-el-is-required asterisk-right\"><label for='ff_3_names_first_name_' id='label_ff_3_names_first_name_' >Voornaam<\/label><\/div><div class='ff-el-input--content'><input type=\"text\" name=\"names[first_name]\" id=\"ff_3_names_first_name_\" class=\"ff-el-form-control\" placeholder=\"Voornaam\" aria-invalid=\"false\" aria-required=true><\/div><\/div><\/div><div class='ff-t-cell '><div class='ff-el-group ff-el-form-top'><div class=\"ff-el-input--label ff-el-is-required asterisk-right\"><label for='ff_3_names_last_name_' id='label_ff_3_names_last_name_' >Achternaam<\/label><\/div><div class='ff-el-input--content'><input type=\"text\" name=\"names[last_name]\" id=\"ff_3_names_last_name_\" class=\"ff-el-form-control\" placeholder=\"Achternaam\" aria-invalid=\"false\" aria-required=true><\/div><\/div><\/div><\/div><\/div><div class='ff-el-group'><div class=\"ff-el-input--label ff-el-is-required asterisk-right\"><label for='ff_3_email' id='label_ff_3_email' aria-label=\"E-mailadres\">E-mailadres<\/label><\/div><div class='ff-el-input--content'><input type=\"email\" name=\"email\" id=\"ff_3_email\" class=\"ff-el-form-control\" placeholder=\"E-mailadres\" data-name=\"email\"  aria-invalid=\"false\" aria-required=true><\/div><\/div><div class='ff-el-group'><div class=\"ff-el-input--label ff-el-is-required asterisk-right\"><label for='ff_3_phone' id='label_ff_3_phone' aria-label=\"Telefoonnummer\">Telefoonnummer<\/label><\/div><div class='ff-el-input--content'><input type=\"text\" name=\"phone\" data-mask=\"(000) 000-0000\" class=\"ff-el-form-control\" placeholder=\"Telefoonnummer\" data-name=\"phone\" id=\"ff_3_phone\"  aria-invalid=\"false\" aria-required=true><\/div><\/div><div class='ff-el-group'><div class=\"ff-el-input--label ff-el-is-required asterisk-right\"><label for='ff_3_url' id='label_ff_3_url' aria-label=\"Bedrijfs Website\">Bedrijfs Website<\/label><\/div><div class='ff-el-input--content'><input type=\"url\" name=\"url\" class=\"ff-el-form-control\" data-name=\"url\" id=\"ff_3_url\"  aria-invalid=\"false\" aria-required=true><\/div><\/div><div class='ff-el-group'><div class=\"ff-el-input--label ff-el-is-required asterisk-right\"><label for='ff_3_service' id='label_ff_3_service' aria-label=\"Type Dienst\">Type Dienst<\/label><\/div><div class='ff-el-input--content'><select name=\"service\" id=\"ff_3_service\" class=\"ff-el-form-control\" data-name=\"service\" data-calc_value=\"0\"  aria-invalid=\"false\" aria-required=\"true\" aria-labelledby=\"label_ff_3_service\"><option value=\"\">Selecteer een dienst<\/option><option value=\"EU Vertegenwoordiger GDPR\"  >EU Vertegenwoordiger GDPR<\/option><option value=\"DPO Aanstellen\"  >DPO Aanstellen<\/option><option value=\"CISO Aanstellen\"  >CISO Aanstellen<\/option><\/select><\/div><\/div><div class='ff-el-group'><div class=\"ff-el-input--label ff-el-is-required asterisk-right\"><label for='ff_3_description' id='label_ff_3_description' aria-label=\"Ondernemingsactiviteiten\">Ondernemingsactiviteiten<\/label><\/div><div class='ff-el-input--content'><textarea aria-required=\"true\" aria-labelledby=\"label_ff_3_description\" name=\"description\" id=\"ff_3_description\" class=\"ff-el-form-control\" placeholder=\"Beschrijf zo gedetailleerd mogelijk...\" rows=\"3\" cols=\"2\" data-name=\"description\" ><\/textarea><\/div><\/div><div class='ff-el-group'><div class=\"ff-el-input--label ff-el-is-required asterisk-right\"><label   aria-label=\"Privacyverklaring\">Privacyverklaring<\/label><\/div><div class='ff-el-input--content'><div class='ff-el-form-check ff-el-form-check-'><label class='ff-el-form-check-label' for='privacy_71a8bec1706d00633456e516f4a4a0d7'><input  type=\"checkbox\" name=\"privacy[]\" data-name=\"privacy\" class=\"ff-el-form-check-input ff-el-form-check-checkbox\" value=\"Ik ga akkoord met de verwerking van mijn gegevens\"  id='privacy_71a8bec1706d00633456e516f4a4a0d7' aria-label='Ik ga akkoord met de verwerking van mijn gegevens' aria-invalid='false' aria-required=true> <span>Ik ga akkoord met de verwerking van mijn gegevens<\/span><\/label><\/div><\/div><\/div><div class='ff-el-group ff-text-left ff_submit_btn_wrapper ff_submit_btn_wrapper_custom'><button class=\"ff-btn ff-btn-submit ff-btn-md ff_btn_style wpf_has_custom_css\" type=\"submit\" name=\"custom_submit_button-3_1\" data-name=\"custom_submit_button-3_1\"  aria-label=\"Verstuur aanvraag\">Verstuur aanvraag<\/button><style>form.fluent_form_3 .wpf_has_custom_css.ff-btn-submit { background-color:#1a7efb;border-color:#1a7efb;color:#ffffff;min-width:100%; }form.fluent_form_3 .wpf_has_custom_css.ff-btn-submit:hover { background-color:#ffffff;border-color:#1a7efb;color:#1a7efb;min-width:100%; } <\/style><\/div><\/fieldset><\/form><div id='fluentform_3_errors' class='ff-errors-in-stack ff_form_instance_3_1 ff-form-loading_errors ff_form_instance_3_1_errors'><\/div><\/div>            <script type=\"text\/javascript\">\n                window.fluent_form_ff_form_instance_3_1 = {\"id\":\"3\",\"settings\":{\"layout\":{\"labelPlacement\":\"top\",\"asteriskPlacement\":\"asterisk-right\",\"helpMessagePlacement\":\"with_label\",\"errorMessagePlacement\":\"inline\",\"cssClassName\":\"\"},\"restrictions\":{\"denyEmptySubmission\":{\"enabled\":false}}},\"form_instance\":\"ff_form_instance_3_1\",\"form_id_selector\":\"fluentform_3\",\"rules\":{\"names[first_name]\":{\"required\":{\"value\":true,\"global\":false,\"global_message\":\"Dit veld is vereist\"}},\"names[middle_name]\":{\"required\":{\"value\":false,\"message\":\"Ce champ est obligatoire\",\"global_message\":\"Dit veld is vereist\",\"global\":true}},\"names[last_name]\":{\"required\":{\"value\":true,\"global\":false,\"global_message\":\"Dit veld is vereist\"}},\"email\":{\"required\":{\"value\":true,\"global\":false,\"global_message\":\"Dit veld is vereist\"},\"email\":{\"value\":true,\"global\":false,\"global_message\":\"Dit veld moet een geldig e-mailadres bevatten\"}},\"phone\":{\"required\":{\"value\":true,\"global\":false,\"global_message\":\"Dit veld is vereist\"}},\"url\":{\"required\":{\"value\":true,\"message\":\"Ce champ est obligatoire\",\"global_message\":\"Dit veld is vereist\",\"global\":true},\"url\":{\"value\":true,\"message\":\"Ce champ doit contenir une URL valide\",\"global_message\":\"Dit veld moet een geldige URL bevatten\",\"global\":true}},\"service\":{\"required\":{\"value\":true,\"global\":false,\"global_message\":\"Dit veld is vereist\"}},\"description\":{\"required\":{\"value\":true,\"message\":\"Ce champ est obligatoire\",\"global_message\":\"Dit veld is vereist\",\"global\":true}},\"privacy\":{\"required\":{\"value\":true,\"global\":false,\"global_message\":\"Dit veld is vereist\"}}},\"debounce_time\":300};\n                            <\/script>\n            \n<p><\/p>\n","protected":false},"excerpt":{"rendered":"<p>Demander un devis<\/p>\n","protected":false},"author":1,"featured_media":0,"parent":0,"menu_order":0,"comment_status":"closed","ping_status":"closed","template":"","meta":{"_eb_attr":"","footnotes":""},"class_list":["post-21487","page","type-page","status-publish","hentry"],"yoast_head":"<!-- This site is optimized with the Yoast SEO Premium plugin v25.8 (Yoast SEO v27.2) - https:\/\/yoast.com\/product\/yoast-seo-premium-wordpress\/ -->\n<title>Demandez votre devis gratuit pour les services DPO ici - DPO Associates<\/title>\n<meta name=\"description\" content=\"D\u00e9couvrez comment DPO Services peut aider votre entreprise \u00e0 \u00e9laborer des lignes directrices en mati\u00e8re de conformit\u00e9.\" \/>\n<meta name=\"robots\" content=\"index, follow, max-snippet:-1, max-image-preview:large, max-video-preview:-1\" \/>\n<link rel=\"canonical\" href=\"https:\/\/dpoassociates.eu\/fr\/21487-2\/\" \/>\n<meta property=\"og:locale\" content=\"fr_FR\" \/>\n<meta property=\"og:type\" content=\"article\" \/>\n<meta property=\"og:title\" content=\"Demander un devis\" \/>\n<meta property=\"og:description\" content=\"D\u00e9couvrez comment DPO Services peut aider votre entreprise \u00e0 \u00e9laborer des lignes directrices en mati\u00e8re de conformit\u00e9.\" \/>\n<meta property=\"og:url\" content=\"https:\/\/dpoassociates.eu\/fr\/21487-2\/\" \/>\n<meta property=\"og:site_name\" content=\"DPO Associates\" \/>\n<meta property=\"article:publisher\" content=\"https:\/\/www.facebook.com\/profile.php?id=100083400514207\" \/>\n<meta property=\"article:modified_time\" content=\"2025-05-07T12:45:48+00:00\" \/>\n<meta name=\"twitter:card\" content=\"summary_large_image\" \/>\n<script type=\"application\/ld+json\" class=\"yoast-schema-graph\">{\"@context\":\"https:\/\/schema.org\",\"@graph\":[{\"@type\":\"WebPage\",\"@id\":\"https:\/\/dpoassociates.eu\/fr\/21487-2\/\",\"url\":\"https:\/\/dpoassociates.eu\/fr\/21487-2\/\",\"name\":\"Demandez votre devis gratuit pour les services DPO ici - DPO Associates\",\"isPartOf\":{\"@id\":\"https:\/\/dpoassociates.eu\/fr\/#website\"},\"datePublished\":\"2025-05-07T12:41:47+00:00\",\"dateModified\":\"2025-05-07T12:45:48+00:00\",\"description\":\"D\u00e9couvrez comment DPO Services peut aider votre entreprise \u00e0 \u00e9laborer des lignes directrices en mati\u00e8re de conformit\u00e9.\",\"breadcrumb\":{\"@id\":\"https:\/\/dpoassociates.eu\/fr\/21487-2\/#breadcrumb\"},\"inLanguage\":\"fr-FR\",\"potentialAction\":[{\"@type\":\"ReadAction\",\"target\":[\"https:\/\/dpoassociates.eu\/fr\/21487-2\/\"]}]},{\"@type\":\"BreadcrumbList\",\"@id\":\"https:\/\/dpoassociates.eu\/fr\/21487-2\/#breadcrumb\",\"itemListElement\":[{\"@type\":\"ListItem\",\"position\":1,\"name\":\"Home\",\"item\":\"https:\/\/dpoassociates.eu\/fr\/\"},{\"@type\":\"ListItem\",\"position\":2,\"name\":\"Demander un devis\"}]},{\"@type\":\"WebSite\",\"@id\":\"https:\/\/dpoassociates.eu\/fr\/#website\",\"url\":\"https:\/\/dpoassociates.eu\/fr\/\",\"name\":\"DPO Associates\",\"description\":\"Protect, Detect, Respond\",\"publisher\":{\"@id\":\"https:\/\/dpoassociates.eu\/fr\/#organization\"},\"potentialAction\":[{\"@type\":\"SearchAction\",\"target\":{\"@type\":\"EntryPoint\",\"urlTemplate\":\"https:\/\/dpoassociates.eu\/fr\/?s={search_term_string}\"},\"query-input\":{\"@type\":\"PropertyValueSpecification\",\"valueRequired\":true,\"valueName\":\"search_term_string\"}}],\"inLanguage\":\"fr-FR\"},{\"@type\":\"Organization\",\"@id\":\"https:\/\/dpoassociates.eu\/fr\/#organization\",\"name\":\"DPO Associates\",\"url\":\"https:\/\/dpoassociates.eu\/fr\/\",\"logo\":{\"@type\":\"ImageObject\",\"inLanguage\":\"fr-FR\",\"@id\":\"https:\/\/dpoassociates.eu\/fr\/#\/schema\/logo\/image\/\",\"url\":\"https:\/\/dpoassociates.eu\/wp-content\/uploads\/2022\/09\/thumbnail_Logo-DPO-Associates-negatief-zwart-negatief-002.png\",\"contentUrl\":\"https:\/\/dpoassociates.eu\/wp-content\/uploads\/2022\/09\/thumbnail_Logo-DPO-Associates-negatief-zwart-negatief-002.png\",\"width\":651,\"height\":651,\"caption\":\"DPO Associates\"},\"image\":{\"@id\":\"https:\/\/dpoassociates.eu\/fr\/#\/schema\/logo\/image\/\"},\"sameAs\":[\"https:\/\/www.facebook.com\/profile.php?id=100083400514207\",\"https:\/\/www.linkedin.com\/company\/dpo-associates-da\/\"]}]}<\/script>\n<!-- \/ Yoast SEO Premium plugin. -->","yoast_head_json":{"title":"Demandez votre devis gratuit pour les services DPO ici - DPO Associates","description":"D\u00e9couvrez comment DPO Services peut aider votre entreprise \u00e0 \u00e9laborer des lignes directrices en mati\u00e8re de conformit\u00e9.","robots":{"index":"index","follow":"follow","max-snippet":"max-snippet:-1","max-image-preview":"max-image-preview:large","max-video-preview":"max-video-preview:-1"},"canonical":"https:\/\/dpoassociates.eu\/fr\/21487-2\/","og_locale":"fr_FR","og_type":"article","og_title":"Demander un devis","og_description":"D\u00e9couvrez comment DPO Services peut aider votre entreprise \u00e0 \u00e9laborer des lignes directrices en mati\u00e8re de conformit\u00e9.","og_url":"https:\/\/dpoassociates.eu\/fr\/21487-2\/","og_site_name":"DPO Associates","article_publisher":"https:\/\/www.facebook.com\/profile.php?id=100083400514207","article_modified_time":"2025-05-07T12:45:48+00:00","twitter_card":"summary_large_image","schema":{"@context":"https:\/\/schema.org","@graph":[{"@type":"WebPage","@id":"https:\/\/dpoassociates.eu\/fr\/21487-2\/","url":"https:\/\/dpoassociates.eu\/fr\/21487-2\/","name":"Demandez votre devis gratuit pour les services DPO ici - DPO Associates","isPartOf":{"@id":"https:\/\/dpoassociates.eu\/fr\/#website"},"datePublished":"2025-05-07T12:41:47+00:00","dateModified":"2025-05-07T12:45:48+00:00","description":"D\u00e9couvrez comment DPO Services peut aider votre entreprise \u00e0 \u00e9laborer des lignes directrices en mati\u00e8re de conformit\u00e9.","breadcrumb":{"@id":"https:\/\/dpoassociates.eu\/fr\/21487-2\/#breadcrumb"},"inLanguage":"fr-FR","potentialAction":[{"@type":"ReadAction","target":["https:\/\/dpoassociates.eu\/fr\/21487-2\/"]}]},{"@type":"BreadcrumbList","@id":"https:\/\/dpoassociates.eu\/fr\/21487-2\/#breadcrumb","itemListElement":[{"@type":"ListItem","position":1,"name":"Home","item":"https:\/\/dpoassociates.eu\/fr\/"},{"@type":"ListItem","position":2,"name":"Demander un devis"}]},{"@type":"WebSite","@id":"https:\/\/dpoassociates.eu\/fr\/#website","url":"https:\/\/dpoassociates.eu\/fr\/","name":"DPO Associates","description":"Protect, Detect, Respond","publisher":{"@id":"https:\/\/dpoassociates.eu\/fr\/#organization"},"potentialAction":[{"@type":"SearchAction","target":{"@type":"EntryPoint","urlTemplate":"https:\/\/dpoassociates.eu\/fr\/?s={search_term_string}"},"query-input":{"@type":"PropertyValueSpecification","valueRequired":true,"valueName":"search_term_string"}}],"inLanguage":"fr-FR"},{"@type":"Organization","@id":"https:\/\/dpoassociates.eu\/fr\/#organization","name":"DPO Associates","url":"https:\/\/dpoassociates.eu\/fr\/","logo":{"@type":"ImageObject","inLanguage":"fr-FR","@id":"https:\/\/dpoassociates.eu\/fr\/#\/schema\/logo\/image\/","url":"https:\/\/dpoassociates.eu\/wp-content\/uploads\/2022\/09\/thumbnail_Logo-DPO-Associates-negatief-zwart-negatief-002.png","contentUrl":"https:\/\/dpoassociates.eu\/wp-content\/uploads\/2022\/09\/thumbnail_Logo-DPO-Associates-negatief-zwart-negatief-002.png","width":651,"height":651,"caption":"DPO Associates"},"image":{"@id":"https:\/\/dpoassociates.eu\/fr\/#\/schema\/logo\/image\/"},"sameAs":["https:\/\/www.facebook.com\/profile.php?id=100083400514207","https:\/\/www.linkedin.com\/company\/dpo-associates-da\/"]}]}},"_links":{"self":[{"href":"https:\/\/dpoassociates.eu\/fr\/wp-json\/wp\/v2\/pages\/21487","targetHints":{"allow":["GET"]}}],"collection":[{"href":"https:\/\/dpoassociates.eu\/fr\/wp-json\/wp\/v2\/pages"}],"about":[{"href":"https:\/\/dpoassociates.eu\/fr\/wp-json\/wp\/v2\/types\/page"}],"author":[{"embeddable":true,"href":"https:\/\/dpoassociates.eu\/fr\/wp-json\/wp\/v2\/users\/1"}],"replies":[{"embeddable":true,"href":"https:\/\/dpoassociates.eu\/fr\/wp-json\/wp\/v2\/comments?post=21487"}],"version-history":[{"count":3,"href":"https:\/\/dpoassociates.eu\/fr\/wp-json\/wp\/v2\/pages\/21487\/revisions"}],"predecessor-version":[{"id":21500,"href":"https:\/\/dpoassociates.eu\/fr\/wp-json\/wp\/v2\/pages\/21487\/revisions\/21500"}],"wp:attachment":[{"href":"https:\/\/dpoassociates.eu\/fr\/wp-json\/wp\/v2\/media?parent=21487"}],"curies":[{"name":"wp","href":"https:\/\/api.w.org\/{rel}","templated":true}]}}