{"id":19260,"date":"2025-02-04T12:24:37","date_gmt":"2025-02-04T12:24:37","guid":{"rendered":"https:\/\/dpoassociates.eu\/centre-doperations-de-securite-gere-soc\/"},"modified":"2025-02-27T14:31:47","modified_gmt":"2025-02-27T13:31:47","slug":"centre-doperations-de-securite-gere-soc","status":"publish","type":"page","link":"https:\/\/dpoassociates.eu\/fr\/centre-doperations-de-securite-gere-soc\/","title":{"rendered":"Centre d&rsquo;op\u00e9rations de s\u00e9curit\u00e9 g\u00e9r\u00e9 (SOC)"},"content":{"rendered":"\t\t<div data-elementor-type=\"wp-page\" data-elementor-id=\"19260\" class=\"elementor elementor-19260 elementor-19210\" data-elementor-post-type=\"page\">\n\t\t\t\t\t\t<section class=\"elementor-section elementor-top-section elementor-element elementor-element-3c0b109c elementor-section-boxed elementor-section-height-default elementor-section-height-default\" data-id=\"3c0b109c\" data-element_type=\"section\" data-e-type=\"section\" data-settings=\"{&quot;background_background&quot;:&quot;classic&quot;,&quot;background_motion_fx_motion_fx_mouse&quot;:&quot;yes&quot;,&quot;background_motion_fx_mouseTrack_effect&quot;:&quot;yes&quot;,&quot;background_motion_fx_mouseTrack_speed&quot;:{&quot;unit&quot;:&quot;px&quot;,&quot;size&quot;:0.5,&quot;sizes&quot;:[]}}\">\n\t\t\t\t\t\t<div class=\"elementor-container elementor-column-gap-no\">\n\t\t\t\t\t<div class=\"elementor-column elementor-col-100 elementor-top-column elementor-element elementor-element-5fbb3dfd\" data-id=\"5fbb3dfd\" data-element_type=\"column\" data-e-type=\"column\">\n\t\t\t<div class=\"elementor-widget-wrap elementor-element-populated\">\n\t\t\t\t\t\t<section class=\"elementor-section elementor-inner-section elementor-element elementor-element-2ed78ea9 elementor-section-boxed elementor-section-height-default elementor-section-height-default elementor-invisible\" data-id=\"2ed78ea9\" data-element_type=\"section\" data-e-type=\"section\" data-settings=\"{&quot;animation&quot;:&quot;fadeInUp&quot;}\">\n\t\t\t\t\t\t<div class=\"elementor-container elementor-column-gap-no\">\n\t\t\t\t\t<div class=\"elementor-column elementor-col-100 elementor-inner-column elementor-element elementor-element-36576386\" data-id=\"36576386\" data-element_type=\"column\" data-e-type=\"column\">\n\t\t\t<div class=\"elementor-widget-wrap elementor-element-populated\">\n\t\t\t\t\t\t<div class=\"elementor-element elementor-element-5f1d8e29 elementor-widget elementor-widget-heading\" data-id=\"5f1d8e29\" data-element_type=\"widget\" data-e-type=\"widget\" data-widget_type=\"heading.default\">\n\t\t\t\t<div class=\"elementor-widget-container\">\n\t\t\t\t\t<h1 class=\"elementor-heading-title elementor-size-default\">Qu'est-ce qu'un centre d'op\u00e9rations de s\u00e9curit\u00e9 g\u00e9r\u00e9 (SOC) ?<\/h1>\t\t\t\t<\/div>\n\t\t\t\t<\/div>\n\t\t\t\t\t<\/div>\n\t\t<\/div>\n\t\t\t\t\t<\/div>\n\t\t<\/section>\n\t\t\t\t<div class=\"elementor-element elementor-element-2626e7a1 elementor-widget elementor-widget-text-editor\" data-id=\"2626e7a1\" data-element_type=\"widget\" data-e-type=\"widget\" data-widget_type=\"text-editor.default\">\n\t\t\t\t<div class=\"elementor-widget-container\">\n\t\t\t\t\t\t\t\t\t<p data-pm-slice=\"1 1 []\">Un centre d&rsquo;op\u00e9rations de s\u00e9curit\u00e9 g\u00e9r\u00e9 (SOC) est un service externe qui surveille, analyse et prot\u00e8ge en permanence votre environnement informatique contre les cybermenaces. Il propose une approche proactive pour d\u00e9tecter et att\u00e9nuer les incidents de s\u00e9curit\u00e9 avant qu&rsquo;ils ne causent des dommages. <\/p>\t\t\t\t\t\t\t\t<\/div>\n\t\t\t\t<\/div>\n\t\t\t\t<div class=\"elementor-element elementor-element-63769c04 elementor-widget elementor-widget-heading\" data-id=\"63769c04\" data-element_type=\"widget\" data-e-type=\"widget\" data-widget_type=\"heading.default\">\n\t\t\t\t<div class=\"elementor-widget-container\">\n\t\t\t\t\t<h2 class=\"elementor-heading-title elementor-size-default\">Avantages d'un SOC g\u00e9r\u00e9 :<\/h2>\t\t\t\t<\/div>\n\t\t\t\t<\/div>\n\t\t\t\t<div class=\"elementor-element elementor-element-76c17662 elementor-widget elementor-widget-text-editor\" data-id=\"76c17662\" data-element_type=\"widget\" data-e-type=\"widget\" data-widget_type=\"text-editor.default\">\n\t\t\t\t<div class=\"elementor-widget-container\">\n\t\t\t\t\t\t\t\t\t<ul data-spread=\"false\" data-pm-slice=\"3 3 []\"><li><p><strong>S\u00e9curit\u00e9 permanente<\/strong>: votre environnement informatique est prot\u00e9g\u00e9 24 heures sur 24 et 7 jours sur 7 contre les cyberattaques.<\/p><\/li><li><p><strong>Rentabilit\u00e9<\/strong>: il n&rsquo;est pas n\u00e9cessaire de constituer et de maintenir une \u00e9quipe SOC en interne.<\/p><\/li><li><p><strong>Soutien d&rsquo;experts<\/strong>: acc\u00e8s \u00e0 une \u00e9quipe de sp\u00e9cialistes exp\u00e9riment\u00e9s en cybers\u00e9curit\u00e9.<\/p><\/li><li><p><strong>D\u00e9tection et r\u00e9action rapides<\/strong>: minimise les temps d&rsquo;arr\u00eat et pr\u00e9vient les violations de donn\u00e9es.<\/p><\/li><\/ul>\t\t\t\t\t\t\t\t<\/div>\n\t\t\t\t<\/div>\n\t\t\t\t<div class=\"elementor-element elementor-element-75950794 elementor-widget elementor-widget-heading\" data-id=\"75950794\" data-element_type=\"widget\" data-e-type=\"widget\" data-widget_type=\"heading.default\">\n\t\t\t\t<div class=\"elementor-widget-container\">\n\t\t\t\t\t<h2 class=\"elementor-heading-title elementor-size-default\">Comment fonctionne un SOC ?\n<\/h2>\t\t\t\t<\/div>\n\t\t\t\t<\/div>\n\t\t\t\t<div class=\"elementor-element elementor-element-6d3d65d7 elementor-widget elementor-widget-text-editor\" data-id=\"6d3d65d7\" data-element_type=\"widget\" data-e-type=\"widget\" data-widget_type=\"text-editor.default\">\n\t\t\t\t<div class=\"elementor-widget-container\">\n\t\t\t\t\t\t\t\t\t<p data-pm-slice=\"1 3 []\">Notre service Managed SOC comprend<\/p><ul data-spread=\"false\"><li><p><strong>Surveillance 24\/7<\/strong>: surveillance continue des r\u00e9seaux, des syst\u00e8mes et des applications afin de d\u00e9tecter toute activit\u00e9 suspecte.<\/p><\/li><li><p><strong>Threat Intelligence &amp; Detection<\/strong>: utilisation de technologies avanc\u00e9es et d&rsquo;analyses pilot\u00e9es par l&rsquo;IA pour identifier les menaces \u00e0 un stade pr\u00e9coce.<\/p><\/li><li><p><strong>R\u00e9ponse aux incidents et att\u00e9nuation de leurs effets<\/strong>: R\u00e9ponse rapide et efficace aux incidents de s\u00e9curit\u00e9 afin de minimiser les dommages.<\/p><\/li><li><p><strong>Analyse m\u00e9dico-l\u00e9gale<\/strong>: enqu\u00eate approfondie sur la cause et l&rsquo;impact des incidents de s\u00e9curit\u00e9.<\/p><\/li><li><p><strong>Conformit\u00e9 et rapports<\/strong>: Rapports d\u00e9taill\u00e9s et soutien \u00e0 la conformit\u00e9 r\u00e9glementaire telle que GDPR, ISO 27001 et NIS2.<\/p><\/li><\/ul>\t\t\t\t\t\t\t\t<\/div>\n\t\t\t\t<\/div>\n\t\t\t\t<div class=\"elementor-element elementor-element-121dc0a elementor-widget__width-initial elementor-widget elementor-widget-image\" data-id=\"121dc0a\" data-element_type=\"widget\" data-e-type=\"widget\" data-widget_type=\"image.default\">\n\t\t\t\t<div class=\"elementor-widget-container\">\n\t\t\t\t\t\t\t\t\t\t\t\t\t\t\t<img fetchpriority=\"high\" decoding=\"async\" width=\"1000\" height=\"1000\" src=\"https:\/\/dpoassociates.eu\/wp-content\/uploads\/2025\/02\/Ontwerp-zonder-titel-42-1024x1024.png\" class=\"attachment-large size-large wp-image-19250\" alt=\"\" srcset=\"https:\/\/dpoassociates.eu\/wp-content\/uploads\/2025\/02\/Ontwerp-zonder-titel-42-1024x1024.png 1024w, https:\/\/dpoassociates.eu\/wp-content\/uploads\/2025\/02\/Ontwerp-zonder-titel-42-300x300.png 300w, https:\/\/dpoassociates.eu\/wp-content\/uploads\/2025\/02\/Ontwerp-zonder-titel-42-150x150.png 150w, https:\/\/dpoassociates.eu\/wp-content\/uploads\/2025\/02\/Ontwerp-zonder-titel-42-768x768.png 768w, https:\/\/dpoassociates.eu\/wp-content\/uploads\/2025\/02\/Ontwerp-zonder-titel-42-650x650.png 650w, https:\/\/dpoassociates.eu\/wp-content\/uploads\/2025\/02\/Ontwerp-zonder-titel-42-400x400.png 400w, https:\/\/dpoassociates.eu\/wp-content\/uploads\/2025\/02\/Ontwerp-zonder-titel-42-600x600.png 600w, https:\/\/dpoassociates.eu\/wp-content\/uploads\/2025\/02\/Ontwerp-zonder-titel-42.png 1080w\" sizes=\"(max-width: 1000px) 100vw, 1000px\" \/>\t\t\t\t\t\t\t\t\t\t\t\t\t\t\t<\/div>\n\t\t\t\t<\/div>\n\t\t\t\t<div class=\"elementor-element elementor-element-28d3f69c elementor-widget elementor-widget-heading\" data-id=\"28d3f69c\" data-element_type=\"widget\" data-e-type=\"widget\" data-widget_type=\"heading.default\">\n\t\t\t\t<div class=\"elementor-widget-container\">\n\t\t\t\t\t<h2 class=\"elementor-heading-title elementor-size-default\">Pourquoi choisir notre Managed SOC ?\n\n<\/h2>\t\t\t\t<\/div>\n\t\t\t\t<\/div>\n\t\t\t\t<div class=\"elementor-element elementor-element-5cc92708 elementor-widget elementor-widget-text-editor\" data-id=\"5cc92708\" data-element_type=\"widget\" data-e-type=\"widget\" data-widget_type=\"text-editor.default\">\n\t\t\t\t<div class=\"elementor-widget-container\">\n\t\t\t\t\t\t\t\t\t<p data-pm-slice=\"1 1 []\">Notre service Managed SOC associe une technologie de pointe \u00e0 une expertise humaine pour prot\u00e9ger votre organisation contre des menaces en constante \u00e9volution. Gr\u00e2ce \u00e0 notre approche proactive et \u00e0 notre surveillance continue, nous aidons votre organisation \u00e0 rester s\u00e9curis\u00e9e et conforme. <\/p><p> <\/p>\t\t\t\t\t\t\t\t<\/div>\n\t\t\t\t<\/div>\n\t\t\t\t\t<\/div>\n\t\t<\/div>\n\t\t\t\t\t<\/div>\n\t\t<\/section>\n\t\t\t\t<section class=\"elementor-section elementor-top-section elementor-element elementor-element-25a92ef5 elementor-section-boxed elementor-section-height-default elementor-section-height-default\" data-id=\"25a92ef5\" data-element_type=\"section\" data-e-type=\"section\">\n\t\t\t\t\t\t<div class=\"elementor-container elementor-column-gap-default\">\n\t\t\t\t\t<div class=\"elementor-column elementor-col-100 elementor-top-column elementor-element elementor-element-58a28a6d\" data-id=\"58a28a6d\" data-element_type=\"column\" data-e-type=\"column\">\n\t\t\t<div class=\"elementor-widget-wrap elementor-element-populated\">\n\t\t\t\t\t\t<div class=\"elementor-element elementor-element-3d49761 elementor-widget elementor-widget-heading\" data-id=\"3d49761\" data-element_type=\"widget\" data-e-type=\"widget\" data-widget_type=\"heading.default\">\n\t\t\t\t<div class=\"elementor-widget-container\">\n\t\t\t\t\t<h2 class=\"elementor-heading-title elementor-size-default\">Prenez contact avec nous !\n\n<\/h2>\t\t\t\t<\/div>\n\t\t\t\t<\/div>\n\t\t\t\t<div class=\"elementor-element elementor-element-671be26b elementor-button-align-stretch elementor-widget elementor-widget-form\" data-id=\"671be26b\" data-element_type=\"widget\" data-e-type=\"widget\" data-settings=\"{&quot;step_next_label&quot;:&quot;Suivant&quot;,&quot;step_previous_label&quot;:&quot;Pr\\u00e9c\\u00e9dent&quot;,&quot;button_width&quot;:&quot;100&quot;,&quot;step_type&quot;:&quot;number_text&quot;,&quot;step_icon_shape&quot;:&quot;circle&quot;}\" data-widget_type=\"form.default\">\n\t\t\t\t<div class=\"elementor-widget-container\">\n\t\t\t\t\t\t\t<form class=\"elementor-form\" method=\"post\" name=\"Nouveau formulaire\" aria-label=\"Nouveau formulaire\">\n\t\t\t<input type=\"hidden\" name=\"post_id\" value=\"19260\"\/>\n\t\t\t<input type=\"hidden\" name=\"form_id\" value=\"671be26b\"\/>\n\t\t\t<input type=\"hidden\" name=\"referer_title\" value=\"Centre d&#039;op\u00e9rations de s\u00e9curit\u00e9 g\u00e9r\u00e9 (SOC) - DPO Associates\" \/>\n\n\t\t\t\t\t\t\t<input type=\"hidden\" name=\"queried_id\" value=\"19260\"\/>\n\t\t\t\n\t\t\t<div class=\"elementor-form-fields-wrapper elementor-labels-above\">\n\t\t\t\t\t\t\t\t<div class=\"elementor-field-type-text elementor-field-group elementor-column elementor-field-group-name elementor-col-100\">\n\t\t\t\t\t\t\t\t\t\t\t\t<label for=\"form-field-name\" class=\"elementor-field-label\">\n\t\t\t\t\t\t\t\tNom\t\t\t\t\t\t\t<\/label>\n\t\t\t\t\t\t\t\t\t\t\t\t\t\t<input size=\"1\" type=\"text\" name=\"form_fields[name]\" id=\"form-field-name\" class=\"elementor-field elementor-size-sm  elementor-field-textual\" placeholder=\"Nom\">\n\t\t\t\t\t\t\t\t\t\t\t<\/div>\n\t\t\t\t\t\t\t\t<div class=\"elementor-field-type-email elementor-field-group elementor-column elementor-field-group-email elementor-col-100 elementor-field-required\">\n\t\t\t\t\t\t\t\t\t\t\t\t<label for=\"form-field-email\" class=\"elementor-field-label\">\n\t\t\t\t\t\t\t\tCourriel :\t\t\t\t\t\t\t<\/label>\n\t\t\t\t\t\t\t\t\t\t\t\t\t\t<input size=\"1\" type=\"email\" name=\"form_fields[email]\" id=\"form-field-email\" class=\"elementor-field elementor-size-sm  elementor-field-textual\" placeholder=\"Courriel :\" required=\"required\">\n\t\t\t\t\t\t\t\t\t\t\t<\/div>\n\t\t\t\t\t\t\t\t<div class=\"elementor-field-type-textarea elementor-field-group elementor-column elementor-field-group-message elementor-col-100\">\n\t\t\t\t\t\t\t\t\t\t\t\t<label for=\"form-field-message\" class=\"elementor-field-label\">\n\t\t\t\t\t\t\t\tMessage\t\t\t\t\t\t\t<\/label>\n\t\t\t\t\t\t<textarea class=\"elementor-field-textual elementor-field  elementor-size-sm\" name=\"form_fields[message]\" id=\"form-field-message\" rows=\"4\" placeholder=\"Message\"><\/textarea>\t\t\t\t<\/div>\n\t\t\t\t\t\t\t\t<div class=\"elementor-field-type-acceptance elementor-field-group elementor-column elementor-field-group-field_3c83b1a elementor-col-100 elementor-field-required\">\n\t\t\t\t\t\t\t<div class=\"elementor-field-subgroup\">\n\t\t\t<span class=\"elementor-field-option\">\n\t\t\t\t<input type=\"checkbox\" name=\"form_fields[field_3c83b1a]\" id=\"form-field-field_3c83b1a\" class=\"elementor-field elementor-size-sm  elementor-acceptance-field\" required=\"required\">\n\t\t\t\t<label for=\"form-field-field_3c83b1a\">J'autorise DPOAssociates.eu \u00e0 traiter mes donn\u00e9es. *<\/label>\t\t\t<\/span>\n\t\t<\/div>\n\t\t\t\t\t\t<\/div>\n\t\t\t\t\t\t\t\t<div class=\"elementor-field-group elementor-column elementor-field-type-submit elementor-col-100 e-form__buttons\">\n\t\t\t\t\t<button class=\"elementor-button elementor-size-sm\" type=\"submit\">\n\t\t\t\t\t\t<span class=\"elementor-button-content-wrapper\">\n\t\t\t\t\t\t\t\t\t\t\t\t\t\t\t\t\t\t\t\t\t\t<span class=\"elementor-button-text\">Envoyer<\/span>\n\t\t\t\t\t\t\t\t\t\t\t\t\t<\/span>\n\t\t\t\t\t<\/button>\n\t\t\t\t<\/div>\n\t\t\t<\/div>\n\t\t<input\n                    class=\"apbct_special_field apbct_email_id__elementor_form\"\n                    name=\"apbct__email_id__elementor_form\"\n                    aria-label=\"apbct__label_id__elementor_form\"\n                    type=\"text\" size=\"30\" maxlength=\"200\" autocomplete=\"off\"\n                    value=\"\"\n                \/><\/form>\n\t\t\t\t\t\t<\/div>\n\t\t\t\t<\/div>\n\t\t\t\t\t<\/div>\n\t\t<\/div>\n\t\t\t\t\t<\/div>\n\t\t<\/section>\n\t\t\t\t<\/div>\n\t\t","protected":false},"excerpt":{"rendered":"<p>Qu&rsquo;est-ce qu&rsquo;un centre d&rsquo;op\u00e9rations de s\u00e9curit\u00e9 g\u00e9r\u00e9 (SOC) ? Un centre d&rsquo;op\u00e9rations de s\u00e9curit\u00e9 g\u00e9r\u00e9 (SOC) est un service externe qui surveille, [&hellip;]<\/p>\n","protected":false},"author":1,"featured_media":0,"parent":0,"menu_order":0,"comment_status":"closed","ping_status":"closed","template":"elementor_header_footer","meta":{"_eb_attr":"","footnotes":""},"class_list":["post-19260","page","type-page","status-publish","hentry"],"yoast_head":"<!-- This site is optimized with the Yoast SEO Premium plugin v25.8 (Yoast SEO v27.2) - https:\/\/yoast.com\/product\/yoast-seo-premium-wordpress\/ -->\n<title>Centre d&#039;op\u00e9rations de s\u00e9curit\u00e9 g\u00e9r\u00e9 (SOC) - DPO Associates<\/title>\n<meta name=\"description\" content=\"S\u00e9curisez efficacement votre environnement informatique gr\u00e2ce \u00e0 un service SOC g\u00e9r\u00e9. Surveillance continue, d\u00e9tection rapide et r\u00e9ponse experte aux menaces.\" \/>\n<meta name=\"robots\" content=\"index, follow, max-snippet:-1, max-image-preview:large, max-video-preview:-1\" \/>\n<link rel=\"canonical\" href=\"https:\/\/dpoassociates.eu\/fr\/centre-doperations-de-securite-gere-soc\/\" \/>\n<meta property=\"og:locale\" content=\"fr_FR\" \/>\n<meta property=\"og:type\" content=\"article\" \/>\n<meta property=\"og:title\" content=\"Centre d&#039;op\u00e9rations de s\u00e9curit\u00e9 g\u00e9r\u00e9 (SOC)\" \/>\n<meta property=\"og:description\" content=\"S\u00e9curisez efficacement votre environnement informatique gr\u00e2ce \u00e0 un service SOC g\u00e9r\u00e9. Surveillance continue, d\u00e9tection rapide et r\u00e9ponse experte aux menaces.\" \/>\n<meta property=\"og:url\" content=\"https:\/\/dpoassociates.eu\/fr\/centre-doperations-de-securite-gere-soc\/\" \/>\n<meta property=\"og:site_name\" content=\"DPO Associates\" \/>\n<meta property=\"article:publisher\" content=\"https:\/\/www.facebook.com\/profile.php?id=100083400514207\" \/>\n<meta property=\"article:modified_time\" content=\"2025-02-27T13:31:47+00:00\" \/>\n<meta property=\"og:image\" content=\"https:\/\/dpoassociates.eu\/wp-content\/uploads\/2025\/02\/Ontwerp-zonder-titel-42.png\" \/>\n\t<meta property=\"og:image:width\" content=\"1080\" \/>\n\t<meta property=\"og:image:height\" content=\"1080\" \/>\n\t<meta property=\"og:image:type\" content=\"image\/png\" \/>\n<meta name=\"twitter:card\" content=\"summary_large_image\" \/>\n<meta name=\"twitter:label1\" content=\"Dur\u00e9e de lecture estim\u00e9e\" \/>\n\t<meta name=\"twitter:data1\" content=\"1 minute\" \/>\n<script type=\"application\/ld+json\" class=\"yoast-schema-graph\">{\"@context\":\"https:\/\/schema.org\",\"@graph\":[{\"@type\":\"WebPage\",\"@id\":\"https:\/\/dpoassociates.eu\/fr\/centre-doperations-de-securite-gere-soc\/\",\"url\":\"https:\/\/dpoassociates.eu\/fr\/centre-doperations-de-securite-gere-soc\/\",\"name\":\"Centre d'op\u00e9rations de s\u00e9curit\u00e9 g\u00e9r\u00e9 (SOC) - DPO Associates\",\"isPartOf\":{\"@id\":\"https:\/\/dpoassociates.eu\/fr\/#website\"},\"primaryImageOfPage\":{\"@id\":\"https:\/\/dpoassociates.eu\/fr\/centre-doperations-de-securite-gere-soc\/#primaryimage\"},\"image\":{\"@id\":\"https:\/\/dpoassociates.eu\/fr\/centre-doperations-de-securite-gere-soc\/#primaryimage\"},\"thumbnailUrl\":\"https:\/\/dpoassociates.eu\/wp-content\/uploads\/2025\/02\/Ontwerp-zonder-titel-42-1024x1024.png\",\"datePublished\":\"2025-02-04T12:24:37+00:00\",\"dateModified\":\"2025-02-27T13:31:47+00:00\",\"description\":\"S\u00e9curisez efficacement votre environnement informatique gr\u00e2ce \u00e0 un service SOC g\u00e9r\u00e9. Surveillance continue, d\u00e9tection rapide et r\u00e9ponse experte aux menaces.\",\"breadcrumb\":{\"@id\":\"https:\/\/dpoassociates.eu\/fr\/centre-doperations-de-securite-gere-soc\/#breadcrumb\"},\"inLanguage\":\"fr-FR\",\"potentialAction\":[{\"@type\":\"ReadAction\",\"target\":[\"https:\/\/dpoassociates.eu\/fr\/centre-doperations-de-securite-gere-soc\/\"]}]},{\"@type\":\"ImageObject\",\"inLanguage\":\"fr-FR\",\"@id\":\"https:\/\/dpoassociates.eu\/fr\/centre-doperations-de-securite-gere-soc\/#primaryimage\",\"url\":\"https:\/\/dpoassociates.eu\/wp-content\/uploads\/2025\/02\/Ontwerp-zonder-titel-42-1024x1024.png\",\"contentUrl\":\"https:\/\/dpoassociates.eu\/wp-content\/uploads\/2025\/02\/Ontwerp-zonder-titel-42-1024x1024.png\"},{\"@type\":\"BreadcrumbList\",\"@id\":\"https:\/\/dpoassociates.eu\/fr\/centre-doperations-de-securite-gere-soc\/#breadcrumb\",\"itemListElement\":[{\"@type\":\"ListItem\",\"position\":1,\"name\":\"Home\",\"item\":\"https:\/\/dpoassociates.eu\/fr\/\"},{\"@type\":\"ListItem\",\"position\":2,\"name\":\"Centre d&#8217;op\u00e9rations de s\u00e9curit\u00e9 g\u00e9r\u00e9 (SOC)\"}]},{\"@type\":\"WebSite\",\"@id\":\"https:\/\/dpoassociates.eu\/fr\/#website\",\"url\":\"https:\/\/dpoassociates.eu\/fr\/\",\"name\":\"DPO Associates\",\"description\":\"Protect, Detect, Respond\",\"publisher\":{\"@id\":\"https:\/\/dpoassociates.eu\/fr\/#organization\"},\"potentialAction\":[{\"@type\":\"SearchAction\",\"target\":{\"@type\":\"EntryPoint\",\"urlTemplate\":\"https:\/\/dpoassociates.eu\/fr\/?s={search_term_string}\"},\"query-input\":{\"@type\":\"PropertyValueSpecification\",\"valueRequired\":true,\"valueName\":\"search_term_string\"}}],\"inLanguage\":\"fr-FR\"},{\"@type\":\"Organization\",\"@id\":\"https:\/\/dpoassociates.eu\/fr\/#organization\",\"name\":\"DPO Associates\",\"url\":\"https:\/\/dpoassociates.eu\/fr\/\",\"logo\":{\"@type\":\"ImageObject\",\"inLanguage\":\"fr-FR\",\"@id\":\"https:\/\/dpoassociates.eu\/fr\/#\/schema\/logo\/image\/\",\"url\":\"https:\/\/dpoassociates.eu\/wp-content\/uploads\/2022\/09\/thumbnail_Logo-DPO-Associates-negatief-zwart-negatief-002.png\",\"contentUrl\":\"https:\/\/dpoassociates.eu\/wp-content\/uploads\/2022\/09\/thumbnail_Logo-DPO-Associates-negatief-zwart-negatief-002.png\",\"width\":651,\"height\":651,\"caption\":\"DPO Associates\"},\"image\":{\"@id\":\"https:\/\/dpoassociates.eu\/fr\/#\/schema\/logo\/image\/\"},\"sameAs\":[\"https:\/\/www.facebook.com\/profile.php?id=100083400514207\",\"https:\/\/www.linkedin.com\/company\/dpo-associates-da\/\"]}]}<\/script>\n<!-- \/ Yoast SEO Premium plugin. -->","yoast_head_json":{"title":"Centre d'op\u00e9rations de s\u00e9curit\u00e9 g\u00e9r\u00e9 (SOC) - DPO Associates","description":"S\u00e9curisez efficacement votre environnement informatique gr\u00e2ce \u00e0 un service SOC g\u00e9r\u00e9. Surveillance continue, d\u00e9tection rapide et r\u00e9ponse experte aux menaces.","robots":{"index":"index","follow":"follow","max-snippet":"max-snippet:-1","max-image-preview":"max-image-preview:large","max-video-preview":"max-video-preview:-1"},"canonical":"https:\/\/dpoassociates.eu\/fr\/centre-doperations-de-securite-gere-soc\/","og_locale":"fr_FR","og_type":"article","og_title":"Centre d'op\u00e9rations de s\u00e9curit\u00e9 g\u00e9r\u00e9 (SOC)","og_description":"S\u00e9curisez efficacement votre environnement informatique gr\u00e2ce \u00e0 un service SOC g\u00e9r\u00e9. Surveillance continue, d\u00e9tection rapide et r\u00e9ponse experte aux menaces.","og_url":"https:\/\/dpoassociates.eu\/fr\/centre-doperations-de-securite-gere-soc\/","og_site_name":"DPO Associates","article_publisher":"https:\/\/www.facebook.com\/profile.php?id=100083400514207","article_modified_time":"2025-02-27T13:31:47+00:00","og_image":[{"width":1080,"height":1080,"url":"https:\/\/dpoassociates.eu\/wp-content\/uploads\/2025\/02\/Ontwerp-zonder-titel-42.png","type":"image\/png"}],"twitter_card":"summary_large_image","twitter_misc":{"Dur\u00e9e de lecture estim\u00e9e":"1 minute"},"schema":{"@context":"https:\/\/schema.org","@graph":[{"@type":"WebPage","@id":"https:\/\/dpoassociates.eu\/fr\/centre-doperations-de-securite-gere-soc\/","url":"https:\/\/dpoassociates.eu\/fr\/centre-doperations-de-securite-gere-soc\/","name":"Centre d'op\u00e9rations de s\u00e9curit\u00e9 g\u00e9r\u00e9 (SOC) - DPO Associates","isPartOf":{"@id":"https:\/\/dpoassociates.eu\/fr\/#website"},"primaryImageOfPage":{"@id":"https:\/\/dpoassociates.eu\/fr\/centre-doperations-de-securite-gere-soc\/#primaryimage"},"image":{"@id":"https:\/\/dpoassociates.eu\/fr\/centre-doperations-de-securite-gere-soc\/#primaryimage"},"thumbnailUrl":"https:\/\/dpoassociates.eu\/wp-content\/uploads\/2025\/02\/Ontwerp-zonder-titel-42-1024x1024.png","datePublished":"2025-02-04T12:24:37+00:00","dateModified":"2025-02-27T13:31:47+00:00","description":"S\u00e9curisez efficacement votre environnement informatique gr\u00e2ce \u00e0 un service SOC g\u00e9r\u00e9. Surveillance continue, d\u00e9tection rapide et r\u00e9ponse experte aux menaces.","breadcrumb":{"@id":"https:\/\/dpoassociates.eu\/fr\/centre-doperations-de-securite-gere-soc\/#breadcrumb"},"inLanguage":"fr-FR","potentialAction":[{"@type":"ReadAction","target":["https:\/\/dpoassociates.eu\/fr\/centre-doperations-de-securite-gere-soc\/"]}]},{"@type":"ImageObject","inLanguage":"fr-FR","@id":"https:\/\/dpoassociates.eu\/fr\/centre-doperations-de-securite-gere-soc\/#primaryimage","url":"https:\/\/dpoassociates.eu\/wp-content\/uploads\/2025\/02\/Ontwerp-zonder-titel-42-1024x1024.png","contentUrl":"https:\/\/dpoassociates.eu\/wp-content\/uploads\/2025\/02\/Ontwerp-zonder-titel-42-1024x1024.png"},{"@type":"BreadcrumbList","@id":"https:\/\/dpoassociates.eu\/fr\/centre-doperations-de-securite-gere-soc\/#breadcrumb","itemListElement":[{"@type":"ListItem","position":1,"name":"Home","item":"https:\/\/dpoassociates.eu\/fr\/"},{"@type":"ListItem","position":2,"name":"Centre d&#8217;op\u00e9rations de s\u00e9curit\u00e9 g\u00e9r\u00e9 (SOC)"}]},{"@type":"WebSite","@id":"https:\/\/dpoassociates.eu\/fr\/#website","url":"https:\/\/dpoassociates.eu\/fr\/","name":"DPO Associates","description":"Protect, Detect, Respond","publisher":{"@id":"https:\/\/dpoassociates.eu\/fr\/#organization"},"potentialAction":[{"@type":"SearchAction","target":{"@type":"EntryPoint","urlTemplate":"https:\/\/dpoassociates.eu\/fr\/?s={search_term_string}"},"query-input":{"@type":"PropertyValueSpecification","valueRequired":true,"valueName":"search_term_string"}}],"inLanguage":"fr-FR"},{"@type":"Organization","@id":"https:\/\/dpoassociates.eu\/fr\/#organization","name":"DPO Associates","url":"https:\/\/dpoassociates.eu\/fr\/","logo":{"@type":"ImageObject","inLanguage":"fr-FR","@id":"https:\/\/dpoassociates.eu\/fr\/#\/schema\/logo\/image\/","url":"https:\/\/dpoassociates.eu\/wp-content\/uploads\/2022\/09\/thumbnail_Logo-DPO-Associates-negatief-zwart-negatief-002.png","contentUrl":"https:\/\/dpoassociates.eu\/wp-content\/uploads\/2022\/09\/thumbnail_Logo-DPO-Associates-negatief-zwart-negatief-002.png","width":651,"height":651,"caption":"DPO Associates"},"image":{"@id":"https:\/\/dpoassociates.eu\/fr\/#\/schema\/logo\/image\/"},"sameAs":["https:\/\/www.facebook.com\/profile.php?id=100083400514207","https:\/\/www.linkedin.com\/company\/dpo-associates-da\/"]}]}},"_links":{"self":[{"href":"https:\/\/dpoassociates.eu\/fr\/wp-json\/wp\/v2\/pages\/19260","targetHints":{"allow":["GET"]}}],"collection":[{"href":"https:\/\/dpoassociates.eu\/fr\/wp-json\/wp\/v2\/pages"}],"about":[{"href":"https:\/\/dpoassociates.eu\/fr\/wp-json\/wp\/v2\/types\/page"}],"author":[{"embeddable":true,"href":"https:\/\/dpoassociates.eu\/fr\/wp-json\/wp\/v2\/users\/1"}],"replies":[{"embeddable":true,"href":"https:\/\/dpoassociates.eu\/fr\/wp-json\/wp\/v2\/comments?post=19260"}],"version-history":[{"count":2,"href":"https:\/\/dpoassociates.eu\/fr\/wp-json\/wp\/v2\/pages\/19260\/revisions"}],"predecessor-version":[{"id":19930,"href":"https:\/\/dpoassociates.eu\/fr\/wp-json\/wp\/v2\/pages\/19260\/revisions\/19930"}],"wp:attachment":[{"href":"https:\/\/dpoassociates.eu\/fr\/wp-json\/wp\/v2\/media?parent=19260"}],"curies":[{"name":"wp","href":"https:\/\/api.w.org\/{rel}","templated":true}]}}