{"id":19207,"date":"2025-02-04T12:07:33","date_gmt":"2025-02-04T12:07:33","guid":{"rendered":"https:\/\/dpoassociates.eu\/reponse-aux-incidents-de-securite-24-7\/"},"modified":"2025-02-10T12:33:46","modified_gmt":"2025-02-10T12:33:46","slug":"reponse-aux-incidents-de-securite-24-7","status":"publish","type":"page","link":"https:\/\/dpoassociates.eu\/fr\/reponse-aux-incidents-de-securite-24-7\/","title":{"rendered":"R\u00e9ponse aux incidents de s\u00e9curit\u00e9 24\/7"},"content":{"rendered":"\t\t<div data-elementor-type=\"wp-page\" data-elementor-id=\"19207\" class=\"elementor elementor-19207 elementor-19159\" data-elementor-post-type=\"page\">\n\t\t\t\t\t\t<section class=\"elementor-section elementor-top-section elementor-element elementor-element-625894d6 elementor-section-boxed elementor-section-height-default elementor-section-height-default\" data-id=\"625894d6\" data-element_type=\"section\" data-e-type=\"section\" data-settings=\"{&quot;background_background&quot;:&quot;classic&quot;,&quot;background_motion_fx_motion_fx_mouse&quot;:&quot;yes&quot;,&quot;background_motion_fx_mouseTrack_effect&quot;:&quot;yes&quot;,&quot;background_motion_fx_mouseTrack_speed&quot;:{&quot;unit&quot;:&quot;px&quot;,&quot;size&quot;:0.5,&quot;sizes&quot;:[]}}\">\n\t\t\t\t\t\t<div class=\"elementor-container elementor-column-gap-no\">\n\t\t\t\t\t<div class=\"elementor-column elementor-col-100 elementor-top-column elementor-element elementor-element-63247004\" data-id=\"63247004\" data-element_type=\"column\" data-e-type=\"column\">\n\t\t\t<div class=\"elementor-widget-wrap elementor-element-populated\">\n\t\t\t\t\t\t<section class=\"elementor-section elementor-inner-section elementor-element elementor-element-1c9eb4f9 elementor-section-boxed elementor-section-height-default elementor-section-height-default elementor-invisible\" data-id=\"1c9eb4f9\" data-element_type=\"section\" data-e-type=\"section\" data-settings=\"{&quot;animation&quot;:&quot;fadeInUp&quot;}\">\n\t\t\t\t\t\t<div class=\"elementor-container elementor-column-gap-no\">\n\t\t\t\t\t<div class=\"elementor-column elementor-col-100 elementor-inner-column elementor-element elementor-element-6ba7493d\" data-id=\"6ba7493d\" data-element_type=\"column\" data-e-type=\"column\">\n\t\t\t<div class=\"elementor-widget-wrap elementor-element-populated\">\n\t\t\t\t\t\t<div class=\"elementor-element elementor-element-1eaca44e elementor-widget elementor-widget-heading\" data-id=\"1eaca44e\" data-element_type=\"widget\" data-e-type=\"widget\" data-widget_type=\"heading.default\">\n\t\t\t\t<div class=\"elementor-widget-container\">\n\t\t\t\t\t<h1 class=\"elementor-heading-title elementor-size-default\">Qu'est-ce que la r\u00e9ponse aux incidents de s\u00e9curit\u00e9 24\/7 ?<\/h1>\t\t\t\t<\/div>\n\t\t\t\t<\/div>\n\t\t\t\t\t<\/div>\n\t\t<\/div>\n\t\t\t\t\t<\/div>\n\t\t<\/section>\n\t\t\t\t<div class=\"elementor-element elementor-element-7be78c34 elementor-widget elementor-widget-text-editor\" data-id=\"7be78c34\" data-element_type=\"widget\" data-e-type=\"widget\" data-widget_type=\"text-editor.default\">\n\t\t\t\t<div class=\"elementor-widget-container\">\n\t\t\t\t\t\t\t\t\t<p data-pm-slice=\"1 1 []\">La r\u00e9ponse aux incidents de s\u00e9curit\u00e9 24\/7 est un service essentiel qui prot\u00e8ge les organisations contre les cybermenaces et les incidents, \u00e0 tout moment de la journ\u00e9e. Les cyberattaques peuvent survenir \u00e0 n&rsquo;importe quelle heure, et une r\u00e9ponse rapide est cruciale pour limiter les d\u00e9g\u00e2ts et assurer la continuit\u00e9 de l&rsquo;activit\u00e9. <\/p>\t\t\t\t\t\t\t\t<\/div>\n\t\t\t\t<\/div>\n\t\t\t\t<div class=\"elementor-element elementor-element-33ebbe37 elementor-widget elementor-widget-heading\" data-id=\"33ebbe37\" data-element_type=\"widget\" data-e-type=\"widget\" data-widget_type=\"heading.default\">\n\t\t\t\t<div class=\"elementor-widget-container\">\n\t\t\t\t\t<h2 class=\"elementor-heading-title elementor-size-default\">Avantages du <span>service SIR 24\/7<\/span><span>:<\/span><span><\/span><br><\/h2>\t\t\t\t<\/div>\n\t\t\t\t<\/div>\n\t\t\t\t<div class=\"elementor-element elementor-element-18fae338 elementor-widget elementor-widget-text-editor\" data-id=\"18fae338\" data-element_type=\"widget\" data-e-type=\"widget\" data-widget_type=\"text-editor.default\">\n\t\t\t\t<div class=\"elementor-widget-container\">\n\t\t\t\t\t\t\t\t\t<ul data-spread=\"false\" data-pm-slice=\"3 3 []\"><li><p><strong>D\u00e9tection et r\u00e9action rapides<\/strong>: minimise l&rsquo;impact des cyberincidents.<\/p><\/li><li><p><strong>Protection 24 heures sur 24, 7 jours sur 7<\/strong>: Toujours disponible, quels que soient l&rsquo;heure et le lieu.<\/p><\/li><li><p><strong>Soutien d&rsquo;experts<\/strong>: une \u00e9quipe de sp\u00e9cialistes exp\u00e9riment\u00e9s en cybers\u00e9curit\u00e9 se tient pr\u00eate \u00e0 intervenir.<\/p><\/li><li><p><strong>Conformit\u00e9 et r\u00e9glementation<\/strong>: aide \u00e0 garantir la conformit\u00e9 aux normes de s\u00e9curit\u00e9 et \u00e0 la l\u00e9gislation.<\/p><\/li><\/ul>\t\t\t\t\t\t\t\t<\/div>\n\t\t\t\t<\/div>\n\t\t\t\t<div class=\"elementor-element elementor-element-49a81e7b elementor-widget elementor-widget-heading\" data-id=\"49a81e7b\" data-element_type=\"widget\" data-e-type=\"widget\" data-widget_type=\"heading.default\">\n\t\t\t\t<div class=\"elementor-widget-container\">\n\t\t\t\t\t<h2 class=\"elementor-heading-title elementor-size-default\">Comment cela fonctionne-t-il ?<\/h2>\t\t\t\t<\/div>\n\t\t\t\t<\/div>\n\t\t\t\t<div class=\"elementor-element elementor-element-3ef9aeb4 elementor-widget elementor-widget-text-editor\" data-id=\"3ef9aeb4\" data-element_type=\"widget\" data-e-type=\"widget\" data-widget_type=\"text-editor.default\">\n\t\t\t\t<div class=\"elementor-widget-container\">\n\t\t\t\t\t\t\t\t\t<p data-pm-slice=\"1 3 []\">Notre service de r\u00e9ponse aux incidents de s\u00e9curit\u00e9 24\/7 comprend<\/p><ul data-spread=\"false\"><li><p><strong>Surveillance continue<\/strong>: d\u00e9tection des activit\u00e9s suspectes et des menaces potentielles en temps r\u00e9el.<\/p><\/li><li><p><strong>Analyse rapide des incidents<\/strong>: \u00e9valuation instantan\u00e9e de la nature et de la gravit\u00e9 des incidents de s\u00e9curit\u00e9.<\/p><\/li><li><p><strong>R\u00e9ponse active et att\u00e9nuation<\/strong>: Action rapide pour arr\u00eater les attaques et pr\u00e9venir d&rsquo;autres dommages.<\/p><\/li><li><p><strong>Forensics<\/strong>: analyse approfondie pour identifier la cause des incidents et pr\u00e9venir les attaques futures.<\/p><\/li><li><p><strong>R\u00e9tablissement et \u00e9tablissement de rapports<\/strong>: aide au r\u00e9tablissement des syst\u00e8mes et \u00e9tablissement de rapports d\u00e9taill\u00e9s sur l&rsquo;incident et les mesures prises.<\/p><\/li><\/ul>\t\t\t\t\t\t\t\t<\/div>\n\t\t\t\t<\/div>\n\t\t\t\t<div class=\"elementor-element elementor-element-c4205ba elementor-widget__width-initial elementor-widget elementor-widget-image\" data-id=\"c4205ba\" data-element_type=\"widget\" data-e-type=\"widget\" data-widget_type=\"image.default\">\n\t\t\t\t<div class=\"elementor-widget-container\">\n\t\t\t\t\t\t\t\t\t\t\t\t\t\t\t<img fetchpriority=\"high\" decoding=\"async\" width=\"1000\" height=\"1000\" src=\"https:\/\/dpoassociates.eu\/wp-content\/uploads\/2025\/02\/Ontwerp-zonder-titel-41-1024x1024.png\" class=\"attachment-large size-large wp-image-19199\" alt=\"\" srcset=\"https:\/\/dpoassociates.eu\/wp-content\/uploads\/2025\/02\/Ontwerp-zonder-titel-41-1024x1024.png 1024w, https:\/\/dpoassociates.eu\/wp-content\/uploads\/2025\/02\/Ontwerp-zonder-titel-41-300x300.png 300w, https:\/\/dpoassociates.eu\/wp-content\/uploads\/2025\/02\/Ontwerp-zonder-titel-41-150x150.png 150w, https:\/\/dpoassociates.eu\/wp-content\/uploads\/2025\/02\/Ontwerp-zonder-titel-41-768x768.png 768w, https:\/\/dpoassociates.eu\/wp-content\/uploads\/2025\/02\/Ontwerp-zonder-titel-41-650x650.png 650w, https:\/\/dpoassociates.eu\/wp-content\/uploads\/2025\/02\/Ontwerp-zonder-titel-41-400x400.png 400w, https:\/\/dpoassociates.eu\/wp-content\/uploads\/2025\/02\/Ontwerp-zonder-titel-41-600x600.png 600w, https:\/\/dpoassociates.eu\/wp-content\/uploads\/2025\/02\/Ontwerp-zonder-titel-41.png 1080w\" sizes=\"(max-width: 1000px) 100vw, 1000px\" \/>\t\t\t\t\t\t\t\t\t\t\t\t\t\t\t<\/div>\n\t\t\t\t<\/div>\n\t\t\t\t<div class=\"elementor-element elementor-element-12dac149 elementor-widget elementor-widget-heading\" data-id=\"12dac149\" data-element_type=\"widget\" data-e-type=\"widget\" data-widget_type=\"heading.default\">\n\t\t\t\t<div class=\"elementor-widget-container\">\n\t\t\t\t\t<h2 class=\"elementor-heading-title elementor-size-default\">Pourquoi choisir le service SIR 24\/7 ?\n\n<\/h2>\t\t\t\t<\/div>\n\t\t\t\t<\/div>\n\t\t\t\t<div class=\"elementor-element elementor-element-6c2e3f50 elementor-widget elementor-widget-text-editor\" data-id=\"6c2e3f50\" data-element_type=\"widget\" data-e-type=\"widget\" data-widget_type=\"text-editor.default\">\n\t\t\t\t<div class=\"elementor-widget-container\">\n\t\t\t\t\t\t\t\t\t<p data-pm-slice=\"1 1 []\">Gr\u00e2ce \u00e0 notre service de r\u00e9ponse aux incidents de s\u00e9curit\u00e9 24\/7, vous \u00eates assur\u00e9 d&rsquo;une protection proactive et d&rsquo;une \u00e9quipe d&rsquo;experts qui agit imm\u00e9diatement en cas de cybermenace.  <\/p><p data-pm-slice=\"1 1 []\">Nous aidons votre organisation \u00e0 rester s\u00fbre et r\u00e9siliente dans un paysage de menaces en constante \u00e9volution.<\/p><p> <\/p>\t\t\t\t\t\t\t\t<\/div>\n\t\t\t\t<\/div>\n\t\t\t\t\t<\/div>\n\t\t<\/div>\n\t\t\t\t\t<\/div>\n\t\t<\/section>\n\t\t\t\t<section class=\"elementor-section elementor-top-section elementor-element elementor-element-7aa91bc elementor-section-boxed elementor-section-height-default elementor-section-height-default\" data-id=\"7aa91bc\" data-element_type=\"section\" data-e-type=\"section\">\n\t\t\t\t\t\t<div class=\"elementor-container elementor-column-gap-default\">\n\t\t\t\t\t<div class=\"elementor-column elementor-col-100 elementor-top-column elementor-element elementor-element-60e5a413\" data-id=\"60e5a413\" data-element_type=\"column\" data-e-type=\"column\">\n\t\t\t<div class=\"elementor-widget-wrap elementor-element-populated\">\n\t\t\t\t\t\t<div class=\"elementor-element elementor-element-6b88df32 elementor-widget elementor-widget-heading\" data-id=\"6b88df32\" data-element_type=\"widget\" data-e-type=\"widget\" data-widget_type=\"heading.default\">\n\t\t\t\t<div class=\"elementor-widget-container\">\n\t\t\t\t\t<h2 class=\"elementor-heading-title elementor-size-default\">Prenez contact avec nous !\n\n<\/h2>\t\t\t\t<\/div>\n\t\t\t\t<\/div>\n\t\t\t\t<div class=\"elementor-element elementor-element-7eba9710 elementor-button-align-stretch elementor-widget elementor-widget-form\" data-id=\"7eba9710\" data-element_type=\"widget\" data-e-type=\"widget\" data-settings=\"{&quot;step_next_label&quot;:&quot;Suivant&quot;,&quot;step_previous_label&quot;:&quot;Pr\\u00e9c\\u00e9dent&quot;,&quot;button_width&quot;:&quot;100&quot;,&quot;step_type&quot;:&quot;number_text&quot;,&quot;step_icon_shape&quot;:&quot;circle&quot;}\" data-widget_type=\"form.default\">\n\t\t\t\t<div class=\"elementor-widget-container\">\n\t\t\t\t\t\t\t<form class=\"elementor-form\" method=\"post\" name=\"Nouveau formulaire\" aria-label=\"Nouveau formulaire\">\n\t\t\t<input type=\"hidden\" name=\"post_id\" value=\"19207\"\/>\n\t\t\t<input type=\"hidden\" name=\"form_id\" value=\"7eba9710\"\/>\n\t\t\t<input type=\"hidden\" name=\"referer_title\" value=\"R\u00e9ponse aux incidents de s\u00e9curit\u00e9 24\/7 - DPO Associates\" \/>\n\n\t\t\t\t\t\t\t<input type=\"hidden\" name=\"queried_id\" value=\"19207\"\/>\n\t\t\t\n\t\t\t<div class=\"elementor-form-fields-wrapper elementor-labels-above\">\n\t\t\t\t\t\t\t\t<div class=\"elementor-field-type-text elementor-field-group elementor-column elementor-field-group-name elementor-col-100\">\n\t\t\t\t\t\t\t\t\t\t\t\t<label for=\"form-field-name\" class=\"elementor-field-label\">\n\t\t\t\t\t\t\t\tNom\t\t\t\t\t\t\t<\/label>\n\t\t\t\t\t\t\t\t\t\t\t\t\t\t<input size=\"1\" type=\"text\" name=\"form_fields[name]\" id=\"form-field-name\" class=\"elementor-field elementor-size-sm  elementor-field-textual\" placeholder=\"Nom\">\n\t\t\t\t\t\t\t\t\t\t\t<\/div>\n\t\t\t\t\t\t\t\t<div class=\"elementor-field-type-email elementor-field-group elementor-column elementor-field-group-email elementor-col-100 elementor-field-required\">\n\t\t\t\t\t\t\t\t\t\t\t\t<label for=\"form-field-email\" class=\"elementor-field-label\">\n\t\t\t\t\t\t\t\tCourriel :\t\t\t\t\t\t\t<\/label>\n\t\t\t\t\t\t\t\t\t\t\t\t\t\t<input size=\"1\" type=\"email\" name=\"form_fields[email]\" id=\"form-field-email\" class=\"elementor-field elementor-size-sm  elementor-field-textual\" placeholder=\"Courriel :\" required=\"required\">\n\t\t\t\t\t\t\t\t\t\t\t<\/div>\n\t\t\t\t\t\t\t\t<div class=\"elementor-field-type-textarea elementor-field-group elementor-column elementor-field-group-message elementor-col-100\">\n\t\t\t\t\t\t\t\t\t\t\t\t<label for=\"form-field-message\" class=\"elementor-field-label\">\n\t\t\t\t\t\t\t\tMessage\t\t\t\t\t\t\t<\/label>\n\t\t\t\t\t\t<textarea class=\"elementor-field-textual elementor-field  elementor-size-sm\" name=\"form_fields[message]\" id=\"form-field-message\" rows=\"4\" placeholder=\"Message\"><\/textarea>\t\t\t\t<\/div>\n\t\t\t\t\t\t\t\t<div class=\"elementor-field-type-acceptance elementor-field-group elementor-column elementor-field-group-field_3c83b1a elementor-col-100 elementor-field-required\">\n\t\t\t\t\t\t\t<div class=\"elementor-field-subgroup\">\n\t\t\t<span class=\"elementor-field-option\">\n\t\t\t\t<input type=\"checkbox\" name=\"form_fields[field_3c83b1a]\" id=\"form-field-field_3c83b1a\" class=\"elementor-field elementor-size-sm  elementor-acceptance-field\" required=\"required\">\n\t\t\t\t<label for=\"form-field-field_3c83b1a\">J'autorise DPOAssociates.eu \u00e0 traiter mes donn\u00e9es. *<\/label>\t\t\t<\/span>\n\t\t<\/div>\n\t\t\t\t\t\t<\/div>\n\t\t\t\t\t\t\t\t<div class=\"elementor-field-group elementor-column elementor-field-type-submit elementor-col-100 e-form__buttons\">\n\t\t\t\t\t<button class=\"elementor-button elementor-size-sm\" type=\"submit\">\n\t\t\t\t\t\t<span class=\"elementor-button-content-wrapper\">\n\t\t\t\t\t\t\t\t\t\t\t\t\t\t\t\t\t\t\t\t\t\t<span class=\"elementor-button-text\">Envoyer<\/span>\n\t\t\t\t\t\t\t\t\t\t\t\t\t<\/span>\n\t\t\t\t\t<\/button>\n\t\t\t\t<\/div>\n\t\t\t<\/div>\n\t\t<input\n                    class=\"apbct_special_field apbct_email_id__elementor_form\"\n                    name=\"apbct__email_id__elementor_form\"\n                    aria-label=\"apbct__label_id__elementor_form\"\n                    type=\"text\" size=\"30\" maxlength=\"200\" autocomplete=\"off\"\n                    value=\"\"\n                \/><\/form>\n\t\t\t\t\t\t<\/div>\n\t\t\t\t<\/div>\n\t\t\t\t\t<\/div>\n\t\t<\/div>\n\t\t\t\t\t<\/div>\n\t\t<\/section>\n\t\t\t\t<\/div>\n\t\t","protected":false},"excerpt":{"rendered":"<p>Qu&rsquo;est-ce que la r\u00e9ponse aux incidents de s\u00e9curit\u00e9 24\/7 ? La r\u00e9ponse aux incidents de s\u00e9curit\u00e9 24\/7 est un service essentiel qui [&hellip;]<\/p>\n","protected":false},"author":1,"featured_media":0,"parent":0,"menu_order":0,"comment_status":"closed","ping_status":"closed","template":"elementor_header_footer","meta":{"_eb_attr":"","footnotes":""},"class_list":["post-19207","page","type-page","status-publish","hentry"],"yoast_head":"<!-- This site is optimized with the Yoast SEO Premium plugin v25.8 (Yoast SEO v27.2) - https:\/\/yoast.com\/product\/yoast-seo-premium-wordpress\/ -->\n<title>R\u00e9ponse aux incidents de s\u00e9curit\u00e9 24\/7 - DPO Associates<\/title>\n<meta name=\"description\" content=\"S\u00e9curit\u00e9 maximale gr\u00e2ce \u00e0 la r\u00e9ponse aux incidents de s\u00e9curit\u00e9 24 heures sur 24 et 7 jours sur 7. R\u00e9ponse rapide, surveillance continue et soutien d&#039;experts en cas de cyberattaques.\" \/>\n<meta name=\"robots\" content=\"index, follow, max-snippet:-1, max-image-preview:large, max-video-preview:-1\" \/>\n<link rel=\"canonical\" href=\"https:\/\/dpoassociates.eu\/fr\/reponse-aux-incidents-de-securite-24-7\/\" \/>\n<meta property=\"og:locale\" content=\"fr_FR\" \/>\n<meta property=\"og:type\" content=\"article\" \/>\n<meta property=\"og:title\" content=\"R\u00e9ponse aux incidents de s\u00e9curit\u00e9 24\/7\" \/>\n<meta property=\"og:description\" content=\"S\u00e9curit\u00e9 maximale gr\u00e2ce \u00e0 la r\u00e9ponse aux incidents de s\u00e9curit\u00e9 24 heures sur 24 et 7 jours sur 7. R\u00e9ponse rapide, surveillance continue et soutien d&#039;experts en cas de cyberattaques.\" \/>\n<meta property=\"og:url\" content=\"https:\/\/dpoassociates.eu\/fr\/reponse-aux-incidents-de-securite-24-7\/\" \/>\n<meta property=\"og:site_name\" content=\"DPO Associates\" \/>\n<meta property=\"article:publisher\" content=\"https:\/\/www.facebook.com\/profile.php?id=100083400514207\" \/>\n<meta property=\"article:modified_time\" content=\"2025-02-10T12:33:46+00:00\" \/>\n<meta property=\"og:image\" content=\"https:\/\/dpoassociates.eu\/wp-content\/uploads\/2025\/02\/Ontwerp-zonder-titel-41.png\" \/>\n\t<meta property=\"og:image:width\" content=\"1080\" \/>\n\t<meta property=\"og:image:height\" content=\"1080\" \/>\n\t<meta property=\"og:image:type\" content=\"image\/png\" \/>\n<meta name=\"twitter:card\" content=\"summary_large_image\" \/>\n<meta name=\"twitter:label1\" content=\"Dur\u00e9e de lecture estim\u00e9e\" \/>\n\t<meta name=\"twitter:data1\" content=\"1 minute\" \/>\n<script type=\"application\/ld+json\" class=\"yoast-schema-graph\">{\"@context\":\"https:\/\/schema.org\",\"@graph\":[{\"@type\":\"WebPage\",\"@id\":\"https:\/\/dpoassociates.eu\/fr\/reponse-aux-incidents-de-securite-24-7\/\",\"url\":\"https:\/\/dpoassociates.eu\/fr\/reponse-aux-incidents-de-securite-24-7\/\",\"name\":\"R\u00e9ponse aux incidents de s\u00e9curit\u00e9 24\/7 - DPO Associates\",\"isPartOf\":{\"@id\":\"https:\/\/dpoassociates.eu\/fr\/#website\"},\"primaryImageOfPage\":{\"@id\":\"https:\/\/dpoassociates.eu\/fr\/reponse-aux-incidents-de-securite-24-7\/#primaryimage\"},\"image\":{\"@id\":\"https:\/\/dpoassociates.eu\/fr\/reponse-aux-incidents-de-securite-24-7\/#primaryimage\"},\"thumbnailUrl\":\"https:\/\/dpoassociates.eu\/wp-content\/uploads\/2025\/02\/Ontwerp-zonder-titel-41-1024x1024.png\",\"datePublished\":\"2025-02-04T12:07:33+00:00\",\"dateModified\":\"2025-02-10T12:33:46+00:00\",\"description\":\"S\u00e9curit\u00e9 maximale gr\u00e2ce \u00e0 la r\u00e9ponse aux incidents de s\u00e9curit\u00e9 24 heures sur 24 et 7 jours sur 7. R\u00e9ponse rapide, surveillance continue et soutien d'experts en cas de cyberattaques.\",\"breadcrumb\":{\"@id\":\"https:\/\/dpoassociates.eu\/fr\/reponse-aux-incidents-de-securite-24-7\/#breadcrumb\"},\"inLanguage\":\"fr-FR\",\"potentialAction\":[{\"@type\":\"ReadAction\",\"target\":[\"https:\/\/dpoassociates.eu\/fr\/reponse-aux-incidents-de-securite-24-7\/\"]}]},{\"@type\":\"ImageObject\",\"inLanguage\":\"fr-FR\",\"@id\":\"https:\/\/dpoassociates.eu\/fr\/reponse-aux-incidents-de-securite-24-7\/#primaryimage\",\"url\":\"https:\/\/dpoassociates.eu\/wp-content\/uploads\/2025\/02\/Ontwerp-zonder-titel-41-1024x1024.png\",\"contentUrl\":\"https:\/\/dpoassociates.eu\/wp-content\/uploads\/2025\/02\/Ontwerp-zonder-titel-41-1024x1024.png\"},{\"@type\":\"BreadcrumbList\",\"@id\":\"https:\/\/dpoassociates.eu\/fr\/reponse-aux-incidents-de-securite-24-7\/#breadcrumb\",\"itemListElement\":[{\"@type\":\"ListItem\",\"position\":1,\"name\":\"Home\",\"item\":\"https:\/\/dpoassociates.eu\/fr\/\"},{\"@type\":\"ListItem\",\"position\":2,\"name\":\"R\u00e9ponse aux incidents de s\u00e9curit\u00e9 24\/7\"}]},{\"@type\":\"WebSite\",\"@id\":\"https:\/\/dpoassociates.eu\/fr\/#website\",\"url\":\"https:\/\/dpoassociates.eu\/fr\/\",\"name\":\"DPO Associates\",\"description\":\"Protect, Detect, Respond\",\"publisher\":{\"@id\":\"https:\/\/dpoassociates.eu\/fr\/#organization\"},\"potentialAction\":[{\"@type\":\"SearchAction\",\"target\":{\"@type\":\"EntryPoint\",\"urlTemplate\":\"https:\/\/dpoassociates.eu\/fr\/?s={search_term_string}\"},\"query-input\":{\"@type\":\"PropertyValueSpecification\",\"valueRequired\":true,\"valueName\":\"search_term_string\"}}],\"inLanguage\":\"fr-FR\"},{\"@type\":\"Organization\",\"@id\":\"https:\/\/dpoassociates.eu\/fr\/#organization\",\"name\":\"DPO Associates\",\"url\":\"https:\/\/dpoassociates.eu\/fr\/\",\"logo\":{\"@type\":\"ImageObject\",\"inLanguage\":\"fr-FR\",\"@id\":\"https:\/\/dpoassociates.eu\/fr\/#\/schema\/logo\/image\/\",\"url\":\"https:\/\/dpoassociates.eu\/wp-content\/uploads\/2022\/09\/thumbnail_Logo-DPO-Associates-negatief-zwart-negatief-002.png\",\"contentUrl\":\"https:\/\/dpoassociates.eu\/wp-content\/uploads\/2022\/09\/thumbnail_Logo-DPO-Associates-negatief-zwart-negatief-002.png\",\"width\":651,\"height\":651,\"caption\":\"DPO Associates\"},\"image\":{\"@id\":\"https:\/\/dpoassociates.eu\/fr\/#\/schema\/logo\/image\/\"},\"sameAs\":[\"https:\/\/www.facebook.com\/profile.php?id=100083400514207\",\"https:\/\/www.linkedin.com\/company\/dpo-associates-da\/\"]}]}<\/script>\n<!-- \/ Yoast SEO Premium plugin. -->","yoast_head_json":{"title":"R\u00e9ponse aux incidents de s\u00e9curit\u00e9 24\/7 - DPO Associates","description":"S\u00e9curit\u00e9 maximale gr\u00e2ce \u00e0 la r\u00e9ponse aux incidents de s\u00e9curit\u00e9 24 heures sur 24 et 7 jours sur 7. R\u00e9ponse rapide, surveillance continue et soutien d'experts en cas de cyberattaques.","robots":{"index":"index","follow":"follow","max-snippet":"max-snippet:-1","max-image-preview":"max-image-preview:large","max-video-preview":"max-video-preview:-1"},"canonical":"https:\/\/dpoassociates.eu\/fr\/reponse-aux-incidents-de-securite-24-7\/","og_locale":"fr_FR","og_type":"article","og_title":"R\u00e9ponse aux incidents de s\u00e9curit\u00e9 24\/7","og_description":"S\u00e9curit\u00e9 maximale gr\u00e2ce \u00e0 la r\u00e9ponse aux incidents de s\u00e9curit\u00e9 24 heures sur 24 et 7 jours sur 7. R\u00e9ponse rapide, surveillance continue et soutien d'experts en cas de cyberattaques.","og_url":"https:\/\/dpoassociates.eu\/fr\/reponse-aux-incidents-de-securite-24-7\/","og_site_name":"DPO Associates","article_publisher":"https:\/\/www.facebook.com\/profile.php?id=100083400514207","article_modified_time":"2025-02-10T12:33:46+00:00","og_image":[{"width":1080,"height":1080,"url":"https:\/\/dpoassociates.eu\/wp-content\/uploads\/2025\/02\/Ontwerp-zonder-titel-41.png","type":"image\/png"}],"twitter_card":"summary_large_image","twitter_misc":{"Dur\u00e9e de lecture estim\u00e9e":"1 minute"},"schema":{"@context":"https:\/\/schema.org","@graph":[{"@type":"WebPage","@id":"https:\/\/dpoassociates.eu\/fr\/reponse-aux-incidents-de-securite-24-7\/","url":"https:\/\/dpoassociates.eu\/fr\/reponse-aux-incidents-de-securite-24-7\/","name":"R\u00e9ponse aux incidents de s\u00e9curit\u00e9 24\/7 - DPO Associates","isPartOf":{"@id":"https:\/\/dpoassociates.eu\/fr\/#website"},"primaryImageOfPage":{"@id":"https:\/\/dpoassociates.eu\/fr\/reponse-aux-incidents-de-securite-24-7\/#primaryimage"},"image":{"@id":"https:\/\/dpoassociates.eu\/fr\/reponse-aux-incidents-de-securite-24-7\/#primaryimage"},"thumbnailUrl":"https:\/\/dpoassociates.eu\/wp-content\/uploads\/2025\/02\/Ontwerp-zonder-titel-41-1024x1024.png","datePublished":"2025-02-04T12:07:33+00:00","dateModified":"2025-02-10T12:33:46+00:00","description":"S\u00e9curit\u00e9 maximale gr\u00e2ce \u00e0 la r\u00e9ponse aux incidents de s\u00e9curit\u00e9 24 heures sur 24 et 7 jours sur 7. R\u00e9ponse rapide, surveillance continue et soutien d'experts en cas de cyberattaques.","breadcrumb":{"@id":"https:\/\/dpoassociates.eu\/fr\/reponse-aux-incidents-de-securite-24-7\/#breadcrumb"},"inLanguage":"fr-FR","potentialAction":[{"@type":"ReadAction","target":["https:\/\/dpoassociates.eu\/fr\/reponse-aux-incidents-de-securite-24-7\/"]}]},{"@type":"ImageObject","inLanguage":"fr-FR","@id":"https:\/\/dpoassociates.eu\/fr\/reponse-aux-incidents-de-securite-24-7\/#primaryimage","url":"https:\/\/dpoassociates.eu\/wp-content\/uploads\/2025\/02\/Ontwerp-zonder-titel-41-1024x1024.png","contentUrl":"https:\/\/dpoassociates.eu\/wp-content\/uploads\/2025\/02\/Ontwerp-zonder-titel-41-1024x1024.png"},{"@type":"BreadcrumbList","@id":"https:\/\/dpoassociates.eu\/fr\/reponse-aux-incidents-de-securite-24-7\/#breadcrumb","itemListElement":[{"@type":"ListItem","position":1,"name":"Home","item":"https:\/\/dpoassociates.eu\/fr\/"},{"@type":"ListItem","position":2,"name":"R\u00e9ponse aux incidents de s\u00e9curit\u00e9 24\/7"}]},{"@type":"WebSite","@id":"https:\/\/dpoassociates.eu\/fr\/#website","url":"https:\/\/dpoassociates.eu\/fr\/","name":"DPO Associates","description":"Protect, Detect, Respond","publisher":{"@id":"https:\/\/dpoassociates.eu\/fr\/#organization"},"potentialAction":[{"@type":"SearchAction","target":{"@type":"EntryPoint","urlTemplate":"https:\/\/dpoassociates.eu\/fr\/?s={search_term_string}"},"query-input":{"@type":"PropertyValueSpecification","valueRequired":true,"valueName":"search_term_string"}}],"inLanguage":"fr-FR"},{"@type":"Organization","@id":"https:\/\/dpoassociates.eu\/fr\/#organization","name":"DPO Associates","url":"https:\/\/dpoassociates.eu\/fr\/","logo":{"@type":"ImageObject","inLanguage":"fr-FR","@id":"https:\/\/dpoassociates.eu\/fr\/#\/schema\/logo\/image\/","url":"https:\/\/dpoassociates.eu\/wp-content\/uploads\/2022\/09\/thumbnail_Logo-DPO-Associates-negatief-zwart-negatief-002.png","contentUrl":"https:\/\/dpoassociates.eu\/wp-content\/uploads\/2022\/09\/thumbnail_Logo-DPO-Associates-negatief-zwart-negatief-002.png","width":651,"height":651,"caption":"DPO Associates"},"image":{"@id":"https:\/\/dpoassociates.eu\/fr\/#\/schema\/logo\/image\/"},"sameAs":["https:\/\/www.facebook.com\/profile.php?id=100083400514207","https:\/\/www.linkedin.com\/company\/dpo-associates-da\/"]}]}},"_links":{"self":[{"href":"https:\/\/dpoassociates.eu\/fr\/wp-json\/wp\/v2\/pages\/19207","targetHints":{"allow":["GET"]}}],"collection":[{"href":"https:\/\/dpoassociates.eu\/fr\/wp-json\/wp\/v2\/pages"}],"about":[{"href":"https:\/\/dpoassociates.eu\/fr\/wp-json\/wp\/v2\/types\/page"}],"author":[{"embeddable":true,"href":"https:\/\/dpoassociates.eu\/fr\/wp-json\/wp\/v2\/users\/1"}],"replies":[{"embeddable":true,"href":"https:\/\/dpoassociates.eu\/fr\/wp-json\/wp\/v2\/comments?post=19207"}],"version-history":[{"count":0,"href":"https:\/\/dpoassociates.eu\/fr\/wp-json\/wp\/v2\/pages\/19207\/revisions"}],"wp:attachment":[{"href":"https:\/\/dpoassociates.eu\/fr\/wp-json\/wp\/v2\/media?parent=19207"}],"curies":[{"name":"wp","href":"https:\/\/api.w.org\/{rel}","templated":true}]}}