{"id":19127,"date":"2025-01-30T12:37:39","date_gmt":"2025-01-30T12:37:39","guid":{"rendered":"https:\/\/dpoassociates.eu\/threatscan-detecter-et-eliminer-les-cybermenaces\/"},"modified":"2025-02-27T14:31:52","modified_gmt":"2025-02-27T13:31:52","slug":"threatscan-detecter-et-eliminer-les-cybermenaces","status":"publish","type":"page","link":"https:\/\/dpoassociates.eu\/fr\/threatscan-detecter-et-eliminer-les-cybermenaces\/","title":{"rendered":"ThreatScan &#8211; D\u00e9tecter et \u00e9liminer les cybermenaces"},"content":{"rendered":"\t\t<div data-elementor-type=\"wp-page\" data-elementor-id=\"19127\" class=\"elementor elementor-19127 elementor-19077\" data-elementor-post-type=\"page\">\n\t\t\t\t\t\t<section class=\"elementor-section elementor-top-section elementor-element elementor-element-2af8f70a elementor-section-boxed elementor-section-height-default elementor-section-height-default\" data-id=\"2af8f70a\" data-element_type=\"section\" data-e-type=\"section\" data-settings=\"{&quot;background_background&quot;:&quot;classic&quot;,&quot;background_motion_fx_motion_fx_mouse&quot;:&quot;yes&quot;,&quot;background_motion_fx_mouseTrack_effect&quot;:&quot;yes&quot;,&quot;background_motion_fx_mouseTrack_speed&quot;:{&quot;unit&quot;:&quot;px&quot;,&quot;size&quot;:0.5,&quot;sizes&quot;:[]}}\">\n\t\t\t\t\t\t<div class=\"elementor-container elementor-column-gap-no\">\n\t\t\t\t\t<div class=\"elementor-column elementor-col-100 elementor-top-column elementor-element elementor-element-4873d026\" data-id=\"4873d026\" data-element_type=\"column\" data-e-type=\"column\">\n\t\t\t<div class=\"elementor-widget-wrap elementor-element-populated\">\n\t\t\t\t\t\t<section class=\"elementor-section elementor-inner-section elementor-element elementor-element-2abe284f elementor-section-boxed elementor-section-height-default elementor-section-height-default elementor-invisible\" data-id=\"2abe284f\" data-element_type=\"section\" data-e-type=\"section\" data-settings=\"{&quot;animation&quot;:&quot;fadeInUp&quot;}\">\n\t\t\t\t\t\t<div class=\"elementor-container elementor-column-gap-no\">\n\t\t\t\t\t<div class=\"elementor-column elementor-col-100 elementor-inner-column elementor-element elementor-element-72ee3eb\" data-id=\"72ee3eb\" data-element_type=\"column\" data-e-type=\"column\">\n\t\t\t<div class=\"elementor-widget-wrap elementor-element-populated\">\n\t\t\t\t\t\t<div class=\"elementor-element elementor-element-310657e1 elementor-widget elementor-widget-heading\" data-id=\"310657e1\" data-element_type=\"widget\" data-e-type=\"widget\" data-widget_type=\"heading.default\">\n\t\t\t\t<div class=\"elementor-widget-container\">\n\t\t\t\t\t<h1 class=\"elementor-heading-title elementor-size-default\">Qu'est-ce qu'un ThreatScan ?<\/h1>\t\t\t\t<\/div>\n\t\t\t\t<\/div>\n\t\t\t\t\t<\/div>\n\t\t<\/div>\n\t\t\t\t\t<\/div>\n\t\t<\/section>\n\t\t\t\t<div class=\"elementor-element elementor-element-75022c01 elementor-widget elementor-widget-text-editor\" data-id=\"75022c01\" data-element_type=\"widget\" data-e-type=\"widget\" data-widget_type=\"text-editor.default\">\n\t\t\t\t<div class=\"elementor-widget-container\">\n\t\t\t\t\t\t\t\t\t<p data-pm-slice=\"1 1 []\">ThreatScan est un audit de s\u00e9curit\u00e9 avanc\u00e9 qui v\u00e9rifie les vuln\u00e9rabilit\u00e9s et les risques de s\u00e9curit\u00e9 de vos syst\u00e8mes. Gr\u00e2ce \u00e0 l&rsquo;analyse automatis\u00e9e et \u00e0 l&rsquo;analyse manuelle, nous combinons rapidit\u00e9 et connaissances approfondies pour prot\u00e9ger votre organisation contre les menaces potentielles. <\/p>\t\t\t\t\t\t\t\t<\/div>\n\t\t\t\t<\/div>\n\t\t\t\t<div class=\"elementor-element elementor-element-7bc37d17 elementor-widget elementor-widget-heading\" data-id=\"7bc37d17\" data-element_type=\"widget\" data-e-type=\"widget\" data-widget_type=\"heading.default\">\n\t\t\t\t<div class=\"elementor-widget-container\">\n\t\t\t\t\t<h2 class=\"elementor-heading-title elementor-size-default\">Avantages de ThreatScan :<\/h2>\t\t\t\t<\/div>\n\t\t\t\t<\/div>\n\t\t\t\t<div class=\"elementor-element elementor-element-3b0e41a1 elementor-widget elementor-widget-text-editor\" data-id=\"3b0e41a1\" data-element_type=\"widget\" data-e-type=\"widget\" data-widget_type=\"text-editor.default\">\n\t\t\t\t<div class=\"elementor-widget-container\">\n\t\t\t\t\t\t\t\t\t<ul data-spread=\"false\" data-pm-slice=\"3 3 []\"><li><p><strong>Analyse compl\u00e8te du syst\u00e8me<\/strong> &#8211; Analyse approfondie des r\u00e9seaux, des applications et des appareils.<\/p><\/li><li><p><strong>D\u00e9tection des menaces en temps r\u00e9el<\/strong> &#8211; Identifiez les vuln\u00e9rabilit\u00e9s et les failles de s\u00e9curit\u00e9 \u00e0 un stade pr\u00e9coce.<\/p><\/li><li><p><strong>Rapport d\u00e9taill\u00e9 sur les risques<\/strong> &#8211; Rapports d\u00e9taill\u00e9s contenant des recommandations pour l&rsquo;am\u00e9lioration de la s\u00e9curit\u00e9.<\/p><\/li><li><p><strong>Mesures de s\u00e9curit\u00e9 pr\u00e9ventives<\/strong> &#8211; Minimiser les risques en prenant des mesures proactives.<\/p><\/li><li><p><strong>Conformit\u00e9 et gestion des risques<\/strong> &#8211; Respecter les normes de s\u00e9curit\u00e9 telles que ISO 27001, NIST et<\/p><\/li><\/ul>\t\t\t\t\t\t\t\t<\/div>\n\t\t\t\t<\/div>\n\t\t\t\t<div class=\"elementor-element elementor-element-66b97178 elementor-widget elementor-widget-heading\" data-id=\"66b97178\" data-element_type=\"widget\" data-e-type=\"widget\" data-widget_type=\"heading.default\">\n\t\t\t\t<div class=\"elementor-widget-container\">\n\t\t\t\t\t<h2 class=\"elementor-heading-title elementor-size-default\">\u00c0 qui s'adresse ThreatScan ?\n<\/h2>\t\t\t\t<\/div>\n\t\t\t\t<\/div>\n\t\t\t\t<div class=\"elementor-element elementor-element-49a681e6 elementor-widget elementor-widget-text-editor\" data-id=\"49a681e6\" data-element_type=\"widget\" data-e-type=\"widget\" data-widget_type=\"text-editor.default\">\n\t\t\t\t<div class=\"elementor-widget-container\">\n\t\t\t\t\t\t\t\t\t<p data-pm-slice=\"1 3 []\">Notre service ThreatScan est id\u00e9al pour :<\/p><ul data-spread=\"false\"><li><p>Les entreprises qui cherchent \u00e0 s\u00e9curiser leur environnement informatique contre les cyberattaques.<\/p><\/li><li><p>Les organisations qui cherchent \u00e0 r\u00e9pondre \u00e0 des exigences strictes en mati\u00e8re de conformit\u00e9.<\/p><\/li><li><p>Les \u00e9quipes informatiques qui souhaitent conna\u00eetre les risques de s\u00e9curit\u00e9 existants.<\/p><\/li><li><p>Les entreprises en phase de d\u00e9marrage et les grandes entreprises qui cherchent \u00e0 mettre en \u0153uvre une strat\u00e9gie de s\u00e9curit\u00e9 solide.<\/p><\/li><\/ul>\t\t\t\t\t\t\t\t<\/div>\n\t\t\t\t<\/div>\n\t\t\t\t<div class=\"elementor-element elementor-element-6e3c738 elementor-widget__width-initial elementor-widget elementor-widget-image\" data-id=\"6e3c738\" data-element_type=\"widget\" data-e-type=\"widget\" data-widget_type=\"image.default\">\n\t\t\t\t<div class=\"elementor-widget-container\">\n\t\t\t\t\t\t\t\t\t\t\t\t\t\t\t<img fetchpriority=\"high\" decoding=\"async\" width=\"1000\" height=\"1000\" src=\"https:\/\/dpoassociates.eu\/wp-content\/uploads\/2025\/01\/Ontwerp-zonder-titel-40-1024x1024.png\" class=\"attachment-large size-large wp-image-19117\" alt=\"\" srcset=\"https:\/\/dpoassociates.eu\/wp-content\/uploads\/2025\/01\/Ontwerp-zonder-titel-40-1024x1024.png 1024w, https:\/\/dpoassociates.eu\/wp-content\/uploads\/2025\/01\/Ontwerp-zonder-titel-40-300x300.png 300w, https:\/\/dpoassociates.eu\/wp-content\/uploads\/2025\/01\/Ontwerp-zonder-titel-40-150x150.png 150w, https:\/\/dpoassociates.eu\/wp-content\/uploads\/2025\/01\/Ontwerp-zonder-titel-40-768x768.png 768w, https:\/\/dpoassociates.eu\/wp-content\/uploads\/2025\/01\/Ontwerp-zonder-titel-40-650x650.png 650w, https:\/\/dpoassociates.eu\/wp-content\/uploads\/2025\/01\/Ontwerp-zonder-titel-40-400x400.png 400w, https:\/\/dpoassociates.eu\/wp-content\/uploads\/2025\/01\/Ontwerp-zonder-titel-40-600x600.png 600w, https:\/\/dpoassociates.eu\/wp-content\/uploads\/2025\/01\/Ontwerp-zonder-titel-40.png 1080w\" sizes=\"(max-width: 1000px) 100vw, 1000px\" \/>\t\t\t\t\t\t\t\t\t\t\t\t\t\t\t<\/div>\n\t\t\t\t<\/div>\n\t\t\t\t<div class=\"elementor-element elementor-element-72fd7a37 elementor-widget elementor-widget-heading\" data-id=\"72fd7a37\" data-element_type=\"widget\" data-e-type=\"widget\" data-widget_type=\"heading.default\">\n\t\t\t\t<div class=\"elementor-widget-container\">\n\t\t\t\t\t<h2 class=\"elementor-heading-title elementor-size-default\">Pourquoi choisir notre Threat Scan ?\n\n<\/h2>\t\t\t\t<\/div>\n\t\t\t\t<\/div>\n\t\t\t\t<div class=\"elementor-element elementor-element-791c533c elementor-widget elementor-widget-text-editor\" data-id=\"791c533c\" data-element_type=\"widget\" data-e-type=\"widget\" data-widget_type=\"text-editor.default\">\n\t\t\t\t<div class=\"elementor-widget-container\">\n\t\t\t\t\t\t\t\t\t<p data-pm-slice=\"1 3 []\">Notre service se distingue par :<\/p><ul data-spread=\"false\"><li><p><strong>Technologies d&rsquo;analyse avanc\u00e9es<\/strong> &#8211; Utilisation des outils de d\u00e9tection des menaces les plus r\u00e9cents.<\/p><\/li><li><p><strong>Analyse rapide et efficace<\/strong> &#8211; Des informations instantan\u00e9es sans impact sur vos op\u00e9rations.<\/p><\/li><li><p><strong>Rapports conviviaux<\/strong> &#8211; Recommandations claires pour une att\u00e9nuation efficace des risques.<\/p><\/li><li><p><strong>Assistance d&rsquo;un expert<\/strong> &#8211; Conseils pour r\u00e9soudre les probl\u00e8mes de s\u00e9curit\u00e9 identifi\u00e9s.<\/p><\/li><\/ul>\t\t\t\t\t\t\t\t<\/div>\n\t\t\t\t<\/div>\n\t\t\t\t\t<\/div>\n\t\t<\/div>\n\t\t\t\t\t<\/div>\n\t\t<\/section>\n\t\t\t\t<section class=\"elementor-section elementor-top-section elementor-element elementor-element-48e7291d elementor-section-boxed elementor-section-height-default elementor-section-height-default\" data-id=\"48e7291d\" data-element_type=\"section\" data-e-type=\"section\">\n\t\t\t\t\t\t<div class=\"elementor-container elementor-column-gap-default\">\n\t\t\t\t\t<div class=\"elementor-column elementor-col-100 elementor-top-column elementor-element elementor-element-4050b890\" data-id=\"4050b890\" data-element_type=\"column\" data-e-type=\"column\">\n\t\t\t<div class=\"elementor-widget-wrap elementor-element-populated\">\n\t\t\t\t\t\t<div class=\"elementor-element elementor-element-49d894fe elementor-widget elementor-widget-heading\" data-id=\"49d894fe\" data-element_type=\"widget\" data-e-type=\"widget\" data-widget_type=\"heading.default\">\n\t\t\t\t<div class=\"elementor-widget-container\">\n\t\t\t\t\t<h2 class=\"elementor-heading-title elementor-size-default\">Prenez contact avec nous !\n\n<\/h2>\t\t\t\t<\/div>\n\t\t\t\t<\/div>\n\t\t\t\t<div class=\"elementor-element elementor-element-16cefa3 elementor-button-align-stretch elementor-widget elementor-widget-form\" data-id=\"16cefa3\" data-element_type=\"widget\" data-e-type=\"widget\" data-settings=\"{&quot;step_next_label&quot;:&quot;Suivant&quot;,&quot;step_previous_label&quot;:&quot;Pr\\u00e9c\\u00e9dent&quot;,&quot;button_width&quot;:&quot;100&quot;,&quot;step_type&quot;:&quot;number_text&quot;,&quot;step_icon_shape&quot;:&quot;circle&quot;}\" data-widget_type=\"form.default\">\n\t\t\t\t<div class=\"elementor-widget-container\">\n\t\t\t\t\t\t\t<form class=\"elementor-form\" method=\"post\" name=\"Nouveau formulaire\" aria-label=\"Nouveau formulaire\">\n\t\t\t<input type=\"hidden\" name=\"post_id\" value=\"19127\"\/>\n\t\t\t<input type=\"hidden\" name=\"form_id\" value=\"16cefa3\"\/>\n\t\t\t<input type=\"hidden\" name=\"referer_title\" value=\"ThreatScan - D\u00e9tecter et \u00e9liminer les cybermenaces - DPO Associates\" \/>\n\n\t\t\t\t\t\t\t<input type=\"hidden\" name=\"queried_id\" value=\"19127\"\/>\n\t\t\t\n\t\t\t<div class=\"elementor-form-fields-wrapper elementor-labels-above\">\n\t\t\t\t\t\t\t\t<div class=\"elementor-field-type-text elementor-field-group elementor-column elementor-field-group-name elementor-col-100\">\n\t\t\t\t\t\t\t\t\t\t\t\t<label for=\"form-field-name\" class=\"elementor-field-label\">\n\t\t\t\t\t\t\t\tNom\t\t\t\t\t\t\t<\/label>\n\t\t\t\t\t\t\t\t\t\t\t\t\t\t<input size=\"1\" type=\"text\" name=\"form_fields[name]\" id=\"form-field-name\" class=\"elementor-field elementor-size-sm  elementor-field-textual\" placeholder=\"Nom\">\n\t\t\t\t\t\t\t\t\t\t\t<\/div>\n\t\t\t\t\t\t\t\t<div class=\"elementor-field-type-email elementor-field-group elementor-column elementor-field-group-email elementor-col-100 elementor-field-required\">\n\t\t\t\t\t\t\t\t\t\t\t\t<label for=\"form-field-email\" class=\"elementor-field-label\">\n\t\t\t\t\t\t\t\tCourriel :\t\t\t\t\t\t\t<\/label>\n\t\t\t\t\t\t\t\t\t\t\t\t\t\t<input size=\"1\" type=\"email\" name=\"form_fields[email]\" id=\"form-field-email\" class=\"elementor-field elementor-size-sm  elementor-field-textual\" placeholder=\"Courriel :\" required=\"required\">\n\t\t\t\t\t\t\t\t\t\t\t<\/div>\n\t\t\t\t\t\t\t\t<div class=\"elementor-field-type-textarea elementor-field-group elementor-column elementor-field-group-message elementor-col-100\">\n\t\t\t\t\t\t\t\t\t\t\t\t<label for=\"form-field-message\" class=\"elementor-field-label\">\n\t\t\t\t\t\t\t\tMessage\t\t\t\t\t\t\t<\/label>\n\t\t\t\t\t\t<textarea class=\"elementor-field-textual elementor-field  elementor-size-sm\" name=\"form_fields[message]\" id=\"form-field-message\" rows=\"4\" placeholder=\"Message\"><\/textarea>\t\t\t\t<\/div>\n\t\t\t\t\t\t\t\t<div class=\"elementor-field-type-acceptance elementor-field-group elementor-column elementor-field-group-field_3c83b1a elementor-col-100 elementor-field-required\">\n\t\t\t\t\t\t\t<div class=\"elementor-field-subgroup\">\n\t\t\t<span class=\"elementor-field-option\">\n\t\t\t\t<input type=\"checkbox\" name=\"form_fields[field_3c83b1a]\" id=\"form-field-field_3c83b1a\" class=\"elementor-field elementor-size-sm  elementor-acceptance-field\" required=\"required\">\n\t\t\t\t<label for=\"form-field-field_3c83b1a\">J'autorise DPOAssociates.eu \u00e0 traiter mes donn\u00e9es. *<\/label>\t\t\t<\/span>\n\t\t<\/div>\n\t\t\t\t\t\t<\/div>\n\t\t\t\t\t\t\t\t<div class=\"elementor-field-group elementor-column elementor-field-type-submit elementor-col-100 e-form__buttons\">\n\t\t\t\t\t<button class=\"elementor-button elementor-size-sm\" type=\"submit\">\n\t\t\t\t\t\t<span class=\"elementor-button-content-wrapper\">\n\t\t\t\t\t\t\t\t\t\t\t\t\t\t\t\t\t\t\t\t\t\t<span class=\"elementor-button-text\">Envoyer<\/span>\n\t\t\t\t\t\t\t\t\t\t\t\t\t<\/span>\n\t\t\t\t\t<\/button>\n\t\t\t\t<\/div>\n\t\t\t<\/div>\n\t\t<input\n                    class=\"apbct_special_field apbct_email_id__elementor_form\"\n                    name=\"apbct__email_id__elementor_form\"\n                    aria-label=\"apbct__label_id__elementor_form\"\n                    type=\"text\" size=\"30\" maxlength=\"200\" autocomplete=\"off\"\n                    value=\"\"\n                \/><\/form>\n\t\t\t\t\t\t<\/div>\n\t\t\t\t<\/div>\n\t\t\t\t\t<\/div>\n\t\t<\/div>\n\t\t\t\t\t<\/div>\n\t\t<\/section>\n\t\t\t\t<\/div>\n\t\t","protected":false},"excerpt":{"rendered":"<p>Qu&rsquo;est-ce qu&rsquo;un ThreatScan ? ThreatScan est un audit de s\u00e9curit\u00e9 avanc\u00e9 qui v\u00e9rifie les vuln\u00e9rabilit\u00e9s et les risques de s\u00e9curit\u00e9 de vos [&hellip;]<\/p>\n","protected":false},"author":1,"featured_media":0,"parent":0,"menu_order":0,"comment_status":"closed","ping_status":"closed","template":"elementor_header_footer","meta":{"_eb_attr":"","footnotes":""},"class_list":["post-19127","page","type-page","status-publish","hentry"],"yoast_head":"<!-- This site is optimized with the Yoast SEO Premium plugin v25.8 (Yoast SEO v27.2) - https:\/\/yoast.com\/product\/yoast-seo-premium-wordpress\/ -->\n<title>ThreatScan - D\u00e9tecter et \u00e9liminer les cybermenaces - DPO Associates<\/title>\n<meta name=\"description\" content=\"D\u00e9couvrez l&#039;audit de s\u00e9curit\u00e9 avanc\u00e9 de ThreatScan. Identifiez et minimisez les risques de s\u00e9curit\u00e9 pour votre organisation.\" \/>\n<meta name=\"robots\" content=\"index, follow, max-snippet:-1, max-image-preview:large, max-video-preview:-1\" \/>\n<link rel=\"canonical\" href=\"https:\/\/dpoassociates.eu\/fr\/threatscan-detecter-et-eliminer-les-cybermenaces\/\" \/>\n<meta property=\"og:locale\" content=\"fr_FR\" \/>\n<meta property=\"og:type\" content=\"article\" \/>\n<meta property=\"og:title\" content=\"ThreatScan - D\u00e9tecter et \u00e9liminer les cybermenaces\" \/>\n<meta property=\"og:description\" content=\"D\u00e9couvrez l&#039;audit de s\u00e9curit\u00e9 avanc\u00e9 de ThreatScan. Identifiez et minimisez les risques de s\u00e9curit\u00e9 pour votre organisation.\" \/>\n<meta property=\"og:url\" content=\"https:\/\/dpoassociates.eu\/fr\/threatscan-detecter-et-eliminer-les-cybermenaces\/\" \/>\n<meta property=\"og:site_name\" content=\"DPO Associates\" \/>\n<meta property=\"article:publisher\" content=\"https:\/\/www.facebook.com\/profile.php?id=100083400514207\" \/>\n<meta property=\"article:modified_time\" content=\"2025-02-27T13:31:52+00:00\" \/>\n<meta property=\"og:image\" content=\"https:\/\/dpoassociates.eu\/wp-content\/uploads\/2025\/01\/Ontwerp-zonder-titel-40.png\" \/>\n\t<meta property=\"og:image:width\" content=\"1080\" \/>\n\t<meta property=\"og:image:height\" content=\"1080\" \/>\n\t<meta property=\"og:image:type\" content=\"image\/png\" \/>\n<meta name=\"twitter:card\" content=\"summary_large_image\" \/>\n<meta name=\"twitter:label1\" content=\"Dur\u00e9e de lecture estim\u00e9e\" \/>\n\t<meta name=\"twitter:data1\" content=\"1 minute\" \/>\n<script type=\"application\/ld+json\" class=\"yoast-schema-graph\">{\"@context\":\"https:\/\/schema.org\",\"@graph\":[{\"@type\":\"WebPage\",\"@id\":\"https:\/\/dpoassociates.eu\/fr\/threatscan-detecter-et-eliminer-les-cybermenaces\/\",\"url\":\"https:\/\/dpoassociates.eu\/fr\/threatscan-detecter-et-eliminer-les-cybermenaces\/\",\"name\":\"ThreatScan - D\u00e9tecter et \u00e9liminer les cybermenaces - DPO Associates\",\"isPartOf\":{\"@id\":\"https:\/\/dpoassociates.eu\/fr\/#website\"},\"primaryImageOfPage\":{\"@id\":\"https:\/\/dpoassociates.eu\/fr\/threatscan-detecter-et-eliminer-les-cybermenaces\/#primaryimage\"},\"image\":{\"@id\":\"https:\/\/dpoassociates.eu\/fr\/threatscan-detecter-et-eliminer-les-cybermenaces\/#primaryimage\"},\"thumbnailUrl\":\"https:\/\/dpoassociates.eu\/wp-content\/uploads\/2025\/01\/Ontwerp-zonder-titel-40-1024x1024.png\",\"datePublished\":\"2025-01-30T12:37:39+00:00\",\"dateModified\":\"2025-02-27T13:31:52+00:00\",\"description\":\"D\u00e9couvrez l'audit de s\u00e9curit\u00e9 avanc\u00e9 de ThreatScan. Identifiez et minimisez les risques de s\u00e9curit\u00e9 pour votre organisation.\",\"breadcrumb\":{\"@id\":\"https:\/\/dpoassociates.eu\/fr\/threatscan-detecter-et-eliminer-les-cybermenaces\/#breadcrumb\"},\"inLanguage\":\"fr-FR\",\"potentialAction\":[{\"@type\":\"ReadAction\",\"target\":[\"https:\/\/dpoassociates.eu\/fr\/threatscan-detecter-et-eliminer-les-cybermenaces\/\"]}]},{\"@type\":\"ImageObject\",\"inLanguage\":\"fr-FR\",\"@id\":\"https:\/\/dpoassociates.eu\/fr\/threatscan-detecter-et-eliminer-les-cybermenaces\/#primaryimage\",\"url\":\"https:\/\/dpoassociates.eu\/wp-content\/uploads\/2025\/01\/Ontwerp-zonder-titel-40-1024x1024.png\",\"contentUrl\":\"https:\/\/dpoassociates.eu\/wp-content\/uploads\/2025\/01\/Ontwerp-zonder-titel-40-1024x1024.png\"},{\"@type\":\"BreadcrumbList\",\"@id\":\"https:\/\/dpoassociates.eu\/fr\/threatscan-detecter-et-eliminer-les-cybermenaces\/#breadcrumb\",\"itemListElement\":[{\"@type\":\"ListItem\",\"position\":1,\"name\":\"Home\",\"item\":\"https:\/\/dpoassociates.eu\/fr\/\"},{\"@type\":\"ListItem\",\"position\":2,\"name\":\"ThreatScan &#8211; D\u00e9tecter et \u00e9liminer les cybermenaces\"}]},{\"@type\":\"WebSite\",\"@id\":\"https:\/\/dpoassociates.eu\/fr\/#website\",\"url\":\"https:\/\/dpoassociates.eu\/fr\/\",\"name\":\"DPO Associates\",\"description\":\"Protect, Detect, Respond\",\"publisher\":{\"@id\":\"https:\/\/dpoassociates.eu\/fr\/#organization\"},\"potentialAction\":[{\"@type\":\"SearchAction\",\"target\":{\"@type\":\"EntryPoint\",\"urlTemplate\":\"https:\/\/dpoassociates.eu\/fr\/?s={search_term_string}\"},\"query-input\":{\"@type\":\"PropertyValueSpecification\",\"valueRequired\":true,\"valueName\":\"search_term_string\"}}],\"inLanguage\":\"fr-FR\"},{\"@type\":\"Organization\",\"@id\":\"https:\/\/dpoassociates.eu\/fr\/#organization\",\"name\":\"DPO Associates\",\"url\":\"https:\/\/dpoassociates.eu\/fr\/\",\"logo\":{\"@type\":\"ImageObject\",\"inLanguage\":\"fr-FR\",\"@id\":\"https:\/\/dpoassociates.eu\/fr\/#\/schema\/logo\/image\/\",\"url\":\"https:\/\/dpoassociates.eu\/wp-content\/uploads\/2022\/09\/thumbnail_Logo-DPO-Associates-negatief-zwart-negatief-002.png\",\"contentUrl\":\"https:\/\/dpoassociates.eu\/wp-content\/uploads\/2022\/09\/thumbnail_Logo-DPO-Associates-negatief-zwart-negatief-002.png\",\"width\":651,\"height\":651,\"caption\":\"DPO Associates\"},\"image\":{\"@id\":\"https:\/\/dpoassociates.eu\/fr\/#\/schema\/logo\/image\/\"},\"sameAs\":[\"https:\/\/www.facebook.com\/profile.php?id=100083400514207\",\"https:\/\/www.linkedin.com\/company\/dpo-associates-da\/\"]}]}<\/script>\n<!-- \/ Yoast SEO Premium plugin. -->","yoast_head_json":{"title":"ThreatScan - D\u00e9tecter et \u00e9liminer les cybermenaces - DPO Associates","description":"D\u00e9couvrez l'audit de s\u00e9curit\u00e9 avanc\u00e9 de ThreatScan. Identifiez et minimisez les risques de s\u00e9curit\u00e9 pour votre organisation.","robots":{"index":"index","follow":"follow","max-snippet":"max-snippet:-1","max-image-preview":"max-image-preview:large","max-video-preview":"max-video-preview:-1"},"canonical":"https:\/\/dpoassociates.eu\/fr\/threatscan-detecter-et-eliminer-les-cybermenaces\/","og_locale":"fr_FR","og_type":"article","og_title":"ThreatScan - D\u00e9tecter et \u00e9liminer les cybermenaces","og_description":"D\u00e9couvrez l'audit de s\u00e9curit\u00e9 avanc\u00e9 de ThreatScan. Identifiez et minimisez les risques de s\u00e9curit\u00e9 pour votre organisation.","og_url":"https:\/\/dpoassociates.eu\/fr\/threatscan-detecter-et-eliminer-les-cybermenaces\/","og_site_name":"DPO Associates","article_publisher":"https:\/\/www.facebook.com\/profile.php?id=100083400514207","article_modified_time":"2025-02-27T13:31:52+00:00","og_image":[{"width":1080,"height":1080,"url":"https:\/\/dpoassociates.eu\/wp-content\/uploads\/2025\/01\/Ontwerp-zonder-titel-40.png","type":"image\/png"}],"twitter_card":"summary_large_image","twitter_misc":{"Dur\u00e9e de lecture estim\u00e9e":"1 minute"},"schema":{"@context":"https:\/\/schema.org","@graph":[{"@type":"WebPage","@id":"https:\/\/dpoassociates.eu\/fr\/threatscan-detecter-et-eliminer-les-cybermenaces\/","url":"https:\/\/dpoassociates.eu\/fr\/threatscan-detecter-et-eliminer-les-cybermenaces\/","name":"ThreatScan - D\u00e9tecter et \u00e9liminer les cybermenaces - DPO Associates","isPartOf":{"@id":"https:\/\/dpoassociates.eu\/fr\/#website"},"primaryImageOfPage":{"@id":"https:\/\/dpoassociates.eu\/fr\/threatscan-detecter-et-eliminer-les-cybermenaces\/#primaryimage"},"image":{"@id":"https:\/\/dpoassociates.eu\/fr\/threatscan-detecter-et-eliminer-les-cybermenaces\/#primaryimage"},"thumbnailUrl":"https:\/\/dpoassociates.eu\/wp-content\/uploads\/2025\/01\/Ontwerp-zonder-titel-40-1024x1024.png","datePublished":"2025-01-30T12:37:39+00:00","dateModified":"2025-02-27T13:31:52+00:00","description":"D\u00e9couvrez l'audit de s\u00e9curit\u00e9 avanc\u00e9 de ThreatScan. Identifiez et minimisez les risques de s\u00e9curit\u00e9 pour votre organisation.","breadcrumb":{"@id":"https:\/\/dpoassociates.eu\/fr\/threatscan-detecter-et-eliminer-les-cybermenaces\/#breadcrumb"},"inLanguage":"fr-FR","potentialAction":[{"@type":"ReadAction","target":["https:\/\/dpoassociates.eu\/fr\/threatscan-detecter-et-eliminer-les-cybermenaces\/"]}]},{"@type":"ImageObject","inLanguage":"fr-FR","@id":"https:\/\/dpoassociates.eu\/fr\/threatscan-detecter-et-eliminer-les-cybermenaces\/#primaryimage","url":"https:\/\/dpoassociates.eu\/wp-content\/uploads\/2025\/01\/Ontwerp-zonder-titel-40-1024x1024.png","contentUrl":"https:\/\/dpoassociates.eu\/wp-content\/uploads\/2025\/01\/Ontwerp-zonder-titel-40-1024x1024.png"},{"@type":"BreadcrumbList","@id":"https:\/\/dpoassociates.eu\/fr\/threatscan-detecter-et-eliminer-les-cybermenaces\/#breadcrumb","itemListElement":[{"@type":"ListItem","position":1,"name":"Home","item":"https:\/\/dpoassociates.eu\/fr\/"},{"@type":"ListItem","position":2,"name":"ThreatScan &#8211; D\u00e9tecter et \u00e9liminer les cybermenaces"}]},{"@type":"WebSite","@id":"https:\/\/dpoassociates.eu\/fr\/#website","url":"https:\/\/dpoassociates.eu\/fr\/","name":"DPO Associates","description":"Protect, Detect, Respond","publisher":{"@id":"https:\/\/dpoassociates.eu\/fr\/#organization"},"potentialAction":[{"@type":"SearchAction","target":{"@type":"EntryPoint","urlTemplate":"https:\/\/dpoassociates.eu\/fr\/?s={search_term_string}"},"query-input":{"@type":"PropertyValueSpecification","valueRequired":true,"valueName":"search_term_string"}}],"inLanguage":"fr-FR"},{"@type":"Organization","@id":"https:\/\/dpoassociates.eu\/fr\/#organization","name":"DPO Associates","url":"https:\/\/dpoassociates.eu\/fr\/","logo":{"@type":"ImageObject","inLanguage":"fr-FR","@id":"https:\/\/dpoassociates.eu\/fr\/#\/schema\/logo\/image\/","url":"https:\/\/dpoassociates.eu\/wp-content\/uploads\/2022\/09\/thumbnail_Logo-DPO-Associates-negatief-zwart-negatief-002.png","contentUrl":"https:\/\/dpoassociates.eu\/wp-content\/uploads\/2022\/09\/thumbnail_Logo-DPO-Associates-negatief-zwart-negatief-002.png","width":651,"height":651,"caption":"DPO Associates"},"image":{"@id":"https:\/\/dpoassociates.eu\/fr\/#\/schema\/logo\/image\/"},"sameAs":["https:\/\/www.facebook.com\/profile.php?id=100083400514207","https:\/\/www.linkedin.com\/company\/dpo-associates-da\/"]}]}},"_links":{"self":[{"href":"https:\/\/dpoassociates.eu\/fr\/wp-json\/wp\/v2\/pages\/19127","targetHints":{"allow":["GET"]}}],"collection":[{"href":"https:\/\/dpoassociates.eu\/fr\/wp-json\/wp\/v2\/pages"}],"about":[{"href":"https:\/\/dpoassociates.eu\/fr\/wp-json\/wp\/v2\/types\/page"}],"author":[{"embeddable":true,"href":"https:\/\/dpoassociates.eu\/fr\/wp-json\/wp\/v2\/users\/1"}],"replies":[{"embeddable":true,"href":"https:\/\/dpoassociates.eu\/fr\/wp-json\/wp\/v2\/comments?post=19127"}],"version-history":[{"count":2,"href":"https:\/\/dpoassociates.eu\/fr\/wp-json\/wp\/v2\/pages\/19127\/revisions"}],"predecessor-version":[{"id":19942,"href":"https:\/\/dpoassociates.eu\/fr\/wp-json\/wp\/v2\/pages\/19127\/revisions\/19942"}],"wp:attachment":[{"href":"https:\/\/dpoassociates.eu\/fr\/wp-json\/wp\/v2\/media?parent=19127"}],"curies":[{"name":"wp","href":"https:\/\/api.w.org\/{rel}","templated":true}]}}