{"id":19015,"date":"2025-01-29T15:08:22","date_gmt":"2025-01-29T15:08:22","guid":{"rendered":"https:\/\/dpoassociates.eu\/le-renseignement-sur-les-menaces-pour-une-cybersecurite-proactive\/"},"modified":"2025-02-27T14:31:52","modified_gmt":"2025-02-27T13:31:52","slug":"le-renseignement-sur-les-menaces-pour-une-cybersecurite-proactive","status":"publish","type":"page","link":"https:\/\/dpoassociates.eu\/fr\/le-renseignement-sur-les-menaces-pour-une-cybersecurite-proactive\/","title":{"rendered":"Le renseignement sur les menaces pour une cybers\u00e9curit\u00e9 proactive"},"content":{"rendered":"\t\t<div data-elementor-type=\"wp-page\" data-elementor-id=\"19015\" class=\"elementor elementor-19015 elementor-18968\" data-elementor-post-type=\"page\">\n\t\t\t\t\t\t<section class=\"elementor-section elementor-top-section elementor-element elementor-element-6846658d elementor-section-boxed elementor-section-height-default elementor-section-height-default\" data-id=\"6846658d\" data-element_type=\"section\" data-e-type=\"section\" data-settings=\"{&quot;background_background&quot;:&quot;classic&quot;,&quot;background_motion_fx_motion_fx_mouse&quot;:&quot;yes&quot;,&quot;background_motion_fx_mouseTrack_effect&quot;:&quot;yes&quot;,&quot;background_motion_fx_mouseTrack_speed&quot;:{&quot;unit&quot;:&quot;px&quot;,&quot;size&quot;:0.5,&quot;sizes&quot;:[]}}\">\n\t\t\t\t\t\t<div class=\"elementor-container elementor-column-gap-no\">\n\t\t\t\t\t<div class=\"elementor-column elementor-col-100 elementor-top-column elementor-element elementor-element-e847191\" data-id=\"e847191\" data-element_type=\"column\" data-e-type=\"column\">\n\t\t\t<div class=\"elementor-widget-wrap elementor-element-populated\">\n\t\t\t\t\t\t<section class=\"elementor-section elementor-inner-section elementor-element elementor-element-14cb00a5 elementor-section-boxed elementor-section-height-default elementor-section-height-default elementor-invisible\" data-id=\"14cb00a5\" data-element_type=\"section\" data-e-type=\"section\" data-settings=\"{&quot;animation&quot;:&quot;fadeInUp&quot;}\">\n\t\t\t\t\t\t<div class=\"elementor-container elementor-column-gap-no\">\n\t\t\t\t\t<div class=\"elementor-column elementor-col-100 elementor-inner-column elementor-element elementor-element-662f8e1e\" data-id=\"662f8e1e\" data-element_type=\"column\" data-e-type=\"column\">\n\t\t\t<div class=\"elementor-widget-wrap elementor-element-populated\">\n\t\t\t\t\t\t<div class=\"elementor-element elementor-element-3a992225 elementor-widget elementor-widget-heading\" data-id=\"3a992225\" data-element_type=\"widget\" data-e-type=\"widget\" data-widget_type=\"heading.default\">\n\t\t\t\t<div class=\"elementor-widget-container\">\n\t\t\t\t\t<h1 class=\"elementor-heading-title elementor-size-default\">Qu'est-ce que le renseignement sur les menaces ?<\/h1>\t\t\t\t<\/div>\n\t\t\t\t<\/div>\n\t\t\t\t\t<\/div>\n\t\t<\/div>\n\t\t\t\t\t<\/div>\n\t\t<\/section>\n\t\t\t\t<div class=\"elementor-element elementor-element-21321a5d elementor-widget elementor-widget-text-editor\" data-id=\"21321a5d\" data-element_type=\"widget\" data-e-type=\"widget\" data-widget_type=\"text-editor.default\">\n\t\t\t\t<div class=\"elementor-widget-container\">\n\t\t\t\t\t\t\t\t\t<p data-pm-slice=\"1 1 []\">La veille sur les menaces est la collecte, l&rsquo;analyse et l&rsquo;interpr\u00e9tation des cybermenaces afin de prot\u00e9ger votre organisation contre de futures attaques. En surveillant en permanence les informations sur les menaces, nous pouvons identifier les risques et garder une longueur d&rsquo;avance sur les attaquants potentiels. <\/p>\t\t\t\t\t\t\t\t<\/div>\n\t\t\t\t<\/div>\n\t\t\t\t<div class=\"elementor-element elementor-element-49c65676 elementor-widget elementor-widget-heading\" data-id=\"49c65676\" data-element_type=\"widget\" data-e-type=\"widget\" data-widget_type=\"heading.default\">\n\t\t\t\t<div class=\"elementor-widget-container\">\n\t\t\t\t\t<h2 class=\"elementor-heading-title elementor-size-default\">Avantages de la veille sur les menaces :<\/h2>\t\t\t\t<\/div>\n\t\t\t\t<\/div>\n\t\t\t\t<div class=\"elementor-element elementor-element-5f20cdc3 elementor-widget elementor-widget-text-editor\" data-id=\"5f20cdc3\" data-element_type=\"widget\" data-e-type=\"widget\" data-widget_type=\"text-editor.default\">\n\t\t\t\t<div class=\"elementor-widget-container\">\n\t\t\t\t\t\t\t\t\t<ul data-spread=\"false\" data-pm-slice=\"3 3 []\"><li><p><strong>Analyse pr\u00e9dictive des menaces<\/strong> &#8211; Identifiez les cybermenaces \u00e9mergentes avant qu&rsquo;elles ne causent des dommages.<\/p><\/li><li><p><strong>Prise de d\u00e9cision bas\u00e9e sur les donn\u00e9es<\/strong> &#8211; Prenez des d\u00e9cisions strat\u00e9giques en mati\u00e8re de s\u00e9curit\u00e9 sur la base de renseignements sur les menaces en temps r\u00e9el.<\/p><\/li><li><p><strong>Protection avanc\u00e9e contre les attaques<\/strong> &#8211; Soyez pr\u00eat \u00e0 faire face aux exploits du jour z\u00e9ro, aux ransomwares et aux attaques cibl\u00e9es.<\/p><\/li><li><p><strong>Int\u00e9gration avec les syst\u00e8mes de s\u00e9curit\u00e9<\/strong> &#8211; Collaboration transparente avec les solutions de s\u00e9curit\u00e9 existantes.<\/p><\/li><li><p><strong>Mises \u00e0 jour permanentes<\/strong> &#8211; Toujours \u00e0 jour avec les derni\u00e8res informations sur les menaces et les vuln\u00e9rabilit\u00e9s.<\/p><\/li><\/ul>\t\t\t\t\t\t\t\t<\/div>\n\t\t\t\t<\/div>\n\t\t\t\t<div class=\"elementor-element elementor-element-2e04f22d elementor-widget elementor-widget-heading\" data-id=\"2e04f22d\" data-element_type=\"widget\" data-e-type=\"widget\" data-widget_type=\"heading.default\">\n\t\t\t\t<div class=\"elementor-widget-container\">\n\t\t\t\t\t<h2 class=\"elementor-heading-title elementor-size-default\">\u00c0 qui s'adresse la veille sur les menaces ?\n<\/h2>\t\t\t\t<\/div>\n\t\t\t\t<\/div>\n\t\t\t\t<div class=\"elementor-element elementor-element-5618249 elementor-widget elementor-widget-text-editor\" data-id=\"5618249\" data-element_type=\"widget\" data-e-type=\"widget\" data-widget_type=\"text-editor.default\">\n\t\t\t\t<div class=\"elementor-widget-container\">\n\t\t\t\t\t\t\t\t\t<p data-pm-slice=\"1 3 []\">Notre service de renseignement sur les menaces est id\u00e9al pour :<\/p><ul data-spread=\"false\"><li><p>Les entreprises qui souhaitent renforcer leur strat\u00e9gie de s\u00e9curit\u00e9 gr\u00e2ce \u00e0 des informations actualis\u00e9es sur les menaces.<\/p><\/li><li><p>Organisations r\u00e9pondant \u00e0 des exigences de conformit\u00e9 telles que ISO 27001 et NIST.<\/p><\/li><li><p>Les services informatiques qui cherchent \u00e0 identifier et \u00e0 att\u00e9nuer les menaces de mani\u00e8re proactive.<\/p><\/li><li><p>Les \u00e9quipes de s\u00e9curit\u00e9 qui cherchent \u00e0 optimiser leurs d\u00e9fenses contre les cyberattaques avanc\u00e9es.<\/p><\/li><\/ul>\t\t\t\t\t\t\t\t<\/div>\n\t\t\t\t<\/div>\n\t\t\t\t<div class=\"elementor-element elementor-element-3390ae6 elementor-widget__width-initial elementor-widget elementor-widget-image\" data-id=\"3390ae6\" data-element_type=\"widget\" data-e-type=\"widget\" data-widget_type=\"image.default\">\n\t\t\t\t<div class=\"elementor-widget-container\">\n\t\t\t\t\t\t\t\t\t\t\t\t\t\t\t<img fetchpriority=\"high\" decoding=\"async\" width=\"1000\" height=\"1000\" src=\"https:\/\/dpoassociates.eu\/wp-content\/uploads\/2025\/01\/Ontwerp-zonder-titel-38-1024x1024.png\" class=\"attachment-large size-large wp-image-19008\" alt=\"\" srcset=\"https:\/\/dpoassociates.eu\/wp-content\/uploads\/2025\/01\/Ontwerp-zonder-titel-38-1024x1024.png 1024w, https:\/\/dpoassociates.eu\/wp-content\/uploads\/2025\/01\/Ontwerp-zonder-titel-38-300x300.png 300w, https:\/\/dpoassociates.eu\/wp-content\/uploads\/2025\/01\/Ontwerp-zonder-titel-38-150x150.png 150w, https:\/\/dpoassociates.eu\/wp-content\/uploads\/2025\/01\/Ontwerp-zonder-titel-38-768x768.png 768w, https:\/\/dpoassociates.eu\/wp-content\/uploads\/2025\/01\/Ontwerp-zonder-titel-38-650x650.png 650w, https:\/\/dpoassociates.eu\/wp-content\/uploads\/2025\/01\/Ontwerp-zonder-titel-38-400x400.png 400w, https:\/\/dpoassociates.eu\/wp-content\/uploads\/2025\/01\/Ontwerp-zonder-titel-38-600x600.png 600w, https:\/\/dpoassociates.eu\/wp-content\/uploads\/2025\/01\/Ontwerp-zonder-titel-38.png 1080w\" sizes=\"(max-width: 1000px) 100vw, 1000px\" \/>\t\t\t\t\t\t\t\t\t\t\t\t\t\t\t<\/div>\n\t\t\t\t<\/div>\n\t\t\t\t<div class=\"elementor-element elementor-element-483a6f4b elementor-widget elementor-widget-heading\" data-id=\"483a6f4b\" data-element_type=\"widget\" data-e-type=\"widget\" data-widget_type=\"heading.default\">\n\t\t\t\t<div class=\"elementor-widget-container\">\n\t\t\t\t\t<h2 class=\"elementor-heading-title elementor-size-default\">Pourquoi choisir le renseignement sur les menaces ?\n\n<\/h2>\t\t\t\t<\/div>\n\t\t\t\t<\/div>\n\t\t\t\t<div class=\"elementor-element elementor-element-7ba32cf3 elementor-widget elementor-widget-text-editor\" data-id=\"7ba32cf3\" data-element_type=\"widget\" data-e-type=\"widget\" data-widget_type=\"text-editor.default\">\n\t\t\t\t<div class=\"elementor-widget-container\">\n\t\t\t\t\t\t\t\t\t<p data-pm-slice=\"1 3 []\">Notre service se distingue par :<\/p><ul data-spread=\"false\"><li><p><strong>Acc\u00e8s aux donn\u00e9es sur les menaces mondiales<\/strong> &#8211; Utilisation de m\u00e9thodes de collecte de donn\u00e9es et de mod\u00e8les analytiques avanc\u00e9s.<\/p><\/li><li><p><strong>Notifications et recommandations en temps r\u00e9el<\/strong> &#8211; Identification et att\u00e9nuation rapides des menaces.<\/p><\/li><li><p><strong>Tableaux de bord conviviaux<\/strong> &#8211; Visualisation claire des menaces et des risques.<\/p><\/li><li><p><strong>Soutien d&rsquo;experts<\/strong> &#8211; Conseils sur l&rsquo;interpr\u00e9tation et l&rsquo;application des informations relatives aux menaces.<\/p><\/li><\/ul>\t\t\t\t\t\t\t\t<\/div>\n\t\t\t\t<\/div>\n\t\t\t\t\t<\/div>\n\t\t<\/div>\n\t\t\t\t\t<\/div>\n\t\t<\/section>\n\t\t\t\t<section class=\"elementor-section elementor-top-section elementor-element elementor-element-5fa0261 elementor-section-boxed elementor-section-height-default elementor-section-height-default\" data-id=\"5fa0261\" data-element_type=\"section\" data-e-type=\"section\">\n\t\t\t\t\t\t<div class=\"elementor-container elementor-column-gap-default\">\n\t\t\t\t\t<div class=\"elementor-column elementor-col-100 elementor-top-column elementor-element elementor-element-469721be\" data-id=\"469721be\" data-element_type=\"column\" data-e-type=\"column\">\n\t\t\t<div class=\"elementor-widget-wrap elementor-element-populated\">\n\t\t\t\t\t\t<div class=\"elementor-element elementor-element-6ecbb661 elementor-widget elementor-widget-heading\" data-id=\"6ecbb661\" data-element_type=\"widget\" data-e-type=\"widget\" data-widget_type=\"heading.default\">\n\t\t\t\t<div class=\"elementor-widget-container\">\n\t\t\t\t\t<h2 class=\"elementor-heading-title elementor-size-default\">Prenez contact avec nous !\n\n<\/h2>\t\t\t\t<\/div>\n\t\t\t\t<\/div>\n\t\t\t\t<div class=\"elementor-element elementor-element-443dc3ce elementor-button-align-stretch elementor-widget elementor-widget-form\" data-id=\"443dc3ce\" data-element_type=\"widget\" data-e-type=\"widget\" data-settings=\"{&quot;step_next_label&quot;:&quot;Suivant&quot;,&quot;step_previous_label&quot;:&quot;Pr\\u00e9c\\u00e9dent&quot;,&quot;button_width&quot;:&quot;100&quot;,&quot;step_type&quot;:&quot;number_text&quot;,&quot;step_icon_shape&quot;:&quot;circle&quot;}\" data-widget_type=\"form.default\">\n\t\t\t\t<div class=\"elementor-widget-container\">\n\t\t\t\t\t\t\t<form class=\"elementor-form\" method=\"post\" name=\"Nouveau formulaire\" aria-label=\"Nouveau formulaire\">\n\t\t\t<input type=\"hidden\" name=\"post_id\" value=\"19015\"\/>\n\t\t\t<input type=\"hidden\" name=\"form_id\" value=\"443dc3ce\"\/>\n\t\t\t<input type=\"hidden\" name=\"referer_title\" value=\"Le renseignement sur les menaces pour une cybers\u00e9curit\u00e9 proactive - DPO Associates\" \/>\n\n\t\t\t\t\t\t\t<input type=\"hidden\" name=\"queried_id\" value=\"19015\"\/>\n\t\t\t\n\t\t\t<div class=\"elementor-form-fields-wrapper elementor-labels-above\">\n\t\t\t\t\t\t\t\t<div class=\"elementor-field-type-text elementor-field-group elementor-column elementor-field-group-name elementor-col-100\">\n\t\t\t\t\t\t\t\t\t\t\t\t<label for=\"form-field-name\" class=\"elementor-field-label\">\n\t\t\t\t\t\t\t\tNom\t\t\t\t\t\t\t<\/label>\n\t\t\t\t\t\t\t\t\t\t\t\t\t\t<input size=\"1\" type=\"text\" name=\"form_fields[name]\" id=\"form-field-name\" class=\"elementor-field elementor-size-sm  elementor-field-textual\" placeholder=\"Nom\">\n\t\t\t\t\t\t\t\t\t\t\t<\/div>\n\t\t\t\t\t\t\t\t<div class=\"elementor-field-type-email elementor-field-group elementor-column elementor-field-group-email elementor-col-100 elementor-field-required\">\n\t\t\t\t\t\t\t\t\t\t\t\t<label for=\"form-field-email\" class=\"elementor-field-label\">\n\t\t\t\t\t\t\t\tCourriel :\t\t\t\t\t\t\t<\/label>\n\t\t\t\t\t\t\t\t\t\t\t\t\t\t<input size=\"1\" type=\"email\" name=\"form_fields[email]\" id=\"form-field-email\" class=\"elementor-field elementor-size-sm  elementor-field-textual\" placeholder=\"Courriel :\" required=\"required\">\n\t\t\t\t\t\t\t\t\t\t\t<\/div>\n\t\t\t\t\t\t\t\t<div class=\"elementor-field-type-textarea elementor-field-group elementor-column elementor-field-group-message elementor-col-100\">\n\t\t\t\t\t\t\t\t\t\t\t\t<label for=\"form-field-message\" class=\"elementor-field-label\">\n\t\t\t\t\t\t\t\tMessage\t\t\t\t\t\t\t<\/label>\n\t\t\t\t\t\t<textarea class=\"elementor-field-textual elementor-field  elementor-size-sm\" name=\"form_fields[message]\" id=\"form-field-message\" rows=\"4\" placeholder=\"Message\"><\/textarea>\t\t\t\t<\/div>\n\t\t\t\t\t\t\t\t<div class=\"elementor-field-type-acceptance elementor-field-group elementor-column elementor-field-group-field_3c83b1a elementor-col-100 elementor-field-required\">\n\t\t\t\t\t\t\t<div class=\"elementor-field-subgroup\">\n\t\t\t<span class=\"elementor-field-option\">\n\t\t\t\t<input type=\"checkbox\" name=\"form_fields[field_3c83b1a]\" id=\"form-field-field_3c83b1a\" class=\"elementor-field elementor-size-sm  elementor-acceptance-field\" required=\"required\">\n\t\t\t\t<label for=\"form-field-field_3c83b1a\">J'autorise DPOAssociates.eu \u00e0 traiter mes donn\u00e9es. *<\/label>\t\t\t<\/span>\n\t\t<\/div>\n\t\t\t\t\t\t<\/div>\n\t\t\t\t\t\t\t\t<div class=\"elementor-field-group elementor-column elementor-field-type-submit elementor-col-100 e-form__buttons\">\n\t\t\t\t\t<button class=\"elementor-button elementor-size-sm\" type=\"submit\">\n\t\t\t\t\t\t<span class=\"elementor-button-content-wrapper\">\n\t\t\t\t\t\t\t\t\t\t\t\t\t\t\t\t\t\t\t\t\t\t<span class=\"elementor-button-text\">Envoyer<\/span>\n\t\t\t\t\t\t\t\t\t\t\t\t\t<\/span>\n\t\t\t\t\t<\/button>\n\t\t\t\t<\/div>\n\t\t\t<\/div>\n\t\t<input\n                    class=\"apbct_special_field apbct_email_id__elementor_form\"\n                    name=\"apbct__email_id__elementor_form\"\n                    aria-label=\"apbct__label_id__elementor_form\"\n                    type=\"text\" size=\"30\" maxlength=\"200\" autocomplete=\"off\"\n                    value=\"\"\n                \/><\/form>\n\t\t\t\t\t\t<\/div>\n\t\t\t\t<\/div>\n\t\t\t\t\t<\/div>\n\t\t<\/div>\n\t\t\t\t\t<\/div>\n\t\t<\/section>\n\t\t\t\t<\/div>\n\t\t","protected":false},"excerpt":{"rendered":"<p>Qu&rsquo;est-ce que le renseignement sur les menaces ? La veille sur les menaces est la collecte, l&rsquo;analyse et l&rsquo;interpr\u00e9tation des cybermenaces afin [&hellip;]<\/p>\n","protected":false},"author":1,"featured_media":0,"parent":0,"menu_order":0,"comment_status":"closed","ping_status":"closed","template":"elementor_header_footer","meta":{"_eb_attr":"","footnotes":""},"class_list":["post-19015","page","type-page","status-publish","hentry"],"yoast_head":"<!-- This site is optimized with the Yoast SEO Premium plugin v25.8 (Yoast SEO v27.2) - https:\/\/yoast.com\/product\/yoast-seo-premium-wordpress\/ -->\n<title>Le renseignement sur les menaces pour une cybers\u00e9curit\u00e9 proactive - DPO Associates<\/title>\n<meta name=\"description\" content=\"Renseignements sur les menaces : la cl\u00e9 d&#039;une s\u00e9curit\u00e9 proactive. Gardez une longueur d&#039;avance sur les cybermenaces.\" \/>\n<meta name=\"robots\" content=\"index, follow, max-snippet:-1, max-image-preview:large, max-video-preview:-1\" \/>\n<link rel=\"canonical\" href=\"https:\/\/dpoassociates.eu\/fr\/le-renseignement-sur-les-menaces-pour-une-cybersecurite-proactive\/\" \/>\n<meta property=\"og:locale\" content=\"fr_FR\" \/>\n<meta property=\"og:type\" content=\"article\" \/>\n<meta property=\"og:title\" content=\"Le renseignement sur les menaces pour une cybers\u00e9curit\u00e9 proactive\" \/>\n<meta property=\"og:description\" content=\"Renseignements sur les menaces : la cl\u00e9 d&#039;une s\u00e9curit\u00e9 proactive. Gardez une longueur d&#039;avance sur les cybermenaces.\" \/>\n<meta property=\"og:url\" content=\"https:\/\/dpoassociates.eu\/fr\/le-renseignement-sur-les-menaces-pour-une-cybersecurite-proactive\/\" \/>\n<meta property=\"og:site_name\" content=\"DPO Associates\" \/>\n<meta property=\"article:publisher\" content=\"https:\/\/www.facebook.com\/profile.php?id=100083400514207\" \/>\n<meta property=\"article:modified_time\" content=\"2025-02-27T13:31:52+00:00\" \/>\n<meta property=\"og:image\" content=\"https:\/\/dpoassociates.eu\/wp-content\/uploads\/2025\/01\/Ontwerp-zonder-titel-38.png\" \/>\n\t<meta property=\"og:image:width\" content=\"1080\" \/>\n\t<meta property=\"og:image:height\" content=\"1080\" \/>\n\t<meta property=\"og:image:type\" content=\"image\/png\" \/>\n<meta name=\"twitter:card\" content=\"summary_large_image\" \/>\n<meta name=\"twitter:label1\" content=\"Dur\u00e9e de lecture estim\u00e9e\" \/>\n\t<meta name=\"twitter:data1\" content=\"2 minutes\" \/>\n<script type=\"application\/ld+json\" class=\"yoast-schema-graph\">{\"@context\":\"https:\/\/schema.org\",\"@graph\":[{\"@type\":\"WebPage\",\"@id\":\"https:\/\/dpoassociates.eu\/fr\/le-renseignement-sur-les-menaces-pour-une-cybersecurite-proactive\/\",\"url\":\"https:\/\/dpoassociates.eu\/fr\/le-renseignement-sur-les-menaces-pour-une-cybersecurite-proactive\/\",\"name\":\"Le renseignement sur les menaces pour une cybers\u00e9curit\u00e9 proactive - DPO Associates\",\"isPartOf\":{\"@id\":\"https:\/\/dpoassociates.eu\/fr\/#website\"},\"primaryImageOfPage\":{\"@id\":\"https:\/\/dpoassociates.eu\/fr\/le-renseignement-sur-les-menaces-pour-une-cybersecurite-proactive\/#primaryimage\"},\"image\":{\"@id\":\"https:\/\/dpoassociates.eu\/fr\/le-renseignement-sur-les-menaces-pour-une-cybersecurite-proactive\/#primaryimage\"},\"thumbnailUrl\":\"https:\/\/dpoassociates.eu\/wp-content\/uploads\/2025\/01\/Ontwerp-zonder-titel-38-1024x1024.png\",\"datePublished\":\"2025-01-29T15:08:22+00:00\",\"dateModified\":\"2025-02-27T13:31:52+00:00\",\"description\":\"Renseignements sur les menaces : la cl\u00e9 d'une s\u00e9curit\u00e9 proactive. Gardez une longueur d'avance sur les cybermenaces.\",\"breadcrumb\":{\"@id\":\"https:\/\/dpoassociates.eu\/fr\/le-renseignement-sur-les-menaces-pour-une-cybersecurite-proactive\/#breadcrumb\"},\"inLanguage\":\"fr-FR\",\"potentialAction\":[{\"@type\":\"ReadAction\",\"target\":[\"https:\/\/dpoassociates.eu\/fr\/le-renseignement-sur-les-menaces-pour-une-cybersecurite-proactive\/\"]}]},{\"@type\":\"ImageObject\",\"inLanguage\":\"fr-FR\",\"@id\":\"https:\/\/dpoassociates.eu\/fr\/le-renseignement-sur-les-menaces-pour-une-cybersecurite-proactive\/#primaryimage\",\"url\":\"https:\/\/dpoassociates.eu\/wp-content\/uploads\/2025\/01\/Ontwerp-zonder-titel-38-1024x1024.png\",\"contentUrl\":\"https:\/\/dpoassociates.eu\/wp-content\/uploads\/2025\/01\/Ontwerp-zonder-titel-38-1024x1024.png\"},{\"@type\":\"BreadcrumbList\",\"@id\":\"https:\/\/dpoassociates.eu\/fr\/le-renseignement-sur-les-menaces-pour-une-cybersecurite-proactive\/#breadcrumb\",\"itemListElement\":[{\"@type\":\"ListItem\",\"position\":1,\"name\":\"Home\",\"item\":\"https:\/\/dpoassociates.eu\/fr\/\"},{\"@type\":\"ListItem\",\"position\":2,\"name\":\"Le renseignement sur les menaces pour une cybers\u00e9curit\u00e9 proactive\"}]},{\"@type\":\"WebSite\",\"@id\":\"https:\/\/dpoassociates.eu\/fr\/#website\",\"url\":\"https:\/\/dpoassociates.eu\/fr\/\",\"name\":\"DPO Associates\",\"description\":\"Protect, Detect, Respond\",\"publisher\":{\"@id\":\"https:\/\/dpoassociates.eu\/fr\/#organization\"},\"potentialAction\":[{\"@type\":\"SearchAction\",\"target\":{\"@type\":\"EntryPoint\",\"urlTemplate\":\"https:\/\/dpoassociates.eu\/fr\/?s={search_term_string}\"},\"query-input\":{\"@type\":\"PropertyValueSpecification\",\"valueRequired\":true,\"valueName\":\"search_term_string\"}}],\"inLanguage\":\"fr-FR\"},{\"@type\":\"Organization\",\"@id\":\"https:\/\/dpoassociates.eu\/fr\/#organization\",\"name\":\"DPO Associates\",\"url\":\"https:\/\/dpoassociates.eu\/fr\/\",\"logo\":{\"@type\":\"ImageObject\",\"inLanguage\":\"fr-FR\",\"@id\":\"https:\/\/dpoassociates.eu\/fr\/#\/schema\/logo\/image\/\",\"url\":\"https:\/\/dpoassociates.eu\/wp-content\/uploads\/2022\/09\/thumbnail_Logo-DPO-Associates-negatief-zwart-negatief-002.png\",\"contentUrl\":\"https:\/\/dpoassociates.eu\/wp-content\/uploads\/2022\/09\/thumbnail_Logo-DPO-Associates-negatief-zwart-negatief-002.png\",\"width\":651,\"height\":651,\"caption\":\"DPO Associates\"},\"image\":{\"@id\":\"https:\/\/dpoassociates.eu\/fr\/#\/schema\/logo\/image\/\"},\"sameAs\":[\"https:\/\/www.facebook.com\/profile.php?id=100083400514207\",\"https:\/\/www.linkedin.com\/company\/dpo-associates-da\/\"]}]}<\/script>\n<!-- \/ Yoast SEO Premium plugin. -->","yoast_head_json":{"title":"Le renseignement sur les menaces pour une cybers\u00e9curit\u00e9 proactive - DPO Associates","description":"Renseignements sur les menaces : la cl\u00e9 d'une s\u00e9curit\u00e9 proactive. Gardez une longueur d'avance sur les cybermenaces.","robots":{"index":"index","follow":"follow","max-snippet":"max-snippet:-1","max-image-preview":"max-image-preview:large","max-video-preview":"max-video-preview:-1"},"canonical":"https:\/\/dpoassociates.eu\/fr\/le-renseignement-sur-les-menaces-pour-une-cybersecurite-proactive\/","og_locale":"fr_FR","og_type":"article","og_title":"Le renseignement sur les menaces pour une cybers\u00e9curit\u00e9 proactive","og_description":"Renseignements sur les menaces : la cl\u00e9 d'une s\u00e9curit\u00e9 proactive. Gardez une longueur d'avance sur les cybermenaces.","og_url":"https:\/\/dpoassociates.eu\/fr\/le-renseignement-sur-les-menaces-pour-une-cybersecurite-proactive\/","og_site_name":"DPO Associates","article_publisher":"https:\/\/www.facebook.com\/profile.php?id=100083400514207","article_modified_time":"2025-02-27T13:31:52+00:00","og_image":[{"width":1080,"height":1080,"url":"https:\/\/dpoassociates.eu\/wp-content\/uploads\/2025\/01\/Ontwerp-zonder-titel-38.png","type":"image\/png"}],"twitter_card":"summary_large_image","twitter_misc":{"Dur\u00e9e de lecture estim\u00e9e":"2 minutes"},"schema":{"@context":"https:\/\/schema.org","@graph":[{"@type":"WebPage","@id":"https:\/\/dpoassociates.eu\/fr\/le-renseignement-sur-les-menaces-pour-une-cybersecurite-proactive\/","url":"https:\/\/dpoassociates.eu\/fr\/le-renseignement-sur-les-menaces-pour-une-cybersecurite-proactive\/","name":"Le renseignement sur les menaces pour une cybers\u00e9curit\u00e9 proactive - DPO Associates","isPartOf":{"@id":"https:\/\/dpoassociates.eu\/fr\/#website"},"primaryImageOfPage":{"@id":"https:\/\/dpoassociates.eu\/fr\/le-renseignement-sur-les-menaces-pour-une-cybersecurite-proactive\/#primaryimage"},"image":{"@id":"https:\/\/dpoassociates.eu\/fr\/le-renseignement-sur-les-menaces-pour-une-cybersecurite-proactive\/#primaryimage"},"thumbnailUrl":"https:\/\/dpoassociates.eu\/wp-content\/uploads\/2025\/01\/Ontwerp-zonder-titel-38-1024x1024.png","datePublished":"2025-01-29T15:08:22+00:00","dateModified":"2025-02-27T13:31:52+00:00","description":"Renseignements sur les menaces : la cl\u00e9 d'une s\u00e9curit\u00e9 proactive. Gardez une longueur d'avance sur les cybermenaces.","breadcrumb":{"@id":"https:\/\/dpoassociates.eu\/fr\/le-renseignement-sur-les-menaces-pour-une-cybersecurite-proactive\/#breadcrumb"},"inLanguage":"fr-FR","potentialAction":[{"@type":"ReadAction","target":["https:\/\/dpoassociates.eu\/fr\/le-renseignement-sur-les-menaces-pour-une-cybersecurite-proactive\/"]}]},{"@type":"ImageObject","inLanguage":"fr-FR","@id":"https:\/\/dpoassociates.eu\/fr\/le-renseignement-sur-les-menaces-pour-une-cybersecurite-proactive\/#primaryimage","url":"https:\/\/dpoassociates.eu\/wp-content\/uploads\/2025\/01\/Ontwerp-zonder-titel-38-1024x1024.png","contentUrl":"https:\/\/dpoassociates.eu\/wp-content\/uploads\/2025\/01\/Ontwerp-zonder-titel-38-1024x1024.png"},{"@type":"BreadcrumbList","@id":"https:\/\/dpoassociates.eu\/fr\/le-renseignement-sur-les-menaces-pour-une-cybersecurite-proactive\/#breadcrumb","itemListElement":[{"@type":"ListItem","position":1,"name":"Home","item":"https:\/\/dpoassociates.eu\/fr\/"},{"@type":"ListItem","position":2,"name":"Le renseignement sur les menaces pour une cybers\u00e9curit\u00e9 proactive"}]},{"@type":"WebSite","@id":"https:\/\/dpoassociates.eu\/fr\/#website","url":"https:\/\/dpoassociates.eu\/fr\/","name":"DPO Associates","description":"Protect, Detect, Respond","publisher":{"@id":"https:\/\/dpoassociates.eu\/fr\/#organization"},"potentialAction":[{"@type":"SearchAction","target":{"@type":"EntryPoint","urlTemplate":"https:\/\/dpoassociates.eu\/fr\/?s={search_term_string}"},"query-input":{"@type":"PropertyValueSpecification","valueRequired":true,"valueName":"search_term_string"}}],"inLanguage":"fr-FR"},{"@type":"Organization","@id":"https:\/\/dpoassociates.eu\/fr\/#organization","name":"DPO Associates","url":"https:\/\/dpoassociates.eu\/fr\/","logo":{"@type":"ImageObject","inLanguage":"fr-FR","@id":"https:\/\/dpoassociates.eu\/fr\/#\/schema\/logo\/image\/","url":"https:\/\/dpoassociates.eu\/wp-content\/uploads\/2022\/09\/thumbnail_Logo-DPO-Associates-negatief-zwart-negatief-002.png","contentUrl":"https:\/\/dpoassociates.eu\/wp-content\/uploads\/2022\/09\/thumbnail_Logo-DPO-Associates-negatief-zwart-negatief-002.png","width":651,"height":651,"caption":"DPO Associates"},"image":{"@id":"https:\/\/dpoassociates.eu\/fr\/#\/schema\/logo\/image\/"},"sameAs":["https:\/\/www.facebook.com\/profile.php?id=100083400514207","https:\/\/www.linkedin.com\/company\/dpo-associates-da\/"]}]}},"_links":{"self":[{"href":"https:\/\/dpoassociates.eu\/fr\/wp-json\/wp\/v2\/pages\/19015","targetHints":{"allow":["GET"]}}],"collection":[{"href":"https:\/\/dpoassociates.eu\/fr\/wp-json\/wp\/v2\/pages"}],"about":[{"href":"https:\/\/dpoassociates.eu\/fr\/wp-json\/wp\/v2\/types\/page"}],"author":[{"embeddable":true,"href":"https:\/\/dpoassociates.eu\/fr\/wp-json\/wp\/v2\/users\/1"}],"replies":[{"embeddable":true,"href":"https:\/\/dpoassociates.eu\/fr\/wp-json\/wp\/v2\/comments?post=19015"}],"version-history":[{"count":2,"href":"https:\/\/dpoassociates.eu\/fr\/wp-json\/wp\/v2\/pages\/19015\/revisions"}],"predecessor-version":[{"id":19949,"href":"https:\/\/dpoassociates.eu\/fr\/wp-json\/wp\/v2\/pages\/19015\/revisions\/19949"}],"wp:attachment":[{"href":"https:\/\/dpoassociates.eu\/fr\/wp-json\/wp\/v2\/media?parent=19015"}],"curies":[{"name":"wp","href":"https:\/\/api.w.org\/{rel}","templated":true}]}}