{"id":18963,"date":"2025-01-29T14:54:06","date_gmt":"2025-01-29T14:54:06","guid":{"rendered":"https:\/\/dpoassociates.eu\/protection-complete-des-points-finaux-pour-une-securite-optimale\/"},"modified":"2025-02-10T12:49:08","modified_gmt":"2025-02-10T12:49:08","slug":"protection-complete-des-points-finaux-pour-une-securite-optimale","status":"publish","type":"page","link":"https:\/\/dpoassociates.eu\/fr\/protection-complete-des-points-finaux-pour-une-securite-optimale\/","title":{"rendered":"Protection compl\u00e8te des points finaux pour une s\u00e9curit\u00e9 optimale"},"content":{"rendered":"\t\t<div data-elementor-type=\"wp-page\" data-elementor-id=\"18963\" class=\"elementor elementor-18963 elementor-18909\" data-elementor-post-type=\"page\">\n\t\t\t\t\t\t<section class=\"elementor-section elementor-top-section elementor-element elementor-element-6d574de9 elementor-section-boxed elementor-section-height-default elementor-section-height-default\" data-id=\"6d574de9\" data-element_type=\"section\" data-e-type=\"section\" data-settings=\"{&quot;background_background&quot;:&quot;classic&quot;,&quot;background_motion_fx_motion_fx_mouse&quot;:&quot;yes&quot;,&quot;background_motion_fx_mouseTrack_effect&quot;:&quot;yes&quot;,&quot;background_motion_fx_mouseTrack_speed&quot;:{&quot;unit&quot;:&quot;px&quot;,&quot;size&quot;:0.5,&quot;sizes&quot;:[]}}\">\n\t\t\t\t\t\t<div class=\"elementor-container elementor-column-gap-no\">\n\t\t\t\t\t<div class=\"elementor-column elementor-col-100 elementor-top-column elementor-element elementor-element-7ca9ddc1\" data-id=\"7ca9ddc1\" data-element_type=\"column\" data-e-type=\"column\">\n\t\t\t<div class=\"elementor-widget-wrap elementor-element-populated\">\n\t\t\t\t\t\t<section class=\"elementor-section elementor-inner-section elementor-element elementor-element-189e5c85 elementor-section-boxed elementor-section-height-default elementor-section-height-default elementor-invisible\" data-id=\"189e5c85\" data-element_type=\"section\" data-e-type=\"section\" data-settings=\"{&quot;animation&quot;:&quot;fadeInUp&quot;}\">\n\t\t\t\t\t\t<div class=\"elementor-container elementor-column-gap-no\">\n\t\t\t\t\t<div class=\"elementor-column elementor-col-100 elementor-inner-column elementor-element elementor-element-916bf45\" data-id=\"916bf45\" data-element_type=\"column\" data-e-type=\"column\">\n\t\t\t<div class=\"elementor-widget-wrap elementor-element-populated\">\n\t\t\t\t\t\t<div class=\"elementor-element elementor-element-724fd377 elementor-widget elementor-widget-heading\" data-id=\"724fd377\" data-element_type=\"widget\" data-e-type=\"widget\" data-widget_type=\"heading.default\">\n\t\t\t\t<div class=\"elementor-widget-container\">\n\t\t\t\t\t<h1 class=\"elementor-heading-title elementor-size-default\">Qu'est-ce que la protection des points finaux ?<\/h1>\t\t\t\t<\/div>\n\t\t\t\t<\/div>\n\t\t\t\t\t<\/div>\n\t\t<\/div>\n\t\t\t\t\t<\/div>\n\t\t<\/section>\n\t\t\t\t<div class=\"elementor-element elementor-element-2399b0f9 elementor-widget elementor-widget-text-editor\" data-id=\"2399b0f9\" data-element_type=\"widget\" data-e-type=\"widget\" data-widget_type=\"text-editor.default\">\n\t\t\t\t<div class=\"elementor-widget-container\">\n\t\t\t\t\t\t\t\t\t<p data-pm-slice=\"1 1 []\">Endpoint Protection est une solution de s\u00e9curit\u00e9 compl\u00e8te qui prot\u00e8ge chaque appareil de votre r\u00e9seau contre les attaques. Notre technologie d\u00e9tecte, pr\u00e9vient et neutralise les menaces avant qu&rsquo;elles ne fassent des d\u00e9g\u00e2ts, sans affecter les performances de vos appareils. <\/p>\t\t\t\t\t\t\t\t<\/div>\n\t\t\t\t<\/div>\n\t\t\t\t<div class=\"elementor-element elementor-element-589b79c9 elementor-widget elementor-widget-heading\" data-id=\"589b79c9\" data-element_type=\"widget\" data-e-type=\"widget\" data-widget_type=\"heading.default\">\n\t\t\t\t<div class=\"elementor-widget-container\">\n\t\t\t\t\t<h2 class=\"elementor-heading-title elementor-size-default\">Avantages de la protection des points finaux :<\/h2>\t\t\t\t<\/div>\n\t\t\t\t<\/div>\n\t\t\t\t<div class=\"elementor-element elementor-element-6eb3a9b0 elementor-widget elementor-widget-text-editor\" data-id=\"6eb3a9b0\" data-element_type=\"widget\" data-e-type=\"widget\" data-widget_type=\"text-editor.default\">\n\t\t\t\t<div class=\"elementor-widget-container\">\n\t\t\t\t\t\t\t\t\t<ul data-spread=\"false\" data-pm-slice=\"3 3 []\"><li><p><strong>D\u00e9tection des menaces en temps r\u00e9el<\/strong> &#8211; Surveillance continue et pr\u00e9vention des activit\u00e9s malveillantes.<\/p><\/li><li><p><strong>Protection contre les logiciels malveillants et les ran\u00e7ongiciels<\/strong> &#8211; Des technologies avanc\u00e9es emp\u00eachent les infections et bloquent les fichiers suspects.<\/p><\/li><li><p><strong>S\u00e9curit\u00e9 aliment\u00e9e par l&rsquo;IA<\/strong> &#8211; L&rsquo;apprentissage automatique d\u00e9tecte les menaces nouvelles et inconnues.<\/p><\/li><li><p><strong>Gestion facile<\/strong> &#8211; Tableau de bord central pour un contr\u00f4le total de tous les points d&rsquo;extr\u00e9mit\u00e9 s\u00e9curis\u00e9s.<\/p><\/li><li><p><strong>Mises \u00e0 jour automatiques<\/strong> &#8211; Protection continue gr\u00e2ce aux derniers correctifs de s\u00e9curit\u00e9.<\/p><\/li><\/ul>\t\t\t\t\t\t\t\t<\/div>\n\t\t\t\t<\/div>\n\t\t\t\t<div class=\"elementor-element elementor-element-1a071c2c elementor-widget elementor-widget-heading\" data-id=\"1a071c2c\" data-element_type=\"widget\" data-e-type=\"widget\" data-widget_type=\"heading.default\">\n\t\t\t\t<div class=\"elementor-widget-container\">\n\t\t\t\t\t<h2 class=\"elementor-heading-title elementor-size-default\">\u00c0 qui s'adresse la protection EndPoint ?\n<\/h2>\t\t\t\t<\/div>\n\t\t\t\t<\/div>\n\t\t\t\t<div class=\"elementor-element elementor-element-17310527 elementor-widget elementor-widget-text-editor\" data-id=\"17310527\" data-element_type=\"widget\" data-e-type=\"widget\" data-widget_type=\"text-editor.default\">\n\t\t\t\t<div class=\"elementor-widget-container\">\n\t\t\t\t\t\t\t\t\t<p data-pm-slice=\"1 1 []\">Ce service convient \u00e0 :<\/p>\n<ul data-spread=\"false\">\n<li>\n<p>Les entreprises qui cherchent \u00e0 s\u00e9curiser de mani\u00e8re optimale leurs employ\u00e9s et leur infrastructure informatique.<\/p>\n<\/li>\n<li>\n<p>Les organisations qui r\u00e9pondent aux exigences de conformit\u00e9 telles que GDPR et ISO 27001.<\/p>\n<\/li>\n<li>\n<p>Les services informatiques qui ont besoin d&rsquo;une solution de s\u00e9curit\u00e9 efficace et \u00e9volutive.<\/p>\n<\/li>\n<li>\n<p>Les entrepreneurs ind\u00e9pendants qui cherchent \u00e0 prot\u00e9ger leurs syst\u00e8mes contre les violations de donn\u00e9es et les cyberattaques.<\/p>\n<\/li>\n<\/ul>\t\t\t\t\t\t\t\t<\/div>\n\t\t\t\t<\/div>\n\t\t\t\t<div class=\"elementor-element elementor-element-fa4140a elementor-widget__width-initial elementor-widget elementor-widget-image\" data-id=\"fa4140a\" data-element_type=\"widget\" data-e-type=\"widget\" data-widget_type=\"image.default\">\n\t\t\t\t<div class=\"elementor-widget-container\">\n\t\t\t\t\t\t\t\t\t\t\t\t\t\t\t<img fetchpriority=\"high\" decoding=\"async\" width=\"1000\" height=\"1000\" src=\"https:\/\/dpoassociates.eu\/wp-content\/uploads\/2025\/01\/Ontwerp-zonder-titel-37-1024x1024.png\" class=\"attachment-large size-large wp-image-18953\" alt=\"\" srcset=\"https:\/\/dpoassociates.eu\/wp-content\/uploads\/2025\/01\/Ontwerp-zonder-titel-37-1024x1024.png 1024w, https:\/\/dpoassociates.eu\/wp-content\/uploads\/2025\/01\/Ontwerp-zonder-titel-37-300x300.png 300w, https:\/\/dpoassociates.eu\/wp-content\/uploads\/2025\/01\/Ontwerp-zonder-titel-37-150x150.png 150w, https:\/\/dpoassociates.eu\/wp-content\/uploads\/2025\/01\/Ontwerp-zonder-titel-37-768x768.png 768w, https:\/\/dpoassociates.eu\/wp-content\/uploads\/2025\/01\/Ontwerp-zonder-titel-37-650x650.png 650w, https:\/\/dpoassociates.eu\/wp-content\/uploads\/2025\/01\/Ontwerp-zonder-titel-37-400x400.png 400w, https:\/\/dpoassociates.eu\/wp-content\/uploads\/2025\/01\/Ontwerp-zonder-titel-37-600x600.png 600w, https:\/\/dpoassociates.eu\/wp-content\/uploads\/2025\/01\/Ontwerp-zonder-titel-37.png 1080w\" sizes=\"(max-width: 1000px) 100vw, 1000px\" \/>\t\t\t\t\t\t\t\t\t\t\t\t\t\t\t<\/div>\n\t\t\t\t<\/div>\n\t\t\t\t<div class=\"elementor-element elementor-element-2340f56f elementor-widget elementor-widget-heading\" data-id=\"2340f56f\" data-element_type=\"widget\" data-e-type=\"widget\" data-widget_type=\"heading.default\">\n\t\t\t\t<div class=\"elementor-widget-container\">\n\t\t\t\t\t<h2 class=\"elementor-heading-title elementor-size-default\">Pourquoi choisir EndPoint Protection ?\n\n<\/h2>\t\t\t\t<\/div>\n\t\t\t\t<\/div>\n\t\t\t\t<div class=\"elementor-element elementor-element-4bb500b9 elementor-widget elementor-widget-text-editor\" data-id=\"4bb500b9\" data-element_type=\"widget\" data-e-type=\"widget\" data-widget_type=\"text-editor.default\">\n\t\t\t\t<div class=\"elementor-widget-container\">\n\t\t\t\t\t\t\t\t\t<p>Notre service se distingue par :<\/p><ul><li><strong>Technologie de s\u00e9curit\u00e9 avanc\u00e9e<\/strong> &#8211; Utilise les derni\u00e8res m\u00e9thodes de d\u00e9tection et de pr\u00e9vention.<\/li><li><strong>Charge minimale du syst\u00e8me<\/strong> &#8211; Protection efficace sans ralentir vos appareils.<\/li><li><strong>Mise en \u0153uvre rapide<\/strong> &#8211; Facile \u00e0 mettre en place et imm\u00e9diatement op\u00e9rationnel.<\/li><li><strong>Support continu<\/strong> &#8211; Notre \u00e9quipe est pr\u00eate \u00e0 vous aider en cas de questions ou d&rsquo;incidents.<\/li><\/ul>\t\t\t\t\t\t\t\t<\/div>\n\t\t\t\t<\/div>\n\t\t\t\t\t<\/div>\n\t\t<\/div>\n\t\t\t\t\t<\/div>\n\t\t<\/section>\n\t\t\t\t<section class=\"elementor-section elementor-top-section elementor-element elementor-element-79e250d0 elementor-section-boxed elementor-section-height-default elementor-section-height-default\" data-id=\"79e250d0\" data-element_type=\"section\" data-e-type=\"section\">\n\t\t\t\t\t\t<div class=\"elementor-container elementor-column-gap-default\">\n\t\t\t\t\t<div class=\"elementor-column elementor-col-100 elementor-top-column elementor-element elementor-element-450d460a\" data-id=\"450d460a\" data-element_type=\"column\" data-e-type=\"column\">\n\t\t\t<div class=\"elementor-widget-wrap elementor-element-populated\">\n\t\t\t\t\t\t<div class=\"elementor-element elementor-element-3bd851e3 elementor-widget elementor-widget-heading\" data-id=\"3bd851e3\" data-element_type=\"widget\" data-e-type=\"widget\" data-widget_type=\"heading.default\">\n\t\t\t\t<div class=\"elementor-widget-container\">\n\t\t\t\t\t<h2 class=\"elementor-heading-title elementor-size-default\">Prenez contact avec nous !\n\n<\/h2>\t\t\t\t<\/div>\n\t\t\t\t<\/div>\n\t\t\t\t<div class=\"elementor-element elementor-element-47c1fb35 elementor-button-align-stretch elementor-widget elementor-widget-form\" data-id=\"47c1fb35\" data-element_type=\"widget\" data-e-type=\"widget\" data-settings=\"{&quot;step_next_label&quot;:&quot;Suivant&quot;,&quot;step_previous_label&quot;:&quot;Pr\\u00e9c\\u00e9dent&quot;,&quot;button_width&quot;:&quot;100&quot;,&quot;step_type&quot;:&quot;number_text&quot;,&quot;step_icon_shape&quot;:&quot;circle&quot;}\" data-widget_type=\"form.default\">\n\t\t\t\t<div class=\"elementor-widget-container\">\n\t\t\t\t\t\t\t<form class=\"elementor-form\" method=\"post\" name=\"Nouveau formulaire\" aria-label=\"Nouveau formulaire\">\n\t\t\t<input type=\"hidden\" name=\"post_id\" value=\"18963\"\/>\n\t\t\t<input type=\"hidden\" name=\"form_id\" value=\"47c1fb35\"\/>\n\t\t\t<input type=\"hidden\" name=\"referer_title\" value=\"Protection compl\u00e8te des points finaux pour une s\u00e9curit\u00e9 optimale - DPO Associates\" \/>\n\n\t\t\t\t\t\t\t<input type=\"hidden\" name=\"queried_id\" value=\"18963\"\/>\n\t\t\t\n\t\t\t<div class=\"elementor-form-fields-wrapper elementor-labels-above\">\n\t\t\t\t\t\t\t\t<div class=\"elementor-field-type-text elementor-field-group elementor-column elementor-field-group-name elementor-col-100\">\n\t\t\t\t\t\t\t\t\t\t\t\t<label for=\"form-field-name\" class=\"elementor-field-label\">\n\t\t\t\t\t\t\t\tNom\t\t\t\t\t\t\t<\/label>\n\t\t\t\t\t\t\t\t\t\t\t\t\t\t<input size=\"1\" type=\"text\" name=\"form_fields[name]\" id=\"form-field-name\" class=\"elementor-field elementor-size-sm  elementor-field-textual\" placeholder=\"Nom\">\n\t\t\t\t\t\t\t\t\t\t\t<\/div>\n\t\t\t\t\t\t\t\t<div class=\"elementor-field-type-email elementor-field-group elementor-column elementor-field-group-email elementor-col-100 elementor-field-required\">\n\t\t\t\t\t\t\t\t\t\t\t\t<label for=\"form-field-email\" class=\"elementor-field-label\">\n\t\t\t\t\t\t\t\tCourriel :\t\t\t\t\t\t\t<\/label>\n\t\t\t\t\t\t\t\t\t\t\t\t\t\t<input size=\"1\" type=\"email\" name=\"form_fields[email]\" id=\"form-field-email\" class=\"elementor-field elementor-size-sm  elementor-field-textual\" placeholder=\"Courriel :\" required=\"required\">\n\t\t\t\t\t\t\t\t\t\t\t<\/div>\n\t\t\t\t\t\t\t\t<div class=\"elementor-field-type-textarea elementor-field-group elementor-column elementor-field-group-message elementor-col-100\">\n\t\t\t\t\t\t\t\t\t\t\t\t<label for=\"form-field-message\" class=\"elementor-field-label\">\n\t\t\t\t\t\t\t\tMessage\t\t\t\t\t\t\t<\/label>\n\t\t\t\t\t\t<textarea class=\"elementor-field-textual elementor-field  elementor-size-sm\" name=\"form_fields[message]\" id=\"form-field-message\" rows=\"4\" placeholder=\"Message\"><\/textarea>\t\t\t\t<\/div>\n\t\t\t\t\t\t\t\t<div class=\"elementor-field-type-acceptance elementor-field-group elementor-column elementor-field-group-field_3c83b1a elementor-col-100 elementor-field-required\">\n\t\t\t\t\t\t\t<div class=\"elementor-field-subgroup\">\n\t\t\t<span class=\"elementor-field-option\">\n\t\t\t\t<input type=\"checkbox\" name=\"form_fields[field_3c83b1a]\" id=\"form-field-field_3c83b1a\" class=\"elementor-field elementor-size-sm  elementor-acceptance-field\" required=\"required\">\n\t\t\t\t<label for=\"form-field-field_3c83b1a\">J'autorise DPOAssociates.eu \u00e0 traiter mes donn\u00e9es. *<\/label>\t\t\t<\/span>\n\t\t<\/div>\n\t\t\t\t\t\t<\/div>\n\t\t\t\t\t\t\t\t<div class=\"elementor-field-group elementor-column elementor-field-type-submit elementor-col-100 e-form__buttons\">\n\t\t\t\t\t<button class=\"elementor-button elementor-size-sm\" type=\"submit\">\n\t\t\t\t\t\t<span class=\"elementor-button-content-wrapper\">\n\t\t\t\t\t\t\t\t\t\t\t\t\t\t\t\t\t\t\t\t\t\t<span class=\"elementor-button-text\">Envoyer<\/span>\n\t\t\t\t\t\t\t\t\t\t\t\t\t<\/span>\n\t\t\t\t\t<\/button>\n\t\t\t\t<\/div>\n\t\t\t<\/div>\n\t\t<input\n                    class=\"apbct_special_field apbct_email_id__elementor_form\"\n                    name=\"apbct__email_id__elementor_form\"\n                    aria-label=\"apbct__label_id__elementor_form\"\n                    type=\"text\" size=\"30\" maxlength=\"200\" autocomplete=\"off\"\n                    value=\"\"\n                \/><\/form>\n\t\t\t\t\t\t<\/div>\n\t\t\t\t<\/div>\n\t\t\t\t\t<\/div>\n\t\t<\/div>\n\t\t\t\t\t<\/div>\n\t\t<\/section>\n\t\t\t\t<\/div>\n\t\t","protected":false},"excerpt":{"rendered":"<p>Qu&rsquo;est-ce que la protection des points finaux ? Endpoint Protection est une solution de s\u00e9curit\u00e9 compl\u00e8te qui prot\u00e8ge chaque appareil de votre [&hellip;]<\/p>\n","protected":false},"author":1,"featured_media":0,"parent":0,"menu_order":0,"comment_status":"closed","ping_status":"closed","template":"elementor_header_footer","meta":{"_eb_attr":"","footnotes":""},"class_list":["post-18963","page","type-page","status-publish","hentry"],"yoast_head":"<!-- This site is optimized with the Yoast SEO Premium plugin v25.8 (Yoast SEO v27.2) - https:\/\/yoast.com\/product\/yoast-seo-premium-wordpress\/ -->\n<title>Protection compl\u00e8te des points finaux pour une s\u00e9curit\u00e9 optimale - DPO Associates<\/title>\n<meta name=\"description\" content=\"D\u00e9couvrez la puissance de la d\u00e9tection des points finaux. Prot\u00e9gez tous vos appareils contre les attaques et minimisez l&#039;impact sur les performances.\" \/>\n<meta name=\"robots\" content=\"index, follow, max-snippet:-1, max-image-preview:large, max-video-preview:-1\" \/>\n<link rel=\"canonical\" href=\"https:\/\/dpoassociates.eu\/fr\/protection-complete-des-points-finaux-pour-une-securite-optimale\/\" \/>\n<meta property=\"og:locale\" content=\"fr_FR\" \/>\n<meta property=\"og:type\" content=\"article\" \/>\n<meta property=\"og:title\" content=\"Protection compl\u00e8te des points finaux pour une s\u00e9curit\u00e9 optimale\" \/>\n<meta property=\"og:description\" content=\"D\u00e9couvrez la puissance de la d\u00e9tection des points finaux. Prot\u00e9gez tous vos appareils contre les attaques et minimisez l&#039;impact sur les performances.\" \/>\n<meta property=\"og:url\" content=\"https:\/\/dpoassociates.eu\/fr\/protection-complete-des-points-finaux-pour-une-securite-optimale\/\" \/>\n<meta property=\"og:site_name\" content=\"DPO Associates\" \/>\n<meta property=\"article:publisher\" content=\"https:\/\/www.facebook.com\/profile.php?id=100083400514207\" \/>\n<meta property=\"article:modified_time\" content=\"2025-02-10T12:49:08+00:00\" \/>\n<meta property=\"og:image\" content=\"https:\/\/dpoassociates.eu\/wp-content\/uploads\/2025\/01\/Ontwerp-zonder-titel-37.png\" \/>\n\t<meta property=\"og:image:width\" content=\"1080\" \/>\n\t<meta property=\"og:image:height\" content=\"1080\" \/>\n\t<meta property=\"og:image:type\" content=\"image\/png\" \/>\n<meta name=\"twitter:card\" content=\"summary_large_image\" \/>\n<meta name=\"twitter:label1\" content=\"Dur\u00e9e de lecture estim\u00e9e\" \/>\n\t<meta name=\"twitter:data1\" content=\"2 minutes\" \/>\n<script type=\"application\/ld+json\" class=\"yoast-schema-graph\">{\"@context\":\"https:\/\/schema.org\",\"@graph\":[{\"@type\":\"WebPage\",\"@id\":\"https:\/\/dpoassociates.eu\/fr\/protection-complete-des-points-finaux-pour-une-securite-optimale\/\",\"url\":\"https:\/\/dpoassociates.eu\/fr\/protection-complete-des-points-finaux-pour-une-securite-optimale\/\",\"name\":\"Protection compl\u00e8te des points finaux pour une s\u00e9curit\u00e9 optimale - DPO Associates\",\"isPartOf\":{\"@id\":\"https:\/\/dpoassociates.eu\/fr\/#website\"},\"primaryImageOfPage\":{\"@id\":\"https:\/\/dpoassociates.eu\/fr\/protection-complete-des-points-finaux-pour-une-securite-optimale\/#primaryimage\"},\"image\":{\"@id\":\"https:\/\/dpoassociates.eu\/fr\/protection-complete-des-points-finaux-pour-une-securite-optimale\/#primaryimage\"},\"thumbnailUrl\":\"https:\/\/dpoassociates.eu\/wp-content\/uploads\/2025\/01\/Ontwerp-zonder-titel-37-1024x1024.png\",\"datePublished\":\"2025-01-29T14:54:06+00:00\",\"dateModified\":\"2025-02-10T12:49:08+00:00\",\"description\":\"D\u00e9couvrez la puissance de la d\u00e9tection des points finaux. Prot\u00e9gez tous vos appareils contre les attaques et minimisez l'impact sur les performances.\",\"breadcrumb\":{\"@id\":\"https:\/\/dpoassociates.eu\/fr\/protection-complete-des-points-finaux-pour-une-securite-optimale\/#breadcrumb\"},\"inLanguage\":\"fr-FR\",\"potentialAction\":[{\"@type\":\"ReadAction\",\"target\":[\"https:\/\/dpoassociates.eu\/fr\/protection-complete-des-points-finaux-pour-une-securite-optimale\/\"]}]},{\"@type\":\"ImageObject\",\"inLanguage\":\"fr-FR\",\"@id\":\"https:\/\/dpoassociates.eu\/fr\/protection-complete-des-points-finaux-pour-une-securite-optimale\/#primaryimage\",\"url\":\"https:\/\/dpoassociates.eu\/wp-content\/uploads\/2025\/01\/Ontwerp-zonder-titel-37-1024x1024.png\",\"contentUrl\":\"https:\/\/dpoassociates.eu\/wp-content\/uploads\/2025\/01\/Ontwerp-zonder-titel-37-1024x1024.png\"},{\"@type\":\"BreadcrumbList\",\"@id\":\"https:\/\/dpoassociates.eu\/fr\/protection-complete-des-points-finaux-pour-une-securite-optimale\/#breadcrumb\",\"itemListElement\":[{\"@type\":\"ListItem\",\"position\":1,\"name\":\"Home\",\"item\":\"https:\/\/dpoassociates.eu\/fr\/\"},{\"@type\":\"ListItem\",\"position\":2,\"name\":\"Protection compl\u00e8te des points finaux pour une s\u00e9curit\u00e9 optimale\"}]},{\"@type\":\"WebSite\",\"@id\":\"https:\/\/dpoassociates.eu\/fr\/#website\",\"url\":\"https:\/\/dpoassociates.eu\/fr\/\",\"name\":\"DPO Associates\",\"description\":\"Protect, Detect, Respond\",\"publisher\":{\"@id\":\"https:\/\/dpoassociates.eu\/fr\/#organization\"},\"potentialAction\":[{\"@type\":\"SearchAction\",\"target\":{\"@type\":\"EntryPoint\",\"urlTemplate\":\"https:\/\/dpoassociates.eu\/fr\/?s={search_term_string}\"},\"query-input\":{\"@type\":\"PropertyValueSpecification\",\"valueRequired\":true,\"valueName\":\"search_term_string\"}}],\"inLanguage\":\"fr-FR\"},{\"@type\":\"Organization\",\"@id\":\"https:\/\/dpoassociates.eu\/fr\/#organization\",\"name\":\"DPO Associates\",\"url\":\"https:\/\/dpoassociates.eu\/fr\/\",\"logo\":{\"@type\":\"ImageObject\",\"inLanguage\":\"fr-FR\",\"@id\":\"https:\/\/dpoassociates.eu\/fr\/#\/schema\/logo\/image\/\",\"url\":\"https:\/\/dpoassociates.eu\/wp-content\/uploads\/2022\/09\/thumbnail_Logo-DPO-Associates-negatief-zwart-negatief-002.png\",\"contentUrl\":\"https:\/\/dpoassociates.eu\/wp-content\/uploads\/2022\/09\/thumbnail_Logo-DPO-Associates-negatief-zwart-negatief-002.png\",\"width\":651,\"height\":651,\"caption\":\"DPO Associates\"},\"image\":{\"@id\":\"https:\/\/dpoassociates.eu\/fr\/#\/schema\/logo\/image\/\"},\"sameAs\":[\"https:\/\/www.facebook.com\/profile.php?id=100083400514207\",\"https:\/\/www.linkedin.com\/company\/dpo-associates-da\/\"]}]}<\/script>\n<!-- \/ Yoast SEO Premium plugin. -->","yoast_head_json":{"title":"Protection compl\u00e8te des points finaux pour une s\u00e9curit\u00e9 optimale - DPO Associates","description":"D\u00e9couvrez la puissance de la d\u00e9tection des points finaux. Prot\u00e9gez tous vos appareils contre les attaques et minimisez l'impact sur les performances.","robots":{"index":"index","follow":"follow","max-snippet":"max-snippet:-1","max-image-preview":"max-image-preview:large","max-video-preview":"max-video-preview:-1"},"canonical":"https:\/\/dpoassociates.eu\/fr\/protection-complete-des-points-finaux-pour-une-securite-optimale\/","og_locale":"fr_FR","og_type":"article","og_title":"Protection compl\u00e8te des points finaux pour une s\u00e9curit\u00e9 optimale","og_description":"D\u00e9couvrez la puissance de la d\u00e9tection des points finaux. Prot\u00e9gez tous vos appareils contre les attaques et minimisez l'impact sur les performances.","og_url":"https:\/\/dpoassociates.eu\/fr\/protection-complete-des-points-finaux-pour-une-securite-optimale\/","og_site_name":"DPO Associates","article_publisher":"https:\/\/www.facebook.com\/profile.php?id=100083400514207","article_modified_time":"2025-02-10T12:49:08+00:00","og_image":[{"width":1080,"height":1080,"url":"https:\/\/dpoassociates.eu\/wp-content\/uploads\/2025\/01\/Ontwerp-zonder-titel-37.png","type":"image\/png"}],"twitter_card":"summary_large_image","twitter_misc":{"Dur\u00e9e de lecture estim\u00e9e":"2 minutes"},"schema":{"@context":"https:\/\/schema.org","@graph":[{"@type":"WebPage","@id":"https:\/\/dpoassociates.eu\/fr\/protection-complete-des-points-finaux-pour-une-securite-optimale\/","url":"https:\/\/dpoassociates.eu\/fr\/protection-complete-des-points-finaux-pour-une-securite-optimale\/","name":"Protection compl\u00e8te des points finaux pour une s\u00e9curit\u00e9 optimale - DPO Associates","isPartOf":{"@id":"https:\/\/dpoassociates.eu\/fr\/#website"},"primaryImageOfPage":{"@id":"https:\/\/dpoassociates.eu\/fr\/protection-complete-des-points-finaux-pour-une-securite-optimale\/#primaryimage"},"image":{"@id":"https:\/\/dpoassociates.eu\/fr\/protection-complete-des-points-finaux-pour-une-securite-optimale\/#primaryimage"},"thumbnailUrl":"https:\/\/dpoassociates.eu\/wp-content\/uploads\/2025\/01\/Ontwerp-zonder-titel-37-1024x1024.png","datePublished":"2025-01-29T14:54:06+00:00","dateModified":"2025-02-10T12:49:08+00:00","description":"D\u00e9couvrez la puissance de la d\u00e9tection des points finaux. Prot\u00e9gez tous vos appareils contre les attaques et minimisez l'impact sur les performances.","breadcrumb":{"@id":"https:\/\/dpoassociates.eu\/fr\/protection-complete-des-points-finaux-pour-une-securite-optimale\/#breadcrumb"},"inLanguage":"fr-FR","potentialAction":[{"@type":"ReadAction","target":["https:\/\/dpoassociates.eu\/fr\/protection-complete-des-points-finaux-pour-une-securite-optimale\/"]}]},{"@type":"ImageObject","inLanguage":"fr-FR","@id":"https:\/\/dpoassociates.eu\/fr\/protection-complete-des-points-finaux-pour-une-securite-optimale\/#primaryimage","url":"https:\/\/dpoassociates.eu\/wp-content\/uploads\/2025\/01\/Ontwerp-zonder-titel-37-1024x1024.png","contentUrl":"https:\/\/dpoassociates.eu\/wp-content\/uploads\/2025\/01\/Ontwerp-zonder-titel-37-1024x1024.png"},{"@type":"BreadcrumbList","@id":"https:\/\/dpoassociates.eu\/fr\/protection-complete-des-points-finaux-pour-une-securite-optimale\/#breadcrumb","itemListElement":[{"@type":"ListItem","position":1,"name":"Home","item":"https:\/\/dpoassociates.eu\/fr\/"},{"@type":"ListItem","position":2,"name":"Protection compl\u00e8te des points finaux pour une s\u00e9curit\u00e9 optimale"}]},{"@type":"WebSite","@id":"https:\/\/dpoassociates.eu\/fr\/#website","url":"https:\/\/dpoassociates.eu\/fr\/","name":"DPO Associates","description":"Protect, Detect, Respond","publisher":{"@id":"https:\/\/dpoassociates.eu\/fr\/#organization"},"potentialAction":[{"@type":"SearchAction","target":{"@type":"EntryPoint","urlTemplate":"https:\/\/dpoassociates.eu\/fr\/?s={search_term_string}"},"query-input":{"@type":"PropertyValueSpecification","valueRequired":true,"valueName":"search_term_string"}}],"inLanguage":"fr-FR"},{"@type":"Organization","@id":"https:\/\/dpoassociates.eu\/fr\/#organization","name":"DPO Associates","url":"https:\/\/dpoassociates.eu\/fr\/","logo":{"@type":"ImageObject","inLanguage":"fr-FR","@id":"https:\/\/dpoassociates.eu\/fr\/#\/schema\/logo\/image\/","url":"https:\/\/dpoassociates.eu\/wp-content\/uploads\/2022\/09\/thumbnail_Logo-DPO-Associates-negatief-zwart-negatief-002.png","contentUrl":"https:\/\/dpoassociates.eu\/wp-content\/uploads\/2022\/09\/thumbnail_Logo-DPO-Associates-negatief-zwart-negatief-002.png","width":651,"height":651,"caption":"DPO Associates"},"image":{"@id":"https:\/\/dpoassociates.eu\/fr\/#\/schema\/logo\/image\/"},"sameAs":["https:\/\/www.facebook.com\/profile.php?id=100083400514207","https:\/\/www.linkedin.com\/company\/dpo-associates-da\/"]}]}},"_links":{"self":[{"href":"https:\/\/dpoassociates.eu\/fr\/wp-json\/wp\/v2\/pages\/18963","targetHints":{"allow":["GET"]}}],"collection":[{"href":"https:\/\/dpoassociates.eu\/fr\/wp-json\/wp\/v2\/pages"}],"about":[{"href":"https:\/\/dpoassociates.eu\/fr\/wp-json\/wp\/v2\/types\/page"}],"author":[{"embeddable":true,"href":"https:\/\/dpoassociates.eu\/fr\/wp-json\/wp\/v2\/users\/1"}],"replies":[{"embeddable":true,"href":"https:\/\/dpoassociates.eu\/fr\/wp-json\/wp\/v2\/comments?post=18963"}],"version-history":[{"count":0,"href":"https:\/\/dpoassociates.eu\/fr\/wp-json\/wp\/v2\/pages\/18963\/revisions"}],"wp:attachment":[{"href":"https:\/\/dpoassociates.eu\/fr\/wp-json\/wp\/v2\/media?parent=18963"}],"curies":[{"name":"wp","href":"https:\/\/api.w.org\/{rel}","templated":true}]}}