{"id":18855,"date":"2025-01-29T14:14:24","date_gmt":"2025-01-29T14:14:24","guid":{"rendered":"https:\/\/dpoassociates.eu\/des-tests-de-penetration-professionnels-pour-une-cybersecurite-maximale\/"},"modified":"2025-02-27T14:31:50","modified_gmt":"2025-02-27T13:31:50","slug":"des-tests-de-penetration-professionnels-pour-une-cybersecurite-maximale","status":"publish","type":"page","link":"https:\/\/dpoassociates.eu\/fr\/des-tests-de-penetration-professionnels-pour-une-cybersecurite-maximale\/","title":{"rendered":"Des tests de p\u00e9n\u00e9tration professionnels pour une cybers\u00e9curit\u00e9 maximale"},"content":{"rendered":"\t\t<div data-elementor-type=\"wp-page\" data-elementor-id=\"18855\" class=\"elementor elementor-18855 elementor-18784\" data-elementor-post-type=\"page\">\n\t\t\t\t\t\t<section class=\"elementor-section elementor-top-section elementor-element elementor-element-1b6f984 elementor-section-boxed elementor-section-height-default elementor-section-height-default\" data-id=\"1b6f984\" data-element_type=\"section\" data-e-type=\"section\" data-settings=\"{&quot;background_background&quot;:&quot;classic&quot;,&quot;background_motion_fx_motion_fx_mouse&quot;:&quot;yes&quot;,&quot;background_motion_fx_mouseTrack_effect&quot;:&quot;yes&quot;,&quot;background_motion_fx_mouseTrack_speed&quot;:{&quot;unit&quot;:&quot;px&quot;,&quot;size&quot;:0.5,&quot;sizes&quot;:[]}}\">\n\t\t\t\t\t\t<div class=\"elementor-container elementor-column-gap-no\">\n\t\t\t\t\t<div class=\"elementor-column elementor-col-100 elementor-top-column elementor-element elementor-element-3de37fa0\" data-id=\"3de37fa0\" data-element_type=\"column\" data-e-type=\"column\">\n\t\t\t<div class=\"elementor-widget-wrap elementor-element-populated\">\n\t\t\t\t\t\t<section class=\"elementor-section elementor-inner-section elementor-element elementor-element-56ca0367 elementor-section-boxed elementor-section-height-default elementor-section-height-default elementor-invisible\" data-id=\"56ca0367\" data-element_type=\"section\" data-e-type=\"section\" data-settings=\"{&quot;animation&quot;:&quot;fadeInUp&quot;}\">\n\t\t\t\t\t\t<div class=\"elementor-container elementor-column-gap-no\">\n\t\t\t\t\t<div class=\"elementor-column elementor-col-100 elementor-inner-column elementor-element elementor-element-2bd0852\" data-id=\"2bd0852\" data-element_type=\"column\" data-e-type=\"column\">\n\t\t\t<div class=\"elementor-widget-wrap elementor-element-populated\">\n\t\t\t\t\t\t<div class=\"elementor-element elementor-element-53e4ab02 elementor-widget elementor-widget-heading\" data-id=\"53e4ab02\" data-element_type=\"widget\" data-e-type=\"widget\" data-widget_type=\"heading.default\">\n\t\t\t\t<div class=\"elementor-widget-container\">\n\t\t\t\t\t<h1 class=\"elementor-heading-title elementor-size-default\">Qu'est-ce que le test de p\u00e9n\u00e9tration ?<\/h1>\t\t\t\t<\/div>\n\t\t\t\t<\/div>\n\t\t\t\t\t<\/div>\n\t\t<\/div>\n\t\t\t\t\t<\/div>\n\t\t<\/section>\n\t\t\t\t<div class=\"elementor-element elementor-element-16b5c242 elementor-widget elementor-widget-text-editor\" data-id=\"16b5c242\" data-element_type=\"widget\" data-e-type=\"widget\" data-widget_type=\"text-editor.default\">\n\t\t\t\t<div class=\"elementor-widget-container\">\n\t\t\t\t\t\t\t\t\t<p data-pm-slice=\"1 1 []\">Le test de p\u00e9n\u00e9tration, \u00e9galement connu sous le nom de pentesting, est une cyberattaque contr\u00f4l\u00e9e et simul\u00e9e visant \u00e0 identifier les vuln\u00e9rabilit\u00e9s des r\u00e9seaux, des applications et des syst\u00e8mes. Nos hackers \u00e9thiques imitent des menaces r\u00e9alistes et fournissent des informations sur les vuln\u00e9rabilit\u00e9s de s\u00e9curit\u00e9 afin que vous puissiez prendre des mesures avant que les vrais attaquants ne frappent. <\/p>\t\t\t\t\t\t\t\t<\/div>\n\t\t\t\t<\/div>\n\t\t\t\t<div class=\"elementor-element elementor-element-627ae3bf elementor-widget elementor-widget-heading\" data-id=\"627ae3bf\" data-element_type=\"widget\" data-e-type=\"widget\" data-widget_type=\"heading.default\">\n\t\t\t\t<div class=\"elementor-widget-container\">\n\t\t\t\t\t<h2 class=\"elementor-heading-title elementor-size-default\">Avantages du pentesting :<\/h2>\t\t\t\t<\/div>\n\t\t\t\t<\/div>\n\t\t\t\t<div class=\"elementor-element elementor-element-4f4d62e6 elementor-widget elementor-widget-text-editor\" data-id=\"4f4d62e6\" data-element_type=\"widget\" data-e-type=\"widget\" data-widget_type=\"text-editor.default\">\n\t\t\t\t<div class=\"elementor-widget-container\">\n\t\t\t\t\t\t\t\t\t<ul><li><strong>D\u00e9tecter les vuln\u00e9rabilit\u00e9s<\/strong> &#8211; Identifiez les faiblesses de vos syst\u00e8mes avant que les cybercriminels ne le fassent.<\/li><li><strong>Simulations d&rsquo;attaques r\u00e9alistes<\/strong> &#8211; Testez votre s\u00e9curit\u00e9 avec des sc\u00e9narios bas\u00e9s sur des menaces r\u00e9elles.<\/li><li><strong>Normes de conformit\u00e9 et de s\u00e9curit\u00e9<\/strong> &#8211; Respectez les exigences l\u00e9gales et sectorielles telles que ISO 27001, NIST et GDPR.<\/li><li><strong>Rapports d\u00e9taill\u00e9s<\/strong> &#8211; Obtenez des informations et des recommandations compl\u00e8tes pour am\u00e9liorer votre cybers\u00e9curit\u00e9.<\/li><li><strong>S\u00e9curit\u00e9 continue<\/strong> &#8211; Des tests p\u00e9riodiques garantissent que votre s\u00e9curit\u00e9 reste \u00e0 jour face aux menaces les plus r\u00e9centes.<\/li><\/ul>\t\t\t\t\t\t\t\t<\/div>\n\t\t\t\t<\/div>\n\t\t\t\t<div class=\"elementor-element elementor-element-653b65ff elementor-widget elementor-widget-heading\" data-id=\"653b65ff\" data-element_type=\"widget\" data-e-type=\"widget\" data-widget_type=\"heading.default\">\n\t\t\t\t<div class=\"elementor-widget-container\">\n\t\t\t\t\t<h2 class=\"elementor-heading-title elementor-size-default\">\u00c0 qui s'adressent les tests de p\u00e9n\u00e9tration ?\n<\/h2>\t\t\t\t<\/div>\n\t\t\t\t<\/div>\n\t\t\t\t<div class=\"elementor-element elementor-element-1bae6ff0 elementor-widget elementor-widget-text-editor\" data-id=\"1bae6ff0\" data-element_type=\"widget\" data-e-type=\"widget\" data-widget_type=\"text-editor.default\">\n\t\t\t\t<div class=\"elementor-widget-container\">\n\t\t\t\t\t\t\t\t\t<p data-pm-slice=\"1 1 []\">Nos tests de p\u00e9n\u00e9tration sont id\u00e9aux pour les entreprises et les organisations qui :<\/p><ul><li>Vous souhaitez prot\u00e9ger les donn\u00e9es critiques de vos clients et de votre entreprise.<\/li><li>Vous souhaitez renforcer votre s\u00e9curit\u00e9 informatique gr\u00e2ce \u00e0 des tests avanc\u00e9s.<\/li><li>N\u00e9cessit\u00e9 de se conformer aux r\u00e9glementations et aux exigences de conformit\u00e9.<\/li><li>Vous souhaitez minimiser les cyberrisques et adopter une strat\u00e9gie de s\u00e9curit\u00e9 proactive.<\/li><\/ul><p> <\/p>\t\t\t\t\t\t\t\t<\/div>\n\t\t\t\t<\/div>\n\t\t\t\t<div class=\"elementor-element elementor-element-83a3605 elementor-widget__width-initial elementor-widget elementor-widget-image\" data-id=\"83a3605\" data-element_type=\"widget\" data-e-type=\"widget\" data-widget_type=\"image.default\">\n\t\t\t\t<div class=\"elementor-widget-container\">\n\t\t\t\t\t\t\t\t\t\t\t\t\t\t\t<img fetchpriority=\"high\" decoding=\"async\" width=\"1000\" height=\"1000\" src=\"https:\/\/dpoassociates.eu\/wp-content\/uploads\/2025\/01\/Ontwerp-zonder-titel-35-1024x1024.png\" class=\"attachment-large size-large wp-image-18848\" alt=\"\" srcset=\"https:\/\/dpoassociates.eu\/wp-content\/uploads\/2025\/01\/Ontwerp-zonder-titel-35-1024x1024.png 1024w, https:\/\/dpoassociates.eu\/wp-content\/uploads\/2025\/01\/Ontwerp-zonder-titel-35-300x300.png 300w, https:\/\/dpoassociates.eu\/wp-content\/uploads\/2025\/01\/Ontwerp-zonder-titel-35-150x150.png 150w, https:\/\/dpoassociates.eu\/wp-content\/uploads\/2025\/01\/Ontwerp-zonder-titel-35-768x768.png 768w, https:\/\/dpoassociates.eu\/wp-content\/uploads\/2025\/01\/Ontwerp-zonder-titel-35-650x650.png 650w, https:\/\/dpoassociates.eu\/wp-content\/uploads\/2025\/01\/Ontwerp-zonder-titel-35-400x400.png 400w, https:\/\/dpoassociates.eu\/wp-content\/uploads\/2025\/01\/Ontwerp-zonder-titel-35-600x600.png 600w, https:\/\/dpoassociates.eu\/wp-content\/uploads\/2025\/01\/Ontwerp-zonder-titel-35.png 1080w\" sizes=\"(max-width: 1000px) 100vw, 1000px\" \/>\t\t\t\t\t\t\t\t\t\t\t\t\t\t\t<\/div>\n\t\t\t\t<\/div>\n\t\t\t\t<div class=\"elementor-element elementor-element-2d524793 elementor-widget elementor-widget-heading\" data-id=\"2d524793\" data-element_type=\"widget\" data-e-type=\"widget\" data-widget_type=\"heading.default\">\n\t\t\t\t<div class=\"elementor-widget-container\">\n\t\t\t\t\t<h2 class=\"elementor-heading-title elementor-size-default\">Pourquoi choisir nos tests de p\u00e9n\u00e9tration ?\n\n<\/h2>\t\t\t\t<\/div>\n\t\t\t\t<\/div>\n\t\t\t\t<div class=\"elementor-element elementor-element-aabc33e elementor-widget elementor-widget-text-editor\" data-id=\"aabc33e\" data-element_type=\"widget\" data-e-type=\"widget\" data-widget_type=\"text-editor.default\">\n\t\t\t\t<div class=\"elementor-widget-container\">\n\t\t\t\t\t\t\t\t\t<p>Notre service se distingue par :<\/p><ul><li>Des <strong>pirates informatiques exp\u00e9riment\u00e9s<\/strong> &#8211; Notre \u00e9quipe est compos\u00e9e de professionnels certifi\u00e9s poss\u00e9dant des connaissances approfondies.<\/li><li><strong>Solutions personnalis\u00e9es<\/strong> &#8211; Chaque test est adapt\u00e9 aux besoins sp\u00e9cifiques de votre organisation.<\/li><li><strong>Analyses rapides et efficaces<\/strong> &#8211; Obtenez des rapports d\u00e9taill\u00e9s et des recommandations concr\u00e8tes.<\/li><li><strong>Discr\u00e9tion et confidentialit\u00e9 totales<\/strong> &#8211; Vos donn\u00e9es et les r\u00e9sultats de vos tests seront trait\u00e9s avec le plus grand soin.<\/li><\/ul>\t\t\t\t\t\t\t\t<\/div>\n\t\t\t\t<\/div>\n\t\t\t\t\t<\/div>\n\t\t<\/div>\n\t\t\t\t\t<\/div>\n\t\t<\/section>\n\t\t\t\t<section class=\"elementor-section elementor-top-section elementor-element elementor-element-13208330 elementor-section-boxed elementor-section-height-default elementor-section-height-default\" data-id=\"13208330\" data-element_type=\"section\" data-e-type=\"section\">\n\t\t\t\t\t\t<div class=\"elementor-container elementor-column-gap-default\">\n\t\t\t\t\t<div class=\"elementor-column elementor-col-100 elementor-top-column elementor-element elementor-element-4e3ae3db\" data-id=\"4e3ae3db\" data-element_type=\"column\" data-e-type=\"column\">\n\t\t\t<div class=\"elementor-widget-wrap elementor-element-populated\">\n\t\t\t\t\t\t<div class=\"elementor-element elementor-element-3c555fa6 elementor-widget elementor-widget-heading\" data-id=\"3c555fa6\" data-element_type=\"widget\" data-e-type=\"widget\" data-widget_type=\"heading.default\">\n\t\t\t\t<div class=\"elementor-widget-container\">\n\t\t\t\t\t<h2 class=\"elementor-heading-title elementor-size-default\">Prenez contact avec nous !\n\n<\/h2>\t\t\t\t<\/div>\n\t\t\t\t<\/div>\n\t\t\t\t<div class=\"elementor-element elementor-element-55883e48 elementor-button-align-stretch elementor-widget elementor-widget-form\" data-id=\"55883e48\" data-element_type=\"widget\" data-e-type=\"widget\" data-settings=\"{&quot;step_next_label&quot;:&quot;Suivant&quot;,&quot;step_previous_label&quot;:&quot;Pr\\u00e9c\\u00e9dent&quot;,&quot;button_width&quot;:&quot;100&quot;,&quot;step_type&quot;:&quot;number_text&quot;,&quot;step_icon_shape&quot;:&quot;circle&quot;}\" data-widget_type=\"form.default\">\n\t\t\t\t<div class=\"elementor-widget-container\">\n\t\t\t\t\t\t\t<form class=\"elementor-form\" method=\"post\" name=\"Nouveau formulaire\" aria-label=\"Nouveau formulaire\">\n\t\t\t<input type=\"hidden\" name=\"post_id\" value=\"18855\"\/>\n\t\t\t<input type=\"hidden\" name=\"form_id\" value=\"55883e48\"\/>\n\t\t\t<input type=\"hidden\" name=\"referer_title\" value=\"Des tests de p\u00e9n\u00e9tration professionnels pour une cybers\u00e9curit\u00e9 maximale - DPO Associates\" \/>\n\n\t\t\t\t\t\t\t<input type=\"hidden\" name=\"queried_id\" value=\"18855\"\/>\n\t\t\t\n\t\t\t<div class=\"elementor-form-fields-wrapper elementor-labels-above\">\n\t\t\t\t\t\t\t\t<div class=\"elementor-field-type-text elementor-field-group elementor-column elementor-field-group-name elementor-col-100\">\n\t\t\t\t\t\t\t\t\t\t\t\t<label for=\"form-field-name\" class=\"elementor-field-label\">\n\t\t\t\t\t\t\t\tNom\t\t\t\t\t\t\t<\/label>\n\t\t\t\t\t\t\t\t\t\t\t\t\t\t<input size=\"1\" type=\"text\" name=\"form_fields[name]\" id=\"form-field-name\" class=\"elementor-field elementor-size-sm  elementor-field-textual\" placeholder=\"Nom\">\n\t\t\t\t\t\t\t\t\t\t\t<\/div>\n\t\t\t\t\t\t\t\t<div class=\"elementor-field-type-email elementor-field-group elementor-column elementor-field-group-email elementor-col-100 elementor-field-required\">\n\t\t\t\t\t\t\t\t\t\t\t\t<label for=\"form-field-email\" class=\"elementor-field-label\">\n\t\t\t\t\t\t\t\tCourriel :\t\t\t\t\t\t\t<\/label>\n\t\t\t\t\t\t\t\t\t\t\t\t\t\t<input size=\"1\" type=\"email\" name=\"form_fields[email]\" id=\"form-field-email\" class=\"elementor-field elementor-size-sm  elementor-field-textual\" placeholder=\"Courriel :\" required=\"required\">\n\t\t\t\t\t\t\t\t\t\t\t<\/div>\n\t\t\t\t\t\t\t\t<div class=\"elementor-field-type-textarea elementor-field-group elementor-column elementor-field-group-message elementor-col-100\">\n\t\t\t\t\t\t\t\t\t\t\t\t<label for=\"form-field-message\" class=\"elementor-field-label\">\n\t\t\t\t\t\t\t\tMessage\t\t\t\t\t\t\t<\/label>\n\t\t\t\t\t\t<textarea class=\"elementor-field-textual elementor-field  elementor-size-sm\" name=\"form_fields[message]\" id=\"form-field-message\" rows=\"4\" placeholder=\"Message\"><\/textarea>\t\t\t\t<\/div>\n\t\t\t\t\t\t\t\t<div class=\"elementor-field-type-acceptance elementor-field-group elementor-column elementor-field-group-field_3c83b1a elementor-col-100 elementor-field-required\">\n\t\t\t\t\t\t\t<div class=\"elementor-field-subgroup\">\n\t\t\t<span class=\"elementor-field-option\">\n\t\t\t\t<input type=\"checkbox\" name=\"form_fields[field_3c83b1a]\" id=\"form-field-field_3c83b1a\" class=\"elementor-field elementor-size-sm  elementor-acceptance-field\" required=\"required\">\n\t\t\t\t<label for=\"form-field-field_3c83b1a\">J'autorise DPOAssociates.eu \u00e0 traiter mes donn\u00e9es. *<\/label>\t\t\t<\/span>\n\t\t<\/div>\n\t\t\t\t\t\t<\/div>\n\t\t\t\t\t\t\t\t<div class=\"elementor-field-group elementor-column elementor-field-type-submit elementor-col-100 e-form__buttons\">\n\t\t\t\t\t<button class=\"elementor-button elementor-size-sm\" type=\"submit\">\n\t\t\t\t\t\t<span class=\"elementor-button-content-wrapper\">\n\t\t\t\t\t\t\t\t\t\t\t\t\t\t\t\t\t\t\t\t\t\t<span class=\"elementor-button-text\">Envoyer<\/span>\n\t\t\t\t\t\t\t\t\t\t\t\t\t<\/span>\n\t\t\t\t\t<\/button>\n\t\t\t\t<\/div>\n\t\t\t<\/div>\n\t\t<input\n                    class=\"apbct_special_field apbct_email_id__elementor_form\"\n                    name=\"apbct__email_id__elementor_form\"\n                    aria-label=\"apbct__label_id__elementor_form\"\n                    type=\"text\" size=\"30\" maxlength=\"200\" autocomplete=\"off\"\n                    value=\"\"\n                \/><\/form>\n\t\t\t\t\t\t<\/div>\n\t\t\t\t<\/div>\n\t\t\t\t\t<\/div>\n\t\t<\/div>\n\t\t\t\t\t<\/div>\n\t\t<\/section>\n\t\t\t\t<\/div>\n\t\t","protected":false},"excerpt":{"rendered":"<p>Qu&rsquo;est-ce que le test de p\u00e9n\u00e9tration ? Le test de p\u00e9n\u00e9tration, \u00e9galement connu sous le nom de pentesting, est une cyberattaque contr\u00f4l\u00e9e [&hellip;]<\/p>\n","protected":false},"author":1,"featured_media":0,"parent":0,"menu_order":0,"comment_status":"closed","ping_status":"closed","template":"elementor_header_footer","meta":{"_eb_attr":"","footnotes":""},"class_list":["post-18855","page","type-page","status-publish","hentry"],"yoast_head":"<!-- This site is optimized with the Yoast SEO Premium plugin v25.8 (Yoast SEO v27.2) - https:\/\/yoast.com\/product\/yoast-seo-premium-wordpress\/ -->\n<title>Des tests de p\u00e9n\u00e9tration professionnels pour une cybers\u00e9curit\u00e9 maximale - DPO Associates<\/title>\n<meta name=\"description\" content=\"Restez au courant des failles de s\u00e9curit\u00e9. Nos tests de p\u00e9n\u00e9tration identifient et r\u00e9v\u00e8lent les vuln\u00e9rabilit\u00e9s de vos syst\u00e8mes.\" \/>\n<meta name=\"robots\" content=\"index, follow, max-snippet:-1, max-image-preview:large, max-video-preview:-1\" \/>\n<link rel=\"canonical\" href=\"https:\/\/dpoassociates.eu\/fr\/des-tests-de-penetration-professionnels-pour-une-cybersecurite-maximale\/\" \/>\n<meta property=\"og:locale\" content=\"fr_FR\" \/>\n<meta property=\"og:type\" content=\"article\" \/>\n<meta property=\"og:title\" content=\"Des tests de p\u00e9n\u00e9tration professionnels pour une cybers\u00e9curit\u00e9 maximale\" \/>\n<meta property=\"og:description\" content=\"Restez au courant des failles de s\u00e9curit\u00e9. Nos tests de p\u00e9n\u00e9tration identifient et r\u00e9v\u00e8lent les vuln\u00e9rabilit\u00e9s de vos syst\u00e8mes.\" \/>\n<meta property=\"og:url\" content=\"https:\/\/dpoassociates.eu\/fr\/des-tests-de-penetration-professionnels-pour-une-cybersecurite-maximale\/\" \/>\n<meta property=\"og:site_name\" content=\"DPO Associates\" \/>\n<meta property=\"article:publisher\" content=\"https:\/\/www.facebook.com\/profile.php?id=100083400514207\" \/>\n<meta property=\"article:modified_time\" content=\"2025-02-27T13:31:50+00:00\" \/>\n<meta property=\"og:image\" content=\"https:\/\/dpoassociates.eu\/wp-content\/uploads\/2025\/01\/Ontwerp-zonder-titel-35.png\" \/>\n\t<meta property=\"og:image:width\" content=\"1080\" \/>\n\t<meta property=\"og:image:height\" content=\"1080\" \/>\n\t<meta property=\"og:image:type\" content=\"image\/png\" \/>\n<meta name=\"twitter:card\" content=\"summary_large_image\" \/>\n<meta name=\"twitter:label1\" content=\"Dur\u00e9e de lecture estim\u00e9e\" \/>\n\t<meta name=\"twitter:data1\" content=\"2 minutes\" \/>\n<script type=\"application\/ld+json\" class=\"yoast-schema-graph\">{\"@context\":\"https:\/\/schema.org\",\"@graph\":[{\"@type\":\"WebPage\",\"@id\":\"https:\/\/dpoassociates.eu\/fr\/des-tests-de-penetration-professionnels-pour-une-cybersecurite-maximale\/\",\"url\":\"https:\/\/dpoassociates.eu\/fr\/des-tests-de-penetration-professionnels-pour-une-cybersecurite-maximale\/\",\"name\":\"Des tests de p\u00e9n\u00e9tration professionnels pour une cybers\u00e9curit\u00e9 maximale - DPO Associates\",\"isPartOf\":{\"@id\":\"https:\/\/dpoassociates.eu\/fr\/#website\"},\"primaryImageOfPage\":{\"@id\":\"https:\/\/dpoassociates.eu\/fr\/des-tests-de-penetration-professionnels-pour-une-cybersecurite-maximale\/#primaryimage\"},\"image\":{\"@id\":\"https:\/\/dpoassociates.eu\/fr\/des-tests-de-penetration-professionnels-pour-une-cybersecurite-maximale\/#primaryimage\"},\"thumbnailUrl\":\"https:\/\/dpoassociates.eu\/wp-content\/uploads\/2025\/01\/Ontwerp-zonder-titel-35-1024x1024.png\",\"datePublished\":\"2025-01-29T14:14:24+00:00\",\"dateModified\":\"2025-02-27T13:31:50+00:00\",\"description\":\"Restez au courant des failles de s\u00e9curit\u00e9. Nos tests de p\u00e9n\u00e9tration identifient et r\u00e9v\u00e8lent les vuln\u00e9rabilit\u00e9s de vos syst\u00e8mes.\",\"breadcrumb\":{\"@id\":\"https:\/\/dpoassociates.eu\/fr\/des-tests-de-penetration-professionnels-pour-une-cybersecurite-maximale\/#breadcrumb\"},\"inLanguage\":\"fr-FR\",\"potentialAction\":[{\"@type\":\"ReadAction\",\"target\":[\"https:\/\/dpoassociates.eu\/fr\/des-tests-de-penetration-professionnels-pour-une-cybersecurite-maximale\/\"]}]},{\"@type\":\"ImageObject\",\"inLanguage\":\"fr-FR\",\"@id\":\"https:\/\/dpoassociates.eu\/fr\/des-tests-de-penetration-professionnels-pour-une-cybersecurite-maximale\/#primaryimage\",\"url\":\"https:\/\/dpoassociates.eu\/wp-content\/uploads\/2025\/01\/Ontwerp-zonder-titel-35-1024x1024.png\",\"contentUrl\":\"https:\/\/dpoassociates.eu\/wp-content\/uploads\/2025\/01\/Ontwerp-zonder-titel-35-1024x1024.png\"},{\"@type\":\"BreadcrumbList\",\"@id\":\"https:\/\/dpoassociates.eu\/fr\/des-tests-de-penetration-professionnels-pour-une-cybersecurite-maximale\/#breadcrumb\",\"itemListElement\":[{\"@type\":\"ListItem\",\"position\":1,\"name\":\"Home\",\"item\":\"https:\/\/dpoassociates.eu\/fr\/\"},{\"@type\":\"ListItem\",\"position\":2,\"name\":\"Des tests de p\u00e9n\u00e9tration professionnels pour une cybers\u00e9curit\u00e9 maximale\"}]},{\"@type\":\"WebSite\",\"@id\":\"https:\/\/dpoassociates.eu\/fr\/#website\",\"url\":\"https:\/\/dpoassociates.eu\/fr\/\",\"name\":\"DPO Associates\",\"description\":\"Protect, Detect, Respond\",\"publisher\":{\"@id\":\"https:\/\/dpoassociates.eu\/fr\/#organization\"},\"potentialAction\":[{\"@type\":\"SearchAction\",\"target\":{\"@type\":\"EntryPoint\",\"urlTemplate\":\"https:\/\/dpoassociates.eu\/fr\/?s={search_term_string}\"},\"query-input\":{\"@type\":\"PropertyValueSpecification\",\"valueRequired\":true,\"valueName\":\"search_term_string\"}}],\"inLanguage\":\"fr-FR\"},{\"@type\":\"Organization\",\"@id\":\"https:\/\/dpoassociates.eu\/fr\/#organization\",\"name\":\"DPO Associates\",\"url\":\"https:\/\/dpoassociates.eu\/fr\/\",\"logo\":{\"@type\":\"ImageObject\",\"inLanguage\":\"fr-FR\",\"@id\":\"https:\/\/dpoassociates.eu\/fr\/#\/schema\/logo\/image\/\",\"url\":\"https:\/\/dpoassociates.eu\/wp-content\/uploads\/2022\/09\/thumbnail_Logo-DPO-Associates-negatief-zwart-negatief-002.png\",\"contentUrl\":\"https:\/\/dpoassociates.eu\/wp-content\/uploads\/2022\/09\/thumbnail_Logo-DPO-Associates-negatief-zwart-negatief-002.png\",\"width\":651,\"height\":651,\"caption\":\"DPO Associates\"},\"image\":{\"@id\":\"https:\/\/dpoassociates.eu\/fr\/#\/schema\/logo\/image\/\"},\"sameAs\":[\"https:\/\/www.facebook.com\/profile.php?id=100083400514207\",\"https:\/\/www.linkedin.com\/company\/dpo-associates-da\/\"]}]}<\/script>\n<!-- \/ Yoast SEO Premium plugin. -->","yoast_head_json":{"title":"Des tests de p\u00e9n\u00e9tration professionnels pour une cybers\u00e9curit\u00e9 maximale - DPO Associates","description":"Restez au courant des failles de s\u00e9curit\u00e9. Nos tests de p\u00e9n\u00e9tration identifient et r\u00e9v\u00e8lent les vuln\u00e9rabilit\u00e9s de vos syst\u00e8mes.","robots":{"index":"index","follow":"follow","max-snippet":"max-snippet:-1","max-image-preview":"max-image-preview:large","max-video-preview":"max-video-preview:-1"},"canonical":"https:\/\/dpoassociates.eu\/fr\/des-tests-de-penetration-professionnels-pour-une-cybersecurite-maximale\/","og_locale":"fr_FR","og_type":"article","og_title":"Des tests de p\u00e9n\u00e9tration professionnels pour une cybers\u00e9curit\u00e9 maximale","og_description":"Restez au courant des failles de s\u00e9curit\u00e9. Nos tests de p\u00e9n\u00e9tration identifient et r\u00e9v\u00e8lent les vuln\u00e9rabilit\u00e9s de vos syst\u00e8mes.","og_url":"https:\/\/dpoassociates.eu\/fr\/des-tests-de-penetration-professionnels-pour-une-cybersecurite-maximale\/","og_site_name":"DPO Associates","article_publisher":"https:\/\/www.facebook.com\/profile.php?id=100083400514207","article_modified_time":"2025-02-27T13:31:50+00:00","og_image":[{"width":1080,"height":1080,"url":"https:\/\/dpoassociates.eu\/wp-content\/uploads\/2025\/01\/Ontwerp-zonder-titel-35.png","type":"image\/png"}],"twitter_card":"summary_large_image","twitter_misc":{"Dur\u00e9e de lecture estim\u00e9e":"2 minutes"},"schema":{"@context":"https:\/\/schema.org","@graph":[{"@type":"WebPage","@id":"https:\/\/dpoassociates.eu\/fr\/des-tests-de-penetration-professionnels-pour-une-cybersecurite-maximale\/","url":"https:\/\/dpoassociates.eu\/fr\/des-tests-de-penetration-professionnels-pour-une-cybersecurite-maximale\/","name":"Des tests de p\u00e9n\u00e9tration professionnels pour une cybers\u00e9curit\u00e9 maximale - DPO Associates","isPartOf":{"@id":"https:\/\/dpoassociates.eu\/fr\/#website"},"primaryImageOfPage":{"@id":"https:\/\/dpoassociates.eu\/fr\/des-tests-de-penetration-professionnels-pour-une-cybersecurite-maximale\/#primaryimage"},"image":{"@id":"https:\/\/dpoassociates.eu\/fr\/des-tests-de-penetration-professionnels-pour-une-cybersecurite-maximale\/#primaryimage"},"thumbnailUrl":"https:\/\/dpoassociates.eu\/wp-content\/uploads\/2025\/01\/Ontwerp-zonder-titel-35-1024x1024.png","datePublished":"2025-01-29T14:14:24+00:00","dateModified":"2025-02-27T13:31:50+00:00","description":"Restez au courant des failles de s\u00e9curit\u00e9. Nos tests de p\u00e9n\u00e9tration identifient et r\u00e9v\u00e8lent les vuln\u00e9rabilit\u00e9s de vos syst\u00e8mes.","breadcrumb":{"@id":"https:\/\/dpoassociates.eu\/fr\/des-tests-de-penetration-professionnels-pour-une-cybersecurite-maximale\/#breadcrumb"},"inLanguage":"fr-FR","potentialAction":[{"@type":"ReadAction","target":["https:\/\/dpoassociates.eu\/fr\/des-tests-de-penetration-professionnels-pour-une-cybersecurite-maximale\/"]}]},{"@type":"ImageObject","inLanguage":"fr-FR","@id":"https:\/\/dpoassociates.eu\/fr\/des-tests-de-penetration-professionnels-pour-une-cybersecurite-maximale\/#primaryimage","url":"https:\/\/dpoassociates.eu\/wp-content\/uploads\/2025\/01\/Ontwerp-zonder-titel-35-1024x1024.png","contentUrl":"https:\/\/dpoassociates.eu\/wp-content\/uploads\/2025\/01\/Ontwerp-zonder-titel-35-1024x1024.png"},{"@type":"BreadcrumbList","@id":"https:\/\/dpoassociates.eu\/fr\/des-tests-de-penetration-professionnels-pour-une-cybersecurite-maximale\/#breadcrumb","itemListElement":[{"@type":"ListItem","position":1,"name":"Home","item":"https:\/\/dpoassociates.eu\/fr\/"},{"@type":"ListItem","position":2,"name":"Des tests de p\u00e9n\u00e9tration professionnels pour une cybers\u00e9curit\u00e9 maximale"}]},{"@type":"WebSite","@id":"https:\/\/dpoassociates.eu\/fr\/#website","url":"https:\/\/dpoassociates.eu\/fr\/","name":"DPO Associates","description":"Protect, Detect, Respond","publisher":{"@id":"https:\/\/dpoassociates.eu\/fr\/#organization"},"potentialAction":[{"@type":"SearchAction","target":{"@type":"EntryPoint","urlTemplate":"https:\/\/dpoassociates.eu\/fr\/?s={search_term_string}"},"query-input":{"@type":"PropertyValueSpecification","valueRequired":true,"valueName":"search_term_string"}}],"inLanguage":"fr-FR"},{"@type":"Organization","@id":"https:\/\/dpoassociates.eu\/fr\/#organization","name":"DPO Associates","url":"https:\/\/dpoassociates.eu\/fr\/","logo":{"@type":"ImageObject","inLanguage":"fr-FR","@id":"https:\/\/dpoassociates.eu\/fr\/#\/schema\/logo\/image\/","url":"https:\/\/dpoassociates.eu\/wp-content\/uploads\/2022\/09\/thumbnail_Logo-DPO-Associates-negatief-zwart-negatief-002.png","contentUrl":"https:\/\/dpoassociates.eu\/wp-content\/uploads\/2022\/09\/thumbnail_Logo-DPO-Associates-negatief-zwart-negatief-002.png","width":651,"height":651,"caption":"DPO Associates"},"image":{"@id":"https:\/\/dpoassociates.eu\/fr\/#\/schema\/logo\/image\/"},"sameAs":["https:\/\/www.facebook.com\/profile.php?id=100083400514207","https:\/\/www.linkedin.com\/company\/dpo-associates-da\/"]}]}},"_links":{"self":[{"href":"https:\/\/dpoassociates.eu\/fr\/wp-json\/wp\/v2\/pages\/18855","targetHints":{"allow":["GET"]}}],"collection":[{"href":"https:\/\/dpoassociates.eu\/fr\/wp-json\/wp\/v2\/pages"}],"about":[{"href":"https:\/\/dpoassociates.eu\/fr\/wp-json\/wp\/v2\/types\/page"}],"author":[{"embeddable":true,"href":"https:\/\/dpoassociates.eu\/fr\/wp-json\/wp\/v2\/users\/1"}],"replies":[{"embeddable":true,"href":"https:\/\/dpoassociates.eu\/fr\/wp-json\/wp\/v2\/comments?post=18855"}],"version-history":[{"count":2,"href":"https:\/\/dpoassociates.eu\/fr\/wp-json\/wp\/v2\/pages\/18855\/revisions"}],"predecessor-version":[{"id":19938,"href":"https:\/\/dpoassociates.eu\/fr\/wp-json\/wp\/v2\/pages\/18855\/revisions\/19938"}],"wp:attachment":[{"href":"https:\/\/dpoassociates.eu\/fr\/wp-json\/wp\/v2\/media?parent=18855"}],"curies":[{"name":"wp","href":"https:\/\/api.w.org\/{rel}","templated":true}]}}