{"id":18782,"date":"2025-01-29T14:01:23","date_gmt":"2025-01-29T14:01:23","guid":{"rendered":"https:\/\/dpoassociates.eu\/protegez-votre-monde-numerique-avec-defend360\/"},"modified":"2025-02-10T12:46:13","modified_gmt":"2025-02-10T12:46:13","slug":"protegez-votre-monde-numerique-avec-defend360","status":"publish","type":"page","link":"https:\/\/dpoassociates.eu\/fr\/protegez-votre-monde-numerique-avec-defend360\/","title":{"rendered":"Prot\u00e9gez votre monde num\u00e9rique avec Defend360"},"content":{"rendered":"\t\t<div data-elementor-type=\"wp-page\" data-elementor-id=\"18782\" class=\"elementor elementor-18782 elementor-18651\" data-elementor-post-type=\"page\">\n\t\t\t\t\t\t<section class=\"elementor-section elementor-top-section elementor-element elementor-element-7548c847 elementor-section-boxed elementor-section-height-default elementor-section-height-default\" data-id=\"7548c847\" data-element_type=\"section\" data-e-type=\"section\" data-settings=\"{&quot;background_background&quot;:&quot;classic&quot;,&quot;background_motion_fx_motion_fx_mouse&quot;:&quot;yes&quot;,&quot;background_motion_fx_mouseTrack_effect&quot;:&quot;yes&quot;,&quot;background_motion_fx_mouseTrack_speed&quot;:{&quot;unit&quot;:&quot;px&quot;,&quot;size&quot;:0.5,&quot;sizes&quot;:[]}}\">\n\t\t\t\t\t\t<div class=\"elementor-container elementor-column-gap-no\">\n\t\t\t\t\t<div class=\"elementor-column elementor-col-100 elementor-top-column elementor-element elementor-element-164162ce\" data-id=\"164162ce\" data-element_type=\"column\" data-e-type=\"column\">\n\t\t\t<div class=\"elementor-widget-wrap elementor-element-populated\">\n\t\t\t\t\t\t<section class=\"elementor-section elementor-inner-section elementor-element elementor-element-470b8f9d elementor-section-boxed elementor-section-height-default elementor-section-height-default elementor-invisible\" data-id=\"470b8f9d\" data-element_type=\"section\" data-e-type=\"section\" data-settings=\"{&quot;animation&quot;:&quot;fadeInUp&quot;}\">\n\t\t\t\t\t\t<div class=\"elementor-container elementor-column-gap-no\">\n\t\t\t\t\t<div class=\"elementor-column elementor-col-100 elementor-inner-column elementor-element elementor-element-4b11de56\" data-id=\"4b11de56\" data-element_type=\"column\" data-e-type=\"column\">\n\t\t\t<div class=\"elementor-widget-wrap elementor-element-populated\">\n\t\t\t\t\t\t<div class=\"elementor-element elementor-element-52e2664 elementor-widget elementor-widget-heading\" data-id=\"52e2664\" data-element_type=\"widget\" data-e-type=\"widget\" data-widget_type=\"heading.default\">\n\t\t\t\t<div class=\"elementor-widget-container\">\n\t\t\t\t\t<h1 class=\"elementor-heading-title elementor-size-default\">Qu'est-ce que Defend360 ?<\/h1>\t\t\t\t<\/div>\n\t\t\t\t<\/div>\n\t\t\t\t\t<\/div>\n\t\t<\/div>\n\t\t\t\t\t<\/div>\n\t\t<\/section>\n\t\t\t\t<div class=\"elementor-element elementor-element-3c74f10b elementor-widget elementor-widget-text-editor\" data-id=\"3c74f10b\" data-element_type=\"widget\" data-e-type=\"widget\" data-widget_type=\"text-editor.default\">\n\t\t\t\t<div class=\"elementor-widget-container\">\n\t\t\t\t\t\t\t\t\t<p data-pm-slice=\"1 1 []\">Defend360 est un service de cybers\u00e9curit\u00e9 avanc\u00e9 qui offre une protection 24\/7 contre les cyberattaques, les logiciels malveillants, le phishing et les violations de donn\u00e9es. Notre plateforme combine les derni\u00e8res technologies et une d\u00e9tection intelligente des menaces pour assurer la s\u00e9curit\u00e9 de vos syst\u00e8mes et de vos donn\u00e9es. <\/p>\t\t\t\t\t\t\t\t<\/div>\n\t\t\t\t<\/div>\n\t\t\t\t<div class=\"elementor-element elementor-element-d43e51c elementor-widget elementor-widget-heading\" data-id=\"d43e51c\" data-element_type=\"widget\" data-e-type=\"widget\" data-widget_type=\"heading.default\">\n\t\t\t\t<div class=\"elementor-widget-container\">\n\t\t\t\t\t<h2 class=\"elementor-heading-title elementor-size-default\">Avantages de Defend360 :<\/h2>\t\t\t\t<\/div>\n\t\t\t\t<\/div>\n\t\t\t\t<div class=\"elementor-element elementor-element-72042ce0 elementor-widget elementor-widget-text-editor\" data-id=\"72042ce0\" data-element_type=\"widget\" data-e-type=\"widget\" data-widget_type=\"text-editor.default\">\n\t\t\t\t<div class=\"elementor-widget-container\">\n\t\t\t\t\t\t\t\t\t<ul data-spread=\"false\" data-pm-slice=\"3 3 []\"><li><p><strong>Surveillance continue<\/strong> &#8211; Notre syst\u00e8me recherche en permanence les activit\u00e9s suspectes et bloque les menaces en temps r\u00e9el.<\/p><\/li><li><p><strong>S\u00e9curit\u00e9 pilot\u00e9e par l&rsquo;IA<\/strong> &#8211; Des algorithmes intelligents d\u00e9tectent et neutralisent les menaces avant qu&rsquo;elles ne fassent des d\u00e9g\u00e2ts.<\/p><\/li><li><p><strong>Protection contre les logiciels malveillants et le phishing<\/strong> &#8211; Des filtres avanc\u00e9s et des mesures pr\u00e9ventives permettent d&rsquo;\u00e9viter les logiciels malveillants et les courriels trompeurs.<\/p><\/li><li><p><strong>Mises \u00e0 jour automatiques<\/strong> &#8211; Notre logiciel reste \u00e0 jour avec les derniers correctifs de s\u00e9curit\u00e9 et les derni\u00e8res informations sur les menaces.<\/p><\/li><li><p><strong>Tableau de bord convivial<\/strong> &#8211; Contr\u00f4le et gestion ais\u00e9s de votre statut de s\u00e9curit\u00e9 gr\u00e2ce \u00e0 un tableau de bord en ligne intuitif.<\/p><\/li><\/ul>\t\t\t\t\t\t\t\t<\/div>\n\t\t\t\t<\/div>\n\t\t\t\t<div class=\"elementor-element elementor-element-e8f9684 elementor-widget elementor-widget-heading\" data-id=\"e8f9684\" data-element_type=\"widget\" data-e-type=\"widget\" data-widget_type=\"heading.default\">\n\t\t\t\t<div class=\"elementor-widget-container\">\n\t\t\t\t\t<h2 class=\"elementor-heading-title elementor-size-default\">A qui s'adresse Defend360 ?\n<\/h2>\t\t\t\t<\/div>\n\t\t\t\t<\/div>\n\t\t\t\t<div class=\"elementor-element elementor-element-337f69b1 elementor-widget elementor-widget-text-editor\" data-id=\"337f69b1\" data-element_type=\"widget\" data-e-type=\"widget\" data-widget_type=\"text-editor.default\">\n\t\t\t\t<div class=\"elementor-widget-container\">\n\t\t\t\t\t\t\t\t\t<p data-pm-slice=\"1 1 []\">Defend360 est id\u00e9al pour les entreprises de toutes tailles, les entrepreneurs ind\u00e9pendants et tous ceux qui accordent de l&rsquo;importance \u00e0 un environnement num\u00e9rique s\u00e9curis\u00e9. Que vous g\u00e9riez une boutique en ligne, une entreprise informatique ou que vous souhaitiez simplement prot\u00e9ger vos donn\u00e9es personnelles, Defend360 est la solution qu&rsquo;il vous faut. <\/p>\t\t\t\t\t\t\t\t<\/div>\n\t\t\t\t<\/div>\n\t\t\t\t<div class=\"elementor-element elementor-element-ece68da elementor-widget__width-initial elementor-widget elementor-widget-image\" data-id=\"ece68da\" data-element_type=\"widget\" data-e-type=\"widget\" data-widget_type=\"image.default\">\n\t\t\t\t<div class=\"elementor-widget-container\">\n\t\t\t\t\t\t\t\t\t\t\t\t\t\t\t<img fetchpriority=\"high\" decoding=\"async\" width=\"1000\" height=\"1000\" src=\"https:\/\/dpoassociates.eu\/wp-content\/uploads\/2025\/01\/Ontwerp-zonder-titel-34-1024x1024.png\" class=\"attachment-large size-large wp-image-18772\" alt=\"\" srcset=\"https:\/\/dpoassociates.eu\/wp-content\/uploads\/2025\/01\/Ontwerp-zonder-titel-34-1024x1024.png 1024w, https:\/\/dpoassociates.eu\/wp-content\/uploads\/2025\/01\/Ontwerp-zonder-titel-34-300x300.png 300w, https:\/\/dpoassociates.eu\/wp-content\/uploads\/2025\/01\/Ontwerp-zonder-titel-34-150x150.png 150w, https:\/\/dpoassociates.eu\/wp-content\/uploads\/2025\/01\/Ontwerp-zonder-titel-34-768x768.png 768w, https:\/\/dpoassociates.eu\/wp-content\/uploads\/2025\/01\/Ontwerp-zonder-titel-34-650x650.png 650w, https:\/\/dpoassociates.eu\/wp-content\/uploads\/2025\/01\/Ontwerp-zonder-titel-34-400x400.png 400w, https:\/\/dpoassociates.eu\/wp-content\/uploads\/2025\/01\/Ontwerp-zonder-titel-34-600x600.png 600w, https:\/\/dpoassociates.eu\/wp-content\/uploads\/2025\/01\/Ontwerp-zonder-titel-34.png 1080w\" sizes=\"(max-width: 1000px) 100vw, 1000px\" \/>\t\t\t\t\t\t\t\t\t\t\t\t\t\t\t<\/div>\n\t\t\t\t<\/div>\n\t\t\t\t<div class=\"elementor-element elementor-element-e18afa6 elementor-widget elementor-widget-heading\" data-id=\"e18afa6\" data-element_type=\"widget\" data-e-type=\"widget\" data-widget_type=\"heading.default\">\n\t\t\t\t<div class=\"elementor-widget-container\">\n\t\t\t\t\t<h2 class=\"elementor-heading-title elementor-size-default\">Pourquoi choisir Defend360 ?\n\n<\/h2>\t\t\t\t<\/div>\n\t\t\t\t<\/div>\n\t\t\t\t<div class=\"elementor-element elementor-element-5383032c elementor-widget elementor-widget-text-editor\" data-id=\"5383032c\" data-element_type=\"widget\" data-e-type=\"widget\" data-widget_type=\"text-editor.default\">\n\t\t\t\t<div class=\"elementor-widget-container\">\n\t\t\t\t\t\t\t\t\t<ul data-spread=\"false\" data-pm-slice=\"3 3 []\"><li><p><strong>Technologie fiable<\/strong> &#8211; Bas\u00e9e sur les derniers d\u00e9veloppements en mati\u00e8re de cybers\u00e9curit\u00e9.<\/p><\/li><li><p><strong>D\u00e9tection et r\u00e9action rapides<\/strong> &#8211; Minimisez les risques gr\u00e2ce \u00e0 la neutralisation instantan\u00e9e des menaces.<\/p><\/li><li><p><strong>Service personnalis\u00e9<\/strong> &#8211; Nos experts sont pr\u00eats \u00e0 r\u00e9pondre \u00e0 vos questions et \u00e0 vous aider.<\/p><\/li><\/ul>\t\t\t\t\t\t\t\t<\/div>\n\t\t\t\t<\/div>\n\t\t\t\t\t<\/div>\n\t\t<\/div>\n\t\t\t\t\t<\/div>\n\t\t<\/section>\n\t\t\t\t<section class=\"elementor-section elementor-top-section elementor-element elementor-element-4afbd08 elementor-section-boxed elementor-section-height-default elementor-section-height-default\" data-id=\"4afbd08\" data-element_type=\"section\" data-e-type=\"section\">\n\t\t\t\t\t\t<div class=\"elementor-container elementor-column-gap-default\">\n\t\t\t\t\t<div class=\"elementor-column elementor-col-100 elementor-top-column elementor-element elementor-element-bde3dba\" data-id=\"bde3dba\" data-element_type=\"column\" data-e-type=\"column\">\n\t\t\t<div class=\"elementor-widget-wrap elementor-element-populated\">\n\t\t\t\t\t\t<div class=\"elementor-element elementor-element-9c4218a elementor-widget elementor-widget-heading\" data-id=\"9c4218a\" data-element_type=\"widget\" data-e-type=\"widget\" data-widget_type=\"heading.default\">\n\t\t\t\t<div class=\"elementor-widget-container\">\n\t\t\t\t\t<h2 class=\"elementor-heading-title elementor-size-default\">Prenez contact avec nous !\n\n<\/h2>\t\t\t\t<\/div>\n\t\t\t\t<\/div>\n\t\t\t\t<div class=\"elementor-element elementor-element-1b67f91 elementor-button-align-stretch elementor-widget elementor-widget-form\" data-id=\"1b67f91\" data-element_type=\"widget\" data-e-type=\"widget\" data-settings=\"{&quot;step_next_label&quot;:&quot;Suivant&quot;,&quot;step_previous_label&quot;:&quot;Pr\\u00e9c\\u00e9dent&quot;,&quot;button_width&quot;:&quot;100&quot;,&quot;step_type&quot;:&quot;number_text&quot;,&quot;step_icon_shape&quot;:&quot;circle&quot;}\" data-widget_type=\"form.default\">\n\t\t\t\t<div class=\"elementor-widget-container\">\n\t\t\t\t\t\t\t<form class=\"elementor-form\" method=\"post\" name=\"Nouveau formulaire\" aria-label=\"Nouveau formulaire\">\n\t\t\t<input type=\"hidden\" name=\"post_id\" value=\"18782\"\/>\n\t\t\t<input type=\"hidden\" name=\"form_id\" value=\"1b67f91\"\/>\n\t\t\t<input type=\"hidden\" name=\"referer_title\" value=\"- Defend360 : Cybers\u00e9curit\u00e9 24\/7 contre les menaces DPO Associates\" \/>\n\n\t\t\t\t\t\t\t<input type=\"hidden\" name=\"queried_id\" value=\"18782\"\/>\n\t\t\t\n\t\t\t<div class=\"elementor-form-fields-wrapper elementor-labels-above\">\n\t\t\t\t\t\t\t\t<div class=\"elementor-field-type-text elementor-field-group elementor-column elementor-field-group-name elementor-col-100\">\n\t\t\t\t\t\t\t\t\t\t\t\t<label for=\"form-field-name\" class=\"elementor-field-label\">\n\t\t\t\t\t\t\t\tNom\t\t\t\t\t\t\t<\/label>\n\t\t\t\t\t\t\t\t\t\t\t\t\t\t<input size=\"1\" type=\"text\" name=\"form_fields[name]\" id=\"form-field-name\" class=\"elementor-field elementor-size-sm  elementor-field-textual\" placeholder=\"Nom\">\n\t\t\t\t\t\t\t\t\t\t\t<\/div>\n\t\t\t\t\t\t\t\t<div class=\"elementor-field-type-email elementor-field-group elementor-column elementor-field-group-email elementor-col-100 elementor-field-required\">\n\t\t\t\t\t\t\t\t\t\t\t\t<label for=\"form-field-email\" class=\"elementor-field-label\">\n\t\t\t\t\t\t\t\tCourriel :\t\t\t\t\t\t\t<\/label>\n\t\t\t\t\t\t\t\t\t\t\t\t\t\t<input size=\"1\" type=\"email\" name=\"form_fields[email]\" id=\"form-field-email\" class=\"elementor-field elementor-size-sm  elementor-field-textual\" placeholder=\"Courriel :\" required=\"required\">\n\t\t\t\t\t\t\t\t\t\t\t<\/div>\n\t\t\t\t\t\t\t\t<div class=\"elementor-field-type-textarea elementor-field-group elementor-column elementor-field-group-message elementor-col-100\">\n\t\t\t\t\t\t\t\t\t\t\t\t<label for=\"form-field-message\" class=\"elementor-field-label\">\n\t\t\t\t\t\t\t\tMessage\t\t\t\t\t\t\t<\/label>\n\t\t\t\t\t\t<textarea class=\"elementor-field-textual elementor-field  elementor-size-sm\" name=\"form_fields[message]\" id=\"form-field-message\" rows=\"4\" placeholder=\"Message\"><\/textarea>\t\t\t\t<\/div>\n\t\t\t\t\t\t\t\t<div class=\"elementor-field-type-acceptance elementor-field-group elementor-column elementor-field-group-field_3c83b1a elementor-col-100 elementor-field-required\">\n\t\t\t\t\t\t\t<div class=\"elementor-field-subgroup\">\n\t\t\t<span class=\"elementor-field-option\">\n\t\t\t\t<input type=\"checkbox\" name=\"form_fields[field_3c83b1a]\" id=\"form-field-field_3c83b1a\" class=\"elementor-field elementor-size-sm  elementor-acceptance-field\" required=\"required\">\n\t\t\t\t<label for=\"form-field-field_3c83b1a\">J'autorise DPOAssociates.eu \u00e0 traiter mes donn\u00e9es. *<\/label>\t\t\t<\/span>\n\t\t<\/div>\n\t\t\t\t\t\t<\/div>\n\t\t\t\t\t\t\t\t<div class=\"elementor-field-group elementor-column elementor-field-type-submit elementor-col-100 e-form__buttons\">\n\t\t\t\t\t<button class=\"elementor-button elementor-size-sm\" type=\"submit\">\n\t\t\t\t\t\t<span class=\"elementor-button-content-wrapper\">\n\t\t\t\t\t\t\t\t\t\t\t\t\t\t\t\t\t\t\t\t\t\t<span class=\"elementor-button-text\">Envoyer<\/span>\n\t\t\t\t\t\t\t\t\t\t\t\t\t<\/span>\n\t\t\t\t\t<\/button>\n\t\t\t\t<\/div>\n\t\t\t<\/div>\n\t\t<input\n                    class=\"apbct_special_field apbct_email_id__elementor_form\"\n                    name=\"apbct__email_id__elementor_form\"\n                    aria-label=\"apbct__label_id__elementor_form\"\n                    type=\"text\" size=\"30\" maxlength=\"200\" autocomplete=\"off\"\n                    value=\"\"\n                \/><\/form>\n\t\t\t\t\t\t<\/div>\n\t\t\t\t<\/div>\n\t\t\t\t\t<\/div>\n\t\t<\/div>\n\t\t\t\t\t<\/div>\n\t\t<\/section>\n\t\t\t\t<\/div>\n\t\t","protected":false},"excerpt":{"rendered":"<p>Qu&rsquo;est-ce que Defend360 ? Defend360 est un service de cybers\u00e9curit\u00e9 avanc\u00e9 qui offre une protection 24\/7 contre les cyberattaques, les logiciels malveillants, [&hellip;]<\/p>\n","protected":false},"author":1,"featured_media":0,"parent":0,"menu_order":0,"comment_status":"closed","ping_status":"closed","template":"elementor_header_footer","meta":{"_eb_attr":"","footnotes":""},"class_list":["post-18782","page","type-page","status-publish","hentry"],"yoast_head":"<!-- This site is optimized with the Yoast SEO Premium plugin v25.8 (Yoast SEO v27.2) - https:\/\/yoast.com\/product\/yoast-seo-premium-wordpress\/ -->\n<title>- Defend360 : Cybers\u00e9curit\u00e9 24\/7 contre les menaces DPO Associates<\/title>\n<meta name=\"description\" content=\"S\u00e9curit\u00e9 optimale contre les cyberattaques. Avec Defend360, vous \u00eates toujours prot\u00e9g\u00e9 gr\u00e2ce \u00e0 une surveillance continue et \u00e0 des algorithmes intelligents.\" \/>\n<meta name=\"robots\" content=\"index, follow, max-snippet:-1, max-image-preview:large, max-video-preview:-1\" \/>\n<link rel=\"canonical\" href=\"https:\/\/dpoassociates.eu\/fr\/protegez-votre-monde-numerique-avec-defend360\/\" \/>\n<meta property=\"og:locale\" content=\"fr_FR\" \/>\n<meta property=\"og:type\" content=\"article\" \/>\n<meta property=\"og:title\" content=\"Prot\u00e9gez votre monde num\u00e9rique avec Defend360\" \/>\n<meta property=\"og:description\" content=\"S\u00e9curit\u00e9 optimale contre les cyberattaques. Avec Defend360, vous \u00eates toujours prot\u00e9g\u00e9 gr\u00e2ce \u00e0 une surveillance continue et \u00e0 des algorithmes intelligents.\" \/>\n<meta property=\"og:url\" content=\"https:\/\/dpoassociates.eu\/fr\/protegez-votre-monde-numerique-avec-defend360\/\" \/>\n<meta property=\"og:site_name\" content=\"DPO Associates\" \/>\n<meta property=\"article:publisher\" content=\"https:\/\/www.facebook.com\/profile.php?id=100083400514207\" \/>\n<meta property=\"article:modified_time\" content=\"2025-02-10T12:46:13+00:00\" \/>\n<meta property=\"og:image\" content=\"https:\/\/dpoassociates.eu\/wp-content\/uploads\/2025\/01\/Ontwerp-zonder-titel-34.png\" \/>\n\t<meta property=\"og:image:width\" content=\"1080\" \/>\n\t<meta property=\"og:image:height\" content=\"1080\" \/>\n\t<meta property=\"og:image:type\" content=\"image\/png\" \/>\n<meta name=\"twitter:card\" content=\"summary_large_image\" \/>\n<meta name=\"twitter:label1\" content=\"Dur\u00e9e de lecture estim\u00e9e\" \/>\n\t<meta name=\"twitter:data1\" content=\"1 minute\" \/>\n<script type=\"application\/ld+json\" class=\"yoast-schema-graph\">{\"@context\":\"https:\/\/schema.org\",\"@graph\":[{\"@type\":\"WebPage\",\"@id\":\"https:\/\/dpoassociates.eu\/fr\/protegez-votre-monde-numerique-avec-defend360\/\",\"url\":\"https:\/\/dpoassociates.eu\/fr\/protegez-votre-monde-numerique-avec-defend360\/\",\"name\":\"- Defend360 : Cybers\u00e9curit\u00e9 24\/7 contre les menaces DPO Associates\",\"isPartOf\":{\"@id\":\"https:\/\/dpoassociates.eu\/fr\/#website\"},\"primaryImageOfPage\":{\"@id\":\"https:\/\/dpoassociates.eu\/fr\/protegez-votre-monde-numerique-avec-defend360\/#primaryimage\"},\"image\":{\"@id\":\"https:\/\/dpoassociates.eu\/fr\/protegez-votre-monde-numerique-avec-defend360\/#primaryimage\"},\"thumbnailUrl\":\"https:\/\/dpoassociates.eu\/wp-content\/uploads\/2025\/01\/Ontwerp-zonder-titel-34-1024x1024.png\",\"datePublished\":\"2025-01-29T14:01:23+00:00\",\"dateModified\":\"2025-02-10T12:46:13+00:00\",\"description\":\"S\u00e9curit\u00e9 optimale contre les cyberattaques. Avec Defend360, vous \u00eates toujours prot\u00e9g\u00e9 gr\u00e2ce \u00e0 une surveillance continue et \u00e0 des algorithmes intelligents.\",\"breadcrumb\":{\"@id\":\"https:\/\/dpoassociates.eu\/fr\/protegez-votre-monde-numerique-avec-defend360\/#breadcrumb\"},\"inLanguage\":\"fr-FR\",\"potentialAction\":[{\"@type\":\"ReadAction\",\"target\":[\"https:\/\/dpoassociates.eu\/fr\/protegez-votre-monde-numerique-avec-defend360\/\"]}]},{\"@type\":\"ImageObject\",\"inLanguage\":\"fr-FR\",\"@id\":\"https:\/\/dpoassociates.eu\/fr\/protegez-votre-monde-numerique-avec-defend360\/#primaryimage\",\"url\":\"https:\/\/dpoassociates.eu\/wp-content\/uploads\/2025\/01\/Ontwerp-zonder-titel-34-1024x1024.png\",\"contentUrl\":\"https:\/\/dpoassociates.eu\/wp-content\/uploads\/2025\/01\/Ontwerp-zonder-titel-34-1024x1024.png\"},{\"@type\":\"BreadcrumbList\",\"@id\":\"https:\/\/dpoassociates.eu\/fr\/protegez-votre-monde-numerique-avec-defend360\/#breadcrumb\",\"itemListElement\":[{\"@type\":\"ListItem\",\"position\":1,\"name\":\"Home\",\"item\":\"https:\/\/dpoassociates.eu\/fr\/\"},{\"@type\":\"ListItem\",\"position\":2,\"name\":\"Prot\u00e9gez votre monde num\u00e9rique avec Defend360\"}]},{\"@type\":\"WebSite\",\"@id\":\"https:\/\/dpoassociates.eu\/fr\/#website\",\"url\":\"https:\/\/dpoassociates.eu\/fr\/\",\"name\":\"DPO Associates\",\"description\":\"Protect, Detect, Respond\",\"publisher\":{\"@id\":\"https:\/\/dpoassociates.eu\/fr\/#organization\"},\"potentialAction\":[{\"@type\":\"SearchAction\",\"target\":{\"@type\":\"EntryPoint\",\"urlTemplate\":\"https:\/\/dpoassociates.eu\/fr\/?s={search_term_string}\"},\"query-input\":{\"@type\":\"PropertyValueSpecification\",\"valueRequired\":true,\"valueName\":\"search_term_string\"}}],\"inLanguage\":\"fr-FR\"},{\"@type\":\"Organization\",\"@id\":\"https:\/\/dpoassociates.eu\/fr\/#organization\",\"name\":\"DPO Associates\",\"url\":\"https:\/\/dpoassociates.eu\/fr\/\",\"logo\":{\"@type\":\"ImageObject\",\"inLanguage\":\"fr-FR\",\"@id\":\"https:\/\/dpoassociates.eu\/fr\/#\/schema\/logo\/image\/\",\"url\":\"https:\/\/dpoassociates.eu\/wp-content\/uploads\/2022\/09\/thumbnail_Logo-DPO-Associates-negatief-zwart-negatief-002.png\",\"contentUrl\":\"https:\/\/dpoassociates.eu\/wp-content\/uploads\/2022\/09\/thumbnail_Logo-DPO-Associates-negatief-zwart-negatief-002.png\",\"width\":651,\"height\":651,\"caption\":\"DPO Associates\"},\"image\":{\"@id\":\"https:\/\/dpoassociates.eu\/fr\/#\/schema\/logo\/image\/\"},\"sameAs\":[\"https:\/\/www.facebook.com\/profile.php?id=100083400514207\",\"https:\/\/www.linkedin.com\/company\/dpo-associates-da\/\"]}]}<\/script>\n<!-- \/ Yoast SEO Premium plugin. -->","yoast_head_json":{"title":"- Defend360 : Cybers\u00e9curit\u00e9 24\/7 contre les menaces DPO Associates","description":"S\u00e9curit\u00e9 optimale contre les cyberattaques. Avec Defend360, vous \u00eates toujours prot\u00e9g\u00e9 gr\u00e2ce \u00e0 une surveillance continue et \u00e0 des algorithmes intelligents.","robots":{"index":"index","follow":"follow","max-snippet":"max-snippet:-1","max-image-preview":"max-image-preview:large","max-video-preview":"max-video-preview:-1"},"canonical":"https:\/\/dpoassociates.eu\/fr\/protegez-votre-monde-numerique-avec-defend360\/","og_locale":"fr_FR","og_type":"article","og_title":"Prot\u00e9gez votre monde num\u00e9rique avec Defend360","og_description":"S\u00e9curit\u00e9 optimale contre les cyberattaques. Avec Defend360, vous \u00eates toujours prot\u00e9g\u00e9 gr\u00e2ce \u00e0 une surveillance continue et \u00e0 des algorithmes intelligents.","og_url":"https:\/\/dpoassociates.eu\/fr\/protegez-votre-monde-numerique-avec-defend360\/","og_site_name":"DPO Associates","article_publisher":"https:\/\/www.facebook.com\/profile.php?id=100083400514207","article_modified_time":"2025-02-10T12:46:13+00:00","og_image":[{"width":1080,"height":1080,"url":"https:\/\/dpoassociates.eu\/wp-content\/uploads\/2025\/01\/Ontwerp-zonder-titel-34.png","type":"image\/png"}],"twitter_card":"summary_large_image","twitter_misc":{"Dur\u00e9e de lecture estim\u00e9e":"1 minute"},"schema":{"@context":"https:\/\/schema.org","@graph":[{"@type":"WebPage","@id":"https:\/\/dpoassociates.eu\/fr\/protegez-votre-monde-numerique-avec-defend360\/","url":"https:\/\/dpoassociates.eu\/fr\/protegez-votre-monde-numerique-avec-defend360\/","name":"- Defend360 : Cybers\u00e9curit\u00e9 24\/7 contre les menaces DPO Associates","isPartOf":{"@id":"https:\/\/dpoassociates.eu\/fr\/#website"},"primaryImageOfPage":{"@id":"https:\/\/dpoassociates.eu\/fr\/protegez-votre-monde-numerique-avec-defend360\/#primaryimage"},"image":{"@id":"https:\/\/dpoassociates.eu\/fr\/protegez-votre-monde-numerique-avec-defend360\/#primaryimage"},"thumbnailUrl":"https:\/\/dpoassociates.eu\/wp-content\/uploads\/2025\/01\/Ontwerp-zonder-titel-34-1024x1024.png","datePublished":"2025-01-29T14:01:23+00:00","dateModified":"2025-02-10T12:46:13+00:00","description":"S\u00e9curit\u00e9 optimale contre les cyberattaques. Avec Defend360, vous \u00eates toujours prot\u00e9g\u00e9 gr\u00e2ce \u00e0 une surveillance continue et \u00e0 des algorithmes intelligents.","breadcrumb":{"@id":"https:\/\/dpoassociates.eu\/fr\/protegez-votre-monde-numerique-avec-defend360\/#breadcrumb"},"inLanguage":"fr-FR","potentialAction":[{"@type":"ReadAction","target":["https:\/\/dpoassociates.eu\/fr\/protegez-votre-monde-numerique-avec-defend360\/"]}]},{"@type":"ImageObject","inLanguage":"fr-FR","@id":"https:\/\/dpoassociates.eu\/fr\/protegez-votre-monde-numerique-avec-defend360\/#primaryimage","url":"https:\/\/dpoassociates.eu\/wp-content\/uploads\/2025\/01\/Ontwerp-zonder-titel-34-1024x1024.png","contentUrl":"https:\/\/dpoassociates.eu\/wp-content\/uploads\/2025\/01\/Ontwerp-zonder-titel-34-1024x1024.png"},{"@type":"BreadcrumbList","@id":"https:\/\/dpoassociates.eu\/fr\/protegez-votre-monde-numerique-avec-defend360\/#breadcrumb","itemListElement":[{"@type":"ListItem","position":1,"name":"Home","item":"https:\/\/dpoassociates.eu\/fr\/"},{"@type":"ListItem","position":2,"name":"Prot\u00e9gez votre monde num\u00e9rique avec Defend360"}]},{"@type":"WebSite","@id":"https:\/\/dpoassociates.eu\/fr\/#website","url":"https:\/\/dpoassociates.eu\/fr\/","name":"DPO Associates","description":"Protect, Detect, Respond","publisher":{"@id":"https:\/\/dpoassociates.eu\/fr\/#organization"},"potentialAction":[{"@type":"SearchAction","target":{"@type":"EntryPoint","urlTemplate":"https:\/\/dpoassociates.eu\/fr\/?s={search_term_string}"},"query-input":{"@type":"PropertyValueSpecification","valueRequired":true,"valueName":"search_term_string"}}],"inLanguage":"fr-FR"},{"@type":"Organization","@id":"https:\/\/dpoassociates.eu\/fr\/#organization","name":"DPO Associates","url":"https:\/\/dpoassociates.eu\/fr\/","logo":{"@type":"ImageObject","inLanguage":"fr-FR","@id":"https:\/\/dpoassociates.eu\/fr\/#\/schema\/logo\/image\/","url":"https:\/\/dpoassociates.eu\/wp-content\/uploads\/2022\/09\/thumbnail_Logo-DPO-Associates-negatief-zwart-negatief-002.png","contentUrl":"https:\/\/dpoassociates.eu\/wp-content\/uploads\/2022\/09\/thumbnail_Logo-DPO-Associates-negatief-zwart-negatief-002.png","width":651,"height":651,"caption":"DPO Associates"},"image":{"@id":"https:\/\/dpoassociates.eu\/fr\/#\/schema\/logo\/image\/"},"sameAs":["https:\/\/www.facebook.com\/profile.php?id=100083400514207","https:\/\/www.linkedin.com\/company\/dpo-associates-da\/"]}]}},"_links":{"self":[{"href":"https:\/\/dpoassociates.eu\/fr\/wp-json\/wp\/v2\/pages\/18782","targetHints":{"allow":["GET"]}}],"collection":[{"href":"https:\/\/dpoassociates.eu\/fr\/wp-json\/wp\/v2\/pages"}],"about":[{"href":"https:\/\/dpoassociates.eu\/fr\/wp-json\/wp\/v2\/types\/page"}],"author":[{"embeddable":true,"href":"https:\/\/dpoassociates.eu\/fr\/wp-json\/wp\/v2\/users\/1"}],"replies":[{"embeddable":true,"href":"https:\/\/dpoassociates.eu\/fr\/wp-json\/wp\/v2\/comments?post=18782"}],"version-history":[{"count":0,"href":"https:\/\/dpoassociates.eu\/fr\/wp-json\/wp\/v2\/pages\/18782\/revisions"}],"wp:attachment":[{"href":"https:\/\/dpoassociates.eu\/fr\/wp-json\/wp\/v2\/media?parent=18782"}],"curies":[{"name":"wp","href":"https:\/\/api.w.org\/{rel}","templated":true}]}}