{"id":12727,"date":"2023-09-01T07:19:15","date_gmt":"2023-09-01T07:19:15","guid":{"rendered":"https:\/\/dpoassociates.eu\/quest-ce-que-le-rssi\/"},"modified":"2025-02-27T14:32:17","modified_gmt":"2025-02-27T13:32:17","slug":"quest-ce-que-le-rssi","status":"publish","type":"page","link":"https:\/\/dpoassociates.eu\/fr\/quest-ce-que-le-rssi\/","title":{"rendered":"Qu\u2019est-ce qu\u2019un RSSI ?"},"content":{"rendered":"\t\t<div data-elementor-type=\"wp-page\" data-elementor-id=\"12727\" class=\"elementor elementor-12727 elementor-12501\" data-elementor-post-type=\"page\">\n\t\t\t\t\t\t<section class=\"elementor-section elementor-top-section elementor-element elementor-element-66400221 elementor-section-full_width elementor-section-height-default elementor-section-height-default\" data-id=\"66400221\" data-element_type=\"section\" data-e-type=\"section\" data-settings=\"{&quot;background_background&quot;:&quot;classic&quot;}\">\n\t\t\t\t\t\t<div class=\"elementor-container elementor-column-gap-default\">\n\t\t\t\t\t<div class=\"elementor-column elementor-col-100 elementor-top-column elementor-element elementor-element-5ff36d72\" data-id=\"5ff36d72\" data-element_type=\"column\" data-e-type=\"column\">\n\t\t\t<div class=\"elementor-widget-wrap elementor-element-populated\">\n\t\t\t\t\t\t<section class=\"elementor-section elementor-inner-section elementor-element elementor-element-281a1f37 elementor-section-height-min-height elementor-section-content-middle elementor-section-boxed elementor-section-height-default\" data-id=\"281a1f37\" data-element_type=\"section\" data-e-type=\"section\">\n\t\t\t\t\t\t<div class=\"elementor-container elementor-column-gap-default\">\n\t\t\t\t\t<div class=\"elementor-column elementor-col-100 elementor-inner-column elementor-element elementor-element-5eb08ced\" data-id=\"5eb08ced\" data-element_type=\"column\" data-e-type=\"column\">\n\t\t\t<div class=\"elementor-widget-wrap elementor-element-populated\">\n\t\t\t\t\t\t<div class=\"elementor-element elementor-element-571e6ddc elementor-invisible elementor-widget elementor-widget-heading\" data-id=\"571e6ddc\" data-element_type=\"widget\" data-e-type=\"widget\" data-settings=\"{&quot;_animation&quot;:&quot;fadeInUp&quot;}\" data-widget_type=\"heading.default\">\n\t\t\t\t<div class=\"elementor-widget-container\">\n\t\t\t\t\t<h1 class=\"elementor-heading-title elementor-size-default\">Qu\u2019est-ce qu\u2019un RSSI ?<\/h1>\t\t\t\t<\/div>\n\t\t\t\t<\/div>\n\t\t\t\t<div class=\"elementor-element elementor-element-a40b58f elementor-widget elementor-widget-text-editor\" data-id=\"a40b58f\" data-element_type=\"widget\" data-e-type=\"widget\" data-widget_type=\"text-editor.default\">\n\t\t\t\t<div class=\"elementor-widget-container\">\n\t\t\t\t\t\t\t\t\t<p style=\"text-align: center;\">Le responsable de la s\u00e9curit\u00e9 de l&rsquo;information est un cadre sup\u00e9rieur d&rsquo;une organisation charg\u00e9 de g\u00e9rer la s\u00e9curit\u00e9 de l&rsquo;information et la cybers\u00e9curit\u00e9. Le terme \u00ab\u00a0ISMS\u00a0\u00bb signifie \u00ab\u00a0Information Security Management System\u00a0\u00bb (syst\u00e8me de gestion de la s\u00e9curit\u00e9 de l&rsquo;information) et d\u00e9signe l&rsquo;ensemble des processus, proc\u00e9dures, politiques et technologies qu&rsquo;une organisation d\u00e9ploie pour g\u00e9rer et am\u00e9liorer la s\u00e9curit\u00e9 de l&rsquo;information.<\/p><p style=\"text-align: center;\">Dans ce r\u00f4le, les risques potentiels en mati\u00e8re de s\u00e9curit\u00e9 sont identifi\u00e9s et \u00e9valu\u00e9s, et des mesures sont propos\u00e9es pour att\u00e9nuer ces risques. En outre, des politiques et des proc\u00e9dures de s\u00e9curit\u00e9 sont \u00e9tablies pour garantir que l&rsquo;organisation se conforme aux exigences l\u00e9gales et r\u00e9glementaires et aux meilleures pratiques en mati\u00e8re de s\u00e9curit\u00e9 de l&rsquo;information. En cas d&rsquo;incidents de s\u00e9curit\u00e9 et de violations de donn\u00e9es, un plan d&rsquo;intervention en cas d&rsquo;incident est \u00e9labor\u00e9 et g\u00e9r\u00e9 afin de r\u00e9agir rapidement et efficacement.  <\/p>\t\t\t\t\t\t\t\t<\/div>\n\t\t\t\t<\/div>\n\t\t\t\t\t<\/div>\n\t\t<\/div>\n\t\t\t\t\t<\/div>\n\t\t<\/section>\n\t\t\t\t\t<\/div>\n\t\t<\/div>\n\t\t\t\t\t<\/div>\n\t\t<\/section>\n\t\t\t\t<section class=\"elementor-section elementor-top-section elementor-element elementor-element-700b05f3 elementor-section-full_width elementor-section-height-default elementor-section-height-default\" data-id=\"700b05f3\" data-element_type=\"section\" data-e-type=\"section\" data-settings=\"{&quot;background_background&quot;:&quot;classic&quot;}\">\n\t\t\t\t\t\t<div class=\"elementor-container elementor-column-gap-default\">\n\t\t\t\t\t<div class=\"elementor-column elementor-col-100 elementor-top-column elementor-element elementor-element-ba49fca\" data-id=\"ba49fca\" data-element_type=\"column\" data-e-type=\"column\">\n\t\t\t<div class=\"elementor-widget-wrap elementor-element-populated\">\n\t\t\t\t\t\t<div class=\"elementor-element elementor-element-7c7e3a50 elementor-invisible elementor-widget elementor-widget-heading\" data-id=\"7c7e3a50\" data-element_type=\"widget\" data-e-type=\"widget\" data-settings=\"{&quot;_animation&quot;:&quot;fadeInUp&quot;}\" data-widget_type=\"heading.default\">\n\t\t\t\t<div class=\"elementor-widget-container\">\n\t\t\t\t\t<h1 class=\"elementor-heading-title elementor-size-default\">CISO en tant que service<\/h1>\t\t\t\t<\/div>\n\t\t\t\t<\/div>\n\t\t\t\t<section class=\"elementor-section elementor-inner-section elementor-element elementor-element-57086a2c elementor-section-content-middle elementor-reverse-mobile elementor-section-boxed elementor-section-height-default elementor-section-height-default\" data-id=\"57086a2c\" data-element_type=\"section\" data-e-type=\"section\">\n\t\t\t\t\t\t<div class=\"elementor-container elementor-column-gap-default\">\n\t\t\t\t\t<div class=\"elementor-column elementor-col-50 elementor-inner-column elementor-element elementor-element-64ca9704\" data-id=\"64ca9704\" data-element_type=\"column\" data-e-type=\"column\">\n\t\t\t<div class=\"elementor-widget-wrap elementor-element-populated\">\n\t\t\t\t\t\t<div class=\"elementor-element elementor-element-485935d0 elementor-invisible elementor-widget elementor-widget-heading\" data-id=\"485935d0\" data-element_type=\"widget\" data-e-type=\"widget\" data-settings=\"{&quot;_animation&quot;:&quot;fadeInLeft&quot;}\" data-widget_type=\"heading.default\">\n\t\t\t\t<div class=\"elementor-widget-container\">\n\t\t\t\t\t<h2 class=\"elementor-heading-title elementor-size-default\">Pourquoi un RSSI ?  <\/h2>\t\t\t\t<\/div>\n\t\t\t\t<\/div>\n\t\t\t\t<div class=\"elementor-element elementor-element-aaad699 elementor-widget elementor-widget-text-editor\" data-id=\"aaad699\" data-element_type=\"widget\" data-e-type=\"widget\" data-widget_type=\"text-editor.default\">\n\t\t\t\t<div class=\"elementor-widget-container\">\n\t\t\t\t\t\t\t\t\t<p>Un <strong>responsable de la s\u00e9curit\u00e9 de l&rsquo;information (CISO)<\/strong> est essentiel pour prot\u00e9ger une organisation contre des <strong>cybermenaces de<\/strong> plus en plus nombreuses et de plus en plus sophistiqu\u00e9es.<\/p><h4><strong>Nous pouvons vous aider avec :<\/strong><\/h4><p>\u2714 <strong>Identifier et neutraliser les cybermenaces<\/strong> &#8211; Pr\u00e9venir les violations de donn\u00e9es, les pertes financi\u00e8res et les atteintes \u00e0 la r\u00e9putation.<br>\u2714 <strong>Se conformer aux lois et r\u00e9glementations<\/strong> &#8211; Se conformer au GDPR, entre autres. <a href=\"https:\/\/dpoassociates.eu\/fr\/specialiste-de-la-protection-de-la-vie-privee\/\"><strong>GDPR<\/strong><\/a>, <a href=\"https:\/\/dpoassociates.eu\/fr\/quest-ce-que-nis2\/\"><strong>NIS2 ou<\/strong><\/a> <a href=\"https:\/\/dpoassociates.eu\/fr\/iso27001-expliquee-simplement\/\"><strong>ISO27001<\/strong><\/a> pour \u00e9viter les amendes et les probl\u00e8mes juridiques.<br>\u2714 <strong>Assurer la continuit\u00e9 des activit\u00e9s<\/strong> &#8211; Gestion des risques, plans de r\u00e9ponse aux incidents et mesures de r\u00e9cup\u00e9ration pour minimiser les perturbations.<br>\u2714 <strong>Promouvoir la culture de la s\u00e9curit\u00e9<\/strong> &#8211; <strong>Promouvoir la<\/strong> sensibilisation et l&rsquo;adh\u00e9sion aux protocoles de s\u00e9curit\u00e9 au sein de l&rsquo;organisation.<\/p>\t\t\t\t\t\t\t\t<\/div>\n\t\t\t\t<\/div>\n\t\t\t\t\t<\/div>\n\t\t<\/div>\n\t\t\t\t<div class=\"elementor-column elementor-col-50 elementor-inner-column elementor-element elementor-element-73e9aac0\" data-id=\"73e9aac0\" data-element_type=\"column\" data-e-type=\"column\">\n\t\t\t<div class=\"elementor-widget-wrap elementor-element-populated\">\n\t\t\t\t\t\t<div class=\"elementor-element elementor-element-20a9036d elementor-invisible elementor-widget elementor-widget-image\" data-id=\"20a9036d\" data-element_type=\"widget\" data-e-type=\"widget\" data-settings=\"{&quot;_animation&quot;:&quot;fadeInRight&quot;}\" data-widget_type=\"image.default\">\n\t\t\t\t<div class=\"elementor-widget-container\">\n\t\t\t\t\t\t\t\t\t\t\t\t\t\t\t<img fetchpriority=\"high\" decoding=\"async\" width=\"1536\" height=\"2048\" src=\"https:\/\/dpoassociates.eu\/wp-content\/uploads\/2023\/09\/WhatsApp-Image-2023-09-01-at-10.38.20.jpeg\" class=\"attachment-full size-full wp-image-12684\" alt=\"Danny Baerts DPO\" srcset=\"https:\/\/dpoassociates.eu\/wp-content\/uploads\/2023\/09\/WhatsApp-Image-2023-09-01-at-10.38.20.jpeg 1536w, https:\/\/dpoassociates.eu\/wp-content\/uploads\/2023\/09\/WhatsApp-Image-2023-09-01-at-10.38.20-225x300.jpeg 225w, https:\/\/dpoassociates.eu\/wp-content\/uploads\/2023\/09\/WhatsApp-Image-2023-09-01-at-10.38.20-768x1024.jpeg 768w, https:\/\/dpoassociates.eu\/wp-content\/uploads\/2023\/09\/WhatsApp-Image-2023-09-01-at-10.38.20-1152x1536.jpeg 1152w, https:\/\/dpoassociates.eu\/wp-content\/uploads\/2023\/09\/WhatsApp-Image-2023-09-01-at-10.38.20-488x650.jpeg 488w, https:\/\/dpoassociates.eu\/wp-content\/uploads\/2023\/09\/WhatsApp-Image-2023-09-01-at-10.38.20-600x800.jpeg 600w\" sizes=\"(max-width: 1536px) 100vw, 1536px\" \/>\t\t\t\t\t\t\t\t\t\t\t\t\t\t\t<\/div>\n\t\t\t\t<\/div>\n\t\t\t\t\t<\/div>\n\t\t<\/div>\n\t\t\t\t\t<\/div>\n\t\t<\/section>\n\t\t\t\t\t<\/div>\n\t\t<\/div>\n\t\t\t\t\t<\/div>\n\t\t<\/section>\n\t\t\t\t<section class=\"elementor-section elementor-top-section elementor-element elementor-element-a0816b7 elementor-section-boxed elementor-section-height-default elementor-section-height-default\" data-id=\"a0816b7\" data-element_type=\"section\" data-e-type=\"section\">\n\t\t\t\t\t\t<div class=\"elementor-container elementor-column-gap-default\">\n\t\t\t\t\t<div class=\"elementor-column elementor-col-100 elementor-top-column elementor-element elementor-element-558b835\" data-id=\"558b835\" data-element_type=\"column\" data-e-type=\"column\">\n\t\t\t<div class=\"elementor-widget-wrap elementor-element-populated\">\n\t\t\t\t\t\t<div class=\"elementor-element elementor-element-14bd8436 elementor-widget elementor-widget-heading\" data-id=\"14bd8436\" data-element_type=\"widget\" data-e-type=\"widget\" data-widget_type=\"heading.default\">\n\t\t\t\t<div class=\"elementor-widget-container\">\n\t\t\t\t\t<h2 class=\"elementor-heading-title elementor-size-default\">Prenez contact avec nous !\n\n<\/h2>\t\t\t\t<\/div>\n\t\t\t\t<\/div>\n\t\t\t\t<div class=\"elementor-element elementor-element-54342d44 elementor-button-align-stretch elementor-widget elementor-widget-form\" data-id=\"54342d44\" data-element_type=\"widget\" data-e-type=\"widget\" data-settings=\"{&quot;step_next_label&quot;:&quot;Suivant&quot;,&quot;step_previous_label&quot;:&quot;Pr\\u00e9c\\u00e9dent&quot;,&quot;button_width&quot;:&quot;100&quot;,&quot;step_type&quot;:&quot;number_text&quot;,&quot;step_icon_shape&quot;:&quot;circle&quot;}\" data-widget_type=\"form.default\">\n\t\t\t\t<div class=\"elementor-widget-container\">\n\t\t\t\t\t\t\t<form class=\"elementor-form\" method=\"post\" name=\"Nouveau formulaire\" aria-label=\"Nouveau formulaire\">\n\t\t\t<input type=\"hidden\" name=\"post_id\" value=\"12727\"\/>\n\t\t\t<input type=\"hidden\" name=\"form_id\" value=\"54342d44\"\/>\n\t\t\t<input type=\"hidden\" name=\"referer_title\" value=\"Tout ce que vous devez savoir sur le RSSI !\" \/>\n\n\t\t\t\t\t\t\t<input type=\"hidden\" name=\"queried_id\" value=\"12727\"\/>\n\t\t\t\n\t\t\t<div class=\"elementor-form-fields-wrapper elementor-labels-above\">\n\t\t\t\t\t\t\t\t<div class=\"elementor-field-type-text elementor-field-group elementor-column elementor-field-group-name elementor-col-100\">\n\t\t\t\t\t\t\t\t\t\t\t\t<label for=\"form-field-name\" class=\"elementor-field-label\">\n\t\t\t\t\t\t\t\tNom\t\t\t\t\t\t\t<\/label>\n\t\t\t\t\t\t\t\t\t\t\t\t\t\t<input size=\"1\" type=\"text\" name=\"form_fields[name]\" id=\"form-field-name\" class=\"elementor-field elementor-size-sm  elementor-field-textual\" placeholder=\"Nom\">\n\t\t\t\t\t\t\t\t\t\t\t<\/div>\n\t\t\t\t\t\t\t\t<div class=\"elementor-field-type-email elementor-field-group elementor-column elementor-field-group-email elementor-col-100 elementor-field-required\">\n\t\t\t\t\t\t\t\t\t\t\t\t<label for=\"form-field-email\" class=\"elementor-field-label\">\n\t\t\t\t\t\t\t\tCourriel :\t\t\t\t\t\t\t<\/label>\n\t\t\t\t\t\t\t\t\t\t\t\t\t\t<input size=\"1\" type=\"email\" name=\"form_fields[email]\" id=\"form-field-email\" class=\"elementor-field elementor-size-sm  elementor-field-textual\" placeholder=\"Courriel :\" required=\"required\">\n\t\t\t\t\t\t\t\t\t\t\t<\/div>\n\t\t\t\t\t\t\t\t<div class=\"elementor-field-type-textarea elementor-field-group elementor-column elementor-field-group-message elementor-col-100\">\n\t\t\t\t\t\t\t\t\t\t\t\t<label for=\"form-field-message\" class=\"elementor-field-label\">\n\t\t\t\t\t\t\t\tMessage\t\t\t\t\t\t\t<\/label>\n\t\t\t\t\t\t<textarea class=\"elementor-field-textual elementor-field  elementor-size-sm\" name=\"form_fields[message]\" id=\"form-field-message\" rows=\"4\" placeholder=\"Message\"><\/textarea>\t\t\t\t<\/div>\n\t\t\t\t\t\t\t\t<div class=\"elementor-field-type-acceptance elementor-field-group elementor-column elementor-field-group-field_3c83b1a elementor-col-100 elementor-field-required\">\n\t\t\t\t\t\t\t<div class=\"elementor-field-subgroup\">\n\t\t\t<span class=\"elementor-field-option\">\n\t\t\t\t<input type=\"checkbox\" name=\"form_fields[field_3c83b1a]\" id=\"form-field-field_3c83b1a\" class=\"elementor-field elementor-size-sm  elementor-acceptance-field\" required=\"required\">\n\t\t\t\t<label for=\"form-field-field_3c83b1a\">J'autorise DPOAssociates.eu \u00e0 traiter mes donn\u00e9es. *<\/label>\t\t\t<\/span>\n\t\t<\/div>\n\t\t\t\t\t\t<\/div>\n\t\t\t\t\t\t\t\t<div class=\"elementor-field-group elementor-column elementor-field-type-submit elementor-col-100 e-form__buttons\">\n\t\t\t\t\t<button class=\"elementor-button elementor-size-sm\" type=\"submit\">\n\t\t\t\t\t\t<span class=\"elementor-button-content-wrapper\">\n\t\t\t\t\t\t\t\t\t\t\t\t\t\t\t\t\t\t\t\t\t\t<span class=\"elementor-button-text\">Envoyer<\/span>\n\t\t\t\t\t\t\t\t\t\t\t\t\t<\/span>\n\t\t\t\t\t<\/button>\n\t\t\t\t<\/div>\n\t\t\t<\/div>\n\t\t<input\n                    class=\"apbct_special_field apbct_email_id__elementor_form\"\n                    name=\"apbct__email_id__elementor_form\"\n                    aria-label=\"apbct__label_id__elementor_form\"\n                    type=\"text\" size=\"30\" maxlength=\"200\" autocomplete=\"off\"\n                    value=\"\"\n                \/><\/form>\n\t\t\t\t\t\t<\/div>\n\t\t\t\t<\/div>\n\t\t\t\t\t<\/div>\n\t\t<\/div>\n\t\t\t\t\t<\/div>\n\t\t<\/section>\n\t\t\t\t<section class=\"elementor-section elementor-top-section elementor-element elementor-element-6c52cca7 elementor-section-boxed elementor-section-height-default elementor-section-height-default\" data-id=\"6c52cca7\" data-element_type=\"section\" data-e-type=\"section\">\n\t\t\t\t\t\t<div class=\"elementor-container elementor-column-gap-default\">\n\t\t\t\t\t<div class=\"elementor-column elementor-col-100 elementor-top-column elementor-element elementor-element-1f73247f\" data-id=\"1f73247f\" data-element_type=\"column\" data-e-type=\"column\">\n\t\t\t<div class=\"elementor-widget-wrap\">\n\t\t\t\t\t\t\t<\/div>\n\t\t<\/div>\n\t\t\t\t\t<\/div>\n\t\t<\/section>\n\t\t\t\t<\/div>\n\t\t","protected":false},"excerpt":{"rendered":"<p>Qu\u2019est-ce qu\u2019un RSSI ? Le responsable de la s\u00e9curit\u00e9 de l&rsquo;information est un cadre sup\u00e9rieur d&rsquo;une organisation charg\u00e9 de g\u00e9rer la s\u00e9curit\u00e9 [&hellip;]<\/p>\n","protected":false},"author":1,"featured_media":12678,"parent":0,"menu_order":0,"comment_status":"closed","ping_status":"closed","template":"","meta":{"_eb_attr":"","footnotes":""},"class_list":["post-12727","page","type-page","status-publish","has-post-thumbnail","hentry"],"yoast_head":"<!-- This site is optimized with the Yoast SEO Premium plugin v25.8 (Yoast SEO v27.2) - https:\/\/yoast.com\/product\/yoast-seo-premium-wordpress\/ -->\n<title>Tout ce que vous devez savoir sur le RSSI !<\/title>\n<meta name=\"description\" content=\"Qu\u2019est-ce qu\u2019un RSSI ? D\u00e9couvrez le r\u00f4le d&#039;un responsable de la s\u00e9curit\u00e9 de l&#039;information et l&#039;importance de la s\u00e9curit\u00e9 de l&#039;information.\" \/>\n<meta name=\"robots\" content=\"index, follow, max-snippet:-1, max-image-preview:large, max-video-preview:-1\" \/>\n<link rel=\"canonical\" href=\"https:\/\/dpoassociates.eu\/fr\/quest-ce-que-le-rssi\/\" \/>\n<meta property=\"og:locale\" content=\"fr_FR\" \/>\n<meta property=\"og:type\" content=\"article\" \/>\n<meta property=\"og:title\" content=\"Qu\u2019est-ce qu\u2019un RSSI ?\" \/>\n<meta property=\"og:description\" content=\"Qu\u2019est-ce qu\u2019un RSSI ? D\u00e9couvrez le r\u00f4le d&#039;un responsable de la s\u00e9curit\u00e9 de l&#039;information et l&#039;importance de la s\u00e9curit\u00e9 de l&#039;information.\" \/>\n<meta property=\"og:url\" content=\"https:\/\/dpoassociates.eu\/fr\/quest-ce-que-le-rssi\/\" \/>\n<meta property=\"og:site_name\" content=\"DPO Associates\" \/>\n<meta property=\"article:publisher\" content=\"https:\/\/www.facebook.com\/profile.php?id=100083400514207\" \/>\n<meta property=\"article:modified_time\" content=\"2025-02-27T13:32:17+00:00\" \/>\n<meta property=\"og:image\" content=\"https:\/\/dpoassociates.eu\/wp-content\/uploads\/2023\/09\/Ontwerp-zonder-titel-239.png\" \/>\n\t<meta property=\"og:image:width\" content=\"1080\" \/>\n\t<meta property=\"og:image:height\" content=\"1080\" \/>\n\t<meta property=\"og:image:type\" content=\"image\/png\" \/>\n<meta name=\"twitter:card\" content=\"summary_large_image\" \/>\n<meta name=\"twitter:label1\" content=\"Dur\u00e9e de lecture estim\u00e9e\" \/>\n\t<meta name=\"twitter:data1\" content=\"3 minutes\" \/>\n<script type=\"application\/ld+json\" class=\"yoast-schema-graph\">{\"@context\":\"https:\/\/schema.org\",\"@graph\":[{\"@type\":\"WebPage\",\"@id\":\"https:\/\/dpoassociates.eu\/fr\/quest-ce-que-le-rssi\/\",\"url\":\"https:\/\/dpoassociates.eu\/fr\/quest-ce-que-le-rssi\/\",\"name\":\"Tout ce que vous devez savoir sur le RSSI !\",\"isPartOf\":{\"@id\":\"https:\/\/dpoassociates.eu\/fr\/#website\"},\"primaryImageOfPage\":{\"@id\":\"https:\/\/dpoassociates.eu\/fr\/quest-ce-que-le-rssi\/#primaryimage\"},\"image\":{\"@id\":\"https:\/\/dpoassociates.eu\/fr\/quest-ce-que-le-rssi\/#primaryimage\"},\"thumbnailUrl\":\"https:\/\/dpoassociates.eu\/wp-content\/uploads\/2023\/09\/Ontwerp-zonder-titel-239.png\",\"datePublished\":\"2023-09-01T07:19:15+00:00\",\"dateModified\":\"2025-02-27T13:32:17+00:00\",\"description\":\"Qu\u2019est-ce qu\u2019un RSSI ? D\u00e9couvrez le r\u00f4le d'un responsable de la s\u00e9curit\u00e9 de l'information et l'importance de la s\u00e9curit\u00e9 de l'information.\",\"breadcrumb\":{\"@id\":\"https:\/\/dpoassociates.eu\/fr\/quest-ce-que-le-rssi\/#breadcrumb\"},\"inLanguage\":\"fr-FR\",\"potentialAction\":[{\"@type\":\"ReadAction\",\"target\":[\"https:\/\/dpoassociates.eu\/fr\/quest-ce-que-le-rssi\/\"]}]},{\"@type\":\"ImageObject\",\"inLanguage\":\"fr-FR\",\"@id\":\"https:\/\/dpoassociates.eu\/fr\/quest-ce-que-le-rssi\/#primaryimage\",\"url\":\"https:\/\/dpoassociates.eu\/wp-content\/uploads\/2023\/09\/Ontwerp-zonder-titel-239.png\",\"contentUrl\":\"https:\/\/dpoassociates.eu\/wp-content\/uploads\/2023\/09\/Ontwerp-zonder-titel-239.png\",\"width\":1080,\"height\":1080,\"caption\":\"wat is CISO\"},{\"@type\":\"BreadcrumbList\",\"@id\":\"https:\/\/dpoassociates.eu\/fr\/quest-ce-que-le-rssi\/#breadcrumb\",\"itemListElement\":[{\"@type\":\"ListItem\",\"position\":1,\"name\":\"Home\",\"item\":\"https:\/\/dpoassociates.eu\/fr\/\"},{\"@type\":\"ListItem\",\"position\":2,\"name\":\"Qu\u2019est-ce qu\u2019un RSSI ?\"}]},{\"@type\":\"WebSite\",\"@id\":\"https:\/\/dpoassociates.eu\/fr\/#website\",\"url\":\"https:\/\/dpoassociates.eu\/fr\/\",\"name\":\"DPO Associates\",\"description\":\"Protect, Detect, Respond\",\"publisher\":{\"@id\":\"https:\/\/dpoassociates.eu\/fr\/#organization\"},\"potentialAction\":[{\"@type\":\"SearchAction\",\"target\":{\"@type\":\"EntryPoint\",\"urlTemplate\":\"https:\/\/dpoassociates.eu\/fr\/?s={search_term_string}\"},\"query-input\":{\"@type\":\"PropertyValueSpecification\",\"valueRequired\":true,\"valueName\":\"search_term_string\"}}],\"inLanguage\":\"fr-FR\"},{\"@type\":\"Organization\",\"@id\":\"https:\/\/dpoassociates.eu\/fr\/#organization\",\"name\":\"DPO Associates\",\"url\":\"https:\/\/dpoassociates.eu\/fr\/\",\"logo\":{\"@type\":\"ImageObject\",\"inLanguage\":\"fr-FR\",\"@id\":\"https:\/\/dpoassociates.eu\/fr\/#\/schema\/logo\/image\/\",\"url\":\"https:\/\/dpoassociates.eu\/wp-content\/uploads\/2022\/09\/thumbnail_Logo-DPO-Associates-negatief-zwart-negatief-002.png\",\"contentUrl\":\"https:\/\/dpoassociates.eu\/wp-content\/uploads\/2022\/09\/thumbnail_Logo-DPO-Associates-negatief-zwart-negatief-002.png\",\"width\":651,\"height\":651,\"caption\":\"DPO Associates\"},\"image\":{\"@id\":\"https:\/\/dpoassociates.eu\/fr\/#\/schema\/logo\/image\/\"},\"sameAs\":[\"https:\/\/www.facebook.com\/profile.php?id=100083400514207\",\"https:\/\/www.linkedin.com\/company\/dpo-associates-da\/\"]}]}<\/script>\n<!-- \/ Yoast SEO Premium plugin. -->","yoast_head_json":{"title":"Tout ce que vous devez savoir sur le RSSI !","description":"Qu\u2019est-ce qu\u2019un RSSI ? D\u00e9couvrez le r\u00f4le d'un responsable de la s\u00e9curit\u00e9 de l'information et l'importance de la s\u00e9curit\u00e9 de l'information.","robots":{"index":"index","follow":"follow","max-snippet":"max-snippet:-1","max-image-preview":"max-image-preview:large","max-video-preview":"max-video-preview:-1"},"canonical":"https:\/\/dpoassociates.eu\/fr\/quest-ce-que-le-rssi\/","og_locale":"fr_FR","og_type":"article","og_title":"Qu\u2019est-ce qu\u2019un RSSI ?","og_description":"Qu\u2019est-ce qu\u2019un RSSI ? D\u00e9couvrez le r\u00f4le d'un responsable de la s\u00e9curit\u00e9 de l'information et l'importance de la s\u00e9curit\u00e9 de l'information.","og_url":"https:\/\/dpoassociates.eu\/fr\/quest-ce-que-le-rssi\/","og_site_name":"DPO Associates","article_publisher":"https:\/\/www.facebook.com\/profile.php?id=100083400514207","article_modified_time":"2025-02-27T13:32:17+00:00","og_image":[{"width":1080,"height":1080,"url":"https:\/\/dpoassociates.eu\/wp-content\/uploads\/2023\/09\/Ontwerp-zonder-titel-239.png","type":"image\/png"}],"twitter_card":"summary_large_image","twitter_misc":{"Dur\u00e9e de lecture estim\u00e9e":"3 minutes"},"schema":{"@context":"https:\/\/schema.org","@graph":[{"@type":"WebPage","@id":"https:\/\/dpoassociates.eu\/fr\/quest-ce-que-le-rssi\/","url":"https:\/\/dpoassociates.eu\/fr\/quest-ce-que-le-rssi\/","name":"Tout ce que vous devez savoir sur le RSSI !","isPartOf":{"@id":"https:\/\/dpoassociates.eu\/fr\/#website"},"primaryImageOfPage":{"@id":"https:\/\/dpoassociates.eu\/fr\/quest-ce-que-le-rssi\/#primaryimage"},"image":{"@id":"https:\/\/dpoassociates.eu\/fr\/quest-ce-que-le-rssi\/#primaryimage"},"thumbnailUrl":"https:\/\/dpoassociates.eu\/wp-content\/uploads\/2023\/09\/Ontwerp-zonder-titel-239.png","datePublished":"2023-09-01T07:19:15+00:00","dateModified":"2025-02-27T13:32:17+00:00","description":"Qu\u2019est-ce qu\u2019un RSSI ? D\u00e9couvrez le r\u00f4le d'un responsable de la s\u00e9curit\u00e9 de l'information et l'importance de la s\u00e9curit\u00e9 de l'information.","breadcrumb":{"@id":"https:\/\/dpoassociates.eu\/fr\/quest-ce-que-le-rssi\/#breadcrumb"},"inLanguage":"fr-FR","potentialAction":[{"@type":"ReadAction","target":["https:\/\/dpoassociates.eu\/fr\/quest-ce-que-le-rssi\/"]}]},{"@type":"ImageObject","inLanguage":"fr-FR","@id":"https:\/\/dpoassociates.eu\/fr\/quest-ce-que-le-rssi\/#primaryimage","url":"https:\/\/dpoassociates.eu\/wp-content\/uploads\/2023\/09\/Ontwerp-zonder-titel-239.png","contentUrl":"https:\/\/dpoassociates.eu\/wp-content\/uploads\/2023\/09\/Ontwerp-zonder-titel-239.png","width":1080,"height":1080,"caption":"wat is CISO"},{"@type":"BreadcrumbList","@id":"https:\/\/dpoassociates.eu\/fr\/quest-ce-que-le-rssi\/#breadcrumb","itemListElement":[{"@type":"ListItem","position":1,"name":"Home","item":"https:\/\/dpoassociates.eu\/fr\/"},{"@type":"ListItem","position":2,"name":"Qu\u2019est-ce qu\u2019un RSSI ?"}]},{"@type":"WebSite","@id":"https:\/\/dpoassociates.eu\/fr\/#website","url":"https:\/\/dpoassociates.eu\/fr\/","name":"DPO Associates","description":"Protect, Detect, Respond","publisher":{"@id":"https:\/\/dpoassociates.eu\/fr\/#organization"},"potentialAction":[{"@type":"SearchAction","target":{"@type":"EntryPoint","urlTemplate":"https:\/\/dpoassociates.eu\/fr\/?s={search_term_string}"},"query-input":{"@type":"PropertyValueSpecification","valueRequired":true,"valueName":"search_term_string"}}],"inLanguage":"fr-FR"},{"@type":"Organization","@id":"https:\/\/dpoassociates.eu\/fr\/#organization","name":"DPO Associates","url":"https:\/\/dpoassociates.eu\/fr\/","logo":{"@type":"ImageObject","inLanguage":"fr-FR","@id":"https:\/\/dpoassociates.eu\/fr\/#\/schema\/logo\/image\/","url":"https:\/\/dpoassociates.eu\/wp-content\/uploads\/2022\/09\/thumbnail_Logo-DPO-Associates-negatief-zwart-negatief-002.png","contentUrl":"https:\/\/dpoassociates.eu\/wp-content\/uploads\/2022\/09\/thumbnail_Logo-DPO-Associates-negatief-zwart-negatief-002.png","width":651,"height":651,"caption":"DPO Associates"},"image":{"@id":"https:\/\/dpoassociates.eu\/fr\/#\/schema\/logo\/image\/"},"sameAs":["https:\/\/www.facebook.com\/profile.php?id=100083400514207","https:\/\/www.linkedin.com\/company\/dpo-associates-da\/"]}]}},"_links":{"self":[{"href":"https:\/\/dpoassociates.eu\/fr\/wp-json\/wp\/v2\/pages\/12727","targetHints":{"allow":["GET"]}}],"collection":[{"href":"https:\/\/dpoassociates.eu\/fr\/wp-json\/wp\/v2\/pages"}],"about":[{"href":"https:\/\/dpoassociates.eu\/fr\/wp-json\/wp\/v2\/types\/page"}],"author":[{"embeddable":true,"href":"https:\/\/dpoassociates.eu\/fr\/wp-json\/wp\/v2\/users\/1"}],"replies":[{"embeddable":true,"href":"https:\/\/dpoassociates.eu\/fr\/wp-json\/wp\/v2\/comments?post=12727"}],"version-history":[{"count":2,"href":"https:\/\/dpoassociates.eu\/fr\/wp-json\/wp\/v2\/pages\/12727\/revisions"}],"predecessor-version":[{"id":20001,"href":"https:\/\/dpoassociates.eu\/fr\/wp-json\/wp\/v2\/pages\/12727\/revisions\/20001"}],"wp:featuredmedia":[{"embeddable":true,"href":"https:\/\/dpoassociates.eu\/fr\/wp-json\/wp\/v2\/media\/12678"}],"wp:attachment":[{"href":"https:\/\/dpoassociates.eu\/fr\/wp-json\/wp\/v2\/media?parent=12727"}],"curies":[{"name":"wp","href":"https:\/\/api.w.org\/{rel}","templated":true}]}}