{"id":11824,"date":"2023-08-17T13:12:48","date_gmt":"2023-08-17T13:12:48","guid":{"rendered":"https:\/\/dpoassociates.eu\/commerce-electronique-et-contrats\/"},"modified":"2025-02-10T13:01:05","modified_gmt":"2025-02-10T13:01:05","slug":"commerce-electronique-et-contrats","status":"publish","type":"page","link":"https:\/\/dpoassociates.eu\/fr\/commerce-electronique-et-contrats\/","title":{"rendered":"Commerce \u00e9lectronique et contrats"},"content":{"rendered":"\t\t<div data-elementor-type=\"wp-page\" data-elementor-id=\"11824\" class=\"elementor elementor-11824 elementor-11723\" data-elementor-post-type=\"page\">\n\t\t\t\t\t\t<section class=\"elementor-section elementor-top-section elementor-element elementor-element-709c2ca8 elementor-section-content-bottom elementor-section-boxed elementor-section-height-default elementor-section-height-default\" data-id=\"709c2ca8\" data-element_type=\"section\" data-e-type=\"section\">\n\t\t\t\t\t\t<div class=\"elementor-container elementor-column-gap-wide\">\n\t\t\t\t\t<div class=\"elementor-column elementor-col-100 elementor-top-column elementor-element elementor-element-64f09ff2\" data-id=\"64f09ff2\" data-element_type=\"column\" data-e-type=\"column\">\n\t\t\t<div class=\"elementor-widget-wrap elementor-element-populated\">\n\t\t\t\t\t\t<div class=\"elementor-element elementor-element-335ba49f elementor-invisible elementor-widget elementor-widget-heading\" data-id=\"335ba49f\" data-element_type=\"widget\" data-e-type=\"widget\" data-settings=\"{&quot;_animation&quot;:&quot;fadeInUp&quot;}\" data-widget_type=\"heading.default\">\n\t\t\t\t<div class=\"elementor-widget-container\">\n\t\t\t\t\t<h1 class=\"elementor-heading-title elementor-size-default\">Commerce \u00e9lectronique et contrats : \nNaviguer dans l'\u00e9conomie num\u00e9rique<\/h1>\t\t\t\t<\/div>\n\t\t\t\t<\/div>\n\t\t\t\t<div class=\"elementor-element elementor-element-660c5a83 elementor-invisible elementor-widget elementor-widget-text-editor\" data-id=\"660c5a83\" data-element_type=\"widget\" data-e-type=\"widget\" data-settings=\"{&quot;_animation&quot;:&quot;fadeInUp&quot;,&quot;_animation_delay&quot;:200}\" data-widget_type=\"text-editor.default\">\n\t\t\t\t<div class=\"elementor-widget-container\">\n\t\t\t\t\t\t\t\t\t<p>\u00c0 l&rsquo;\u00e8re o\u00f9 l&rsquo;internet a cr\u00e9\u00e9 un march\u00e9 mondial, le commerce \u00e9lectronique est devenu un facteur crucial pour le d\u00e9veloppement des entreprises. Si le commerce \u00e9lectronique offre des possibilit\u00e9s sans pr\u00e9c\u00e9dent, il est \u00e9galement source de complexit\u00e9 juridique. Dans ce contexte, nous explorons la relation entre le commerce \u00e9lectronique et les contrats, ainsi que les d\u00e9fis et les opportunit\u00e9s pr\u00e9sent\u00e9s par cet environnement dynamique.<\/p>\t\t\t\t\t\t\t\t<\/div>\n\t\t\t\t<\/div>\n\t\t\t\t<div class=\"elementor-element elementor-element-30787a0 elementor-widget elementor-widget-image\" data-id=\"30787a0\" data-element_type=\"widget\" data-e-type=\"widget\" data-widget_type=\"image.default\">\n\t\t\t\t<div class=\"elementor-widget-container\">\n\t\t\t\t\t\t\t\t\t\t\t\t\t\t\t<img fetchpriority=\"high\" decoding=\"async\" width=\"300\" height=\"300\" src=\"https:\/\/dpoassociates.eu\/wp-content\/uploads\/2023\/08\/t-6-300x300.png\" class=\"attachment-medium size-medium wp-image-10697\" alt=\"e-commerce &amp; contracten\" srcset=\"https:\/\/dpoassociates.eu\/wp-content\/uploads\/2023\/08\/t-6-300x300.png 300w, https:\/\/dpoassociates.eu\/wp-content\/uploads\/2023\/08\/t-6-100x100.png 100w, https:\/\/dpoassociates.eu\/wp-content\/uploads\/2023\/08\/t-6-600x600.png 600w, https:\/\/dpoassociates.eu\/wp-content\/uploads\/2023\/08\/t-6-1024x1024.png 1024w, https:\/\/dpoassociates.eu\/wp-content\/uploads\/2023\/08\/t-6-150x150.png 150w, https:\/\/dpoassociates.eu\/wp-content\/uploads\/2023\/08\/t-6-768x768.png 768w, https:\/\/dpoassociates.eu\/wp-content\/uploads\/2023\/08\/t-6-650x650.png 650w, https:\/\/dpoassociates.eu\/wp-content\/uploads\/2023\/08\/t-6.png 1080w\" sizes=\"(max-width: 300px) 100vw, 300px\" \/>\t\t\t\t\t\t\t\t\t\t\t\t\t\t\t<\/div>\n\t\t\t\t<\/div>\n\t\t\t\t\t<\/div>\n\t\t<\/div>\n\t\t\t\t\t<\/div>\n\t\t<\/section>\n\t\t\t\t<section class=\"elementor-section elementor-top-section elementor-element elementor-element-7b74bed0 elementor-section-boxed elementor-section-height-default elementor-section-height-default\" data-id=\"7b74bed0\" data-element_type=\"section\" data-e-type=\"section\">\n\t\t\t\t\t\t<div class=\"elementor-container elementor-column-gap-extended\">\n\t\t\t\t\t<div class=\"elementor-column elementor-col-50 elementor-top-column elementor-element elementor-element-30fd16d7 elementor-invisible\" data-id=\"30fd16d7\" data-element_type=\"column\" data-e-type=\"column\" data-settings=\"{&quot;background_background&quot;:&quot;classic&quot;,&quot;animation&quot;:&quot;fadeIn&quot;,&quot;animation_delay&quot;:400}\">\n\t\t\t<div class=\"elementor-widget-wrap elementor-element-populated\">\n\t\t\t\t\t\t<div class=\"elementor-element elementor-element-52093639 elementor-widget elementor-widget-heading\" data-id=\"52093639\" data-element_type=\"widget\" data-e-type=\"widget\" data-widget_type=\"heading.default\">\n\t\t\t\t<div class=\"elementor-widget-container\">\n\t\t\t\t\t<h3 class=\"elementor-heading-title elementor-size-default\"><span>D\u00e9fis juridiques<\/span><\/h3>\t\t\t\t<\/div>\n\t\t\t\t<\/div>\n\t\t\t\t<div class=\"elementor-element elementor-element-532d477c elementor-icon-list--layout-traditional elementor-list-item-link-full_width elementor-widget elementor-widget-icon-list\" data-id=\"532d477c\" data-element_type=\"widget\" data-e-type=\"widget\" data-widget_type=\"icon-list.default\">\n\t\t\t\t<div class=\"elementor-widget-container\">\n\t\t\t\t\t\t\t<ul class=\"elementor-icon-list-items\">\n\t\t\t\t\t\t\t<li class=\"elementor-icon-list-item\">\n\t\t\t\t\t\t\t\t\t\t\t<span class=\"elementor-icon-list-icon\">\n\t\t\t\t\t\t\t<i aria-hidden=\"true\" class=\"fas fa-check-circle\"><\/i>\t\t\t\t\t\t<\/span>\n\t\t\t\t\t\t\t\t\t\t<span class=\"elementor-icon-list-text\">L\u00e9gislation relative aux transactions : Le commerce \u00e9lectronique implique des transactions entre les consommateurs et les entreprises, ce qui entra\u00eene des exigences juridiques sp\u00e9cifiques. Les contrats \u00e0 distance doivent \u00eatre conformes \u00e0 la l\u00e9gislation en vigueur pour prot\u00e9ger les consommateurs.<\/span>\n\t\t\t\t\t\t\t\t\t<\/li>\n\t\t\t\t\t\t\t\t<li class=\"elementor-icon-list-item\">\n\t\t\t\t\t\t\t\t\t\t\t<span class=\"elementor-icon-list-icon\">\n\t\t\t\t\t\t\t<i aria-hidden=\"true\" class=\"fas fa-check-circle\"><\/i>\t\t\t\t\t\t<\/span>\n\t\t\t\t\t\t\t\t\t\t<span class=\"elementor-icon-list-text\">Exigences relatives aux sites web et aux boutiques en ligne : Les entreprises en ligne doivent se conformer \u00e0 des exigences sp\u00e9cifiques en mati\u00e8re de divulgation sur leur site web afin de garantir la transparence. Il s'agit d'informations sur les prix, les paiements, les coordonn\u00e9es et la politique de retour.<\/span>\n\t\t\t\t\t\t\t\t\t<\/li>\n\t\t\t\t\t\t\t\t<li class=\"elementor-icon-list-item\">\n\t\t\t\t\t\t\t\t\t\t\t<span class=\"elementor-icon-list-icon\">\n\t\t\t\t\t\t\t<i aria-hidden=\"true\" class=\"fas fa-check-circle\"><\/i>\t\t\t\t\t\t<\/span>\n\t\t\t\t\t\t\t\t\t\t<span class=\"elementor-icon-list-text\">Authenticit\u00e9 juridique : Le monde virtuel pose de nouveaux d\u00e9fis, tels que les signatures \u00e9lectroniques et l'essor de la monnaie \u00e9lectronique et des crypto-monnaies. Ceux-ci n\u00e9cessitent une reconnaissance juridique et une r\u00e9glementation.<\/span>\n\t\t\t\t\t\t\t\t\t<\/li>\n\t\t\t\t\t\t<\/ul>\n\t\t\t\t\t\t<\/div>\n\t\t\t\t<\/div>\n\t\t\t\t\t<\/div>\n\t\t<\/div>\n\t\t\t\t<div class=\"elementor-column elementor-col-50 elementor-top-column elementor-element elementor-element-35839ef6\" data-id=\"35839ef6\" data-element_type=\"column\" data-e-type=\"column\">\n\t\t\t<div class=\"elementor-widget-wrap elementor-element-populated\">\n\t\t\t\t\t\t<div class=\"elementor-element elementor-element-4a9ea59 elementor-widget elementor-widget-image\" data-id=\"4a9ea59\" data-element_type=\"widget\" data-e-type=\"widget\" data-widget_type=\"image.default\">\n\t\t\t\t<div class=\"elementor-widget-container\">\n\t\t\t\t\t\t\t\t\t\t\t\t\t\t\t<img decoding=\"async\" width=\"800\" height=\"530\" src=\"https:\/\/dpoassociates.eu\/wp-content\/uploads\/2023\/09\/austin-distel-744oGeqpxPQ-unsplash-1.jpg\" class=\"attachment-2048x2048 size-2048x2048 wp-image-12542\" alt=\"\" srcset=\"https:\/\/dpoassociates.eu\/wp-content\/uploads\/2023\/09\/austin-distel-744oGeqpxPQ-unsplash-1.jpg 800w, https:\/\/dpoassociates.eu\/wp-content\/uploads\/2023\/09\/austin-distel-744oGeqpxPQ-unsplash-1-300x199.jpg 300w, https:\/\/dpoassociates.eu\/wp-content\/uploads\/2023\/09\/austin-distel-744oGeqpxPQ-unsplash-1-768x509.jpg 768w, https:\/\/dpoassociates.eu\/wp-content\/uploads\/2023\/09\/austin-distel-744oGeqpxPQ-unsplash-1-650x431.jpg 650w, https:\/\/dpoassociates.eu\/wp-content\/uploads\/2023\/09\/austin-distel-744oGeqpxPQ-unsplash-1-600x398.jpg 600w\" sizes=\"(max-width: 800px) 100vw, 800px\" \/>\t\t\t\t\t\t\t\t\t\t\t\t\t\t\t<\/div>\n\t\t\t\t<\/div>\n\t\t\t\t\t<\/div>\n\t\t<\/div>\n\t\t\t\t\t<\/div>\n\t\t<\/section>\n\t\t\t\t<section class=\"elementor-section elementor-top-section elementor-element elementor-element-21bee02 elementor-section-boxed elementor-section-height-default elementor-section-height-default\" data-id=\"21bee02\" data-element_type=\"section\" data-e-type=\"section\">\n\t\t\t\t\t\t<div class=\"elementor-container elementor-column-gap-extended\">\n\t\t\t\t\t<div class=\"elementor-column elementor-col-50 elementor-top-column elementor-element elementor-element-4d1f238a\" data-id=\"4d1f238a\" data-element_type=\"column\" data-e-type=\"column\">\n\t\t\t<div class=\"elementor-widget-wrap elementor-element-populated\">\n\t\t\t\t\t\t<div class=\"elementor-element elementor-element-1726c710 elementor-invisible elementor-widget elementor-widget-heading\" data-id=\"1726c710\" data-element_type=\"widget\" data-e-type=\"widget\" data-settings=\"{&quot;_animation&quot;:&quot;fadeInUp&quot;}\" data-widget_type=\"heading.default\">\n\t\t\t\t<div class=\"elementor-widget-container\">\n\t\t\t\t\t<h2 class=\"elementor-heading-title elementor-size-default\">Notre expertise<\/h2>\t\t\t\t<\/div>\n\t\t\t\t<\/div>\n\t\t\t\t<div class=\"elementor-element elementor-element-5858fa38 elementor-invisible elementor-widget elementor-widget-button\" data-id=\"5858fa38\" data-element_type=\"widget\" data-e-type=\"widget\" data-settings=\"{&quot;_animation&quot;:&quot;fadeInUp&quot;,&quot;_animation_delay&quot;:200}\" data-widget_type=\"button.default\">\n\t\t\t\t<div class=\"elementor-widget-container\">\n\t\t\t\t\t\t\t\t\t<div class=\"elementor-button-wrapper\">\n\t\t\t\t\t<a class=\"elementor-button elementor-button-link elementor-size-lg\" href=\"#\">\n\t\t\t\t\t\t<span class=\"elementor-button-content-wrapper\">\n\t\t\t\t\t\t<span class=\"elementor-button-icon\">\n\t\t\t\t<i aria-hidden=\"true\" class=\"fas fa-long-arrow-alt-right\"><\/i>\t\t\t<\/span>\n\t\t\t\t\t\t\t\t\t<span class=\"elementor-button-text\">En savoir plus<\/span>\n\t\t\t\t\t<\/span>\n\t\t\t\t\t<\/a>\n\t\t\t\t<\/div>\n\t\t\t\t\t\t\t\t<\/div>\n\t\t\t\t<\/div>\n\t\t\t\t\t<\/div>\n\t\t<\/div>\n\t\t\t\t<div class=\"elementor-column elementor-col-50 elementor-top-column elementor-element elementor-element-423f0e03\" data-id=\"423f0e03\" data-element_type=\"column\" data-e-type=\"column\">\n\t\t\t<div class=\"elementor-widget-wrap elementor-element-populated\">\n\t\t\t\t\t\t<div class=\"elementor-element elementor-element-69da5ba9 elementor-invisible elementor-widget elementor-widget-text-editor\" data-id=\"69da5ba9\" data-element_type=\"widget\" data-e-type=\"widget\" data-settings=\"{&quot;_animation&quot;:&quot;fadeInUp&quot;,&quot;_animation_delay&quot;:400}\" data-widget_type=\"text-editor.default\">\n\t\t\t\t<div class=\"elementor-widget-container\">\n\t\t\t\t\t\t\t\t\t<p>Chez DPO Associates, nous comprenons la complexit\u00e9 du commerce \u00e9lectronique et des contrats. Nous offrons des conseils d&rsquo;experts sur les aspects juridiques des activit\u00e9s en ligne. De la r\u00e9daction des contrats \u00e0 la protection de vos int\u00e9r\u00eats en passant par le respect de la l\u00e9gislation, nous sommes \u00e0 vos c\u00f4t\u00e9s dans le monde dynamique du commerce \u00e9lectronique.<\/p><p><a href=\"https:\/\/dpoassociates.eu\/fr\/contact\/\">Commencer ici<\/a><\/p>\t\t\t\t\t\t\t\t<\/div>\n\t\t\t\t<\/div>\n\t\t\t\t\t<\/div>\n\t\t<\/div>\n\t\t\t\t\t<\/div>\n\t\t<\/section>\n\t\t\t\t<\/div>\n\t\t","protected":false},"excerpt":{"rendered":"<p>Commerce \u00e9lectronique et contrats : Naviguer dans l&rsquo;\u00e9conomie num\u00e9rique \u00c0 l&rsquo;\u00e8re o\u00f9 l&rsquo;internet a cr\u00e9\u00e9 un march\u00e9 mondial, le commerce \u00e9lectronique est [&hellip;]<\/p>\n","protected":false},"author":1,"featured_media":10697,"parent":0,"menu_order":0,"comment_status":"closed","ping_status":"closed","template":"","meta":{"_eb_attr":"","footnotes":""},"class_list":["post-11824","page","type-page","status-publish","has-post-thumbnail","hentry"],"yoast_head":"<!-- This site is optimized with the Yoast SEO Premium plugin v25.8 (Yoast SEO v27.2) - https:\/\/yoast.com\/product\/yoast-seo-premium-wordpress\/ -->\n<title>Commerce \u00e9lectronique et contrats \u270d\ufe0f %sep%%DPO Associates%.<\/title>\n<meta name=\"description\" content=\"\u00c0 l&#039;\u00e8re o\u00f9 l&#039;internet a cr\u00e9\u00e9 un march\u00e9 mondial, le commerce \u00e9lectronique est devenu un facteur crucial pour le d\u00e9veloppement des entreprises.\" \/>\n<meta name=\"robots\" content=\"index, follow, max-snippet:-1, max-image-preview:large, max-video-preview:-1\" \/>\n<link rel=\"canonical\" href=\"https:\/\/dpoassociates.eu\/fr\/commerce-electronique-et-contrats\/\" \/>\n<meta property=\"og:locale\" content=\"fr_FR\" \/>\n<meta property=\"og:type\" content=\"article\" \/>\n<meta property=\"og:title\" content=\"Commerce \u00e9lectronique et contrats\" \/>\n<meta property=\"og:description\" content=\"\u00c0 l&#039;\u00e8re o\u00f9 l&#039;internet a cr\u00e9\u00e9 un march\u00e9 mondial, le commerce \u00e9lectronique est devenu un facteur crucial pour le d\u00e9veloppement des entreprises.\" \/>\n<meta property=\"og:url\" content=\"https:\/\/dpoassociates.eu\/fr\/commerce-electronique-et-contrats\/\" \/>\n<meta property=\"og:site_name\" content=\"DPO Associates\" \/>\n<meta property=\"article:publisher\" content=\"https:\/\/www.facebook.com\/profile.php?id=100083400514207\" \/>\n<meta property=\"article:modified_time\" content=\"2025-02-10T13:01:05+00:00\" \/>\n<meta property=\"og:image\" content=\"https:\/\/dpoassociates.eu\/wp-content\/uploads\/2023\/08\/t-6.png\" \/>\n\t<meta property=\"og:image:width\" content=\"1080\" \/>\n\t<meta property=\"og:image:height\" content=\"1080\" \/>\n\t<meta property=\"og:image:type\" content=\"image\/png\" \/>\n<meta name=\"twitter:card\" content=\"summary_large_image\" \/>\n<meta name=\"twitter:label1\" content=\"Dur\u00e9e de lecture estim\u00e9e\" \/>\n\t<meta name=\"twitter:data1\" content=\"2 minutes\" \/>\n<script type=\"application\/ld+json\" class=\"yoast-schema-graph\">{\"@context\":\"https:\/\/schema.org\",\"@graph\":[{\"@type\":\"WebPage\",\"@id\":\"https:\/\/dpoassociates.eu\/fr\/commerce-electronique-et-contrats\/\",\"url\":\"https:\/\/dpoassociates.eu\/fr\/commerce-electronique-et-contrats\/\",\"name\":\"Commerce \u00e9lectronique et contrats \u270d\ufe0f %sep%%DPO Associates%.\",\"isPartOf\":{\"@id\":\"https:\/\/dpoassociates.eu\/fr\/#website\"},\"primaryImageOfPage\":{\"@id\":\"https:\/\/dpoassociates.eu\/fr\/commerce-electronique-et-contrats\/#primaryimage\"},\"image\":{\"@id\":\"https:\/\/dpoassociates.eu\/fr\/commerce-electronique-et-contrats\/#primaryimage\"},\"thumbnailUrl\":\"https:\/\/dpoassociates.eu\/wp-content\/uploads\/2023\/08\/t-6.png\",\"datePublished\":\"2023-08-17T13:12:48+00:00\",\"dateModified\":\"2025-02-10T13:01:05+00:00\",\"description\":\"\u00c0 l'\u00e8re o\u00f9 l'internet a cr\u00e9\u00e9 un march\u00e9 mondial, le commerce \u00e9lectronique est devenu un facteur crucial pour le d\u00e9veloppement des entreprises.\",\"breadcrumb\":{\"@id\":\"https:\/\/dpoassociates.eu\/fr\/commerce-electronique-et-contrats\/#breadcrumb\"},\"inLanguage\":\"fr-FR\",\"potentialAction\":[{\"@type\":\"ReadAction\",\"target\":[\"https:\/\/dpoassociates.eu\/fr\/commerce-electronique-et-contrats\/\"]}]},{\"@type\":\"ImageObject\",\"inLanguage\":\"fr-FR\",\"@id\":\"https:\/\/dpoassociates.eu\/fr\/commerce-electronique-et-contrats\/#primaryimage\",\"url\":\"https:\/\/dpoassociates.eu\/wp-content\/uploads\/2023\/08\/t-6.png\",\"contentUrl\":\"https:\/\/dpoassociates.eu\/wp-content\/uploads\/2023\/08\/t-6.png\",\"width\":1080,\"height\":1080,\"caption\":\"e-commerce & contracten\"},{\"@type\":\"BreadcrumbList\",\"@id\":\"https:\/\/dpoassociates.eu\/fr\/commerce-electronique-et-contrats\/#breadcrumb\",\"itemListElement\":[{\"@type\":\"ListItem\",\"position\":1,\"name\":\"Home\",\"item\":\"https:\/\/dpoassociates.eu\/fr\/\"},{\"@type\":\"ListItem\",\"position\":2,\"name\":\"Commerce \u00e9lectronique et contrats\"}]},{\"@type\":\"WebSite\",\"@id\":\"https:\/\/dpoassociates.eu\/fr\/#website\",\"url\":\"https:\/\/dpoassociates.eu\/fr\/\",\"name\":\"DPO Associates\",\"description\":\"Protect, Detect, Respond\",\"publisher\":{\"@id\":\"https:\/\/dpoassociates.eu\/fr\/#organization\"},\"potentialAction\":[{\"@type\":\"SearchAction\",\"target\":{\"@type\":\"EntryPoint\",\"urlTemplate\":\"https:\/\/dpoassociates.eu\/fr\/?s={search_term_string}\"},\"query-input\":{\"@type\":\"PropertyValueSpecification\",\"valueRequired\":true,\"valueName\":\"search_term_string\"}}],\"inLanguage\":\"fr-FR\"},{\"@type\":\"Organization\",\"@id\":\"https:\/\/dpoassociates.eu\/fr\/#organization\",\"name\":\"DPO Associates\",\"url\":\"https:\/\/dpoassociates.eu\/fr\/\",\"logo\":{\"@type\":\"ImageObject\",\"inLanguage\":\"fr-FR\",\"@id\":\"https:\/\/dpoassociates.eu\/fr\/#\/schema\/logo\/image\/\",\"url\":\"https:\/\/dpoassociates.eu\/wp-content\/uploads\/2022\/09\/thumbnail_Logo-DPO-Associates-negatief-zwart-negatief-002.png\",\"contentUrl\":\"https:\/\/dpoassociates.eu\/wp-content\/uploads\/2022\/09\/thumbnail_Logo-DPO-Associates-negatief-zwart-negatief-002.png\",\"width\":651,\"height\":651,\"caption\":\"DPO Associates\"},\"image\":{\"@id\":\"https:\/\/dpoassociates.eu\/fr\/#\/schema\/logo\/image\/\"},\"sameAs\":[\"https:\/\/www.facebook.com\/profile.php?id=100083400514207\",\"https:\/\/www.linkedin.com\/company\/dpo-associates-da\/\"]}]}<\/script>\n<!-- \/ Yoast SEO Premium plugin. -->","yoast_head_json":{"title":"Commerce \u00e9lectronique et contrats \u270d\ufe0f %sep%%DPO Associates%.","description":"\u00c0 l'\u00e8re o\u00f9 l'internet a cr\u00e9\u00e9 un march\u00e9 mondial, le commerce \u00e9lectronique est devenu un facteur crucial pour le d\u00e9veloppement des entreprises.","robots":{"index":"index","follow":"follow","max-snippet":"max-snippet:-1","max-image-preview":"max-image-preview:large","max-video-preview":"max-video-preview:-1"},"canonical":"https:\/\/dpoassociates.eu\/fr\/commerce-electronique-et-contrats\/","og_locale":"fr_FR","og_type":"article","og_title":"Commerce \u00e9lectronique et contrats","og_description":"\u00c0 l'\u00e8re o\u00f9 l'internet a cr\u00e9\u00e9 un march\u00e9 mondial, le commerce \u00e9lectronique est devenu un facteur crucial pour le d\u00e9veloppement des entreprises.","og_url":"https:\/\/dpoassociates.eu\/fr\/commerce-electronique-et-contrats\/","og_site_name":"DPO Associates","article_publisher":"https:\/\/www.facebook.com\/profile.php?id=100083400514207","article_modified_time":"2025-02-10T13:01:05+00:00","og_image":[{"width":1080,"height":1080,"url":"https:\/\/dpoassociates.eu\/wp-content\/uploads\/2023\/08\/t-6.png","type":"image\/png"}],"twitter_card":"summary_large_image","twitter_misc":{"Dur\u00e9e de lecture estim\u00e9e":"2 minutes"},"schema":{"@context":"https:\/\/schema.org","@graph":[{"@type":"WebPage","@id":"https:\/\/dpoassociates.eu\/fr\/commerce-electronique-et-contrats\/","url":"https:\/\/dpoassociates.eu\/fr\/commerce-electronique-et-contrats\/","name":"Commerce \u00e9lectronique et contrats \u270d\ufe0f %sep%%DPO Associates%.","isPartOf":{"@id":"https:\/\/dpoassociates.eu\/fr\/#website"},"primaryImageOfPage":{"@id":"https:\/\/dpoassociates.eu\/fr\/commerce-electronique-et-contrats\/#primaryimage"},"image":{"@id":"https:\/\/dpoassociates.eu\/fr\/commerce-electronique-et-contrats\/#primaryimage"},"thumbnailUrl":"https:\/\/dpoassociates.eu\/wp-content\/uploads\/2023\/08\/t-6.png","datePublished":"2023-08-17T13:12:48+00:00","dateModified":"2025-02-10T13:01:05+00:00","description":"\u00c0 l'\u00e8re o\u00f9 l'internet a cr\u00e9\u00e9 un march\u00e9 mondial, le commerce \u00e9lectronique est devenu un facteur crucial pour le d\u00e9veloppement des entreprises.","breadcrumb":{"@id":"https:\/\/dpoassociates.eu\/fr\/commerce-electronique-et-contrats\/#breadcrumb"},"inLanguage":"fr-FR","potentialAction":[{"@type":"ReadAction","target":["https:\/\/dpoassociates.eu\/fr\/commerce-electronique-et-contrats\/"]}]},{"@type":"ImageObject","inLanguage":"fr-FR","@id":"https:\/\/dpoassociates.eu\/fr\/commerce-electronique-et-contrats\/#primaryimage","url":"https:\/\/dpoassociates.eu\/wp-content\/uploads\/2023\/08\/t-6.png","contentUrl":"https:\/\/dpoassociates.eu\/wp-content\/uploads\/2023\/08\/t-6.png","width":1080,"height":1080,"caption":"e-commerce & contracten"},{"@type":"BreadcrumbList","@id":"https:\/\/dpoassociates.eu\/fr\/commerce-electronique-et-contrats\/#breadcrumb","itemListElement":[{"@type":"ListItem","position":1,"name":"Home","item":"https:\/\/dpoassociates.eu\/fr\/"},{"@type":"ListItem","position":2,"name":"Commerce \u00e9lectronique et contrats"}]},{"@type":"WebSite","@id":"https:\/\/dpoassociates.eu\/fr\/#website","url":"https:\/\/dpoassociates.eu\/fr\/","name":"DPO Associates","description":"Protect, Detect, Respond","publisher":{"@id":"https:\/\/dpoassociates.eu\/fr\/#organization"},"potentialAction":[{"@type":"SearchAction","target":{"@type":"EntryPoint","urlTemplate":"https:\/\/dpoassociates.eu\/fr\/?s={search_term_string}"},"query-input":{"@type":"PropertyValueSpecification","valueRequired":true,"valueName":"search_term_string"}}],"inLanguage":"fr-FR"},{"@type":"Organization","@id":"https:\/\/dpoassociates.eu\/fr\/#organization","name":"DPO Associates","url":"https:\/\/dpoassociates.eu\/fr\/","logo":{"@type":"ImageObject","inLanguage":"fr-FR","@id":"https:\/\/dpoassociates.eu\/fr\/#\/schema\/logo\/image\/","url":"https:\/\/dpoassociates.eu\/wp-content\/uploads\/2022\/09\/thumbnail_Logo-DPO-Associates-negatief-zwart-negatief-002.png","contentUrl":"https:\/\/dpoassociates.eu\/wp-content\/uploads\/2022\/09\/thumbnail_Logo-DPO-Associates-negatief-zwart-negatief-002.png","width":651,"height":651,"caption":"DPO Associates"},"image":{"@id":"https:\/\/dpoassociates.eu\/fr\/#\/schema\/logo\/image\/"},"sameAs":["https:\/\/www.facebook.com\/profile.php?id=100083400514207","https:\/\/www.linkedin.com\/company\/dpo-associates-da\/"]}]}},"_links":{"self":[{"href":"https:\/\/dpoassociates.eu\/fr\/wp-json\/wp\/v2\/pages\/11824","targetHints":{"allow":["GET"]}}],"collection":[{"href":"https:\/\/dpoassociates.eu\/fr\/wp-json\/wp\/v2\/pages"}],"about":[{"href":"https:\/\/dpoassociates.eu\/fr\/wp-json\/wp\/v2\/types\/page"}],"author":[{"embeddable":true,"href":"https:\/\/dpoassociates.eu\/fr\/wp-json\/wp\/v2\/users\/1"}],"replies":[{"embeddable":true,"href":"https:\/\/dpoassociates.eu\/fr\/wp-json\/wp\/v2\/comments?post=11824"}],"version-history":[{"count":0,"href":"https:\/\/dpoassociates.eu\/fr\/wp-json\/wp\/v2\/pages\/11824\/revisions"}],"wp:featuredmedia":[{"embeddable":true,"href":"https:\/\/dpoassociates.eu\/fr\/wp-json\/wp\/v2\/media\/10697"}],"wp:attachment":[{"href":"https:\/\/dpoassociates.eu\/fr\/wp-json\/wp\/v2\/media?parent=11824"}],"curies":[{"name":"wp","href":"https:\/\/api.w.org\/{rel}","templated":true}]}}